{"id":78707,"date":"2026-03-19T16:52:05","date_gmt":"2026-03-19T16:52:05","guid":{"rendered":"https:\/\/soydeaqui.ddns.net\/pachuca\/index.php\/producto\/disco-duro-enterprise-12-tb-wester-digital-wd-serie-ultrastar-recomendado-para-data-center-y-nvrs-de-alta-capacidad-alto-performace\/"},"modified":"2026-03-19T16:52:06","modified_gmt":"2026-03-19T16:52:06","slug":"disco-duro-enterprise-12-tb-wester-digital-wd-serie-ultrastar-recomendado-para-data-center-y-nvrs-de-alta-capacidad-alto-performace","status":"publish","type":"product","link":"https:\/\/soydeaqui.ddns.net\/pachuca\/index.php\/producto\/disco-duro-enterprise-12-tb-wester-digital-wd-serie-ultrastar-recomendado-para-data-center-y-nvrs-de-alta-capacidad-alto-performace\/","title":{"rendered":"Disco Duro Enterprise 12 TB \/ Wester Digital (WD) \/ Serie Ultrastar \/ Recomendado para Data Center y NVRs de Alta Capacidad \/ Alto Performace"},"content":{"rendered":"<div style='width: 100%; max-width: 1200px; margin: 0 auto; font-family: sans-serif; line-height: 1.6; color: inherit; background-color: transparent;'> <!-- Descripci\u00f3n principal --> <\/p>\n<div style='display: flex; flex-wrap: wrap; gap: 30px; margin-bottom: 30px;'>\n<div style='flex: 1 1 300px; min-width: 280px;'>\n<h3 style='font-size: 22px; border-bottom: 2px solid currentColor; padding-bottom: 5px; margin-top: 0; color: inherit; opacity: 0.8;'>Caracter\u00edsticas generales<\/h3>\n<p style='font-size: 15px; color: inherit;'> Los discos duros de la serie SATA Ultrastar est\u00e1n construidos desde cero para ser un dispositivo de almacenamiento ultra robusto. Dise\u00f1adas con una capacidad de carga de trabajo de hasta 550TB por a\u00f1o&comma; las unidades Ultrastar son la elecci\u00f3n perfecta para aplicaciones cr\u00edticas para la empresa&comma; como servidores empresariales&comma; subsistemas de almacenamiento&comma; an\u00e1lisis de vigilancia y entornos industriales. La tecnolog\u00eda HelioSeal ofrece mayores capacidades&comma; brindando los $ \/ TB m\u00e1s bajos y Watts \/ TB para minimizar el costo total de propiedad (TCO). Los discos de menor capacidad se fabrican con tecnolog\u00eda tradicional llena de aire&comma; ideal para usuarios que buscan un menor costo de adquisici\u00f3n. <\/p>\n<div style='margin: 20px 0;'> <img style='width: 100%; height: auto; border: 1px solid rgba(150&comma;150&comma;150&comma;0.3); border-radius: 8px;' src='https:\/\/ftp3.syscom.mx\/usuarios\/nortega\/WD\/imagenes\/ultrastar\/UltrastarSATAseries-400x500.png' alt=''> <\/div>\n<\/p><\/div>\n<div style='flex: 1 1 300px; min-width: 280px;'>\n<h3 style='font-size: 22px; border-bottom: 2px solid currentColor; padding-bottom: 5px; margin-top: 0; color: inherit; opacity: 0.8;'>Especificaciones t\u00e9cnicas<\/h3>\n<ul style='padding-left: 20px; font-size: 15px; color: inherit;'>\n<li style='margin-bottom: 5px;'><strong>N\u00famero de parte:<\/strong> HUH721212ALE604<\/li>\n<li style='margin-bottom: 5px;'><strong>Capacidad:<\/strong> 12 TB<\/li>\n<li style='margin-bottom: 5px;'><strong>Factor de forma:<\/strong> 3.5 pulgadas<\/li>\n<li style='margin-bottom: 5px;'><strong>Velocidad de transferencia de datos:<\/strong><\/li>\n<ul style='padding-left: 30px; margin: 5px 0; font-size: 14px; color: inherit;'>\n<li style='margin-bottom: 3px;'>B\u00fafer a host: 600 Mb\/s<\/li>\n<li style='margin-bottom: 3px;'>Host a\/desde disco (sostenido): 255 MB\/s<\/li>\n<\/ul>\n<li style='margin-bottom: 5px;'><strong>Cach\u00e9:<\/strong> 256MB<\/li>\n<li style='margin-bottom: 5px;'><strong>Velocidad de rotaci\u00f3n:<\/strong> 7200RPM<\/li>\n<li style='margin-bottom: 5px;'><strong>Interfaz:<\/strong> SATA III&comma; 6.0 Gb\/s<\/li>\n<li style='margin-bottom: 5px;'><strong>Aplicaci\u00f3n:<\/strong> Optimizado para aplicaciones de video vigilancia<\/li>\n<li style='margin-bottom: 5px;'><strong>Cantidad de bah\u00edas:<\/strong> Sin l\u00edmite<\/li>\n<li style='margin-bottom: 5px;'><strong>Cantidad de c\u00e1maras:<\/strong> Sin l\u00edmite<\/li>\n<\/ul><\/div>\n<div style='flex: 1 1 300px; min-width: 280px;'>\n<h3 style='font-size: 22px; border-bottom: 2px solid currentColor; padding-bottom: 5px; margin-top: 0; color: inherit; opacity: 0.8;'>Caracter\u00edsticas f\u00edsicas y el\u00e9ctricas<\/h3>\n<ul style='padding-left: 20px; font-size: 15px; color: inherit;'>\n<li style='margin-bottom: 5px;'><strong>Temperatura de operaci\u00f3n:<\/strong><\/li>\n<ul style='padding-left: 30px; margin: 5px 0; font-size: 14px; color: inherit;'>\n<li style='margin-bottom: 3px;'>En funcionamiento: 5\u00b0C &#8211; 60\u00b0C<\/li>\n<li style='margin-bottom: 3px;'>Inactivo: -40 &#8211; 70\u00b0C<\/li>\n<\/ul>\n<li style='margin-bottom: 5px;'><strong>Consumo el\u00e9ctrico:<\/strong><\/li>\n<ul style='padding-left: 30px; margin: 5px 0; font-size: 14px; color: inherit;'>\n<li style='margin-bottom: 3px;'>Lectura \/ escritura: 6.9 W<\/li>\n<li style='margin-bottom: 3px;'>Inactivo: 5.0 W<\/li>\n<\/ul>\n<li style='margin-bottom: 5px;'><strong>Dimensiones:<\/strong> 26.1 x 147 x 101.6 mm<\/li>\n<li style='margin-bottom: 5px;'><strong>Peso:<\/strong> 660 g<\/li>\n<li style='margin-bottom: 5px;'><strong>Garant\u00eda:<\/strong> 5 a\u00f1os<\/li>\n<\/ul><\/div>\n<\/p><\/div>\n<p> <!-- Secci\u00f3n de caracter\u00edsticas t\u00e9cnicas --> <\/p>\n<div style='display: flex; flex-wrap: wrap; gap: 30px; margin-bottom: 30px;'>\n<div style='flex: 1 1 300px; min-width: 280px;'>\n<h3 style='font-size: 22px; border-bottom: 2px solid currentColor; padding-bottom: 5px; margin-top: 0; color: inherit; opacity: 0.8;'>Alto grado de carga de trabajo<\/h3>\n<p style='font-size: 15px; color: inherit;'> Ofreciendo un rendimiento confiable para cualquier ambiente de almacenamiento&comma; las unidades Ultrastar est\u00e1n dise\u00f1adas para trabajar hasta 550TB por a\u00f1o&comma; m\u00e1s alto que cualquier disco duro de 3.5 pulgadas. <\/p>\n<\/p><\/div>\n<div style='flex: 1 1 300px; min-width: 280px;'>\n<h3 style='font-size: 22px; border-bottom: 2px solid currentColor; padding-bottom: 5px; margin-top: 0; color: inherit; opacity: 0.8;'>Tecnolog\u00eda HelioSeal\u00ae<\/h3>\n<p style='font-size: 15px; color: inherit;'> La tecnolog\u00eda HelioSeal permite las m\u00e1s altas capacidades y menos turbulencia en grandes matrices de almacenamiento. Y ahora en su cuarta generaci\u00f3n&comma; la tecnolog\u00eda HelioSeal es probado en campo y ha demostrado entregar una alta capacidad&comma; confiabilidad y eficiencia energ\u00e9tica en la que se puedes confiar. <\/p>\n<\/p><\/div>\n<div style='flex: 1 1 300px; min-width: 280px;'>\n<h3 style='font-size: 22px; border-bottom: 2px solid currentColor; padding-bottom: 5px; margin-top: 0; color: inherit; opacity: 0.8;'>Almacenamiento de clase empresarial<\/h3>\n<p style='font-size: 15px; color: inherit;'> Con hasta 2.5 millones de horas de calificaci\u00f3n MTBF&comma; los discos duros Ultrastar ofrecen fiabilidad y durabilidad&comma; est\u00e1n dise\u00f1ados para una operaci\u00f3n anual (24x7x365) dentro de los m\u00e1s exigentes entornos de almacenamiento y est\u00e1n respaldados con una garant\u00eda limitada de 5 a\u00f1os. <\/p>\n<\/p><\/div>\n<div style='flex: 1 1 300px; min-width: 280px;'>\n<h3 style='font-size: 22px; border-bottom: 2px solid currentColor; padding-bottom: 5px; margin-top: 0; color: inherit; opacity: 0.8;'>Pruebas de compatibilidad<\/h3>\n<p style='font-size: 15px; color: inherit;'> Todos los discos duros Ultrastar son extensivamente probados en una variedad de sistemas de almacenamiento OEM populares&comma; controladores SATA&comma; DVR\/NVR y adaptadores de bus para garantizar la facilidad de integraci\u00f3n para una soluci\u00f3n Plug and Play. <\/p>\n<\/p><\/div>\n<div style='flex: 1 1 300px; min-width: 280px;'>\n<h3 style='font-size: 22px; border-bottom: 2px solid currentColor; padding-bottom: 5px; margin-top: 0; color: inherit; opacity: 0.8;'>Protecci\u00f3n contra vibraciones<\/h3>\n<p style='font-size: 15px; color: inherit;'> La salvaguarda de vibraci\u00f3n rotacional mejorada (RVS) usa tecnolog\u00eda electr\u00f3nica sofisticada para controlar la unidad y corregir vibraciones lineales y rotacionales en tiempo real para un mejor rendimiento en comparaci\u00f3n con las unidades de escritorio tradicionales en ambientes alta vibraci\u00f3n. <\/p>\n<\/p><\/div>\n<div style='flex: 1 1 300px; min-width: 280px;'>\n<h3 style='font-size: 22px; border-bottom: 2px solid currentColor; padding-bottom: 5px; margin-top: 0; color: inherit; opacity: 0.8;'>Tecnolog\u00eda de actuador de doble etapa<\/h3>\n<p style='font-size: 15px; color: inherit;'> Las unidades Ultrastar cuentan con un sistema de posicionamiento de cabeza actuador de doble etapa para un alto grado de exactitud. La etapa primaria proporciona curso de desplazamiento mientras que la etapa secundaria usa movimiento piezoel\u00e9ctrico para afinar el posicionamiento de la cabeza con un mayor grado de precisi\u00f3n. <\/p>\n<\/p><\/div>\n<div style='flex: 1 1 300px; min-width: 280px;'>\n<h3 style='font-size: 22px; border-bottom: 2px solid currentColor; padding-bottom: 5px; margin-top: 0; color: inherit; opacity: 0.8;'>Tecnolog\u00eda Dynamic Fly-height<\/h3>\n<p style='font-size: 15px; color: inherit;'> Se ajusta la altura de vuelo de cada cabeza de lectura \/ escritura en tiempo real para garantizar la coherencia de rendimiento para reducir los errores y optimiza la confiabilidad. <\/p>\n<\/p><\/div>\n<div style='flex: 1 1 300px; min-width: 280px;'>\n<h3 style='font-size: 22px; border-bottom: 2px solid currentColor; padding-bottom: 5px; margin-top: 0; color: inherit; opacity: 0.8;'>Velocidad 7200 RPM<\/h3>\n<p style='font-size: 15px; color: inherit;'> Este disco duro de 7200 RPM ofrece el rendimiento m\u00e1s r\u00e1pido con la m\u00e1s alta calificaci\u00f3n de carga de trabajo de cualquier unidad de alta capacidad de Western Digital. Aseg\u00farate de tener el disco duro m\u00e1s capaz&comma; independientemente de la aplicaci\u00f3n con discos duros Ultrastar. <\/p>\n<\/p><\/div>\n<\/p><\/div>\n<p> <!-- Secci\u00f3n de caracter\u00edsticas destacadas --> <\/p>\n<div style='display: flex; flex-wrap: wrap; gap: 20px; margin-bottom: 30px;'>\n<div style='flex: 1 1 250px; border: 1px solid rgba(150&comma; 150&comma; 150&comma; 0.4); border-radius: 8px; overflow: hidden; display: flex; flex-direction: column;'>\n<div style='padding: 15px; border-bottom: 1px solid rgba(150&comma; 150&comma; 150&comma; 0.2); font-weight: bold; font-size: 18px; color: inherit;'>Carga de trabajo<\/div>\n<div style='padding: 15px; color: inherit;'>\n<ul style='padding-left: 20px; margin: 0; font-size: 14px; list-style-type: disc; color: inherit;'>\n<li style='margin-bottom: 5px;'>Carga de trabajo de hasta 550TB por a\u00f1o<\/li>\n<li style='margin-bottom: 5px;'>Operaci\u00f3n 24x7x365<\/li>\n<li style='margin-bottom: 5px;'>2.5 millones de horas MTBF<\/li>\n<\/ul><\/div>\n<\/p><\/div>\n<div style='flex: 1 1 250px; border: 1px solid rgba(150&comma; 150&comma; 150&comma; 0.4); border-radius: 8px; overflow: hidden; display: flex; flex-direction: column;'>\n<div style='padding: 15px; border-bottom: 1px solid rgba(150&comma; 150&comma; 150&comma; 0.2); font-weight: bold; font-size: 18px; color: inherit;'>Tecnolog\u00edas<\/div>\n<div style='padding: 15px; color: inherit;'>\n<ul style='padding-left: 20px; margin: 0; font-size: 14px; list-style-type: disc; color: inherit;'>\n<li style='margin-bottom: 5px;'>Tecnolog\u00eda HelioSeal\u00ae<\/li>\n<li style='margin-bottom: 5px;'>Protecci\u00f3n contra vibraciones RVS<\/li>\n<li style='margin-bottom: 5px;'>Actuador de doble etapa<\/li>\n<li style='margin-bottom: 5px;'>Dynamic Fly-height<\/li>\n<\/ul><\/div>\n<\/p><\/div>\n<div style='flex: 1 1 250px; border: 1px solid rgba(150&comma; 150&comma; 150&comma; 0.4); border-radius: 8px; overflow: hidden; display: flex; flex-direction: column;'>\n<div style='padding: 15px; border-bottom: 1px solid rgba(150&comma; 150&comma; 150&comma; 0.2); font-weight: bold; font-size: 18px; color: inherit;'>Conectividad<\/div>\n<div style='padding: 15px; color: inherit;'>\n<ul style='padding-left: 20px; margin: 0; font-size: 14px; list-style-type: disc; color: inherit;'>\n<li style='margin-bottom: 5px;'>Interfaz SATA III a 6.0 Gb\/s<\/li>\n<li style='margin-bottom: 5px;'>Velocidad de transferencia de hasta 255 MB\/s<\/li>\n<li style='margin-bottom: 5px;'>B\u00fafer a host de 600 Mb\/s<\/li>\n<\/ul><\/div>\n<\/p><\/div>\n<div style='flex: 1 1 250px; border: 1px solid rgba(150&comma; 150&comma; 150&comma; 0.4); border-radius: 8px; overflow: hidden; display: flex; flex-direction: column;'>\n<div style='padding: 15px; border-bottom: 1px solid rgba(150&comma; 150&comma; 150&comma; 0.2); font-weight: bold; font-size: 18px; color: inherit;'>Eficiencia<\/div>\n<div style='padding: 15px; color: inherit;'>\n<ul style='padding-left: 20px; margin: 0; font-size: 14px; list-style-type: disc; color: inherit;'>\n<li style='margin-bottom: 5px;'>Consumo en lectura\/escritura: 6.9 W<\/li>\n<li style='margin-bottom: 5px;'>Consumo en inactivo: 5.0 W<\/li>\n<li style='margin-bottom: 5px;'>Bajo costo por TB<\/li>\n<li style='margin-bottom: 5px;'>Bajos Watts por TB<\/li>\n<\/ul><\/div>\n<\/p><\/div>\n<\/p><\/div>\n<p> <!-- Secci\u00f3n de aplicaciones --> <\/p>\n<div style='display: flex; flex-wrap: wrap; gap: 30px; margin-bottom: 30px;'>\n<div style='flex: 1 1 300px; min-width: 280px;'>\n<h3 style='font-size: 22px; border-bottom: 2px solid currentColor; padding-bottom: 5px; margin-top: 0; color: inherit; opacity: 0.8;'>Aplicaciones recomendadas<\/h3>\n<ul style='padding-left: 20px; font-size: 15px; color: inherit;'>\n<li style='margin-bottom: 5px;'>Servidores empresariales<\/li>\n<li style='margin-bottom: 5px;'>Subsistemas de almacenamiento<\/li>\n<li style='margin-bottom: 5px;'>An\u00e1lisis de vigilancia<\/li>\n<li style='margin-bottom: 5px;'>Entornos industriales<\/li>\n<li style='margin-bottom: 5px;'>Sistemas de video vigilancia (NVRs)<\/li>\n<\/ul><\/div>\n<div style='flex: 1 1 300px; min-width: 280px;'>\n<h3 style='font-size: 22px; border-bottom: 2px solid currentColor; padding-bottom: 5px; margin-top: 0; color: inherit; opacity: 0.8;'>Beneficios principales<\/h3>\n<ul style='padding-left: 20px; font-size: 15px; color: inherit;'>\n<li style='margin-bottom: 5px;'>M\u00e1xima confiabilidad en entornos exigentes<\/li>\n<li style='margin-bottom: 5px;'>Optimizado para sistemas de almacenamiento 24&#215;7<\/li>\n<li style='margin-bottom: 5px;'>Bajo costo total de propiedad (TCO)<\/li>\n<li style='margin-bottom: 5px;'>F\u00e1cil integraci\u00f3n Plug and Play<\/li>\n<li style='margin-bottom: 5px;'>Pruebas extensivas de compatibilidad<\/li>\n<\/ul><\/div>\n<\/p><\/div>\n<p> <!-- Separador final --> <\/p>\n<hr style='border: 0; border-top: 1px solid rgba(150&comma; 150&comma; 150&comma; 0.3); margin: 30px 0;'> <\/div>\n","protected":false},"excerpt":{"rendered":"<p>Disco Duro Enterprise 12 TB \/ Wester Digital (WD) \/ Serie Ultrastar \/ Recomendado para Data Center y NVRs de Alta Capacidad \/ Alto Performace<\/p>\n","protected":false},"featured_media":78706,"comment_status":"open","ping_status":"closed","template":"","meta":[],"product_brand":[],"product_cat":[2021],"product_tag":[1974,2022,2023],"class_list":{"0":"post-78707","1":"product","2":"type-product","3":"status-publish","4":"has-post-thumbnail","6":"product_cat-discos-duros-mecanicos-hdd","7":"product_tag-almacenamiento","8":"product_tag-discos-duros-mecanicos-hdd","9":"product_tag-western-digital-wd","11":"first","12":"outofstock","13":"sale","14":"shipping-taxable","15":"purchasable","16":"product-type-simple"},"_links":{"self":[{"href":"https:\/\/soydeaqui.ddns.net\/pachuca\/index.php\/wp-json\/wp\/v2\/product\/78707","targetHints":{"allow":["GET"]}}],"collection":[{"href":"https:\/\/soydeaqui.ddns.net\/pachuca\/index.php\/wp-json\/wp\/v2\/product"}],"about":[{"href":"https:\/\/soydeaqui.ddns.net\/pachuca\/index.php\/wp-json\/wp\/v2\/types\/product"}],"replies":[{"embeddable":true,"href":"https:\/\/soydeaqui.ddns.net\/pachuca\/index.php\/wp-json\/wp\/v2\/comments?post=78707"}],"wp:featuredmedia":[{"embeddable":true,"href":"https:\/\/soydeaqui.ddns.net\/pachuca\/index.php\/wp-json\/wp\/v2\/media\/78706"}],"wp:attachment":[{"href":"https:\/\/soydeaqui.ddns.net\/pachuca\/index.php\/wp-json\/wp\/v2\/media?parent=78707"}],"wp:term":[{"taxonomy":"product_brand","embeddable":true,"href":"https:\/\/soydeaqui.ddns.net\/pachuca\/index.php\/wp-json\/wp\/v2\/product_brand?post=78707"},{"taxonomy":"product_cat","embeddable":true,"href":"https:\/\/soydeaqui.ddns.net\/pachuca\/index.php\/wp-json\/wp\/v2\/product_cat?post=78707"},{"taxonomy":"product_tag","embeddable":true,"href":"https:\/\/soydeaqui.ddns.net\/pachuca\/index.php\/wp-json\/wp\/v2\/product_tag?post=78707"}],"curies":[{"name":"wp","href":"https:\/\/api.w.org\/{rel}","templated":true}]}}