{"id":78685,"date":"2026-03-19T16:51:11","date_gmt":"2026-03-19T16:51:11","guid":{"rendered":"https:\/\/soydeaqui.ddns.net\/pachuca\/index.php\/producto\/adaptador-de-telefono-analogico-hibrido-de-1-puerto-fxs-conectar-telefono-analogico-y-1-puerto-fxo-conectar-linea-analogica\/"},"modified":"2026-03-19T16:51:24","modified_gmt":"2026-03-19T16:51:24","slug":"adaptador-de-telefono-analogico-hibrido-de-1-puerto-fxs-conectar-telefono-analogico-y-1-puerto-fxo-conectar-linea-analogica","status":"publish","type":"product","link":"https:\/\/soydeaqui.ddns.net\/pachuca\/index.php\/producto\/adaptador-de-telefono-analogico-hibrido-de-1-puerto-fxs-conectar-telefono-analogico-y-1-puerto-fxo-conectar-linea-analogica\/","title":{"rendered":"Adaptador de Tel\u00e9fono Anal\u00f3gico h\u00edbrido de 1 Puerto FXS (conectar tel\u00e9fono anal\u00f3gico) y 1 Puerto FXO (conectar l\u00ednea anal\u00f3gica)"},"content":{"rendered":"<div style='width: 100%; max-width: 1200px; margin: 0 auto; font-family: sans-serif; line-height: 1.6; color: inherit; background-color: transparent;'> <!-- Secci\u00f3n de descripci\u00f3n --> <\/p>\n<div style='margin-bottom: 30px; font-size: 15px; color: inherit;'>\n<p>El HT813 es un adaptador de tel\u00e9fono anal\u00f3gico que ofrece 1 puerto FXS para tel\u00e9fono anal\u00f3gico y 1 puerto FXO para l\u00ednea PSTN a fin de ofrecer respaldo en caso de interrupci\u00f3n de la energ\u00eda el\u00e9ctrica usando una l\u00ednea PSTN. La integraci\u00f3n de un puerto FXO y FXS hace posible que este ATA h\u00edbrido permita llamadas remotas con origen y destino en la l\u00ednea PSTN. Para mayor flexibilidad&comma; el puerto FXS extiende el servicio de VoIP a un dispositivo anal\u00f3gico. Los usuarios pueden convertir su tecnolog\u00eda anal\u00f3gica a VoIP gracias al tama\u00f1o ultra compacto&comma; calidad de voz HD&comma; funcionalidad avanzada de VoIP&comma; protecci\u00f3n de seguridad de \u00faltima generaci\u00f3n y m\u00faltiples opciones de autoaprovisionamiento del HT813. Estas caracter\u00edsticas avanzadas tambi\u00e9n permiten a los proveedores de servicios ofrecer servicio de IP de alta calidad a clientes que buscan actualizarse a VoIP.<\/p>\n<\/p><\/div>\n<p> <!-- Secci\u00f3n de interfaces --> <\/p>\n<div style='display: flex; flex-wrap: wrap; gap: 20px; margin-bottom: 30px;'>\n<div style='flex: 1 1 300px; min-width: 280px;'>\n<h3 style='font-size: 22px; border-bottom: 2px solid currentColor; padding-bottom: 5px; margin-top: 0; color: inherit; opacity: 0.8;'>Interfaces<\/h3>\n<ul style='padding-left: 20px; font-size: 15px; color: inherit;'>\n<li style='margin-bottom: 5px;'>1 Puerto FXS (RJ-11) para la conexi\u00f3n de un tel\u00e9fono anal\u00f3gico convencional<\/li>\n<li style='margin-bottom: 5px;'>1 Puerto FXO (RJ-11) para la conexi\u00f3n de una l\u00ednea PSTN con soporte para fallos de energ\u00eda<\/li>\n<li style='margin-bottom: 5px;'>Puerto de red LAN y WAN 10\/100 Mbps (RJ-45)<\/li>\n<li style='margin-bottom: 5px;'>LED\u2019s indicadores para Power&comma; LAN&comma; WAN&comma; Tel\u00e9fono y Estado de la l\u00ednea<\/li>\n<li style='margin-bottom: 5px;'>Bot\u00f3n de reset posterior<\/li>\n<\/ul><\/div>\n<p> <!-- Secci\u00f3n de voz&comma; fax y m\u00f3dem --> <\/p>\n<div style='flex: 1 1 300px; min-width: 280px;'>\n<h3 style='font-size: 22px; border-bottom: 2px solid currentColor; padding-bottom: 5px; margin-top: 0; color: inherit; opacity: 0.8;'>Voz&comma; fax y m\u00f3dem<\/h3>\n<ul style='padding-left: 20px; font-size: 15px; color: inherit;'>\n<li style='margin-bottom: 5px;'>2 L\u00edneas (cuentas SIP) y conferencia de 3 v\u00edas<\/li>\n<li style='margin-bottom: 5px;'>Funciones de telefon\u00eda: Transferencia de llamada&comma; Redireccionamiento&comma; Llamada en espera&comma; No molestar&comma; indicador de Mensaje en espera y m\u00e1s<\/li>\n<li style='margin-bottom: 5px;'>Fax sobre IP: Compatible con protocolo T.38 para Fax hasta 14.4 kbps<\/li>\n<li style='margin-bottom: 5px;'>C\u00f3decs de voz: G.711 (I y II)&comma; G.723.1A&comma; G.729A\/B\/E&comma; G.728 y G.726<\/li>\n<\/ul><\/div>\n<\/p><\/div>\n<p> <!-- Secci\u00f3n de administraci\u00f3n y seguridad --> <\/p>\n<div style='display: flex; flex-wrap: wrap; gap: 20px; margin-bottom: 30px;'>\n<div style='flex: 1 1 300px; min-width: 280px;'>\n<h3 style='font-size: 22px; border-bottom: 2px solid currentColor; padding-bottom: 5px; margin-top: 0; color: inherit; opacity: 0.8;'>Administraci\u00f3n y seguridad<\/h3>\n<ul style='padding-left: 20px; font-size: 15px; color: inherit;'>\n<li style='margin-bottom: 5px;'>Failover en caso de que Servidor SIP principal pierde conexi\u00f3n se cambia autom\u00e1ticamente a Servidor secundario<\/li>\n<li style='margin-bottom: 5px;'>Compatible con SYSLOG&comma; Telnet y administraci\u00f3n remota usando navegador web<\/li>\n<li style='margin-bottom: 5px;'>Seguridad SRTP&comma; TLS&comma; SIPS&comma; HTTPS<\/li>\n<li style='margin-bottom: 5px;'>QoS de Capa (802.1Q&comma; 802.1P) y QoS de Capa 3 (ToS&comma; Di Serv&comma; MPLS)<\/li>\n<\/ul><\/div>\n<p> <!-- Secci\u00f3n de conformidad --> <\/p>\n<div style='flex: 1 1 300px; min-width: 280px;'>\n<h3 style='font-size: 22px; border-bottom: 2px solid currentColor; padding-bottom: 5px; margin-top: 0; color: inherit; opacity: 0.8;'>Conformidad<\/h3>\n<ul style='padding-left: 20px; font-size: 15px; color: inherit;'>\n<li style='margin-bottom: 5px;'>FCC\/CE\/C-TICK\/ITU-K.21&comma; UL (fuente de poder)<\/li>\n<\/ul><\/div>\n<\/p><\/div>\n<p> <!-- Secci\u00f3n de caracter\u00edsticas f\u00edsicas y el\u00e9ctricas --> <\/p>\n<div style='display: flex; flex-wrap: wrap; gap: 20px; margin-bottom: 30px;'>\n<div style='flex: 1 1 300px; min-width: 280px;'>\n<h3 style='font-size: 22px; border-bottom: 2px solid currentColor; padding-bottom: 5px; margin-top: 0; color: inherit; opacity: 0.8;'>Caracter\u00edsticas f\u00edsicas y el\u00e9ctricas<\/h3>\n<ul style='padding-left: 20px; font-size: 15px; color: inherit;'>\n<li style='margin-bottom: 5px;'>Rango de temperatura soportado: 0\u00b0C hasta 40\u00b0C<\/li>\n<li style='margin-bottom: 5px;'>Alimentaci\u00f3n: 12 Vcc&comma; 0.5 A<\/li>\n<li style='margin-bottom: 5px;'>Dimensiones: 130.5 x 90.5 x 29 mm (Longitud x Ancho x Profundidad)<\/li>\n<li style='margin-bottom: 5px;'>Peso: 0.142Kg<\/li>\n<\/ul><\/div>\n<\/p><\/div>\n<p> <!-- Separador --> <\/p>\n<hr style='border: 0; border-top: 1px solid rgba(150&comma; 150&comma; 150&comma; 0.3); margin: 30px 0;'> <\/div>\n","protected":false},"excerpt":{"rendered":"<p>Adaptador de Tel\u00e9fono Anal\u00f3gico h\u00edbrido de 1 Puerto FXS (conectar tel\u00e9fono anal\u00f3gico) y 1 Puerto FXO (conectar l\u00ednea anal\u00f3gica)<\/p>\n","protected":false},"featured_media":78684,"comment_status":"open","ping_status":"closed","template":"","meta":[],"product_brand":[],"product_cat":[2070],"product_tag":[2071,909,2004],"class_list":{"0":"post-78685","1":"product","2":"type-product","3":"status-publish","4":"has-post-thumbnail","6":"product_cat-gateways-y-atas","7":"product_tag-gateways-y-atas","8":"product_tag-grandstream","9":"product_tag-voip-telefonia-ip-videoconferencia","11":"first","12":"instock","13":"sale","14":"shipping-taxable","15":"purchasable","16":"product-type-simple"},"_links":{"self":[{"href":"https:\/\/soydeaqui.ddns.net\/pachuca\/index.php\/wp-json\/wp\/v2\/product\/78685","targetHints":{"allow":["GET"]}}],"collection":[{"href":"https:\/\/soydeaqui.ddns.net\/pachuca\/index.php\/wp-json\/wp\/v2\/product"}],"about":[{"href":"https:\/\/soydeaqui.ddns.net\/pachuca\/index.php\/wp-json\/wp\/v2\/types\/product"}],"replies":[{"embeddable":true,"href":"https:\/\/soydeaqui.ddns.net\/pachuca\/index.php\/wp-json\/wp\/v2\/comments?post=78685"}],"wp:featuredmedia":[{"embeddable":true,"href":"https:\/\/soydeaqui.ddns.net\/pachuca\/index.php\/wp-json\/wp\/v2\/media\/78684"}],"wp:attachment":[{"href":"https:\/\/soydeaqui.ddns.net\/pachuca\/index.php\/wp-json\/wp\/v2\/media?parent=78685"}],"wp:term":[{"taxonomy":"product_brand","embeddable":true,"href":"https:\/\/soydeaqui.ddns.net\/pachuca\/index.php\/wp-json\/wp\/v2\/product_brand?post=78685"},{"taxonomy":"product_cat","embeddable":true,"href":"https:\/\/soydeaqui.ddns.net\/pachuca\/index.php\/wp-json\/wp\/v2\/product_cat?post=78685"},{"taxonomy":"product_tag","embeddable":true,"href":"https:\/\/soydeaqui.ddns.net\/pachuca\/index.php\/wp-json\/wp\/v2\/product_tag?post=78685"}],"curies":[{"name":"wp","href":"https:\/\/api.w.org\/{rel}","templated":true}]}}