{"id":78676,"date":"2026-03-19T16:50:53","date_gmt":"2026-03-19T16:50:53","guid":{"rendered":"https:\/\/soydeaqui.ddns.net\/pachuca\/index.php\/producto\/disco-duro-enterprise-2-tb-wester-digital-wd-serie-ultrastar-recomendado-para-data-center-y-nvrs-de-alta-capacidad-alto-performace\/"},"modified":"2026-03-19T16:51:02","modified_gmt":"2026-03-19T16:51:02","slug":"disco-duro-enterprise-2-tb-wester-digital-wd-serie-ultrastar-recomendado-para-data-center-y-nvrs-de-alta-capacidad-alto-performace","status":"publish","type":"product","link":"https:\/\/soydeaqui.ddns.net\/pachuca\/index.php\/producto\/disco-duro-enterprise-2-tb-wester-digital-wd-serie-ultrastar-recomendado-para-data-center-y-nvrs-de-alta-capacidad-alto-performace\/","title":{"rendered":"Disco Duro Enterprise 2 TB \/ Wester Digital (WD) \/ Serie Ultrastar \/ Recomendado para Data Center y NVRs de Alta Capacidad \/ Alto Performace"},"content":{"rendered":"<div style='width: 100%; max-width: 1200px; margin: 0 auto; font-family: sans-serif; line-height: 1.6; color: inherit; background-color: transparent;'>\n<div style='display: flex; flex-wrap: wrap; gap: 30px; margin-bottom: 30px;'>\n<div style='flex: 1 1 300px; min-width: 280px;'>\n<h3 style='font-size: 22px; border-bottom: 2px solid currentColor; padding-bottom: 5px; margin-top: 0; color: inherit; opacity: 0.8;'>Descripci\u00f3n General<\/h3>\n<p style='font-size: 15px; color: inherit;'> Los discos duros de la serie SATA Ultrastar est\u00e1n construidos desde cero para ser un dispositivo de almacenamiento ultra robusto. Dise\u00f1adas con una capacidad de carga de trabajo de hasta 550TB por a\u00f1o&comma; las unidades Ultrastar son la elecci\u00f3n perfecta para aplicaciones cr\u00edticas para la empresa&comma; como servidores empresariales&comma; subsistemas de almacenamiento&comma; an\u00e1lisis de vigilancia y entornos industriales. La tecnolog\u00eda HelioSeal ofrece mayores capacidades&comma; brindando los $ \/ TB m\u00e1s bajos y Watts \/ TB para minimizar el costo total de propiedad (TCO). Los discos de menor capacidad se fabrican con tecnolog\u00eda tradicional llena de aire&comma; ideal para usuarios que buscan un menor costo de adquisici\u00f3n. <\/p>\n<\/p><\/div>\n<div style='flex: 1 1 300px; min-width: 280px;'> <img style='width: 100%; height: auto; border: 1px solid rgba(150&comma;150&comma;150&comma;0.3); border-radius: 8px;' src='https:\/\/ftp3.syscom.mx\/usuarios\/nortega\/WD\/imagenes\/ultrastar\/UltrastarSATAseries-400x500.png' alt=''> <\/div>\n<\/p><\/div>\n<div style='display: flex; flex-wrap: wrap; gap: 30px; margin-bottom: 30px;'>\n<div style='flex: 1 1 300px; min-width: 280px;'>\n<h3 style='font-size: 22px; border-bottom: 2px solid currentColor; padding-bottom: 5px; margin-top: 0; color: inherit; opacity: 0.8;'>Caracter\u00edsticas T\u00e9cnicas<\/h3>\n<ul style='padding-left: 20px; font-size: 15px; color: inherit;'>\n<li style='margin-bottom: 5px;'><strong>Alto grado de carga de trabajo:<\/strong> Ofreciendo un rendimiento confiable para cualquier ambiente de almacenamiento&comma; las unidades Ultrastar est\u00e1n dise\u00f1adas para trabajar hasta 550TB por a\u00f1o&comma; m\u00e1s alto que cualquier disco duro de 3.5 pulgadas.<\/li>\n<li style='margin-bottom: 5px;'><strong>Tecnolog\u00eda HelioSeal\u00ae:<\/strong> La tecnolog\u00eda HelioSeal permite las m\u00e1s altas capacidades y menos turbulencia en grandes matrices de almacenamiento. Y ahora en su cuarta generaci\u00f3n&comma; la tecnolog\u00eda HelioSeal es probado en campo y ha demostrado entregar una alta capacidad&comma; confiabilidad y eficiencia energ\u00e9tica en la que se puedes confiar.<\/li>\n<li style='margin-bottom: 5px;'><strong>Almacenamiento de clase empresarial:<\/strong> Con hasta 2.5 millones de horas de calificaci\u00f3n MTBF&comma; los discos duros Ultrastar ofrecen fiabilidad y durabilidad&comma; est\u00e1n dise\u00f1ados para una operaci\u00f3n anual (24x7x365) dentro de los m\u00e1s exigentes entornos de almacenamiento y est\u00e1n respaldados con una garant\u00eda limitada de 5 a\u00f1os.<\/li>\n<li style='margin-bottom: 5px;'><strong>Pruebas de compatibilidad:<\/strong> Todos los discos duros Ultrastar son extensivamente probados en una variedad de sistemas de almacenamiento OEM populares&comma; controladores SATA&comma; DVR\/NVR y adaptadores de bus para garantizar la facilidad de integraci\u00f3n para una soluci\u00f3n Plug and Play.<\/li>\n<li style='margin-bottom: 5px;'><strong>Protecci\u00f3n contra vibraciones:<\/strong> La salvaguarda de vibraci\u00f3n rotacional mejorada (RVS) usa tecnolog\u00eda electr\u00f3nica sofisticada para controlar la unidad y corregir vibraciones lineales y rotacionales en tiempo real para un mejor rendimiento en comparaci\u00f3n con las unidades de escritorio tradicionales en ambientes de alta vibraci\u00f3n.<\/li>\n<li style='margin-bottom: 5px;'><strong>Tecnolog\u00eda de actuador de doble etapa:<\/strong> Las unidades Ultrastar cuentan con un sistema de posicionamiento de cabeza actuador de doble etapa para un alto grado de exactitud. La etapa primaria proporciona curso de desplazamiento mientras que la etapa secundaria usa movimiento piezoel\u00e9ctrico para afinar el posicionamiento de la cabeza con un mayor grado de precisi\u00f3n.<\/li>\n<li style='margin-bottom: 5px;'><strong>Tecnolog\u00eda Dynamic Fly-height:<\/strong> Se ajusta la altura de vuelo de cada cabeza de lectura \/ escritura en tiempo real para garantizar la coherencia de rendimiento para reducir los errores y optimiza la confiabilidad.<\/li>\n<li style='margin-bottom: 5px;'><strong>Velocidad de rotaci\u00f3n:<\/strong> Este disco duro de 7200 RPM ofrece el rendimiento m\u00e1s r\u00e1pido con la m\u00e1s alta calificaci\u00f3n de carga de trabajo de cualquier unidad de alta capacidad de Western Digital. Aseg\u00farate de tener el disco duro m\u00e1s capaz&comma; independientemente de la aplicaci\u00f3n con discos duros Ultrastar.<\/li>\n<\/ul><\/div>\n<div style='flex: 1 1 300px; min-width: 280px;'>\n<div style='display: flex; flex-direction: column; gap: 20px;'>\n<div style='border: 1px solid rgba(150&comma; 150&comma; 150&comma; 0.4); border-radius: 8px; overflow: hidden;'>\n<div style='padding: 15px; border-bottom: 1px solid rgba(150&comma; 150&comma; 150&comma; 0.2); font-weight: bold; font-size: 18px; color: inherit; background-color: rgba(255&comma; 255&comma; 255&comma; 0.05);'>Especificaciones T\u00e9cnicas<\/div>\n<div style='padding: 15px; color: inherit;'>\n<ul style='padding-left: 20px; margin: 0; font-size: 14px; list-style-type: disc;'>\n<li style='margin-bottom: 5px;'><strong>N\u00famero de parte:<\/strong> HUS722T2TALA604<\/li>\n<li style='margin-bottom: 5px;'><strong>Capacidad:<\/strong> 2 TB<\/li>\n<li style='margin-bottom: 5px;'><strong>Factor de forma:<\/strong> 3.5 pulgadas<\/li>\n<li style='margin-bottom: 5px;'><strong>Velocidad de transferencia de datos:<\/strong><\/li>\n<ul style='padding-left: 30px; margin: 5px 0; font-size: 14px; list-style-type: disc;'>\n<li style='margin-bottom: 5px;'><strong>B\u00fafer a host:<\/strong> 600 Mb\/s<\/li>\n<li style='margin-bottom: 5px;'><strong>Host a\/desde disco (sostenido):<\/strong> 200 MB\/s<\/li>\n<\/ul>\n<li style='margin-bottom: 5px;'><strong>Cache:<\/strong> 128 MB<\/li>\n<li style='margin-bottom: 5px;'><strong>Velocidad de rotaci\u00f3n:<\/strong> 7220 RPM<\/li>\n<li style='margin-bottom: 5px;'><strong>Interfaz:<\/strong> SATA III&comma; 6.0 Gb\/s<\/li>\n<li style='margin-bottom: 5px;'><strong>Aplicaci\u00f3n:<\/strong> Optimizado para Aplicaciones de Video Vigilancia<\/li>\n<li style='margin-bottom: 5px;'><strong>Cantidad de bah\u00edas:<\/strong> Sin l\u00edmite<\/li>\n<li style='margin-bottom: 5px;'><strong>Cantidad de c\u00e1maras:<\/strong> Sin l\u00edmite<\/li>\n<\/ul><\/div>\n<\/p><\/div>\n<div style='border: 1px solid rgba(150&comma; 150&comma; 150&comma; 0.4); border-radius: 8px; overflow: hidden;'>\n<div style='padding: 15px; border-bottom: 1px solid rgba(150&comma; 150&comma; 150&comma; 0.2); font-weight: bold; font-size: 18px; color: inherit; background-color: rgba(255&comma; 255&comma; 255&comma; 0.05);'>Caracter\u00edsticas F\u00edsicas y El\u00e9ctricas<\/div>\n<div style='padding: 15px; color: inherit;'>\n<ul style='padding-left: 20px; margin: 0; font-size: 14px; list-style-type: disc;'>\n<li style='margin-bottom: 5px;'><strong>Temperatura de operaci\u00f3n:<\/strong><\/li>\n<ul style='padding-left: 30px; margin: 5px 0; font-size: 14px; list-style-type: disc;'>\n<li style='margin-bottom: 5px;'><strong>En funcionamiento:<\/strong> 5\u00b0C &#8211; 60 \u00baC<\/li>\n<li style='margin-bottom: 5px;'><strong>Inactivo:<\/strong> -40 &#8211; 70 \u00baC<\/li>\n<\/ul>\n<li style='margin-bottom: 5px;'><strong>Consumo el\u00e9ctrico:<\/strong><\/li>\n<ul style='padding-left: 30px; margin: 5px 0; font-size: 14px; list-style-type: disc;'>\n<li style='margin-bottom: 5px;'><strong>Lectura \/ escritura:<\/strong> 8.1W<\/li>\n<li style='margin-bottom: 5px;'><strong>Inactivo:<\/strong> 5.9W<\/li>\n<\/ul>\n<li style='margin-bottom: 5px;'><strong>Dimensiones:<\/strong> 26.1 x 147 x 101.6 mm<\/li>\n<li style='margin-bottom: 5px;'><strong>Peso:<\/strong> 641 g<\/li>\n<li style='margin-bottom: 5px;'><strong>Garant\u00eda:<\/strong> 5 A\u00f1os. SYSCOM \u00fanico distribuidor autorizado para ofrecer garant\u00eda de discos duros SIN COMPLICACIONES<\/li>\n<\/ul><\/div>\n<\/p><\/div>\n<\/p><\/div>\n<\/p><\/div>\n<\/p><\/div>\n<hr style='border: 0; border-top: 1px solid rgba(150&comma; 150&comma; 150&comma; 0.3); margin: 30px 0;'> <\/div>\n","protected":false},"excerpt":{"rendered":"<p>Disco Duro Enterprise 2 TB \/ Wester Digital (WD) \/ Serie Ultrastar \/ Recomendado para Data Center y NVRs de Alta Capacidad \/ Alto Performace<\/p>\n","protected":false},"featured_media":78675,"comment_status":"open","ping_status":"closed","template":"","meta":[],"product_brand":[],"product_cat":[2021],"product_tag":[1974,2022,2023],"class_list":{"0":"post-78676","1":"product","2":"type-product","3":"status-publish","4":"has-post-thumbnail","6":"product_cat-discos-duros-mecanicos-hdd","7":"product_tag-almacenamiento","8":"product_tag-discos-duros-mecanicos-hdd","9":"product_tag-western-digital-wd","11":"first","12":"outofstock","13":"sale","14":"shipping-taxable","15":"purchasable","16":"product-type-simple"},"_links":{"self":[{"href":"https:\/\/soydeaqui.ddns.net\/pachuca\/index.php\/wp-json\/wp\/v2\/product\/78676","targetHints":{"allow":["GET"]}}],"collection":[{"href":"https:\/\/soydeaqui.ddns.net\/pachuca\/index.php\/wp-json\/wp\/v2\/product"}],"about":[{"href":"https:\/\/soydeaqui.ddns.net\/pachuca\/index.php\/wp-json\/wp\/v2\/types\/product"}],"replies":[{"embeddable":true,"href":"https:\/\/soydeaqui.ddns.net\/pachuca\/index.php\/wp-json\/wp\/v2\/comments?post=78676"}],"wp:featuredmedia":[{"embeddable":true,"href":"https:\/\/soydeaqui.ddns.net\/pachuca\/index.php\/wp-json\/wp\/v2\/media\/78675"}],"wp:attachment":[{"href":"https:\/\/soydeaqui.ddns.net\/pachuca\/index.php\/wp-json\/wp\/v2\/media?parent=78676"}],"wp:term":[{"taxonomy":"product_brand","embeddable":true,"href":"https:\/\/soydeaqui.ddns.net\/pachuca\/index.php\/wp-json\/wp\/v2\/product_brand?post=78676"},{"taxonomy":"product_cat","embeddable":true,"href":"https:\/\/soydeaqui.ddns.net\/pachuca\/index.php\/wp-json\/wp\/v2\/product_cat?post=78676"},{"taxonomy":"product_tag","embeddable":true,"href":"https:\/\/soydeaqui.ddns.net\/pachuca\/index.php\/wp-json\/wp\/v2\/product_tag?post=78676"}],"curies":[{"name":"wp","href":"https:\/\/api.w.org\/{rel}","templated":true}]}}