{"id":78667,"date":"2026-03-19T16:50:30","date_gmt":"2026-03-19T16:50:30","guid":{"rendered":"https:\/\/soydeaqui.ddns.net\/pachuca\/index.php\/producto\/convertidor-de-medios-poe-industrial-puerto-sfp-1000base-sx-lx-a-puerto-rj45-gigabit-con-salida-poe-802-3at-hasta-30-w\/"},"modified":"2026-03-19T16:50:49","modified_gmt":"2026-03-19T16:50:49","slug":"convertidor-de-medios-poe-industrial-puerto-sfp-1000base-sx-lx-a-puerto-rj45-gigabit-con-salida-poe-802-3at-hasta-30-w","status":"publish","type":"product","link":"https:\/\/soydeaqui.ddns.net\/pachuca\/index.php\/producto\/convertidor-de-medios-poe-industrial-puerto-sfp-1000base-sx-lx-a-puerto-rj45-gigabit-con-salida-poe-802-3at-hasta-30-w\/","title":{"rendered":"Convertidor de Medios PoE Industrial, Puerto SFP 1000BASE-SX\/LX a Puerto RJ45 Gigabit con Salida PoE 802.3at (Hasta 30 W)."},"content":{"rendered":"<div style='width: 100%; max-width: 1200px; margin: 0 auto; font-family: sans-serif; line-height: 1.6; color: inherit; background-color: transparent;'> <!-- Im\u00e1genes de iconos --> <\/p>\n<div style='display: flex; flex-wrap: wrap; justify-content: center; gap: 15px; margin: 20px 0;'> <img style='width: auto; height: 32px; border: 1px solid rgba(150&comma;150&comma;150&comma;0.3); border-radius: 8px;' src='https:\/\/www.planet.com.tw\/storage\/icons\/8icon_-40-degree-~75-degree.png' alt='75 \u00b0C ~ -40 \u00b0C'> <img style='width: auto; height: 32px; border: 1px solid rgba(150&comma;150&comma;150&comma;0.3); border-radius: 8px;' src='https:\/\/www.planet.com.tw\/storage\/icons\/8icon_802.3at_802.3af_End-span.png' alt='802.3at End-span 802.3af'> <img style='width: auto; height: 32px; border: 1px solid rgba(150&comma;150&comma;150&comma;0.3); border-radius: 8px;' src='https:\/\/www.planet.com.tw\/storage\/icons\/7icon_10M_100M_1000M.png' alt='10M\/100M\/1000M'> <img style='width: auto; height: 32px; border: 1px solid rgba(150&comma;150&comma;150&comma;0.3); border-radius: 8px;' src='https:\/\/www.planet.com.tw\/storage\/icons\/427\/6icon_100FX_1000X_Fiber-Optics.png' alt='Fibra \u00f3ptica 100FX 1000X'> <img style='width: auto; height: 32px; border: 1px solid rgba(150&comma;150&comma;150&comma;0.3); border-radius: 8px;' src='https:\/\/www.planet.com.tw\/storage\/icons\/3icon_Redundant_Power.png' alt='Energ\u00eda redundante'> <img style='width: auto; height: 32px; border: 1px solid rgba(150&comma;150&comma;150&comma;0.3); border-radius: 8px;' src='https:\/\/www.planet.com.tw\/storage\/icons\/2icon_IP-Code_30.png' alt='IP30'> <\/div>\n<p> <!-- Descripci\u00f3n principal --> <\/p>\n<div style='margin: 30px 0;'>\n<p style='font-size: 15px; color: inherit; text-align: center;'>El convertidor de medios Gigabit industrial PLANET IGTP-805AT combina la conversi\u00f3n de medios Ethernet (de 1000BASE-X a 10\/100\/1000BASE-T) con un inyector <strong style='color: inherit;'>Power over Ethernet Plus (PoE+) 802.3at<\/strong> para ofrecer hasta 30 vatios de potencia de salida y alta velocidad de transmisi\u00f3n de datos a PD (dispositivos alimentados) instalados en un \u00e1rea remota donde se requiere una entrada de energ\u00eda suficiente y confiable. Su puerto de enlace ascendente de fibra \u00f3ptica 1000BASE-X proporciona transmisi\u00f3n de datos estable&comma; de alta velocidad y a larga distancia a una red central remota. El sistema de energ\u00eda especial y conveniente del IGTP-805AT admite una entrada de energ\u00eda de <strong style='color: inherit;'>12~48 V CC<\/strong> o una entrada de energ\u00eda <strong style='color: inherit;'>de 24 V CA<\/strong> para redundancia de energ\u00eda y flexibilidad operativa.<\/p>\n<p style='font-size: 15px; color: inherit; text-align: center; margin-top: 15px;'>Al poder operar en un rango de temperaturas de <strong style='color: inherit;'>-40 a 75 grados C<\/strong> y con una carcasa resistente <strong style='color: inherit;'>IP30<\/strong>&comma; el IGTP-80xT se puede colocar en casi cualquier entorno dif\u00edcil.<\/p>\n<\/p><\/div>\n<p> <!-- Im\u00e1genes del producto --> <\/p>\n<div style='display: flex; flex-direction: column; align-items: center; gap: 20px; margin: 30px 0;'> <img style='width: 100%; max-width: 600px; height: auto; border: 1px solid rgba(150&comma;150&comma;150&comma;0.3); border-radius: 8px;' src='https:\/\/planet.com.tw\/storage\/products\/49437\/IGTP-80xTv3_1.png' alt=''> <img style='width: 100%; max-width: 600px; height: auto; border: 1px solid rgba(150&comma;150&comma;150&comma;0.3); border-radius: 8px;' src='https:\/\/planet.com.tw\/storage\/products\/49437\/IGTP-80xTv3-3.png' alt=''> <img style='width: 100%; max-width: 600px; height: auto; border: 1px solid rgba(150&comma;150&comma;150&comma;0.3); border-radius: 8px;' src='https:\/\/planet.com.tw\/storage\/products\/49437\/IGTP-80xTv3-21.png' alt=''> <\/div>\n<p> <!-- Separador --> <\/p>\n<hr style='border: 0; border-top: 1px solid rgba(150&comma; 150&comma; 150&comma; 0.3); margin: 30px 0;'> <!-- Especificaciones --> <\/p>\n<div style='display: flex; flex-wrap: wrap; gap: 30px; margin: 30px 0;'> <!-- Caracter\u00edsticas Principales --> <\/p>\n<div style='flex: 1 1 300px; min-width: 280px; border: 1px solid rgba(150&comma;150&comma;150&comma;0.4); border-radius: 8px; overflow: hidden; display: flex; flex-direction: column;'>\n<div style='padding: 15px; border-bottom: 1px solid rgba(150&comma;150&comma;150&comma;0.2); font-weight: bold; font-size: 18px; color: inherit; background-color: rgba(13&comma; 110&comma; 253&comma; 0.9); color: white;'>Caracter\u00edsticas Principales:<\/div>\n<div style='padding: 15px; color: inherit;'>\n<ul style='padding-left: 20px; font-size: 14px; list-style-type: disc; margin: 0;'>\n<li style='margin-bottom: 5px;'>Cumple con IEEE 802.3at\/af PoE Plus end-span PSE<\/li>\n<li style='margin-bottom: 5px;'>Detecta autom\u00e1ticamente equipos IEEE 802.3at\/af y protege los dispositivos contra da\u00f1os debido a una instalaci\u00f3n incorrecta.<\/li>\n<li style='margin-bottom: 5px;'>Salida hasta 30&comma;8 Watts por el puerto PoE<\/li>\n<li style='margin-bottom: 5px;'>Interruptor DIP: selecci\u00f3n de modo LFP (Link Fault Passthrough) y FEF (Far End Fault)<\/li>\n<li style='margin-bottom: 5px;'>Alimentaci\u00f3n redundante de 12 ~ 48 V CC\/24 V CA con protecci\u00f3n contra polaridad inversa.<\/li>\n<li style='margin-bottom: 5px;'>Dise\u00f1o para montaje en riel DIN o en pared.<\/li>\n<li style='margin-bottom: 5px;'>Caja met\u00e1lica IP30.<\/li>\n<\/ul><\/div>\n<\/p><\/div>\n<p> <!-- Caracter\u00edsticas F\u00edsicas y El\u00e9ctricas --> <\/p>\n<div style='flex: 1 1 300px; min-width: 280px; border: 1px solid rgba(150&comma;150&comma;150&comma;0.4); border-radius: 8px; overflow: hidden; display: flex; flex-direction: column;'>\n<div style='padding: 15px; border-bottom: 1px solid rgba(150&comma;150&comma;150&comma;0.2); font-weight: bold; font-size: 18px; color: inherit; background-color: rgba(13&comma; 110&comma; 253&comma; 0.9); color: white;'>Caracter\u00edsticas F\u00edsicas y El\u00e9ctricas:<\/div>\n<div style='padding: 15px; color: inherit;'>\n<ul style='padding-left: 20px; font-size: 14px; list-style-type: disc; margin: 0;'>\n<li style='margin-bottom: 5px;'>1 Puerto RJ45 10\/100\/1000BASE-T con inyector PoE+ IEEE 802.3af\/802.3at<\/li>\n<li style='margin-bottom: 5px;'>1 Puertos de fibra \u00f3ptica SFP&comma; compatible con transceptor de modo dual 1000BASE-X y 100BASE-FX.<\/li>\n<li style='margin-bottom: 5px;'>Dimensiones: 135 x 87.8 x 32 mm<\/li>\n<li style='margin-bottom: 5px;'>Peso: 420 g.<\/li>\n<li style='margin-bottom: 5px;'>Voltaje de entrada: 12 &#8211; 48 Vcc (No incluye fuente de voltaje).<\/li>\n<li style='margin-bottom: 5px;'>Temperatura: -40 a 75\u00b0C.<\/li>\n<\/ul><\/div>\n<\/p><\/div>\n<p> <!-- El Paquete Incluye --> <\/p>\n<div style='flex: 1 1 300px; min-width: 280px; border: 1px solid rgba(150&comma;150&comma;150&comma;0.4); border-radius: 8px; overflow: hidden; display: flex; flex-direction: column;'>\n<div style='padding: 15px; border-bottom: 1px solid rgba(150&comma;150&comma;150&comma;0.2); font-weight: bold; font-size: 18px; color: inherit; background-color: rgba(13&comma; 110&comma; 253&comma; 0.9); color: white;'>El Paquete Incluye:<\/div>\n<div style='padding: 15px; color: inherit;'>\n<ul style='padding-left: 20px; font-size: 14px; list-style-type: disc; margin: 0;'>\n<li style='margin-bottom: 5px;'>Convertidor de medios gigabit.<\/li>\n<li style='margin-bottom: 5px;'>Manual de usuario.<\/li>\n<li style='margin-bottom: 5px;'>Kit de montaje en pared<\/li>\n<li style='margin-bottom: 5px;'>Kit de montaje en riel DIN<\/li>\n<\/ul><\/div>\n<\/p><\/div>\n<\/p><\/div>\n<p> <!-- Separador final --> <\/p>\n<hr style='border: 0; border-top: 1px solid rgba(150&comma; 150&comma; 150&comma; 0.3); margin: 30px 0;'> <\/div>\n","protected":false},"excerpt":{"rendered":"<p>Convertidor de Medios PoE Industrial, Puerto SFP 1000BASE-SX\/LX a Puerto RJ45 Gigabit con Salida PoE 802.3at (Hasta 30 W).<\/p>\n","protected":false},"featured_media":78666,"comment_status":"open","ping_status":"closed","template":"","meta":[],"product_brand":[],"product_cat":[2000],"product_tag":[2001,664,2033],"class_list":{"0":"post-78667","1":"product","2":"type-product","3":"status-publish","4":"has-post-thumbnail","6":"product_cat-convertidores-de-medios","7":"product_tag-convertidores-de-medios","8":"product_tag-networking","9":"product_tag-planet","11":"first","12":"outofstock","13":"sale","14":"shipping-taxable","15":"purchasable","16":"product-type-simple"},"_links":{"self":[{"href":"https:\/\/soydeaqui.ddns.net\/pachuca\/index.php\/wp-json\/wp\/v2\/product\/78667","targetHints":{"allow":["GET"]}}],"collection":[{"href":"https:\/\/soydeaqui.ddns.net\/pachuca\/index.php\/wp-json\/wp\/v2\/product"}],"about":[{"href":"https:\/\/soydeaqui.ddns.net\/pachuca\/index.php\/wp-json\/wp\/v2\/types\/product"}],"replies":[{"embeddable":true,"href":"https:\/\/soydeaqui.ddns.net\/pachuca\/index.php\/wp-json\/wp\/v2\/comments?post=78667"}],"wp:featuredmedia":[{"embeddable":true,"href":"https:\/\/soydeaqui.ddns.net\/pachuca\/index.php\/wp-json\/wp\/v2\/media\/78666"}],"wp:attachment":[{"href":"https:\/\/soydeaqui.ddns.net\/pachuca\/index.php\/wp-json\/wp\/v2\/media?parent=78667"}],"wp:term":[{"taxonomy":"product_brand","embeddable":true,"href":"https:\/\/soydeaqui.ddns.net\/pachuca\/index.php\/wp-json\/wp\/v2\/product_brand?post=78667"},{"taxonomy":"product_cat","embeddable":true,"href":"https:\/\/soydeaqui.ddns.net\/pachuca\/index.php\/wp-json\/wp\/v2\/product_cat?post=78667"},{"taxonomy":"product_tag","embeddable":true,"href":"https:\/\/soydeaqui.ddns.net\/pachuca\/index.php\/wp-json\/wp\/v2\/product_tag?post=78667"}],"curies":[{"name":"wp","href":"https:\/\/api.w.org\/{rel}","templated":true}]}}