{"id":78657,"date":"2026-03-19T16:50:07","date_gmt":"2026-03-19T16:50:07","guid":{"rendered":"https:\/\/soydeaqui.ddns.net\/pachuca\/index.php\/producto\/feedhorn-de-reemplazo-para-antenas-spd2-5-2ns\/"},"modified":"2026-03-19T16:50:09","modified_gmt":"2026-03-19T16:50:09","slug":"feedhorn-de-reemplazo-para-antenas-spd2-5-2ns","status":"publish","type":"product","link":"https:\/\/soydeaqui.ddns.net\/pachuca\/index.php\/producto\/feedhorn-de-reemplazo-para-antenas-spd2-5-2ns\/","title":{"rendered":"Feedhorn de reemplazo para antenas SPD2-5.2NS"},"content":{"rendered":"<div style='width: 100%; max-width: 1200px; margin: 0 auto; font-family: sans-serif; line-height: 1.6; color: inherit; background-color: transparent;'> <!-- Secci\u00f3n de caracter\u00edsticas principales --> <\/p>\n<div style='display: flex; flex-wrap: wrap; gap: 30px; margin-bottom: 30px;'>\n<div style='flex: 1 1 300px; min-width: 280px;'>\n<h3 style='font-size: 22px; border-bottom: 2px solid currentColor; padding-bottom: 5px; margin-top: 0; color: inherit; opacity: 0.8;'>Caracter\u00edsticas Principales<\/h3>\n<ul style='padding-left: 20px; font-size: 15px; color: inherit;'>\n<li style='margin-bottom: 5px;'>Rango de frecuencia: 5.25 &#8211; 5.85 GHz<\/li>\n<li style='margin-bottom: 5px;'>Doble polaridad<\/li>\n<li style='margin-bottom: 5px;'>Conectores N-Hembra<\/li>\n<li style='margin-bottom: 5px;'>Para antena de 2 ft<\/li>\n<li style='margin-bottom: 5px;'>Feed de alto performance<\/li>\n<\/ul><\/div>\n<div style='flex: 1 1 300px; min-width: 280px;'>\n<h3 style='font-size: 22px; border-bottom: 2px solid currentColor; padding-bottom: 5px; margin-top: 0; color: inherit; opacity: 0.8;'>Caracter\u00edsticas y Beneficios<\/h3>\n<ul style='padding-left: 20px; font-size: 15px; color: inherit;'>\n<li style='margin-bottom: 5px;'>Antenas parab\u00f3licas de rendimiento est\u00e1ndar: excelente rendimiento para una amplia gama de aplicaciones con y sin licencia<\/li>\n<li style='margin-bottom: 5px;'>Totalmente preensamblado en f\u00e1brica: simplifica la instalaci\u00f3n en sitio y garantiza una calidad &#8216;Probada en f\u00e1brica&#8217;<\/li>\n<li style='margin-bottom: 5px;'>Garant\u00eda de 7 a\u00f1os l\u00edder en la industria<\/li>\n<\/ul><\/div>\n<\/p><\/div>\n<p> <!-- Secci\u00f3n de especificaciones el\u00e9ctricas --> <\/p>\n<div style='display: flex; flex-wrap: wrap; gap: 20px; margin-bottom: 30px;'>\n<div style='flex: 1 1 250px; border: 1px solid rgba(150&comma; 150&comma; 150&comma; 0.4); border-radius: 8px; overflow: hidden; display: flex; flex-direction: column;'>\n<div style='padding: 15px; border-bottom: 1px solid rgba(150&comma; 150&comma; 150&comma; 0.2); font-weight: bold; font-size: 18px; color: inherit;'>Especificaciones El\u00e9ctricas<\/div>\n<div style='padding: 15px; color: inherit;'>\n<ul style='padding-left: 20px; margin: 0; font-size: 14px; list-style-type: disc;'>\n<li style='margin-bottom: 5px;'><strong>Frecuencia de operaci\u00f3n:<\/strong> 5.25 &#8211; 5.85 GHz<\/li>\n<li style='margin-bottom: 5px;'><strong>Ganancia en frecuencia baja:<\/strong> 28.5 dBi<\/li>\n<li style='margin-bottom: 5px;'><strong>Ganancia en frecuencia media:<\/strong> 29 dBi<\/li>\n<li style='margin-bottom: 5px;'><strong>Ganancia en frecuencia alta:<\/strong> 29.5 dBi<\/li>\n<li style='margin-bottom: 5px;'><strong>VSWR:<\/strong> 1.5:1<\/li>\n<li style='margin-bottom: 5px;'><strong>Retorno de p\u00e9rdida:<\/strong> 14 dB<\/li>\n<li style='margin-bottom: 5px;'><strong>Relaci\u00f3n frente\/atr\u00e1s (F\/B):<\/strong> 38 dB<\/li>\n<li style='margin-bottom: 5px;'><strong>Discriminaci\u00f3n de polarizaci\u00f3n cruzada:<\/strong> 30 dB<\/li>\n<\/ul><\/div>\n<\/p><\/div>\n<div style='flex: 1 1 250px; border: 1px solid rgba(150&comma; 150&comma; 150&comma; 0.4); border-radius: 8px; overflow: hidden; display: flex; flex-direction: column;'>\n<div style='padding: 15px; border-bottom: 1px solid rgba(150&comma; 150&comma; 150&comma; 0.2); font-weight: bold; font-size: 18px; color: inherit;'>Especificaciones Mec\u00e1nicas<\/div>\n<div style='padding: 15px; color: inherit;'>\n<ul style='padding-left: 20px; margin: 0; font-size: 14px; list-style-type: disc;'>\n<li style='margin-bottom: 5px;'><strong>Tipo de feed:<\/strong> Feed de alto performance<\/li>\n<li style='margin-bottom: 5px;'><strong>Tipo de conector:<\/strong> N-Hembra<\/li>\n<li style='margin-bottom: 5px;'><strong>Para antena:<\/strong> 2 ft<\/li>\n<li style='margin-bottom: 5px;'><strong>Polarizaci\u00f3n:<\/strong> Doble<\/li>\n<\/ul><\/div>\n<\/p><\/div>\n<\/p><\/div>\n<p> <!-- Separador --> <\/p>\n<hr style='border: 0; border-top: 1px solid rgba(150&comma; 150&comma; 150&comma; 0.3); margin: 30px 0;'> <!-- Secci\u00f3n de informaci\u00f3n adicional --> <\/p>\n<div style='margin-top: 30px; font-size: 14px; color: inherit;'>\n<p style='margin-bottom: 15px;'>La serie SP de rendimiento est\u00e1ndar de RadioWaves ofrece una l\u00ednea completa de antenas parab\u00f3licas de rendimiento est\u00e1ndar rentables dise\u00f1adas para ofrecer enlaces de radio confiables. Dise\u00f1adas para aplicaciones de banda sin licencia&comma; las antenas SP preensambladas y probadas en campo de RadioWaves y los robustos montajes en poste aseguran una instalaci\u00f3n &#8216;configurada y olvidada&#8217; con un mantenimiento postinstalaci\u00f3n m\u00ednimo.<\/p>\n<p style='margin-bottom: 15px;'>Si es resistente \u00a1debe ser RadioWaves!<\/p>\n<\/p><\/div>\n<\/p><\/div>\n","protected":false},"excerpt":{"rendered":"<p>Feedhorn de reemplazo para antenas SPD2-5.2NS<\/p>\n","protected":false},"featured_media":78656,"comment_status":"open","ping_status":"closed","template":"","meta":[],"product_brand":[],"product_cat":[1983],"product_tag":[93,1404,938],"class_list":{"0":"post-78657","1":"product","2":"type-product","3":"status-publish","4":"has-post-thumbnail","6":"product_cat-accesorios-antenas-redes-e-it","7":"product_tag-accesorios","8":"product_tag-antenas","9":"product_tag-radiowaves","11":"first","12":"outofstock","13":"sale","14":"shipping-taxable","15":"purchasable","16":"product-type-simple"},"_links":{"self":[{"href":"https:\/\/soydeaqui.ddns.net\/pachuca\/index.php\/wp-json\/wp\/v2\/product\/78657","targetHints":{"allow":["GET"]}}],"collection":[{"href":"https:\/\/soydeaqui.ddns.net\/pachuca\/index.php\/wp-json\/wp\/v2\/product"}],"about":[{"href":"https:\/\/soydeaqui.ddns.net\/pachuca\/index.php\/wp-json\/wp\/v2\/types\/product"}],"replies":[{"embeddable":true,"href":"https:\/\/soydeaqui.ddns.net\/pachuca\/index.php\/wp-json\/wp\/v2\/comments?post=78657"}],"wp:featuredmedia":[{"embeddable":true,"href":"https:\/\/soydeaqui.ddns.net\/pachuca\/index.php\/wp-json\/wp\/v2\/media\/78656"}],"wp:attachment":[{"href":"https:\/\/soydeaqui.ddns.net\/pachuca\/index.php\/wp-json\/wp\/v2\/media?parent=78657"}],"wp:term":[{"taxonomy":"product_brand","embeddable":true,"href":"https:\/\/soydeaqui.ddns.net\/pachuca\/index.php\/wp-json\/wp\/v2\/product_brand?post=78657"},{"taxonomy":"product_cat","embeddable":true,"href":"https:\/\/soydeaqui.ddns.net\/pachuca\/index.php\/wp-json\/wp\/v2\/product_cat?post=78657"},{"taxonomy":"product_tag","embeddable":true,"href":"https:\/\/soydeaqui.ddns.net\/pachuca\/index.php\/wp-json\/wp\/v2\/product_tag?post=78657"}],"curies":[{"name":"wp","href":"https:\/\/api.w.org\/{rel}","templated":true}]}}