{"id":78590,"date":"2026-03-19T16:47:20","date_gmt":"2026-03-19T16:47:20","guid":{"rendered":"https:\/\/soydeaqui.ddns.net\/pachuca\/index.php\/producto\/radio-doble-banda-bullet-airmax-ac-ip67-hasta-160-mbps-en-2-4-ghz-2412-2472-mhz-o-300-mbps-en-5-ghz-5150-5875-mhz\/"},"modified":"2026-03-19T16:47:34","modified_gmt":"2026-03-19T16:47:34","slug":"radio-doble-banda-bullet-airmax-ac-ip67-hasta-160-mbps-en-2-4-ghz-2412-2472-mhz-o-300-mbps-en-5-ghz-5150-5875-mhz","status":"publish","type":"product","link":"https:\/\/soydeaqui.ddns.net\/pachuca\/index.php\/producto\/radio-doble-banda-bullet-airmax-ac-ip67-hasta-160-mbps-en-2-4-ghz-2412-2472-mhz-o-300-mbps-en-5-ghz-5150-5875-mhz\/","title":{"rendered":"Radio Doble Banda Bullet airMAX AC IP67 hasta 160 Mbps en 2.4 GHz (2412-2472 MHz) o 300 Mbps en 5 GHz (5150-5875 MHz)"},"content":{"rendered":"<div style='width: 100%; max-width: 1200px; margin: 0 auto; font-family: sans-serif; line-height: 1.6; color: inherit; background-color: transparent;'> <!-- Secci\u00f3n de especificaciones principales --> <\/p>\n<div style='display: flex; flex-wrap: wrap; gap: 30px; margin-bottom: 30px;'>\n<div style='flex: 1 1 300px; min-width: 280px;'>\n<h3 style='font-size: 22px; border-bottom: 2px solid currentColor; padding-bottom: 5px; margin-top: 0; color: inherit; opacity: 0.8;'>Especificaciones<\/h3>\n<ul style='padding-left: 20px; font-size: 15px; color: inherit;'>\n<li style='margin-bottom: 5px;'><strong>Puertos:<\/strong> 1 puerto de datos 10\/100\/1000 Mbps<\/li>\n<li style='margin-bottom: 5px;'><strong>Conector RF:<\/strong> Conector Tipo N Macho<\/li>\n<li style='margin-bottom: 5px;'><strong>Sistema Operativo:<\/strong> airOS\u00ae 8<\/li>\n<li style='margin-bottom: 5px;'><strong>Modos de Operaci\u00f3n:<\/strong> Access Point&comma; Estaci\u00f3n<\/li>\n<li style='margin-bottom: 5px;'><strong>Garant\u00eda:<\/strong> 1 A\u00f1o<\/li>\n<\/ul><\/div>\n<div style='flex: 1 1 300px; min-width: 280px;'>\n<h3 style='font-size: 22px; border-bottom: 2px solid currentColor; padding-bottom: 5px; margin-top: 0; color: inherit; opacity: 0.8;'>Caracter\u00edsticas F\u00edsicas<\/h3>\n<ul style='padding-left: 20px; font-size: 15px; color: inherit;'>\n<li style='margin-bottom: 5px;'><strong>Alimentaci\u00f3n:<\/strong> 24 VDC&comma; 0.3 A (Requiere adaptador PoE)<\/li>\n<li style='margin-bottom: 5px;'><strong>Dimensiones:<\/strong> 190 x 46 X 46 mm<\/li>\n<li style='margin-bottom: 5px;'><strong>Peso:<\/strong> 213 g<\/li>\n<li style='margin-bottom: 5px;'><strong>Temperatura de Operaci\u00f3n:<\/strong> -40 a 70\u00b0 C<\/li>\n<li style='margin-bottom: 5px;'><strong>Incluye:<\/strong> 1 x Bullet AC IP67<\/li>\n<\/ul><\/div>\n<\/p><\/div>\n<p> <!-- Secci\u00f3n de ancho de canal --> <\/p>\n<div style='display: flex; flex-wrap: wrap; gap: 30px; margin-bottom: 30px;'>\n<div style='flex: 1 1 300px; min-width: 280px;'>\n<h3 style='font-size: 22px; border-bottom: 2px solid currentColor; padding-bottom: 5px; margin-top: 0; color: inherit; opacity: 0.8;'>Anchos de Canal<\/h3>\n<ul style='padding-left: 20px; font-size: 15px; color: inherit;'>\n<li style='margin-bottom: 5px;'>PtP: 10\/20\/30\/40\/50\/60\/80 MHz<\/li>\n<li style='margin-bottom: 5px;'>PtMP: 10\/20\/30\/40 MHz<\/li>\n<\/ul><\/div>\n<\/p><\/div>\n<p> <!-- Secci\u00f3n de caracter\u00edsticas detalladas --> <\/p>\n<div style='display: flex; flex-wrap: wrap; gap: 30px; margin-bottom: 30px;'>\n<div style='flex: 1 1 300px; min-width: 280px;'>\n<h3 style='font-size: 22px; border-bottom: 2px solid currentColor; padding-bottom: 5px; margin-top: 0; color: inherit; opacity: 0.8;'>Caracter\u00edsticas<\/h3>\n<ul style='padding-left: 20px; font-size: 15px; color: inherit;'>\n<li style='margin-bottom: 5px;'>Doble banda 2.4 GHz o 5 GHz (Seleccionable&comma; solo una frecuencia)<\/li>\n<li style='margin-bottom: 5px;'>Polaridad Simple (Vertical \/ Horizontal). La polaridad est\u00e1 en funci\u00f3n de la antena<\/li>\n<li style='margin-bottom: 5px;'>Procesador Atheros MIPS<\/li>\n<li style='margin-bottom: 5px;'>Fuerte seguridad WPA2 AES<\/li>\n<li style='margin-bottom: 5px;'>Alto desempe\u00f1o<\/li>\n<li style='margin-bottom: 5px;'>Escalable<\/li>\n<li style='margin-bottom: 5px;'>Radio de administraci\u00f3n local v\u00eda Wi-Fi<\/li>\n<li style='margin-bottom: 5px;'>SNR mejorado<\/li>\n<\/ul><\/div>\n<\/p><\/div>\n<p> <!-- Nota importante --> <\/p>\n<div style='margin-bottom: 30px; padding: 15px; border-left: 4px solid #e74c3c; background-color: rgba(231&comma; 76&comma; 60&comma; 0.05); color: inherit;'>\n<p style='margin: 0; font-weight: bold; font-size: 15px;'>Nota: No funciona para WiFi&comma; es exclusivamente para enlaces inal\u00e1mbricos PtP o PtMP.<\/p>\n<\/p><\/div>\n<p> <!-- Secci\u00f3n de im\u00e1genes --> <\/p>\n<div style='display: flex; flex-direction: column; gap: 30px; margin-bottom: 30px;'>\n<div style='width: 100%;'>\n<h3 style='font-size: 20px; text-align: center; margin-bottom: 15px; color: inherit; opacity: 0.8;'>Radio totalmente integrado<\/h3>\n<p style='text-align: center; font-size: 15px; margin-bottom: 15px; color: inherit;'>Lanzado en 2008&comma; el dise\u00f1o del Bullet\u2122 ayud\u00f3 a transformar la industria WISP. Su dise\u00f1o \u00fanico mejora el rendimiento del enlace y reduce la complejidad de la implementaci\u00f3n.<\/p>\n<p> <img style='width: 100%; height: auto; border: 1px solid rgba(150&comma;150&comma;150&comma;0.3); border-radius: 8px;' src='https:\/\/prd-www-cdn.ubnt.com\/media\/images\/product-features\/bulletm-features-design2-2x.jpg' alt=''> <\/div>\n<div style='width: 100%;'>\n<h3 style='font-size: 20px; text-align: center; margin-bottom: 15px; color: inherit; opacity: 0.8;'>Rendimiento tipo Carrier-Class<\/h3>\n<p style='text-align: center; font-size: 15px; margin-bottom: 15px; color: inherit;'>El Bullet\u2122 AC ofrece un rendimiento TCP\/IP real de m\u00e1s de 300 Mbps.<\/p>\n<p> <img style='width: 100%; height: auto; border: 1px solid rgba(150&comma;150&comma;150&comma;0.3); border-radius: 8px;' src='https:\/\/prd-www-cdn.ubnt.com\/media\/images\/product-features\/bulletac-feature-breakthrough-speed2x.jpg' alt=''> <\/div>\n<div style='width: 100%;'>\n<h3 style='font-size: 20px; text-align: center; margin-bottom: 15px; color: inherit; opacity: 0.8;'>Dise\u00f1o robusto<\/h3>\n<p style='text-align: center; font-size: 15px; margin-bottom: 15px; color: inherit;'>Resistente a la intemperie y a las condiciones extremas.<\/p>\n<p> <img style='width: 100%; height: auto; border: 1px solid rgba(150&comma;150&comma;150&comma;0.3); border-radius: 8px;' src='https:\/\/prd-www-cdn.ubnt.com\/media\/images\/product-features\/bulletm-feature-weather-resistant2x.jpg' alt=''> <\/div>\n<div style='width: 100%;'>\n<h3 style='font-size: 20px; text-align: center; margin-bottom: 15px; color: inherit; opacity: 0.8;'>Instalaci\u00f3n Plug and Play<\/h3>\n<p style='text-align: center; font-size: 15px; margin-bottom: 15px; color: inherit;'>Conecte el Bullet\u2122 AC a cualquier antena existente con un conector hembra tipo N para crear una estaci\u00f3n base airMAX\u00ae.<\/p>\n<p> <img style='width: 100%; height: auto; border: 1px solid rgba(150&comma;150&comma;150&comma;0.3); border-radius: 8px;' src='https:\/\/prd-www-cdn.ubnt.com\/media\/images\/product-features\/bulletac-features-install-options-2x.jpg' alt=''> <\/div>\n<\/p><\/div>\n<p> <!-- Separador final --> <\/p>\n<hr style='border: 0; border-top: 1px solid rgba(150&comma; 150&comma; 150&comma; 0.3); margin: 30px 0;'> <\/div>\n","protected":false},"excerpt":{"rendered":"<p>Radio Doble Banda Bullet airMAX AC IP67 hasta 160 Mbps en 2.4 GHz (2412-2472 MHz) o 300 Mbps en 5 GHz (5150-5875 MHz)<\/p>\n","protected":false},"featured_media":78589,"comment_status":"open","ping_status":"closed","template":"","meta":[],"product_brand":[],"product_cat":[1998],"product_tag":[1999,1980,166],"class_list":{"0":"post-78590","1":"product","2":"type-product","3":"status-publish","4":"has-post-thumbnail","6":"product_cat-5-y-6-ghz","7":"product_tag-5-y-6-ghz","8":"product_tag-enlaces-ptp-y-ptmp","9":"product_tag-ubiquiti","11":"first","12":"outofstock","13":"sale","14":"shipping-taxable","15":"purchasable","16":"product-type-simple"},"_links":{"self":[{"href":"https:\/\/soydeaqui.ddns.net\/pachuca\/index.php\/wp-json\/wp\/v2\/product\/78590","targetHints":{"allow":["GET"]}}],"collection":[{"href":"https:\/\/soydeaqui.ddns.net\/pachuca\/index.php\/wp-json\/wp\/v2\/product"}],"about":[{"href":"https:\/\/soydeaqui.ddns.net\/pachuca\/index.php\/wp-json\/wp\/v2\/types\/product"}],"replies":[{"embeddable":true,"href":"https:\/\/soydeaqui.ddns.net\/pachuca\/index.php\/wp-json\/wp\/v2\/comments?post=78590"}],"wp:featuredmedia":[{"embeddable":true,"href":"https:\/\/soydeaqui.ddns.net\/pachuca\/index.php\/wp-json\/wp\/v2\/media\/78589"}],"wp:attachment":[{"href":"https:\/\/soydeaqui.ddns.net\/pachuca\/index.php\/wp-json\/wp\/v2\/media?parent=78590"}],"wp:term":[{"taxonomy":"product_brand","embeddable":true,"href":"https:\/\/soydeaqui.ddns.net\/pachuca\/index.php\/wp-json\/wp\/v2\/product_brand?post=78590"},{"taxonomy":"product_cat","embeddable":true,"href":"https:\/\/soydeaqui.ddns.net\/pachuca\/index.php\/wp-json\/wp\/v2\/product_cat?post=78590"},{"taxonomy":"product_tag","embeddable":true,"href":"https:\/\/soydeaqui.ddns.net\/pachuca\/index.php\/wp-json\/wp\/v2\/product_tag?post=78590"}],"curies":[{"name":"wp","href":"https:\/\/api.w.org\/{rel}","templated":true}]}}