{"id":78582,"date":"2026-03-19T16:47:01","date_gmt":"2026-03-19T16:47:01","guid":{"rendered":"https:\/\/soydeaqui.ddns.net\/pachuca\/index.php\/producto\/adaptador-twistport-de-metal-para-tablillas-mikrotik-modelos-rbm11g-rb91x-rb71x-y-rb411l-rango-de-operacion-5180-6400-mhz\/"},"modified":"2026-03-19T16:47:17","modified_gmt":"2026-03-19T16:47:17","slug":"adaptador-twistport-de-metal-para-tablillas-mikrotik-modelos-rbm11g-rb91x-rb71x-y-rb411l-rango-de-operacion-5180-6400-mhz","status":"publish","type":"product","link":"https:\/\/soydeaqui.ddns.net\/pachuca\/index.php\/producto\/adaptador-twistport-de-metal-para-tablillas-mikrotik-modelos-rbm11g-rb91x-rb71x-y-rb411l-rango-de-operacion-5180-6400-mhz\/","title":{"rendered":"Adaptador TwistPort de metal para tablillas MikroTik modelos RBM11G, RB91x, RB71x y RB411L rango de operaci\u00f3n 5180-6400 MHz"},"content":{"rendered":"<div style='width: 100%; max-width: 1200px; margin: 0 auto; font-family: sans-serif; line-height: 1.6; color: inherit; background-color: transparent;'>\n<div style='display: flex; flex-direction: column; gap: 30px;'>\n<div style='width: 100%;'>\n<div style='background-color: rgba(192&comma; 57&comma; 43&comma; 0.1); padding: 15px; border-radius: 8px;'>\n<p style='margin: 0; font-size: 16px; color: inherit;'> <strong>Para compatibilidad con tablillas RB922x es necesario realizar una perforaci\u00f3n.<\/strong> <a href='https:\/\/ftp3.syscom.mx\/usuarios\/dquezada\/RF%20Elements\/Hoja%20de%20especificaciones\/Perforacion%20para%20compatibilidad.pdf' style='color: #c0392b; text-decoration: underline; font-weight: bold;'>Aqu\u00ed<\/a> el ejemplo. <\/p>\n<\/p><\/div>\n<\/p><\/div>\n<div style='width: 100%;'>\n<h3 style='font-size: 22px; border-bottom: 2px solid currentColor; padding-bottom: 5px; margin-top: 0; color: inherit; opacity: 0.8;'>\u00bfQu\u00e9 es el adaptador TwistPort TM?<\/h3>\n<p style='font-size: 15px; color: inherit;'> El adaptador TwistPort adapta las radios de terceros al conector de la gu\u00eda de ondas TwistPort TM propiedad de los elementos de RF \u00ae . La integraci\u00f3n de la radio es sencilla y no requiere herramientas. Hacer que las radios de terceros sean compatibles con TwistPort TM permite el uso de la radio con cualquier antena TwistPort TM jam\u00e1s creada y permite un rendimiento superior&comma; inmunidad al ruido y escalabilidad de la red. <\/p>\n<\/p><\/div>\n<div style='width: 100%;'>\n<h3 style='font-size: 22px; border-bottom: 2px solid currentColor; padding-bottom: 5px; margin-top: 0; color: inherit; opacity: 0.8;'>Hecho para RBM11G<\/h3>\n<p style='font-size: 15px; color: inherit; margin-bottom: 15px;'> El adaptador TwistPort TM para RouterBoard TM es compatible con las series MikroTik TM RouterBOARD TM 9XX&comma; 7XX y 4XX&comma; as\u00ed como con la serie M11 reciente. La transici\u00f3n al conector de la gu\u00eda de ondas TwistPort TM finaliza con dos cables flexibles MMCX. <\/p>\n<p> <img style='width: 100%; height: auto; border: 1px solid rgba(150&comma;150&comma;150&comma;0.3); border-radius: 8px;' src='https:\/\/rfelements.com\/assets\/Uploads\/P1090406.jpg' alt='P1090406'> <\/div>\n<div style='width: 100%;'>\n<h3 style='font-size: 22px; border-bottom: 2px solid currentColor; padding-bottom: 5px; margin-top: 0; color: inherit; opacity: 0.8;'>Recinto de aluminio<\/h3>\n<p style='font-size: 15px; color: inherit; margin-bottom: 15px;'> TPA-RBC est\u00e1 hecho de aluminio fundido y proporciona una excelente protecci\u00f3n que se requiere en entornos al aire libre. <\/p>\n<p> <img style='width: 100%; height: auto; border: 1px solid rgba(150&comma;150&comma;150&comma;0.3); border-radius: 8px;' src='https:\/\/rfelements.com\/assets\/Uploads\/TPA-RBC-rozpad-v2.jpg' alt='TPA RBC rozpad v2'> <\/div>\n<div style='width: 100%;'>\n<h3 style='font-size: 22px; border-bottom: 2px solid currentColor; padding-bottom: 5px; margin-top: 0; color: inherit; opacity: 0.8;'>M\u00e1s bienes ra\u00edces<\/h3>\n<p style='font-size: 15px; color: inherit; margin-bottom: 15px;'> TPA-RBC ofrece m\u00e1s bienes ra\u00edces dentro del recinto. Se puede usar para cualquier equipo adicional al construir su propia plataforma de radio&comma; por ejemplo&comma; para tarjetas de radio con sumideros de brezo m\u00e1s altos. <\/p>\n<p> <img style='width: 100%; height: auto; border: 1px solid rgba(150&comma;150&comma;150&comma;0.3); border-radius: 8px;' src='https:\/\/rfelements.com\/assets\/Uploads\/TPA-RBC-rez.jpg' alt='TPA RBC rez'> <\/div>\n<div style='width: 100%;'>\n<h3 style='font-size: 22px; border-bottom: 2px solid currentColor; padding-bottom: 5px; margin-top: 0; color: inherit; opacity: 0.8;'>M\u00e1s flexibilidad<\/h3>\n<p style='font-size: 15px; color: inherit; margin-bottom: 15px;'> TPA-RBC ofrece espacio para conectores externos adicionales de elecci\u00f3n. La pared de aluminio permite la perforaci\u00f3n o fresado personalizado para cumplir varios requisitos. <\/p>\n<p> <img style='width: 100%; height: auto; border: 1px solid rgba(150&comma;150&comma;150&comma;0.3); border-radius: 8px;' src='https:\/\/rfelements.com\/assets\/Uploads\/TPA-RBC-detail0520.png' alt='TPA RBC detail0520'> <\/div>\n<div style='width: 100%;'>\n<h3 style='font-size: 22px; border-bottom: 2px solid currentColor; padding-bottom: 5px; margin-top: 0; color: inherit; opacity: 0.8;'>Excelente actuaci\u00f3n<\/h3>\n<p style='font-size: 15px; color: inherit;'> TPA-RBC cubre un espectro de banda ancha de 5180-6100 Megahercio. <\/p>\n<\/p><\/div>\n<div style='width: 100%;'>\n<h3 style='font-size: 22px; border-bottom: 2px solid currentColor; padding-bottom: 5px; margin-top: 0; color: inherit; opacity: 0.8;'>F\u00e1cil instalaci\u00f3n<\/h3>\n<\/p><\/div>\n<div style='width: 100%;'>\n<div style='position: relative; padding-bottom: 56.25%; height: 0; overflow: hidden; margin-bottom: 30px;'>   <\/div>\n<\/p><\/div>\n<\/p><\/div>\n<\/p><\/div>\n","protected":false},"excerpt":{"rendered":"<p>Adaptador TwistPort de metal para tablillas MikroTik modelos RBM11G, RB91x, RB71x y RB411L rango de operaci\u00f3n 5180-6400 MHz<\/p>\n","protected":false},"featured_media":78581,"comment_status":"open","ping_status":"closed","template":"","meta":[],"product_brand":[],"product_cat":[1983],"product_tag":[93,1404,1988],"class_list":{"0":"post-78582","1":"product","2":"type-product","3":"status-publish","4":"has-post-thumbnail","6":"product_cat-accesorios-antenas-redes-e-it","7":"product_tag-accesorios","8":"product_tag-antenas","9":"product_tag-rf-elements","11":"first","12":"instock","13":"sale","14":"shipping-taxable","15":"purchasable","16":"product-type-simple"},"_links":{"self":[{"href":"https:\/\/soydeaqui.ddns.net\/pachuca\/index.php\/wp-json\/wp\/v2\/product\/78582","targetHints":{"allow":["GET"]}}],"collection":[{"href":"https:\/\/soydeaqui.ddns.net\/pachuca\/index.php\/wp-json\/wp\/v2\/product"}],"about":[{"href":"https:\/\/soydeaqui.ddns.net\/pachuca\/index.php\/wp-json\/wp\/v2\/types\/product"}],"replies":[{"embeddable":true,"href":"https:\/\/soydeaqui.ddns.net\/pachuca\/index.php\/wp-json\/wp\/v2\/comments?post=78582"}],"wp:featuredmedia":[{"embeddable":true,"href":"https:\/\/soydeaqui.ddns.net\/pachuca\/index.php\/wp-json\/wp\/v2\/media\/78581"}],"wp:attachment":[{"href":"https:\/\/soydeaqui.ddns.net\/pachuca\/index.php\/wp-json\/wp\/v2\/media?parent=78582"}],"wp:term":[{"taxonomy":"product_brand","embeddable":true,"href":"https:\/\/soydeaqui.ddns.net\/pachuca\/index.php\/wp-json\/wp\/v2\/product_brand?post=78582"},{"taxonomy":"product_cat","embeddable":true,"href":"https:\/\/soydeaqui.ddns.net\/pachuca\/index.php\/wp-json\/wp\/v2\/product_cat?post=78582"},{"taxonomy":"product_tag","embeddable":true,"href":"https:\/\/soydeaqui.ddns.net\/pachuca\/index.php\/wp-json\/wp\/v2\/product_tag?post=78582"}],"curies":[{"name":"wp","href":"https:\/\/api.w.org\/{rel}","templated":true}]}}