{"id":7856,"date":"2026-03-18T07:01:34","date_gmt":"2026-03-18T07:01:34","guid":{"rendered":"https:\/\/soydeaqui.ddns.net\/pachuca\/index.php\/producto\/sensor-de-movimiento-360-de-deteccion-funcion-de-zoom-montado-en-techo\/"},"modified":"2026-03-18T07:01:35","modified_gmt":"2026-03-18T07:01:35","slug":"sensor-de-movimiento-360-de-deteccion-funcion-de-zoom-montado-en-techo","status":"publish","type":"product","link":"https:\/\/soydeaqui.ddns.net\/pachuca\/index.php\/producto\/sensor-de-movimiento-360-de-deteccion-funcion-de-zoom-montado-en-techo\/","title":{"rendered":"Sensor de movimiento \/ 360\u00b0 De detecci\u00f3n \/ Funci\u00f3n de Zoom \/ Montado en techo"},"content":{"rendered":"<div style='width: 100%; max-width: 1200px; margin: 0 auto; font-family: sans-serif; line-height: 1.6; color: inherit; background-color: transparent;'> <!-- Descripci\u00f3n principal --> <\/p>\n<div style='margin-bottom: 30px;'>\n<h3 style='font-size: 22px; border-bottom: 2px solid currentColor; padding-bottom: 5px; margin-top: 0; color: inherit; opacity: 0.8;'>Descripci\u00f3n<\/h3>\n<p style='font-size: 15px; color: inherit; margin-top: 15px; margin-bottom: 15px; text-align: justify;'> El sistema exclusivo de zoom de la serie SX-360Z pone en el mercado el detector m\u00e1s flexible actualmente. Las 276 zonas densas proporcionan un \u00e1rea de detecci\u00f3n circular de 18 m (60 pies) en cualquier altura de instalaci\u00f3n desde los 2&comma;4 a los 5 m (de 8 a 16 pies) sin ning\u00fan punto muerto. El dise\u00f1o compacto de la serie SX-360Z proporciona el detector perfecto para todo tipo de aplicaciones&comma; tanto residenciales como comerciales&comma; ya sean grandes o peque\u00f1as. <\/p>\n<\/p><\/div>\n<p> <!-- Caracter\u00edsticas t\u00e9cnicas en grid --> <\/p>\n<div style='display: grid; grid-template-columns: repeat(auto-fill&comma; minmax(280px&comma; 1fr)); gap: 20px; margin-bottom: 30px;'>\n<div style='border: 1px solid rgba(150&comma; 150&comma; 150&comma; 0.4); border-radius: 8px; overflow: hidden; display: flex; flex-direction: column;'>\n<div style='padding: 15px; border-bottom: 1px solid rgba(150&comma; 150&comma; 150&comma; 0.2); font-weight: bold; font-size: 18px; color: inherit; background-color: rgba(231&comma; 231&comma; 231&comma; 0.1);'>Funci\u00f3n de zoom\/ajuste de patr\u00f3n<\/div>\n<div style='padding: 15px; color: inherit;'>\n<p style='margin: 0; font-size: 14px;'> El \u00e1ngulo del patr\u00f3n se puede ajustar de forma variable. La lente especial se puede ajustar hacia arriba o abajo girando la cubierta de la carcasa del mecanismo de zoom. El ajuste del \u00e1ngulo puede proporcionar un \u00e1rea de detecci\u00f3n de 360 grados con un di\u00e1metro de 18 metros (60 pies) a cualquier altura a la que se monte hasta los 5 metros (16 pies) con un rendimiento de detecci\u00f3n de gran precisi\u00f3n. <\/p>\n<\/p><\/div>\n<\/p><\/div>\n<div style='border: 1px solid rgba(150&comma; 150&comma; 150&comma; 0.4); border-radius: 8px; overflow: hidden; display: flex; flex-direction: column;'>\n<div style='padding: 15px; border-bottom: 1px solid rgba(150&comma; 150&comma; 150&comma; 0.2); font-weight: bold; font-size: 18px; color: inherit; background-color: rgba(231&comma; 231&comma; 231&comma; 0.1);'>Alta densidad<\/div>\n<div style='padding: 15px; color: inherit;'>\n<p style='margin: 0; font-size: 14px;'> Proporciona una cobertura de alta densidad con 276 zonas de detecci\u00f3n&comma; eliminando los puntos muertos en el \u00e1rea de detecci\u00f3n completa que tiene un di\u00e1metro de 18 metros (60 pies). <\/p>\n<\/p><\/div>\n<\/p><\/div>\n<\/p><\/div>\n<p> <!-- Aplicaciones --> <\/p>\n<div style='margin-bottom: 30px;'>\n<h3 style='font-size: 22px; border-bottom: 2px solid currentColor; padding-bottom: 5px; margin-top: 0; color: inherit; opacity: 0.8;'>Aplicaciones<\/h3>\n<ul style='padding-left: 20px; margin-top: 15px; margin-bottom: 15px; font-size: 14px; color: inherit;'>\n<li style='margin-bottom: 5px;'>Edificios<\/li>\n<li style='margin-bottom: 5px;'>Casa<\/li>\n<\/ul><\/div>\n<p> <!-- Caracter\u00edsticas --> <\/p>\n<div style='margin-bottom: 30px;'>\n<h3 style='font-size: 22px; border-bottom: 2px solid currentColor; padding-bottom: 5px; margin-top: 0; color: inherit; opacity: 0.8;'>Caracter\u00edsticas<\/h3>\n<ul style='padding-left: 20px; margin-top: 15px; margin-bottom: 15px; font-size: 14px; color: inherit;'>\n<li style='margin-bottom: 5px;'>Lente multifocal patentada<\/li>\n<li style='margin-bottom: 5px;'>Protecci\u00f3n ante falsas alarmas<\/li>\n<li style='margin-bottom: 5px;'>Detecci\u00f3n de patrones<\/li>\n<li style='margin-bottom: 5px;'>Ajuste de patr\u00f3n flexible con funci\u00f3n de zoom (listado en patente)<\/li>\n<li style='margin-bottom: 5px;'>\u00c1rea de detecci\u00f3n circular con 276 zonas densas<\/li>\n<li style='margin-bottom: 5px;'>Lente de enfoque m\u00faltiple patentada<\/li>\n<li style='margin-bottom: 5px;'>Recuento de pulsos seleccionable: 1.2 a 4<\/li>\n<li style='margin-bottom: 5px;'>Sensibilidad seleccionable: alta&comma; media o baja<\/li>\n<li style='margin-bottom: 5px;'>Interruptor de encendido \/ apagado de LED<\/li>\n<li style='margin-bottom: 5px;'>Elemento cu\u00e1druple en l\u00ednea (triple dual)<\/li>\n<li style='margin-bottom: 5px;'>Inmunidad RFI 30V \/ m<\/li>\n<li style='margin-bottom: 5px;'>Patr\u00f3n Multinivel<\/li>\n<li style='margin-bottom: 5px;'>Listado UL \/ ULC<\/li>\n<\/ul><\/div>\n<\/p><\/div>\n","protected":false},"excerpt":{"rendered":"<p>Sensor de movimiento \/ 360\u00b0 De detecci\u00f3n \/ Funci\u00f3n de Zoom \/ Montado en techo<\/p>\n","protected":false},"featured_media":7855,"comment_status":"open","ping_status":"closed","template":"","meta":[],"product_brand":[],"product_cat":[18],"product_tag":[19,20,106],"class_list":{"0":"post-7856","1":"product","2":"type-product","3":"status-publish","4":"has-post-thumbnail","6":"product_cat-movimiento-para-interior","7":"product_tag-detectores-sensores","8":"product_tag-movimiento-para-interior","9":"product_tag-optex","11":"first","12":"outofstock","13":"sale","14":"shipping-taxable","15":"purchasable","16":"product-type-simple"},"_links":{"self":[{"href":"https:\/\/soydeaqui.ddns.net\/pachuca\/index.php\/wp-json\/wp\/v2\/product\/7856","targetHints":{"allow":["GET"]}}],"collection":[{"href":"https:\/\/soydeaqui.ddns.net\/pachuca\/index.php\/wp-json\/wp\/v2\/product"}],"about":[{"href":"https:\/\/soydeaqui.ddns.net\/pachuca\/index.php\/wp-json\/wp\/v2\/types\/product"}],"replies":[{"embeddable":true,"href":"https:\/\/soydeaqui.ddns.net\/pachuca\/index.php\/wp-json\/wp\/v2\/comments?post=7856"}],"wp:featuredmedia":[{"embeddable":true,"href":"https:\/\/soydeaqui.ddns.net\/pachuca\/index.php\/wp-json\/wp\/v2\/media\/7855"}],"wp:attachment":[{"href":"https:\/\/soydeaqui.ddns.net\/pachuca\/index.php\/wp-json\/wp\/v2\/media?parent=7856"}],"wp:term":[{"taxonomy":"product_brand","embeddable":true,"href":"https:\/\/soydeaqui.ddns.net\/pachuca\/index.php\/wp-json\/wp\/v2\/product_brand?post=7856"},{"taxonomy":"product_cat","embeddable":true,"href":"https:\/\/soydeaqui.ddns.net\/pachuca\/index.php\/wp-json\/wp\/v2\/product_cat?post=7856"},{"taxonomy":"product_tag","embeddable":true,"href":"https:\/\/soydeaqui.ddns.net\/pachuca\/index.php\/wp-json\/wp\/v2\/product_tag?post=7856"}],"curies":[{"name":"wp","href":"https:\/\/api.w.org\/{rel}","templated":true}]}}