{"id":78558,"date":"2026-03-19T16:45:58","date_gmt":"2026-03-19T16:45:58","guid":{"rendered":"https:\/\/soydeaqui.ddns.net\/pachuca\/index.php\/producto\/memoria-microsd-de-64gb-purple-especializada-para-videovigilancia-10-veces-mayor-duracion-3-anos-de-garantia\/"},"modified":"2026-03-19T16:45:59","modified_gmt":"2026-03-19T16:45:59","slug":"memoria-microsd-de-64gb-purple-especializada-para-videovigilancia-10-veces-mayor-duracion-3-anos-de-garantia","status":"publish","type":"product","link":"https:\/\/soydeaqui.ddns.net\/pachuca\/index.php\/producto\/memoria-microsd-de-64gb-purple-especializada-para-videovigilancia-10-veces-mayor-duracion-3-anos-de-garantia\/","title":{"rendered":"Memoria microSD de 64GB PURPLE, Especializada Para Videovigilancia, 10 VECES MAYOR DURACI\u00d3N, 3 A\u00d1OS DE GARANTIA"},"content":{"rendered":"<div style='width: 100%; max-width: 1200px; margin: 0 auto; font-family: sans-serif; line-height: 1.6; color: inherit; background-color: transparent;'>\n<div style='display: flex; flex-direction: column; align-items: center; text-align: center; padding: 20px; margin-bottom: 30px;'>\n<h2 style='font-size: 24px; margin: 0 0 15px; padding: 10px 20px; background-color: #9365b8; color: #ffffff; border-radius: 4px; display: inline-block;'>10 veces MAYOR duraci\u00f3n que memorias MicroSD convencionales<\/h2>\n<h3 style='font-size: 20px; color: inherit; margin: 15px 0; font-weight: bold;'>SIEMPRE CONSERVAR\u00c1S TUS DATOS<\/h3>\n<p style='font-size: 14px; color: inherit; margin: 0;'>La clave est\u00e1 en la resistencia. Ajustadas espec\u00edficamente para las c\u00e1maras de vigilancia&comma; las tarjetas microSD\u2122 WD Purple\u2122 permiten capturar im\u00e1genes de manera continua&comma; incluso si la red deja de funcionar.<\/p>\n<\/p><\/div>\n<p> <img style='width: 100%; height: auto; border: 1px solid rgba(150&comma;150&comma;150&comma;0.3); border-radius: 8px;' src='http:\/\/www.latonegroup.com\/wd\/scs_miami_2018\/wdpurple_microsd_hero.jpg' alt=''> <\/p>\n<div style='display: flex; flex-wrap: wrap; gap: 30px; margin: 40px 0;'>\n<div style='flex: 1 1 300px; min-width: 280px;'>\n<h3 style='font-size: 18px; border-bottom: 2px solid currentColor; padding-bottom: 5px; margin-top: 0; color: inherit; opacity: 0.8;'>TECNOLOG\u00cdA DE VANGUARDIA<\/h3>\n<p style='font-size: 14px; color: inherit; margin: 0;'>Vigila el presente pensando en el futuro. Las tarjetas microSD WD Purple\u2122 tienen una resistencia excepcional para garantizar una grabaci\u00f3n continua durante hasta 2 a\u00f1os<sup>1<\/sup>.<\/p>\n<\/p><\/div>\n<div style='flex: 1 1 300px; min-width: 280px;'> <img style='width: 100%; height: auto; border: 1px solid rgba(150&comma;150&comma;150&comma;0.3); border-radius: 8px;' src='http:\/\/www.latonegroup.com\/wd\/scs_miami_2018\/wdpurple_microsd_img1.jpg' alt=''> <\/div>\n<\/p><\/div>\n<div style='display: flex; flex-wrap: wrap; gap: 30px; margin: 40px 0;'>\n<div style='flex: 1 1 300px; min-width: 280px;'> <img style='width: 100%; height: auto; border: 1px solid rgba(150&comma;150&comma;150&comma;0.3); border-radius: 8px;' src='http:\/\/www.latonegroup.com\/wd\/scs_miami_2018\/wdpurple_microsd_img2.jpg' alt=''> <\/div>\n<div style='flex: 1 1 300px; min-width: 280px;'>\n<h3 style='font-size: 18px; border-bottom: 2px solid currentColor; padding-bottom: 5px; margin-top: 0; color: inherit; opacity: 0.8;'>RESISTENTE A LAS CONDICIONES CLIM\u00c1TICAS<\/h3>\n<p style='font-size: 14px; color: inherit; margin: 0;'>Reg\u00edstralo todo. Las tarjetas microSD WD Purple\u2122 resistentes a la humedad soportan temperaturas entre -25\u00b0C a 85\u00b0C para ayudar a capturar im\u00e1genes de vigilancia sin interrupciones&comma; incluso en condiciones clim\u00e1ticas y climas extremos.<\/p>\n<\/p><\/div>\n<\/p><\/div>\n<div style='display: flex; flex-wrap: wrap; gap: 30px; margin: 40px 0;'>\n<div style='flex: 1 1 300px; min-width: 280px;'>\n<h3 style='font-size: 18px; border-bottom: 2px solid currentColor; padding-bottom: 5px; margin-top: 0; color: inherit; opacity: 0.8;'>MANTENIMIENTO SEG\u00daN TUS NECESIDADES<\/h3>\n<p style='font-size: 14px; color: inherit; margin: 0;'>En c\u00e1maras compatibles&comma; la capacidad de supervisi\u00f3n del estado de la tarjeta te permite estar al tanto sobre cu\u00e1ndo realizar el mantenimiento a tu tarjeta microSD WD Purple&comma; de manera que puedas gestionar el almacenamiento preventivo.<\/p>\n<\/p><\/div>\n<div style='flex: 1 1 300px; min-width: 280px;'> <img style='width: 100%; height: auto; border: 1px solid rgba(150&comma;150&comma;150&comma;0.3); border-radius: 8px;' src='http:\/\/www.latonegroup.com\/wd\/scs_miami_2018\/wdpurple_microsd_img3.jpg' alt=''> <\/div>\n<\/p><\/div>\n<div style='display: flex; flex-wrap: wrap; gap: 30px; margin: 40px 0;'>\n<div style='flex: 1 1 300px; min-width: 280px;'> <img style='width: 100%; height: auto; border: 1px solid rgba(150&comma;150&comma;150&comma;0.3); border-radius: 8px;' src='http:\/\/www.latonegroup.com\/wd\/scs_miami_2018\/wdpurple_microSD_img4.jpg' alt=''> <\/div>\n<div style='flex: 1 1 300px; min-width: 280px;'>\n<h3 style='font-size: 18px; border-bottom: 2px solid currentColor; padding-bottom: 5px; margin-top: 0; color: inherit; opacity: 0.8;'>GRAN CAPACIDAD Y GRAN RENDIMIENTO<\/h3>\n<p style='font-size: 14px; color: inherit; margin: 0;'>Las tarjetas microSD WD Purple\u2122 tienen una capacidad de 32 GB a 1TB para grabaci\u00f3n continua y por detecci\u00f3n de movimiento&comma; as\u00ed como una variedad de implementaciones de grabaci\u00f3n&comma; resoluci\u00f3n y c\u00e1mara. Tanto si necesitas grabar durante horas o d\u00edas&comma; los problemas de la red nunca interrumpir\u00e1n la captura de im\u00e1genes.<\/p>\n<\/p><\/div>\n<\/p><\/div>\n<div style='display: flex; flex-wrap: wrap; gap: 20px; margin: 40px 0;'>\n<div style='flex: 1 1 250px; border: 1px solid rgba(150&comma; 150&comma; 150&comma; 0.4); border-radius: 8px; overflow: hidden; display: flex; flex-direction: column;'>\n<div style='padding: 15px; border-bottom: 1px solid rgba(150&comma; 150&comma; 150&comma; 0.2); font-weight: bold; font-size: 18px; color: inherit;'>Caracter\u00edsticas principales<\/div>\n<div style='padding: 15px; color: inherit;'>\n<ul style='padding-left: 20px; margin: 0; font-size: 14px; list-style-type: disc;'>\n<li style='margin-bottom: 5px;'>Capacidad: 64 GB<\/li>\n<li style='margin-bottom: 5px;'>Interface: SDA 6.0<\/li>\n<li style='margin-bottom: 5px;'>Factor de forma: microSD XC<\/li>\n<li style='margin-bottom: 5px;'>Temp. operacional: -25\u00b0 C a 85\u00b0 C<\/li>\n<\/ul><\/div>\n<\/p><\/div>\n<div style='flex: 1 1 250px; border: 1px solid rgba(150&comma; 150&comma; 150&comma; 0.4); border-radius: 8px; overflow: hidden; display: flex; flex-direction: column;'>\n<div style='padding: 15px; border-bottom: 1px solid rgba(150&comma; 150&comma; 150&comma; 0.2); font-weight: bold; font-size: 18px; color: inherit;'>Performance<\/div>\n<div style='padding: 15px; color: inherit;'>\n<ul style='padding-left: 20px; margin: 0; font-size: 14px; list-style-type: disc;'>\n<li style='margin-bottom: 5px;'>Resistencia: Hasta 32TBW<\/li>\n<li style='margin-bottom: 5px;'>Lectura secuencial: hasta 80 MB\/s<\/li>\n<li style='margin-bottom: 5px;'>Escritura secuencial: hasta 50 MB\/s<\/li>\n<li style='margin-bottom: 5px;'>Velocidad: Clase 10<\/li>\n<\/ul><\/div>\n<\/p><\/div>\n<\/p><\/div>\n<div style='text-align: center; margin: 40px 0;'>\n<p style='font-weight: bold; color: inherit; margin: 20px 0;'>Garant\u00eda 3 a\u00f1os directo con SYSCOM<\/p>\n<p> <a href='https:\/\/www.wd.com\/solutions\/wd-microsd-capacity-calculator.html' target='_blank' rel='noopener noreferrer' style='color: #0091ff; text-decoration: none; font-weight: bold;'>Calcule la memoria requerida para su proyecto (clic aqu\u00ed)<\/a> <\/div>\n<\/p><\/div>\n","protected":false},"excerpt":{"rendered":"<p>Memoria microSD de 64GB PURPLE, Especializada Para Videovigilancia, 10 VECES MAYOR DURACI\u00d3N, 3 A\u00d1OS DE GARANTIA<\/p>\n","protected":false},"featured_media":78557,"comment_status":"open","ping_status":"closed","template":"","meta":[],"product_brand":[],"product_cat":[2109],"product_tag":[1974,2110,2023],"class_list":{"0":"post-78558","1":"product","2":"type-product","3":"status-publish","4":"has-post-thumbnail","6":"product_cat-memorias-sd-microsd","7":"product_tag-almacenamiento","8":"product_tag-memorias-sd-microsd","9":"product_tag-western-digital-wd","11":"first","12":"outofstock","13":"sale","14":"shipping-taxable","15":"purchasable","16":"product-type-simple"},"_links":{"self":[{"href":"https:\/\/soydeaqui.ddns.net\/pachuca\/index.php\/wp-json\/wp\/v2\/product\/78558","targetHints":{"allow":["GET"]}}],"collection":[{"href":"https:\/\/soydeaqui.ddns.net\/pachuca\/index.php\/wp-json\/wp\/v2\/product"}],"about":[{"href":"https:\/\/soydeaqui.ddns.net\/pachuca\/index.php\/wp-json\/wp\/v2\/types\/product"}],"replies":[{"embeddable":true,"href":"https:\/\/soydeaqui.ddns.net\/pachuca\/index.php\/wp-json\/wp\/v2\/comments?post=78558"}],"wp:featuredmedia":[{"embeddable":true,"href":"https:\/\/soydeaqui.ddns.net\/pachuca\/index.php\/wp-json\/wp\/v2\/media\/78557"}],"wp:attachment":[{"href":"https:\/\/soydeaqui.ddns.net\/pachuca\/index.php\/wp-json\/wp\/v2\/media?parent=78558"}],"wp:term":[{"taxonomy":"product_brand","embeddable":true,"href":"https:\/\/soydeaqui.ddns.net\/pachuca\/index.php\/wp-json\/wp\/v2\/product_brand?post=78558"},{"taxonomy":"product_cat","embeddable":true,"href":"https:\/\/soydeaqui.ddns.net\/pachuca\/index.php\/wp-json\/wp\/v2\/product_cat?post=78558"},{"taxonomy":"product_tag","embeddable":true,"href":"https:\/\/soydeaqui.ddns.net\/pachuca\/index.php\/wp-json\/wp\/v2\/product_tag?post=78558"}],"curies":[{"name":"wp","href":"https:\/\/api.w.org\/{rel}","templated":true}]}}