{"id":78539,"date":"2026-03-19T16:45:15","date_gmt":"2026-03-19T16:45:15","guid":{"rendered":"https:\/\/soydeaqui.ddns.net\/pachuca\/index.php\/producto\/router-inalambrico-3g-4g-300-mbps-1-puerto-usb-3g-4g-1-puerto-wan-10-100-y-4-puertos-lan-10-100-2-antenas-omnidireccionales-de-5-dbi\/"},"modified":"2026-03-19T16:45:21","modified_gmt":"2026-03-19T16:45:21","slug":"router-inalambrico-3g-4g-300-mbps-1-puerto-usb-3g-4g-1-puerto-wan-10-100-y-4-puertos-lan-10-100-2-antenas-omnidireccionales-de-5-dbi","status":"publish","type":"product","link":"https:\/\/soydeaqui.ddns.net\/pachuca\/index.php\/producto\/router-inalambrico-3g-4g-300-mbps-1-puerto-usb-3g-4g-1-puerto-wan-10-100-y-4-puertos-lan-10-100-2-antenas-omnidireccionales-de-5-dbi\/","title":{"rendered":"Router inal\u00e1mbrico  3G\/4G, 300 Mbps 1 puerto USB (3G\/4G), 1 puerto WAN 10\/100 Y 4 puertos LAN 10\/100, 2 antenas omnidireccionales de 5 dBi"},"content":{"rendered":"<div style='width: 100%; max-width: 1200px; margin: 0 auto; font-family: sans-serif; line-height: 1.6; color: inherit; background-color: transparent;'> <!-- Secci\u00f3n de descripci\u00f3n principal --> <\/p>\n<div style='margin-bottom: 30px;'>\n<p style='font-size: 16px; color: inherit; margin-bottom: 15px;'>\u00a1Comparta la libertad del 3G\/4G! El router inal\u00e1mbrico N 3G\/4G TL-MR3420 le permite compartir su acceso 3G\/4G en&comma; por ejemplo&comma; un tren&comma; el camping&comma; el hotel y pr\u00e1cticamente cualquier lugar donde exista cobertura 3G\/4G. Su punto de acceso Wi-Fi se activa instant\u00e1neamente al conectar un m\u00f3dem USB UMTS\/HSPA\/EVDO al router.<\/p>\n<ul style='padding-left: 20px; font-size: 15px; color: inherit; margin-bottom: 20px;'>\n<li style='margin-bottom: 8px;'>Compatible con m\u00f3dems USB 3G LTE\/HSPA+\/HSUPA\/HSDPA\/UMTS\/EVDO probados en condiciones reales.<\/li>\n<li style='margin-bottom: 8px;'>Incorpora una funci\u00f3n de conexi\u00f3n redundante 3G\/4G\/WAN que garantiza un acceso continuo a Internet<\/li>\n<li style='margin-bottom: 8px;'>Comparta v\u00eddeos en HD de forma inal\u00e1mbrica a una velocidad de hasta 300 Mbps<\/li>\n<li style='margin-bottom: 8px;'>Encriptaci\u00f3n de la red inal\u00e1mbrica con tan s\u00f3lo pulsar el bot\u00f3n WPS<\/li>\n<li style='margin-bottom: 8px;'>Los administradores de red pueden controlar el uso del ancho de banda y establecer qu\u00e9 cantidad de \u00e9ste debe estar disponible para cada uno de los equipos<\/li>\n<\/ul><\/div>\n<p> <!-- Secci\u00f3n de especificaciones t\u00e9cnicas --> <\/p>\n<div style='display: flex; flex-wrap: wrap; gap: 20px; margin-bottom: 30px;'>\n<div style='flex: 1 1 250px; border: 1px solid rgba(150&comma; 150&comma; 150&comma; 0.4); border-radius: 8px; overflow: hidden; display: flex; flex-direction: column;'>\n<div style='padding: 15px; border-bottom: 1px solid rgba(150&comma; 150&comma; 150&comma; 0.2); font-weight: bold; font-size: 18px; color: inherit;'>Especificaciones<\/div>\n<div style='padding: 15px; color: inherit;'>\n<ul style='padding-left: 20px; margin: 0; font-size: 14px; list-style-type: disc;'>\n<li style='margin-bottom: 5px;'>4 puertos LAN 10\/100 Mbps<\/li>\n<li style='margin-bottom: 5px;'>1 puerto WAN 10\/100 Mbps<\/li>\n<li style='margin-bottom: 5px;'>1 puerto USB 2.0 para conexi\u00f3n de m\u00f3dem USB LTE\/HSPA+\/HSUPA\/HSDPA\/UMTS\/EVDO<\/li>\n<li style='margin-bottom: 5px;'>2 antenas 5 dBi<\/li>\n<li style='margin-bottom: 5px;'>Frecuencia 2.4-2.4835GHz<\/li>\n<li style='margin-bottom: 5px;'>Potencia de Transmisi\u00f3n <20dBm<\/li>\n<\/ul><\/div>\n<\/p><\/div>\n<p> <!-- Secci\u00f3n de caracter\u00edsticas f\u00edsicas y el\u00e9ctricas --> <\/p>\n<div style='flex: 1 1 250px; border: 1px solid rgba(150&comma; 150&comma; 150&comma; 0.4); border-radius: 8px; overflow: hidden; display: flex; flex-direction: column;'>\n<div style='padding: 15px; border-bottom: 1px solid rgba(150&comma; 150&comma; 150&comma; 0.2); font-weight: bold; font-size: 18px; color: inherit;'>Caracter\u00edsticas f\u00edsicas y el\u00e9ctricas<\/div>\n<div style='padding: 15px; color: inherit;'>\n<ul style='padding-left: 20px; margin: 0; font-size: 14px; list-style-type: disc;'>\n<li style='margin-bottom: 5px;'>Temperatura de funcionamiento: 0\u00b0C~40\u00b0C (32\u00b0F~104\u00b0F)<\/li>\n<li style='margin-bottom: 5px;'>Fuente de Alimentaci\u00f3n Externa 12 V DC\/1 A<\/li>\n<li style='margin-bottom: 5px;'>Dimensiones 6&comma;9 x 4&comma;4 x 1&comma;2 pulgadas (174 x 111 x 30 mm)<\/li>\n<li style='margin-bottom: 5px;'>Temperatura de almacenamiento: -40\u00b0C~70\u00b0C (-40\u00b0F~158\u00b0F)<\/li>\n<\/ul><\/div>\n<\/p><\/div>\n<p> <!-- Secci\u00f3n de contenido incluido --> <\/p>\n<div style='flex: 1 1 250px; border: 1px solid rgba(150&comma; 150&comma; 150&comma; 0.4); border-radius: 8px; overflow: hidden; display: flex; flex-direction: column;'>\n<div style='padding: 15px; border-bottom: 1px solid rgba(150&comma; 150&comma; 150&comma; 0.2); font-weight: bold; font-size: 18px; color: inherit;'>Incluye<\/div>\n<div style='padding: 15px; color: inherit;'>\n<ul style='padding-left: 20px; margin: 0; font-size: 14px; list-style-type: disc;'>\n<li style='margin-bottom: 5px;'>Router inal\u00e1mbrico N 3G\/3.75G<\/li>\n<li style='margin-bottom: 5px;'>2 antenas<\/li>\n<li style='margin-bottom: 5px;'>Fuente de alimentaci\u00f3n<\/li>\n<li style='margin-bottom: 5px;'>Cable Ethernet<\/li>\n<li style='margin-bottom: 5px;'>CD de utilidades<\/li>\n<li style='margin-bottom: 5px;'>Gu\u00eda r\u00e1pida de instalaci\u00f3n<\/li>\n<\/ul><\/div>\n<\/p><\/div>\n<\/p><\/div>\n<p> <!-- Imagen del producto --> <\/p>\n<div style='margin: 30px 0;'> <img style='width: 100%; height: auto; border: 1px solid rgba(150&comma;150&comma;150&comma;0.3); border-radius: 8px;' src='https:\/\/ftp3.syscom.mx\/usuarios\/esanchez\/TPLINK\/3G.JPG' alt='Router inal\u00e1mbrico 3G\/4G TP-LINK TLMR3420'> <\/div>\n<\/p><\/div>\n","protected":false},"excerpt":{"rendered":"<p>Router inal\u00e1mbrico  3G\/4G, 300 Mbps 1 puerto USB (3G\/4G), 1 puerto WAN 10\/100 Y 4 puertos LAN 10\/100, 2 antenas omnidireccionales de 5 dBi<\/p>\n","protected":false},"featured_media":78538,"comment_status":"open","ping_status":"closed","template":"","meta":[],"product_brand":[],"product_cat":[2024],"product_tag":[1479,2025,71],"class_list":{"0":"post-78539","1":"product","2":"type-product","3":"status-publish","4":"has-post-thumbnail","6":"product_cat-routers-inalambricos","7":"product_tag-redes-wifi","8":"product_tag-routers-inalambricos","9":"product_tag-tp-link","11":"first","12":"outofstock","13":"sale","14":"shipping-taxable","15":"purchasable","16":"product-type-simple"},"_links":{"self":[{"href":"https:\/\/soydeaqui.ddns.net\/pachuca\/index.php\/wp-json\/wp\/v2\/product\/78539","targetHints":{"allow":["GET"]}}],"collection":[{"href":"https:\/\/soydeaqui.ddns.net\/pachuca\/index.php\/wp-json\/wp\/v2\/product"}],"about":[{"href":"https:\/\/soydeaqui.ddns.net\/pachuca\/index.php\/wp-json\/wp\/v2\/types\/product"}],"replies":[{"embeddable":true,"href":"https:\/\/soydeaqui.ddns.net\/pachuca\/index.php\/wp-json\/wp\/v2\/comments?post=78539"}],"wp:featuredmedia":[{"embeddable":true,"href":"https:\/\/soydeaqui.ddns.net\/pachuca\/index.php\/wp-json\/wp\/v2\/media\/78538"}],"wp:attachment":[{"href":"https:\/\/soydeaqui.ddns.net\/pachuca\/index.php\/wp-json\/wp\/v2\/media?parent=78539"}],"wp:term":[{"taxonomy":"product_brand","embeddable":true,"href":"https:\/\/soydeaqui.ddns.net\/pachuca\/index.php\/wp-json\/wp\/v2\/product_brand?post=78539"},{"taxonomy":"product_cat","embeddable":true,"href":"https:\/\/soydeaqui.ddns.net\/pachuca\/index.php\/wp-json\/wp\/v2\/product_cat?post=78539"},{"taxonomy":"product_tag","embeddable":true,"href":"https:\/\/soydeaqui.ddns.net\/pachuca\/index.php\/wp-json\/wp\/v2\/product_tag?post=78539"}],"curies":[{"name":"wp","href":"https:\/\/api.w.org\/{rel}","templated":true}]}}