{"id":78513,"date":"2026-03-19T16:44:07","date_gmt":"2026-03-19T16:44:07","guid":{"rendered":"https:\/\/soydeaqui.ddns.net\/pachuca\/index.php\/producto\/switch-cnmatrix-ex2028-capa-3-de-28-puertos-24-ethernet-gigabit-4-sfp-administracion-desde-la-nube-mx-ex2028xxa-u\/"},"modified":"2026-03-19T16:44:19","modified_gmt":"2026-03-19T16:44:19","slug":"switch-cnmatrix-ex2028-capa-3-de-28-puertos-24-ethernet-gigabit-4-sfp-administracion-desde-la-nube-mx-ex2028xxa-u","status":"publish","type":"product","link":"https:\/\/soydeaqui.ddns.net\/pachuca\/index.php\/producto\/switch-cnmatrix-ex2028-capa-3-de-28-puertos-24-ethernet-gigabit-4-sfp-administracion-desde-la-nube-mx-ex2028xxa-u\/","title":{"rendered":"Switch cnMatrix EX2028 capa 3 de 28 puertos (24 Ethernet Gigabit, 4 SFP+) administraci\u00f3n desde la Nube (MX-EX2028XXA-U)"},"content":{"rendered":"<div style='width: 100%; max-width: 1200px; margin: 0 auto; font-family: sans-serif; line-height: 1.6; color: inherit; background-color: transparent;'>\n<div style='display: flex; flex-direction: column; align-items: center; margin-bottom: 30px;'> <img style='width: 100%; max-width: 400px; height: auto; border: 1px solid rgba(150&comma;150&comma;150&comma;0.3); border-radius: 8px;' src='http:\/\/ftp3.syscom.mx\/usuarios\/hortega\/Cambium\/cambium-networks-logo.png' alt='Logo Cambium Networks'> <\/div>\n<div style='margin-bottom: 30px;'>\n<p style='font-size: 16px; color: inherit; text-align: center;'> Mejore el rendimiento de la red&comma; reduzca tiempo y costo de gesti\u00f3n&comma; administraci\u00f3n y aprovisionamiento&comma; haciendo m\u00e1s \u00e1gil la implementaci\u00f3n. <\/p>\n<\/p><\/div>\n<div style='display: flex; flex-direction: column; align-items: center; margin-bottom: 30px;'> <img style='width: 100%; max-width: 400px; height: auto; border: 1px solid rgba(150&comma;150&comma;150&comma;0.3); border-radius: 8px;' src='https:\/\/ftp3.syscom.mx\/usuarios\/dquezada\/Cambium\/cnMatrix\/switches%20cnmatrix.JPG' alt='Switch cnMatrix EX2028'> <\/div>\n<div style='margin-bottom: 30px;'>\n<p style='font-size: 16px; color: inherit; text-align: center;'> Los Switchs cnMatrix simplifican la implementaci\u00f3n y operaci\u00f3n de la red. Cuando se implementan con puntos de acceso WLAN cnPilot y el sistema de administraci\u00f3n cnMaestro Essentials o cnMaestro X&comma; los operadores de red tienen una red unificada de alta calidad con cable&comma; inal\u00e1mbrica&comma; y de alta calidad. CnMatrix de Cambium Networks mejora el rendimiento&comma; la seguridad y la satisfacci\u00f3n del usuario final al tiempo que reduce los costos. <\/p>\n<\/p><\/div>\n<div style='display: grid; grid-template-columns: 1fr 1fr; gap: 20px; margin-bottom: 30px;'>\n<div style='border: 1px solid rgba(150&comma;150&comma;150&comma;0.3); border-radius: 8px; overflow: hidden; display: flex; flex-direction: column;'> <img style='width: 100%; height: auto; border: none; border-radius: 0;' src='data:image\/png;base64&comma;iVBORw0KGgoAAAANSUhEUgAAACoAAAA4CAYAAACL3WrLAAACNUlEQVRoBe2ZO0sDQRSF80v8A9rYqYUINooWVmvAIk1ABCHGRkHQoEUiSEStfEB8EoiFiIiIloGICNoEC7WQiIqFIoIBi4yckVl2kzXcWfdhwlwYJoGTvd+end0kcwKsRipQI5xMgTp9pWrb0fePIptfP2XayApr6Bj3ZKAXeqK3VVU4mr95ZG3BWU\/grExo6o0xMJRXBWhXeIFDNvbEWOboguUu7zwZ6NXan+C9AVvurAkUYpwlIAtPr+Un5fp7wKE3GNZ2s6Z+JtDY0gEXYfarkqkTzhCe2DQhmEC1yDIXQWynbu9fWDSeYcPTaXZ1XbBzCL7M4ChYjOUoaHd4kZ8oGrVoCWMf8mvcE66Cfha\/dEg0wnh4fiMDCqHroGg0OLmtwwajq6K31OwJKIjSh+dsa\/+MlUolKUAh9gxUNLQ71xdo+8AcX2OhsRTb2Mv5MsSzHCzGMj2emvtm9JtB3Ll+zfgaNZYlaGcoyYamdnwZWuTnFxtMM5YJ9K\/fTMYD231dXzeTclRiHahLL2EWSaocJdkkIVKOSphFkipHSTZJiJSjEmaRpMpRkk0SIuWohFkkqXKUZJOESDkqYRZJqhx525G3I29H3o68HXk78nbk7cjbkbcjb0fejry8Hf0D360ZT4KZG20AAAAASUVORK5CYII=' alt='Pol\u00edticas de automatizaci\u00f3n'> <\/p>\n<div style='padding: 15px; border-bottom: 1px solid rgba(150&comma;150&comma;150&comma;0.2); font-weight: bold; font-size: 18px; color: inherit;'>AUTOMATIZACI\u00d3N BASADA EN POL\u00cdTICAS<\/div>\n<div style='padding: 15px; color: inherit;'>\n<p style='font-size: 14px; margin: 0; text-align: center;'> Capacidad para perfilar dispositivos y configurar autom\u00e1ticamente el switch proporcionando una experiencia de zero-touch incluso al implementar&comma; desconectar o mover dispositivos de red <\/p>\n<\/p><\/div>\n<\/p><\/div>\n<div style='border: 1px solid rgba(150&comma;150&comma;150&comma;0.3); border-radius: 8px; overflow: hidden; display: flex; flex-direction: column;'> <img style='width: 100%; height: auto; border: none; border-radius: 0;' src='data:image\/png;base64&comma;iVBORw0KGgoAAAANSUhEUgAAADQAAAA2CAYAAACIsLrgAAACK0lEQVRoBe2aMUsDMRTH\/SR+AR1c3RwEBR2c6irYxUnRRVCw4mAna9FFEYqCSzsoVFDpIljoIihCBxF1ENRJEAfHJ\/\/THGlykeOaa0J9gcflzrs0v\/d\/Lznb10Nd1nq6jIf+D9Dz6zutblcpM7dLvUOLXthotkgL+QphbqYWqVDz\/oX6x3NeQEQ5E3Mrn15FMmlAH59fIczgZD54sHH9QD7Y2WWTRqaLgaMBFaWUBrRRqgUPAAZwPjYBlduqatPTgDKzOwHQXqWu3ezLBSiFUMRc1WYEQoj52jA3kVvqHBlI9YiLcysKLW8ek0uTHWcNSMRtp48zKocwTbCFiDi1\/INJf\/cQqp64KUAcDFIs1ToaeUwNSvZLW+f5RI3Aie8g8Hifk5PvT7LNC00UhTVXksVkhVuh3H5LDwh+\/+1E7Js+Rj05CTn0fELh73eHJxK3OEfecxNrkOy83KZ6zD9C1YsC9a5lMvZFD1iIvzKwotbx6TC5Ndpw1IBG3nT7OrBzKPOEWEuZmWj4j1Dy8cYuh41QhizjhFIDMrFP+L9lqj5XKORx3X+qbdsX2VbAGdmVyNkuvyFPv48y94qkdcmXOCElDpYYLRdTPFD\/ro15BbVoOoZgBQKip8bWJ+qP59bI2RQ0I5SZ9Yz91PoA6r\/e9qU003h5bCimilUaAmUw03A2dzPbI5lSglNJaEh6CGpT2CYT3bpgDQbWZqRiDTA75fZyDfFfoGVQ4mz17Yu\/hcAAA=' alt='Segmentaci\u00f3n autom\u00e1tica'> <\/p>\n<div style='padding: 15px; border-bottom: 1px solid rgba(150&comma;150&comma;150&comma;0.2); font-weight: bold; font-size: 18px; color: inherit;'>SEGMENTACI\u00d3N AUTOM\u00c1TICA DE DISPOSITIVOS<\/div>\n<div style='padding: 15px; color: inherit;'>\n<p style='font-size: 14px; margin: 0; text-align: center;'> Proporciona un entorno seguro para los recursos cr\u00edticos de la red al colocar autom\u00e1ticamente los dispositivos en el segmento de red apropiado seg\u00fan su perfil <\/p>\n<\/p><\/div>\n<\/p><\/div>\n<div style='border: 1px solid rgba(150&comma;150&comma;150&comma;0.3); border-radius: 8px; overflow: hidden; display: flex; flex-direction: column;'> <img style='width: 100%; height: auto; border: none; border-radius: 0;' src='data:image\/png;base64&comma;iVBORw0KGgoAAAANSUhEUgAAADcAAAAxCAYAAAB+gjFbAAADS0lEQVRoBe2av4pTQRTG90l8AX0BrSwCClqv9q61EhtBi1i5NopoowiaLTelhSvaubCNYppgYbRZWFMJEmSxGvkNfMv15sydG5JzSfAeGGbu\/Dvfd86ZmTCTjdCQjL4ehXtPX4fNm89jokydp2x4Tq65Xwz2w6nzt81Em5e4kzv4\/C2SOn2pFx6+fBf4JlGmDtJ8e4g7ubNXtiOBvQ+jGfy7bz7GtnNXH8y0LaPCldyv6XEEj3dSonBNtS9S70qODSMHXu0em4srOawu8HixLHU8Wx4zz7c7ua07O5EgW39Zuvd3Yxu5h7iTwzvaFdk4bm0PYqKMV2mzvLoMsu7kAMl6unDt8UmIKlSp81hrMkwj5KSM84xDm+R1tkkXeaPkioqbKLfkmrCyh47Wcx5WbWLORj33+\/hPGH45jImyt7ROTmdcS25B17aeW9CAJ8MJxZUNy263GzqdzkoksORkrrD8L8j1+\/2c0cz2ZYTlcDiMkePmuZac4bvWc4ZRilVuYTkej2Pk+Hw+UV9tM57b9OfXeDyOGMCSk7nC8r8gN5vNQqfTmXv+81Dm0XByfWc=' alt='Auto Policy Wipe'> <\/p>\n<div style='padding: 15px; border-bottom: 1px solid rgba(150&comma;150&comma;150&comma;0.2); font-weight: bold; font-size: 18px; color: inherit;'>AUTO POLICY WIP<\/div>\n<div style='padding: 15px; color: inherit;'>\n<p style='font-size: 14px; margin: 0; text-align: center;'> Mejora la seguridad al eliminar autom\u00e1ticamente toda la configuraci\u00f3n din\u00e1mica asociada cuando un dispositivo se desconecta <\/p>\n<\/p><\/div>\n<\/p><\/div>\n<div style='border: 1px solid rgba(150&comma;150&comma;150&comma;0.3); border-radius: 8px; overflow: hidden; display: flex; flex-direction: column;'> <img style='width: 100%; height: auto; border: none; border-radius: 0;' src='data:image\/png;base64&comma;iVBORw0KGgoAAAANSUhEUgAAADoAAAAuCAYAAAB5\/AqlAAADUUlEQVRoBe2YMWsVURCF80v8A\/oHtLKLoHW0N6kVbQQt0hkbJVgpgpIyKS0UtFOwEaxSiZWgnSAWlivfkxNmfXfmzl3cZMnbgWX3bb137nlzZuYub61bEVtbEZ7dTPS0KT0rupKKPnz+pvv56\/cmuA\/FUk3dW\/f3uzMX73SXNnZPnOj245cLLFv39pqxhESfHbxfOIYokTxpO\/z8rTt7eXuBCdIt5hL98OnLEcmNG09afI469\/W7wyNc+68+pvcqEqUez135G7nzV3cmU59iRXaRZWD8+v2HXof3IlE5whnpMkUjy8BHD8nYElGrZtZJZqOWOQT39s5BmEm2tDKqLhFVlyVakQMi2lIjLUSlVq3Tb97dS6u6RJSahGTU1dTk6YBjnK\/4XL++W8WB8mClVmvWI6qFLCY1SobKjHPRAbPGuihD\/vWTwcIaCVPD0iOqJoRSnim1s\/WLT3VwRf\/Ri7epTBAeUtQz4YkykLU9oqqNiITUzKij9NMae6f+amnPuNZ4c3Wugj2yIlEiWTI5JV1qJjXIDr6wZDQwfd1EAdV8BctrfOq+tTrtEVX0PKcCnwEoMpakwCtg7Fcz7ekFn\/XCHfkqEvUaUWZTNrMNy9tcgfD20jrtGdXgqSIaZdFoRKMuKCWkWKkMVFcA9JqM\/OjM\/q+pq8L3nArghWsPhMO9K+VoEvaMw4eOm0glORamUsCYI0wELbJejep48YjiSEpxoEeGUgIJCMiJIL8Zq6lpa92bq8bWdLxIhegbExUAunHzacRzMQY4zWeNLt55wK1TrY1KRakdNSt89hS1n13eBwEApapNSQuw9EyKcWUIst6mJM+eDfoExJlIeDXBHP3FQirWUtgDGL3Hp9I8UsoKE\/ljrKcoL5QuUfraebXaqAEojatX1OpYWLnXbImobQCRqjimprOpWANix\/EJ+Mi3xemVmfW5RJRBFXjmGLHOjvNZqmfUBFeRKJFUrUY1cpzE7F5kmjp4Rk2XKAPWWS2FLYixn203bsFVVFRgda6O1V21T\/Zuu3E2ZeU7JMok\/QHFeRU1Bzkc8666pBu3WpWoOuAY52UrWGEZEvAq0VYwU50\/E52qMkNxzYoOjdxU182KTlWZobhmRYdGbqrrVkbRP\/h4SrBiNsJHAAAAAElFTkSuQmCC' alt='Aware Inal\u00e1mbrico'> <\/p>\n<div style='padding: 15px; border-bottom: 1px solid rgba(150&comma;150&comma;150&comma;0.2); font-weight: bold; font-size: 18px; color: inherit;'>AWARE INAL\u00c1MBRICO<\/div>\n<div style='padding: 15px; color: inherit;'>\n<p style='font-size: 14px; margin: 0; text-align: center;'> Permite la automatizaci\u00f3n de pol\u00edticas&comma; la supervisi\u00f3n sencilla y la resoluci\u00f3n de problemas de la red unificada por cable \/ inal\u00e1mbrica <\/p>\n<\/p><\/div>\n<\/p><\/div>\n<div style='border: 1px solid rgba(150&comma;150&comma;150&comma;0.3); border-radius: 8px; overflow: hidden; display: flex; flex-direction: column;'> <img style='width: 100%; height: auto; border: none; border-radius: 0;' src='data:image\/png;base64&comma;iVBORw0KGgoAAAANSUhEUgAAAD0AAAA0CAYAAAA5bTAhAAACoElEQVRoBe2ZQUtbQRDH\/ST9Cr30UG+9FHoTK6Q3i6AnBUsLKm0PUlqSU6gIilIq5JgcehBJQLxIQQ9CCSgUxF4KXgSheEjpZeX\/cB\/j9M3uBl5e9m12YHnzsjOb\/c3MbvL2jakRlLERZFaFQtd39lXl1baxnZ1fDjwPhUKPv6ipB09WjK3ZPgkLOovmz01PPZtdSwNR2+5kmeX6WaGZ5jOnwNNLXxPw6labm+V+PzRoCvy62lTH3V9hQ3NgpNIEjaDYNkD0v6m1nKqi8ExnAdugbZsf7XehLhRaAnaBrixuGXnQD3gXKQzaBBwktA04OGgXYEB3f\/5OynOtcfBfhaJsS5PersCa8ur6Rqv3rqWB7hf4HiW7KQV0nsDg9x46b2DvoQcB7DW0Dfjox4XTX8m59w2Fsah4Wd42YADgAAGTd2kIEBXvoF2AKTQHonA6MNzGK2hX4GCg+wEOBnr2XSNZn3jWdRGpdKmvZONNeeMAb3V9l87ZqEtA1Emy8QaaTtZFl4Cor2QzVGisYxzJ2I5u8FvLd2AJyHtogCDqLg2QVEoPjc0LAchqX1rfk6AEB82BaEZ1NXCb0meaA0Xou3XPAxMzTUuD6FJghvqTJa1XMu9kc8MkY6bJoyUCJ0nMNIlMLG8SDKoO7LVOXNM0zESXAiOtV+KaHinxdR\/Lm0aJ6LG8STCy1L5e1UqlSweWbGJ50ygRXQpMoWu69\/efwptE3TqHp8lj48eNvfQz3aevkg18MHn0a1t+lWzgNzm\/IfphHPTDjo8JBi7G8n409SkZCIOVtYGBixH6bf2bwqmnbi+Xd9TjSlU9nPhgbc8XNlM\/+OPexQ\/j43v0d+L6dOazky\/sqB90MHAxQnPjUO4jdCiZtHHETNsiFEr\/SGb6FuoFMzeKNU1tAAAAAElFTkSuQmCC' alt='Supervivencia del sitio'> <\/p>\n<div style='padding: 15px; border-bottom: 1px solid rgba(150&comma;150&comma;150&comma;0.2); font-weight: bold; font-size: 18px; color: inherit;'>SUPERVIVENCIA DEL SITIO<\/div>\n<div style='padding: 15px; color: inherit;'>\n<p style='font-size: 14px; margin: 0; text-align: center;'> Operaci\u00f3n ininterrumpida incluso cuando se pierde la conectividad a la nube <\/p>\n<\/p><\/div>\n<\/p><\/div>\n<div style='border: 1px solid rgba(150&comma;150&comma;150&comma;0.3); border-radius: 8px; overflow: hidden; display: flex; flex-direction: column;'> <img style='width: 100%; height: auto; border: none; border-radius: 0;' src='data:image\/png;base64&comma;iVBORw0KGgoAAAANSUhEUgAAAD4AAAAuCAYAAABwF6rfAAAFNklEQVRoBe1a\/2uXRRz3L6l+isgw\/CWoH8QktFBikGlWRPgFwWiJ+kO6XMv8ysi5lsN0YbMmuUm6jcytnLMJc6ZsKRt+Sa0FrrVYbtPpVHjL69ZrnLfnnnvuns8Dszx4uG\/vu\/f7de\/Xve\/us02S\/2maFIp7YOim1Bw+LSs31wjKD1ryBn64pVOWfLBHHpn+\/thXUXP8QcMt3sDnvfe5ArxiU7VgEZ6dv1leXFz63wdeVFavgHdevKrAsv5HT3\/m4Hv6BqTpxDn5trFdGlo65VJ3X7BOb48DMGgOwEisZ0n3Q8fOyrzlO8e2lr7NZi7cJpUHW70XwBs4NIDez722ZUxZlnRftWW\/ArzUnCIp\/LRO6o+ekRMdl6XxeJcUf9Eo094sVv0LVuySP\/sGxmxyFYKAk95Z031p4dcKVEHJQbk+PGLFsr3qqJKD9\/8ZHLbK6R1BwLGfs6Z7yZc\/Kh3FFQ26vdby\/obTSn5ZUZVVRu8IAo4JZi0qzYzuf\/UPyaPPr5bXV9botjrLH302Gnh\/+vmCUzYYOIIZvG7SnXWn5hiBnfta1NzNJ8\/HSI3v6v17UI1bvmHf+E6jJRi4je6M9oYer+rCNZUy5eV1XmMoDJY88+omVq15MHDMGEV3PdpbtTo6Xni7RPKWlTukorvXbqtVXr81cida4N\/WVMCzovuMtz6RV97dEWu4rZMnzvBN+ymAsamAm3Q36zbjXO1vrEpG16h5sE2eTrBNUgGHYtAdlwsmk\/5s98m37v5B0bW9q9tnmIzcviOPz1oriwv2OMelBk6648GCxHqa6H7ht14FPH\/9N04AusD2qmY1rvZIh94cWU4NnPTGaw2J9bTRfc3WAQrE3vq2SMPNxtaOy0p+bn6y2JAaOAzIgu4jt+\/KnKVlCsyu6hYT5311PGKeeKlQnpz9oXT92nNfn62SE+DV359SBuaS7jAYj465+aPv\/7x3yqWqrk0u\/t4r1waHpftqv9Q1\/SKLCkZ\/FMFD6eSZKzac49qDgev\/N6GMW1yu6U5ry75qkql5Hyod+pMU5cdmrJbC0lq5NpTsccI5g4AjgCGS6+ARSc3ortepME3e3HZeyvc2y8Ydh6S08oh8d+ysDN24FTRlEHDQCp+ebHQn\/XXZiVD2Bk6AyPVkozvpr8uGllvbLwmeq1EforrOQJcOb+BR3qYSk+74YDIXdAdgvAHM\/W3WoSspw7yA27xN4OyncrNOOZ+cc0yeXSQoR12M0AaccAoWAzHIlbyAx3kbikh3XhlZD6U7HxwYn4TGkCHLcJGKS4mBc+WRxyWAxqrTUFN\/3Fh9Dh6EPADiI3h9dC5YIyhnHJZjEsCjVWnoSb9cWPlPngQ8wCIT+LN0bXYiYHD26AbAdmMMReIddLfNk5vh\/HYr9Dp0qePYxk3SdeCJgJO4fFqciUYCk+loTuMxhxR+9mlH\/0cHyebCDhWMIm3qQg0C6U7n6RJFpn6zDwnwHGUAISPIdyfjAdkDOaKS\/AwdGGh06ScAMckPt6mwRhDuqPNBRoyZJYrIlOHLU8NPMTbNAZeTwKW8tweSc5gjrHlqYGHettmkK2doF1HkG282Z4KeBpvm4bY6jgB8B8V2Ne5Ag1dqYBzcMg5agOqt2Nhef\/WY4FuE1qm7XHjI48zejuXXqARCFz8GxcCoM\/FhnO48mDgHAgaRj0BzTZXFMZCAiz+ZQS0xgcvZ8Um2h+3QJEehydoYJLcdsbjXMbVk3PguMLDI\/QGFgdE74MOXHfjUiRweAJeSfHEgcA82C44olysiDMyiLxI4Fk0T2cYD4NPNE1nb89DjWa\/wRLuP26AFgAAA=' alt='Gesti\u00f3n de la nube'> <\/p>\n<div style='padding: 15px; border-bottom: 1px solid rgba(150&comma;150&comma;150&comma;0.2); font-weight: bold; font-size: 18px; color: inherit;'>GESTI\u00d3N DE LA NUBE<\/div>\n<div style='padding: 15px; color: inherit;'>\n<p style='font-size: 14px; margin: 0; text-align: center;'> La plataforma de gesti\u00f3n gratuita basada en la nube de cnMaestro proporciona una rica gesti\u00f3n del ciclo de vida&comma; configuraci\u00f3n y control&comma; y servicios de seguridad; que tambi\u00e9n puede estar disponible con opciones de implementaci\u00f3n en las instalaciones <\/p>\n<\/p><\/div>\n<\/p><\/div>\n<\/p><\/div>\n<hr style='border: 0; border-top: 1px solid rgba(150&comma;150&comma;150&comma;0.3); margin: 30px 0;'>\n<div style='margin-bottom: 30px;'>\n<h3 style='font-size: 22px; border-bottom: 2px solid currentColor; padding-bottom: 5px; margin-top: 0; color: inherit; opacity: 0.8;'>Caracter\u00edsticas Generales<\/h3>\n<\/p><\/div>\n<div style='display: flex; flex-wrap: wrap; gap: 30px;'>\n<div style='flex: 1 1 250px; border: 1px solid rgba(150&comma;150&comma;150&comma;0.4); border-radius: 8px; overflow: hidden; display: flex; flex-direction: column;'>\n<div style='padding: 15px; border-bottom: 1px solid rgba(150&comma;150&comma;150&comma;0.2); font-weight: bold; font-size: 18px; color: inherit;'>Especificaciones<\/div>\n<div style='padding: 15px; color: inherit;'>\n<ul style='padding-left: 20px; font-size: 14px; list-style-type: disc; margin: 0;'>\n<li style='margin-bottom: 5px;'><strong>Rendimiento:<\/strong> 128 Gbps<\/li>\n<li style='margin-bottom: 5px;'><strong>Puertos:<\/strong> 24 Puertos RJ45&comma; 4 SFP+<\/li>\n<li style='margin-bottom: 5px;'><strong>Puertos UpLink:<\/strong> 4 Puertos SFP+ (10 Gbps)<\/li>\n<li style='margin-bottom: 5px;'><strong>Almacenamiento Flash:<\/strong> 128 Mbps<\/li>\n<li style='margin-bottom: 5px;'><strong>Automatizaci\u00f3n basada en pol\u00edticas:<\/strong> S\u00ed<\/li>\n<li style='margin-bottom: 5px;'><strong>Calidad de servicio:<\/strong> Asignaci\u00f3n de ACL y marcado de ToS\/DSCP (QoS)<\/li>\n<li style='margin-bottom: 5px;'><strong>Seguridad:<\/strong> Autenticaci\u00f3n 802.1x&comma; DHCP Snooping&comma; Radius \/ Tacacs+<\/li>\n<li style='margin-bottom: 5px;'><strong>Administraci\u00f3n:<\/strong> cnMaestro (Nube \/ On-Premises)&comma; CLI&comma; WEB<\/li>\n<li style='margin-bottom: 5px;'><strong>Gesti\u00f3n desde la nube cnMaestro:<\/strong> S\u00ed<\/li>\n<li style='margin-bottom: 5px;'><strong>Capa:<\/strong> Capa 2 y Capa 3<\/li>\n<li style='margin-bottom: 5px;'><strong>Temperatura de operaci\u00f3n:<\/strong> -30\u00baC a 60\u00baC<\/li>\n<\/ul><\/div>\n<\/p><\/div>\n<div style='flex: 1 1 250px; border: 1px solid rgba(150&comma;150&comma;150&comma;0.4); border-radius: 8px; overflow: hidden; display: flex; flex-direction: column;'>\n<div style='padding: 15px; border-bottom: 1px solid rgba(150&comma;150&comma;150&comma;0.2); font-weight: bold; font-size: 18px; color: inherit;'>Garant\u00eda<\/div>\n<div style='padding: 15px; color: inherit;'>\n<ul style='padding-left: 20px; font-size: 14px; list-style-type: disc; margin: 0;'>\n<li style='margin-bottom: 5px;'>5 A\u00f1os de Garant\u00eda<\/li>\n<li style='margin-bottom: 5px; color: #333; background-color: #f1c40f; padding: 5px; border-radius: 4px;'>*Necesita accesorios AC-CORD-1.8M y MX-EXTXFULLA-1<\/li>\n<\/ul><\/div>\n<\/p><\/div>\n<\/p><\/div>\n<\/p><\/div>\n","protected":false},"excerpt":{"rendered":"<p>Switch cnMatrix EX2028 capa 3 de 28 puertos (24 Ethernet Gigabit, 4 SFP+) administraci\u00f3n desde la Nube (MX-EX2028XXA-U)<\/p>\n","protected":false},"featured_media":78512,"comment_status":"open","ping_status":"closed","template":"","meta":[],"product_brand":[],"product_cat":[1970],"product_tag":[1316,664,1971],"class_list":{"0":"post-78513","1":"product","2":"type-product","3":"status-publish","4":"has-post-thumbnail","6":"product_cat-switches","7":"product_tag-cambium-networks","8":"product_tag-networking","9":"product_tag-switches","11":"first","12":"instock","13":"sale","14":"shipping-taxable","15":"purchasable","16":"product-type-simple"},"_links":{"self":[{"href":"https:\/\/soydeaqui.ddns.net\/pachuca\/index.php\/wp-json\/wp\/v2\/product\/78513","targetHints":{"allow":["GET"]}}],"collection":[{"href":"https:\/\/soydeaqui.ddns.net\/pachuca\/index.php\/wp-json\/wp\/v2\/product"}],"about":[{"href":"https:\/\/soydeaqui.ddns.net\/pachuca\/index.php\/wp-json\/wp\/v2\/types\/product"}],"replies":[{"embeddable":true,"href":"https:\/\/soydeaqui.ddns.net\/pachuca\/index.php\/wp-json\/wp\/v2\/comments?post=78513"}],"wp:featuredmedia":[{"embeddable":true,"href":"https:\/\/soydeaqui.ddns.net\/pachuca\/index.php\/wp-json\/wp\/v2\/media\/78512"}],"wp:attachment":[{"href":"https:\/\/soydeaqui.ddns.net\/pachuca\/index.php\/wp-json\/wp\/v2\/media?parent=78513"}],"wp:term":[{"taxonomy":"product_brand","embeddable":true,"href":"https:\/\/soydeaqui.ddns.net\/pachuca\/index.php\/wp-json\/wp\/v2\/product_brand?post=78513"},{"taxonomy":"product_cat","embeddable":true,"href":"https:\/\/soydeaqui.ddns.net\/pachuca\/index.php\/wp-json\/wp\/v2\/product_cat?post=78513"},{"taxonomy":"product_tag","embeddable":true,"href":"https:\/\/soydeaqui.ddns.net\/pachuca\/index.php\/wp-json\/wp\/v2\/product_tag?post=78513"}],"curies":[{"name":"wp","href":"https:\/\/api.w.org\/{rel}","templated":true}]}}