{"id":78499,"date":"2026-03-19T16:43:35","date_gmt":"2026-03-19T16:43:35","guid":{"rendered":"https:\/\/soydeaqui.ddns.net\/pachuca\/index.php\/producto\/vpn-router-con-1-x-wan-gigabit-1-x-lan-gigabit\/"},"modified":"2026-03-19T16:43:36","modified_gmt":"2026-03-19T16:43:36","slug":"vpn-router-con-1-x-wan-gigabit-1-x-lan-gigabit","status":"publish","type":"product","link":"https:\/\/soydeaqui.ddns.net\/pachuca\/index.php\/producto\/vpn-router-con-1-x-wan-gigabit-1-x-lan-gigabit\/","title":{"rendered":"VPN Router, con 1 x WAN Gigabit + 1 x LAN Gigabit"},"content":{"rendered":"<div style='width: 100%; max-width: 1200px; margin: 0 auto; font-family: sans-serif; line-height: 1.6; color: inherit; background-color: transparent;'> <!-- Secci\u00f3n de caracter\u00edsticas --> <\/p>\n<div style='display: flex; flex-wrap: wrap; gap: 30px; margin-bottom: 30px;'>\n<div style='flex: 1 1 300px; min-width: 280px;'>\n<h3 style='font-size: 22px; border-bottom: 2px solid currentColor; padding-bottom: 5px; margin-top: 0; color: inherit; opacity: 0.8;'>Puertos<\/h3>\n<ul style='padding-left: 20px; font-size: 15px; color: inherit;'>\n<li style='margin-bottom: 5px;'>1 puerto WAN Gigabit<\/li>\n<li style='margin-bottom: 5px;'>1 puerto LAN Gigabit<\/li>\n<\/ul><\/div>\n<div style='flex: 1 1 300px; min-width: 280px;'>\n<h3 style='font-size: 22px; border-bottom: 2px solid currentColor; padding-bottom: 5px; margin-top: 0; color: inherit; opacity: 0.8;'>Sistema Operativo<\/h3>\n<ul style='padding-left: 20px; font-size: 15px; color: inherit;'>\n<li style='margin-bottom: 5px;'>AlliedWare Plus\u2122<\/li>\n<\/ul><\/div>\n<div style='flex: 1 1 300px; min-width: 280px;'>\n<h3 style='font-size: 22px; border-bottom: 2px solid currentColor; padding-bottom: 5px; margin-top: 0; color: inherit; opacity: 0.8;'>Administraci\u00f3n<\/h3>\n<ul style='padding-left: 20px; font-size: 15px; color: inherit;'>\n<li style='margin-bottom: 5px;'>Interfaz de l\u00ednea de comandos (CLI)<\/li>\n<li style='margin-bottom: 5px;'>Interfaz gr\u00e1fica de usuario (GUI)<\/li>\n<li style='margin-bottom: 5px;'>Monitoreo SNMP v2 &#038; v3<\/li>\n<\/ul><\/div>\n<div style='flex: 1 1 300px; min-width: 280px;'>\n<h3 style='font-size: 22px; border-bottom: 2px solid currentColor; padding-bottom: 5px; margin-top: 0; color: inherit; opacity: 0.8;'>Procesador y memoria<\/h3>\n<ul style='padding-left: 20px; font-size: 15px; color: inherit;'>\n<li style='margin-bottom: 5px;'>800 MHz dual-core<\/li>\n<li style='margin-bottom: 5px;'>512 MB RAM<\/li>\n<li style='margin-bottom: 5px;'>4 GB Flash<\/li>\n<\/ul><\/div>\n<div style='flex: 1 1 300px; min-width: 280px;'>\n<h3 style='font-size: 22px; border-bottom: 2px solid currentColor; padding-bottom: 5px; margin-top: 0; color: inherit; opacity: 0.8;'>Caracter\u00edsticas<\/h3>\n<ul style='padding-left: 20px; font-size: 15px; color: inherit;'>\n<li style='margin-bottom: 5px;'>Funciones b\u00e1sicas de Firewall<\/li>\n<li style='margin-bottom: 5px;'>Autenticaci\u00f3n RADIUS y TACACS+<\/li>\n<\/ul>\n<h4 style='font-size: 18px; margin-top: 15px; margin-bottom: 10px; color: inherit; opacity: 0.8;'>VPN&#8217;s<\/h4>\n<ul style='padding-left: 20px; font-size: 15px; color: inherit;'>\n<li style='margin-bottom: 5px;'>Site-to-site VPN (IPSec) 50<\/li>\n<li style='margin-bottom: 5px;'>SSL VPN Users 100<\/li>\n<\/ul>\n<h4 style='font-size: 18px; margin-top: 15px; margin-bottom: 10px; color: inherit; opacity: 0.8;'>Routing (IPv4)<\/h4>\n<ul style='padding-left: 20px; font-size: 15px; color: inherit;'>\n<li style='margin-bottom: 5px;'>Est\u00e1tico&comma; Din\u00e1mico (BGP4&comma; OSPF&comma; RIPv1 \/ v2)<\/li>\n<\/ul>\n<h4 style='font-size: 18px; margin-top: 15px; margin-bottom: 10px; color: inherit; opacity: 0.8;'>Multicast<\/h4>\n<ul style='padding-left: 20px; font-size: 15px; color: inherit;'>\n<li style='margin-bottom: 5px;'>IGMPv1\/v2\/v3&comma; PIM-SM&comma; PIM-DM&comma; PIM-SSM&comma; PIMv6<\/li>\n<\/ul>\n<ul style='padding-left: 20px; font-size: 15px; color: inherit;'>\n<li style='margin-bottom: 5px;'>Spanning Tree Protocol (STP)<\/li>\n<li style='margin-bottom: 5px;'>Rapid Spanning Tree Protocol (RSTP)<\/li>\n<li style='margin-bottom: 5px;'>Alto desempe\u00f1o<\/li>\n<\/ul><\/div>\n<div style='flex: 1 1 300px; min-width: 280px;'>\n<h3 style='font-size: 22px; border-bottom: 2px solid currentColor; padding-bottom: 5px; margin-top: 0; color: inherit; opacity: 0.8;'>Controlador Wireless AWC<\/h3>\n<ul style='padding-left: 20px; font-size: 15px; color: inherit;'>\n<li style='margin-bottom: 5px;'>Administra hasta 5 access points (AP&#8217;s) de manera gratuita<\/li>\n<li style='margin-bottom: 5px;'>Soporta AP&#8217;s Allied Telesis de las series TQ y MWS<\/li>\n<\/ul><\/div>\n<div style='flex: 1 1 300px; min-width: 280px;'>\n<h3 style='font-size: 22px; border-bottom: 2px solid currentColor; padding-bottom: 5px; margin-top: 0; color: inherit; opacity: 0.8;'>Caracter\u00edsticas F\u00edsicas y El\u00e9ctricas<\/h3>\n<ul style='padding-left: 20px; font-size: 15px; color: inherit;'>\n<li style='margin-bottom: 5px;'>Alimentaci\u00f3n: 12-24 VDC o 100-240 VAC (Con adaptador AC)<\/li>\n<li style='margin-bottom: 5px;'>Dimensiones: 1 U Rack&comma; 42.5 x 105 x 140 mm<\/li>\n<li style='margin-bottom: 5px;'>Peso: 556 g<\/li>\n<li style='margin-bottom: 5px;'>Temperatura de Operaci\u00f3n: 0 a 50\u00b0 C<\/li>\n<\/ul><\/div>\n<div style='flex: 1 1 300px; min-width: 280px;'>\n<h3 style='font-size: 22px; border-bottom: 2px solid currentColor; padding-bottom: 5px; margin-top: 0; color: inherit; opacity: 0.8;'>Garant\u00eda<\/h3>\n<ul style='padding-left: 20px; font-size: 15px; color: inherit;'>\n<li style='margin-bottom: 5px;'>1 a\u00f1o&comma; para un a\u00f1o adicional registra el producto en el siguiente link:<\/li>\n<\/ul>\n<p style='margin-top: 10px; margin-bottom: 0;'><a href='http:\/\/www.alliedtelesis.com\/support\/maintenance-and-warranty\/register' style='color: inherit; text-decoration: underline;'>http:\/\/www.alliedtelesis.com\/support\/maintenance-and-warranty\/register<\/a><\/p>\n<\/p><\/div>\n<\/p><\/div>\n<p> <!-- Imagen de desempe\u00f1o --> <\/p>\n<div style='margin: 30px 0;'> <img style='width: 100%; height: auto; border: 1px solid rgba(150&comma;150&comma;150&comma;0.3); border-radius: 8px;' src='https:\/\/ftp3.syscom.mx\/usuarios\/adiaz\/AlliedTelesis\/AR2010V\/Performance.png' alt='Desempe\u00f1o del router ATAR2010V10'> <\/div>\n<p> <!-- Secci\u00f3n de soluci\u00f3n clave --> <\/p>\n<div style='margin: 30px 0; text-align: center;'>\n<h3 style='font-size: 20px; margin-bottom: 15px; color: inherit;'>Ejemplo de una soluci\u00f3n clave<\/h3>\n<p style='margin-bottom: 20px; font-size: 15px; color: inherit;'>Conectividad segura para infraestructura remota. Es f\u00e1cil de implementar en todos los ambientes&comma; incluyendo negocios&comma; exteriores&comma; vigilancia y telemetr\u00eda.<\/p>\n<div style='margin: 20px 0;'> <img style='width: 100%; height: auto; border: 1px solid rgba(150&comma;150&comma;150&comma;0.3); border-radius: 8px;' src='https:\/\/www.alliedtelesis.com\/sites\/default\/files\/images\/ar2010v-solution.png' alt='Diagrama de soluci\u00f3n AR2010V'> <\/div>\n<\/p><\/div>\n<p> <!-- Imagen adicional --> <\/p>\n<div style='margin: 30px 0; text-align: center;'> <img style='width: 100%; height: auto; border: 1px solid rgba(150&comma;150&comma;150&comma;0.3); border-radius: 8px;' src='https:\/\/www.alliedtelesis.com\/sites\/default\/files\/images\/ar2010v-name-tags_0.png' alt='Etiquetas del router ATAR2010V10'> <\/div>\n<p> <!-- Separador final --> <\/p>\n<hr style='border: 0; border-top: 1px solid rgba(150&comma; 150&comma; 150&comma; 0.3); margin: 30px 0;'> <\/div>\n","protected":false},"excerpt":{"rendered":"<p>VPN Router, con 1 x WAN Gigabit + 1 x LAN Gigabit<\/p>\n","protected":false},"featured_media":78498,"comment_status":"open","ping_status":"closed","template":"","meta":[],"product_brand":[],"product_cat":[2036,2035,2034],"product_tag":[1995,2039,2038,664,2037],"class_list":{"0":"post-78499","1":"product","2":"type-product","3":"status-publish","4":"has-post-thumbnail","6":"product_cat-balanceadores","7":"product_cat-firewalls","8":"product_cat-routers","9":"product_tag-allied-telesis","10":"product_tag-balanceadores","11":"product_tag-firewalls","12":"product_tag-networking","13":"product_tag-routers","15":"first","16":"outofstock","17":"sale","18":"shipping-taxable","19":"purchasable","20":"product-type-simple"},"_links":{"self":[{"href":"https:\/\/soydeaqui.ddns.net\/pachuca\/index.php\/wp-json\/wp\/v2\/product\/78499","targetHints":{"allow":["GET"]}}],"collection":[{"href":"https:\/\/soydeaqui.ddns.net\/pachuca\/index.php\/wp-json\/wp\/v2\/product"}],"about":[{"href":"https:\/\/soydeaqui.ddns.net\/pachuca\/index.php\/wp-json\/wp\/v2\/types\/product"}],"replies":[{"embeddable":true,"href":"https:\/\/soydeaqui.ddns.net\/pachuca\/index.php\/wp-json\/wp\/v2\/comments?post=78499"}],"wp:featuredmedia":[{"embeddable":true,"href":"https:\/\/soydeaqui.ddns.net\/pachuca\/index.php\/wp-json\/wp\/v2\/media\/78498"}],"wp:attachment":[{"href":"https:\/\/soydeaqui.ddns.net\/pachuca\/index.php\/wp-json\/wp\/v2\/media?parent=78499"}],"wp:term":[{"taxonomy":"product_brand","embeddable":true,"href":"https:\/\/soydeaqui.ddns.net\/pachuca\/index.php\/wp-json\/wp\/v2\/product_brand?post=78499"},{"taxonomy":"product_cat","embeddable":true,"href":"https:\/\/soydeaqui.ddns.net\/pachuca\/index.php\/wp-json\/wp\/v2\/product_cat?post=78499"},{"taxonomy":"product_tag","embeddable":true,"href":"https:\/\/soydeaqui.ddns.net\/pachuca\/index.php\/wp-json\/wp\/v2\/product_tag?post=78499"}],"curies":[{"name":"wp","href":"https:\/\/api.w.org\/{rel}","templated":true}]}}