{"id":78495,"date":"2026-03-19T16:43:25","date_gmt":"2026-03-19T16:43:25","guid":{"rendered":"https:\/\/soydeaqui.ddns.net\/pachuca\/index.php\/producto\/rblhgr-r11e-lte-us-cliente-3g-4g-lte-con-antena-integrada-de-alta-ganancia-de-17-dbi-bandas24512\/"},"modified":"2026-03-19T16:43:32","modified_gmt":"2026-03-19T16:43:32","slug":"rblhgr-r11e-lte-us-cliente-3g-4g-lte-con-antena-integrada-de-alta-ganancia-de-17-dbi-bandas24512","status":"publish","type":"product","link":"https:\/\/soydeaqui.ddns.net\/pachuca\/index.php\/producto\/rblhgr-r11e-lte-us-cliente-3g-4g-lte-con-antena-integrada-de-alta-ganancia-de-17-dbi-bandas24512\/","title":{"rendered":"(RBLHGR &#038; R11e-LTE-US) Cliente 3G\/4G\/LTE  con Antena Integrada de Alta Ganancia de 17 dBi, Bandas(2,4,5,12)"},"content":{"rendered":"<div style='width: 100%; max-width: 1200px; margin: 0 auto; font-family: sans-serif; line-height: 1.6; color: inherit; background-color: transparent;'> <!-- Nota Importante --> <\/p>\n<div style='margin-bottom: 30px; padding: 15px; border-left: 4px solid rgba(255&comma; 87&comma; 34&comma; 0.8); background-color: rgba(255&comma; 87&comma; 34&comma; 0.05);'>\n<h3 style='margin-top: 0; margin-bottom: 10px; font-size: 18px; color: inherit; opacity: 0.9;'>Nota Importante<\/h3>\n<p style='margin: 0; font-size: 14px; color: inherit; opacity: 0.85;'>El funcionamiento de este equipo se a realizado bajo las condiciones de uso con el operador movil TELCEL en un entorno de ciudad&comma; su operacion con otros operadores y otras regiones del pais no son garantizadas.<\/p>\n<\/p><\/div>\n<p> <!-- Descripci\u00f3n principal --> <\/p>\n<div style='margin-bottom: 30px;'>\n<p>El <strong>kit LHG LTE<\/strong> es un dispositivo para ubicaciones remotas que est\u00e1n dentro de la cobertura de la red celular. Inst\u00e1lelo en el exterior&comma; en un poste o m\u00e1stil o en cualquier estructura lo suficientemente alta. Debido a que es una antena de gran tama\u00f1o y alta ganancia&comma; el dispositivo es capaz de conectarse a torres de telefon\u00eda m\u00f3vil en lugares rurales extremos&comma; lo que le brinda la capacidad de proporcionar acceso a Internet donde no hay nada m\u00e1s disponible.<\/p>\n<p>La unidad est\u00e1 equipada con un puerto Ethernet&comma; tiene incorporado un m\u00f3dem de categor\u00eda 4 de alta calidad para velocidades de hasta 150 Mbit\/s de enlace descendente y 50 Mbit\/s de enlace ascendente.<\/p>\n<p>RBLHGR &#038; R11e-LTE-US incluye un m\u00f3dem LTE que es compatible con las bandas LTE 2&comma; 4&comma; 5 y 12&comma; utilizadas principalmente por operadores m\u00f3viles en Estados Unidos&comma; Canad\u00e1 y Am\u00e9rica Latina.<\/p>\n<\/p><\/div>\n<p> <!-- Especificaciones --> <\/p>\n<div style='margin-bottom: 30px;'>\n<h2 style='font-size: 24px; margin: 0 0 20px 0; padding: 0; border-bottom: 2px solid rgba(150&comma; 150&comma; 150&comma; 0.3); color: inherit; opacity: 0.8;'>Especificaciones<\/h2>\n<div style='display: flex; flex-wrap: wrap; gap: 20px;'>\n<div style='flex: 1 1 250px; border: 1px solid rgba(150&comma; 150&comma; 150&comma; 0.3); border-radius: 8px; overflow: hidden; display: flex; flex-direction: column;'>\n<div style='padding: 15px; border-bottom: 1px solid rgba(150&comma; 150&comma; 150&comma; 0.2); font-weight: bold; font-size: 16px; background-color: rgba(150&comma; 150&comma; 150&comma; 0.05); color: inherit;'>Caracter\u00edsticas<\/div>\n<div style='padding: 15px; color: inherit;'>\n<ul style='padding-left: 20px; margin: 0; font-size: 14px; list-style-type: disc;'>\n<li style='margin-bottom: 5px;'><strong>Arquitectura:<\/strong> MIPSBE<\/li>\n<li style='margin-bottom: 5px;'><strong>CPU:<\/strong> QCA9531<\/li>\n<li style='margin-bottom: 5px;'><strong>N\u00facleos de CPU:<\/strong> 1<\/li>\n<li style='margin-bottom: 5px;'><strong>Frecuencia de CPU:<\/strong> 650 MHz<\/li>\n<li style='margin-bottom: 5px;'><strong>Temperatura de operaci\u00f3n:<\/strong> -40\u00b0C a 60\u00b0C<\/li>\n<li style='margin-bottom: 5px;'><strong>Dimensiones:<\/strong> 391 x 391 x 227 mm<\/li>\n<\/ul><\/div>\n<\/p><\/div>\n<div style='flex: 1 1 250px; border: 1px solid rgba(150&comma; 150&comma; 150&comma; 0.3); border-radius: 8px; overflow: hidden; display: flex; flex-direction: column;'>\n<div style='padding: 15px; border-bottom: 1px solid rgba(150&comma; 150&comma; 150&comma; 0.2); font-weight: bold; font-size: 16px; background-color: rgba(150&comma; 150&comma; 150&comma; 0.05); color: inherit;'>Memoria<\/div>\n<div style='padding: 15px; color: inherit;'>\n<ul style='padding-left: 20px; margin: 0; font-size: 14px; list-style-type: disc;'>\n<li style='margin-bottom: 5px;'><strong>RAM:<\/strong> 64 MB<\/li>\n<li style='margin-bottom: 5px;'><strong>Almacenamiento:<\/strong> 16 MB FLASH<\/li>\n<li style='margin-bottom: 5px;'><strong>Nivel de licencia:<\/strong> 3<\/li>\n<li style='margin-bottom: 5px;'><strong>Sistema operativo:<\/strong> RouterOS<\/li>\n<\/ul><\/div>\n<\/p><\/div>\n<div style='flex: 1 1 250px; border: 1px solid rgba(150&comma; 150&comma; 150&comma; 0.3); border-radius: 8px; overflow: hidden; display: flex; flex-direction: column;'>\n<div style='padding: 15px; border-bottom: 1px solid rgba(150&comma; 150&comma; 150&comma; 0.2); font-weight: bold; font-size: 16px; background-color: rgba(150&comma; 150&comma; 150&comma; 0.05); color: inherit;'>Conectividad<\/div>\n<div style='padding: 15px; color: inherit;'>\n<ul style='padding-left: 20px; margin: 0; font-size: 14px; list-style-type: disc;'>\n<li style='margin-bottom: 5px;'><strong>Red:<\/strong> 1 puerto Ethernet 10\/100<\/li>\n<li style='margin-bottom: 5px;'><strong>Cantidad de SIM:<\/strong> 1 (Mini SIM)<\/li>\n<li style='margin-bottom: 5px;'><strong>MiniPCI-e slots:<\/strong> 1<\/li>\n<li style='margin-bottom: 5px;'><strong>Conexi\u00f3n LTE:<\/strong> Bandas 2 (1900MHz)&comma; 4 (1700MHz)&comma; 5 (850MHz)&comma; 12 (700MHz)<\/li>\n<li style='margin-bottom: 5px;'><strong>Categor\u00eda LTE:<\/strong> 4 (150Mbps Downlink&comma; 50Mbps Uplink)<\/li>\n<\/ul><\/div>\n<\/p><\/div>\n<div style='flex: 1 1 250px; border: 1px solid rgba(150&comma; 150&comma; 150&comma; 0.3); border-radius: 8px; overflow: hidden; display: flex; flex-direction: column;'>\n<div style='padding: 15px; border-bottom: 1px solid rgba(150&comma; 150&comma; 150&comma; 0.2); font-weight: bold; font-size: 16px; background-color: rgba(150&comma; 150&comma; 150&comma; 0.05); color: inherit;'>Alimentaci\u00f3n<\/div>\n<div style='padding: 15px; color: inherit;'>\n<ul style='padding-left: 20px; margin: 0; font-size: 14px; list-style-type: disc;'>\n<li style='margin-bottom: 5px;'><strong>PoE:<\/strong> 802.3af\/at<\/li>\n<li style='margin-bottom: 5px;'><strong>Tensi\u00f3n de entrada:<\/strong> 12-57 V<\/li>\n<li style='margin-bottom: 5px;'><strong>N\u00famero de entradas DC:<\/strong> 1 (PoE-IN)<\/li>\n<li style='margin-bottom: 5px;'><strong>Consumo m\u00e1ximo:<\/strong> 6 W<\/li>\n<\/ul><\/div>\n<\/p><\/div>\n<\/p><\/div>\n<\/p><\/div>\n<p> <!-- Accesorios --> <\/p>\n<div style='margin-bottom: 30px;'>\n<h2 style='font-size: 24px; margin: 0 0 20px 0; padding: 0; border-bottom: 2px solid rgba(150&comma; 150&comma; 150&comma; 0.3); color: inherit; opacity: 0.8;'>Accesorios que incluye<\/h2>\n<div style='display: grid; grid-template-columns: repeat(auto-fill&comma; minmax(140px&comma; 1fr)); gap: 20px;'>\n<div style='text-align: center; padding: 10px; border: 1px solid rgba(150&comma; 150&comma; 150&comma; 0.2); border-radius: 8px; background-color: rgba(150&comma; 150&comma; 150&comma; 0.03);'> <a href='https:\/\/i.mt.lv\/cdn\/rb_images\/part171391162306m.jpg' style='color: inherit; text-decoration: none;'> <img style='width: 100%; height: auto; border: 1px solid rgba(150&comma;150&comma;150&comma;0.3); border-radius: 8px;' src='https:\/\/i.mt.lv\/cdn\/rb_images\/part171391162306s.jpg' alt='24V 0.38A power adapter'> <\/p>\n<p style='margin: 10px 0 0 0; font-size: 14px; color: inherit; opacity: 0.9;'>24V 0.38A power adapter<\/p>\n<p> <\/a> <\/div>\n<div style='text-align: center; padding: 10px; border: 1px solid rgba(150&comma; 150&comma; 150&comma; 0.2); border-radius: 8px; background-color: rgba(150&comma; 150&comma; 150&comma; 0.03);'> <a href='https:\/\/i.mt.lv\/cdn\/rb_images\/part81391162677m.jpg' style='color: inherit; text-decoration: none;'> <img style='width: 100%; height: auto; border: 1px solid rgba(150&comma;150&comma;150&comma;0.3); border-radius: 8px;' src='https:\/\/i.mt.lv\/cdn\/rb_images\/part81391162677s.jpg' alt='Metal rings (two)'> <\/p>\n<p style='margin: 10px 0 0 0; font-size: 14px; color: inherit; opacity: 0.9;'>Metal rings (two)<\/p>\n<p> <\/a> <\/div>\n<div style='text-align: center; padding: 10px; border: 1px solid rgba(150&comma; 150&comma; 150&comma; 0.2); border-radius: 8px; background-color: rgba(150&comma; 150&comma; 150&comma; 0.03);'> <a href='https:\/\/i.mt.lv\/cdn\/rb_images\/part101391160012m.jpg' style='color: inherit; text-decoration: none;'> <img style='width: 100%; height: auto; border: 1px solid rgba(150&comma;150&comma;150&comma;0.3); border-radius: 8px;' src='https:\/\/i.mt.lv\/cdn\/rb_images\/part101391160012s.jpg' alt='PoE injector'> <\/p>\n<p style='margin: 10px 0 0 0; font-size: 14px; color: inherit; opacity: 0.9;'>PoE injector<\/p>\n<p> <\/a> <\/div>\n<div style='text-align: center; padding: 10px; border: 1px solid rgba(150&comma; 150&comma; 150&comma; 0.2); border-radius: 8px; background-color: rgba(150&comma; 150&comma; 150&comma; 0.03);'> <a href='https:\/\/i.mt.lv\/cdn\/rb_images\/part611491991806m.jpg' style='color: inherit; text-decoration: none;'> <img style='width: 100%; height: auto; border: 1px solid rgba(150&comma;150&comma;150&comma;0.3); border-radius: 8px;' src='https:\/\/i.mt.lv\/cdn\/rb_images\/part611491991806s.jpg' alt='K-LHG kit'> <\/p>\n<p style='margin: 10px 0 0 0; font-size: 14px; color: inherit; opacity: 0.9;'>K-LHG kit<\/p>\n<p> <\/a> <\/div>\n<\/p><\/div>\n<\/p><\/div>\n<p> <!-- Separador final --> <\/p>\n<hr style='border: 0; border-top: 1px solid rgba(150&comma; 150&comma; 150&comma; 0.3); margin: 30px 0;'> <\/div>\n","protected":false},"excerpt":{"rendered":"<p>(RBLHGR &#038; R11e-LTE-US) Cliente 3G\/4G\/LTE  con Antena Integrada de Alta Ganancia de 17 dBi, Bandas(2,4,5,12)<\/p>\n","protected":false},"featured_media":78494,"comment_status":"open","ping_status":"closed","template":"","meta":[],"product_brand":[],"product_cat":[1552,2108],"product_tag":[1535,1553,643,1480],"class_list":{"0":"post-78495","1":"product","2":"type-product","3":"status-publish","4":"has-post-thumbnail","6":"product_cat-cobertura-para-celular-4g-lte","7":"product_cat-routers-4g-lte-3g-3g-y-voz","8":"product_tag-3g-y-voz","9":"product_tag-cobertura-para-celular-4g-lte","10":"product_tag-mikrotik","11":"product_tag-routers-4g-lte-3g","13":"first","14":"outofstock","15":"sale","16":"shipping-taxable","17":"purchasable","18":"product-type-simple"},"_links":{"self":[{"href":"https:\/\/soydeaqui.ddns.net\/pachuca\/index.php\/wp-json\/wp\/v2\/product\/78495","targetHints":{"allow":["GET"]}}],"collection":[{"href":"https:\/\/soydeaqui.ddns.net\/pachuca\/index.php\/wp-json\/wp\/v2\/product"}],"about":[{"href":"https:\/\/soydeaqui.ddns.net\/pachuca\/index.php\/wp-json\/wp\/v2\/types\/product"}],"replies":[{"embeddable":true,"href":"https:\/\/soydeaqui.ddns.net\/pachuca\/index.php\/wp-json\/wp\/v2\/comments?post=78495"}],"wp:featuredmedia":[{"embeddable":true,"href":"https:\/\/soydeaqui.ddns.net\/pachuca\/index.php\/wp-json\/wp\/v2\/media\/78494"}],"wp:attachment":[{"href":"https:\/\/soydeaqui.ddns.net\/pachuca\/index.php\/wp-json\/wp\/v2\/media?parent=78495"}],"wp:term":[{"taxonomy":"product_brand","embeddable":true,"href":"https:\/\/soydeaqui.ddns.net\/pachuca\/index.php\/wp-json\/wp\/v2\/product_brand?post=78495"},{"taxonomy":"product_cat","embeddable":true,"href":"https:\/\/soydeaqui.ddns.net\/pachuca\/index.php\/wp-json\/wp\/v2\/product_cat?post=78495"},{"taxonomy":"product_tag","embeddable":true,"href":"https:\/\/soydeaqui.ddns.net\/pachuca\/index.php\/wp-json\/wp\/v2\/product_tag?post=78495"}],"curies":[{"name":"wp","href":"https:\/\/api.w.org\/{rel}","templated":true}]}}