{"id":78487,"date":"2026-03-19T16:43:06","date_gmt":"2026-03-19T16:43:06","guid":{"rendered":"https:\/\/soydeaqui.ddns.net\/pachuca\/index.php\/producto\/nanostation-airmax-loco5ac-cpe-hasta-450-mbps-5-ghz-5150-5875-mhz-con-antena-integrada-de-13-dbi-no-incluye-adaptador-poe\/"},"modified":"2026-03-19T16:43:21","modified_gmt":"2026-03-19T16:43:21","slug":"nanostation-airmax-loco5ac-cpe-hasta-450-mbps-5-ghz-5150-5875-mhz-con-antena-integrada-de-13-dbi-no-incluye-adaptador-poe","status":"publish","type":"product","link":"https:\/\/soydeaqui.ddns.net\/pachuca\/index.php\/producto\/nanostation-airmax-loco5ac-cpe-hasta-450-mbps-5-ghz-5150-5875-mhz-con-antena-integrada-de-13-dbi-no-incluye-adaptador-poe\/","title":{"rendered":"NanoStation airMAX Loco5AC CPE hasta 450 Mbps, 5 GHz (5150 &#8211; 5875 MHz), con antena integrada de 13 dBi, no incluye adaptador PoE"},"content":{"rendered":"<div style='width: 100%; max-width: 1200px; margin: 0 auto; font-family: sans-serif; line-height: 1.6; color: inherit; background-color: transparent;'> <!-- Secci\u00f3n de caracter\u00edsticas --> <\/p>\n<div style='display: flex; flex-wrap: wrap; gap: 30px; margin-bottom: 30px;'>\n<div style='flex: 1 1 300px; min-width: 280px;'>\n<h3 style='font-size: 22px; border-bottom: 2px solid currentColor; padding-bottom: 5px; margin-top: 0; color: inherit; opacity: 0.8;'>Puertos<\/h3>\n<ul style='padding-left: 20px; font-size: 15px; color: inherit;'>\n<li style='margin-bottom: 5px;'>1 puerto de datos 10\/100\/1000 Mbps<\/li>\n<\/ul><\/div>\n<div style='flex: 1 1 300px; min-width: 280px;'>\n<h3 style='font-size: 22px; border-bottom: 2px solid currentColor; padding-bottom: 5px; margin-top: 0; color: inherit; opacity: 0.8;'>Sistema Operativo<\/h3>\n<ul style='padding-left: 20px; font-size: 15px; color: inherit;'>\n<li style='margin-bottom: 5px;'>airOS\u00ae 8<\/li>\n<\/ul><\/div>\n<div style='flex: 1 1 300px; min-width: 280px;'>\n<h3 style='font-size: 22px; border-bottom: 2px solid currentColor; padding-bottom: 5px; margin-top: 0; color: inherit; opacity: 0.8;'>Modos de Operaci\u00f3n<\/h3>\n<ul style='padding-left: 20px; font-size: 15px; color: inherit;'>\n<li style='margin-bottom: 5px;'>Access Point<\/li>\n<li style='margin-bottom: 5px;'>Estaci\u00f3n<\/li>\n<\/ul><\/div>\n<\/p><\/div>\n<p> <!-- Secci\u00f3n de especificaciones --> <\/p>\n<div style='display: flex; flex-wrap: wrap; gap: 20px; margin-bottom: 30px;'>\n<div style='flex: 1 1 250px; border: 1px solid rgba(150&comma; 150&comma; 150&comma; 0.4); border-radius: 8px; overflow: hidden; display: flex; flex-direction: column;'>\n<div style='padding: 15px; border-bottom: 1px solid rgba(150&comma; 150&comma; 150&comma; 0.2); font-weight: bold; font-size: 18px; color: inherit;'>Caracter\u00edsticas<\/div>\n<div style='padding: 15px; color: inherit;'>\n<ul style='padding-left: 20px; margin: 0; font-size: 14px; list-style-type: disc;'>\n<li style='margin-bottom: 5px;'>Anchos de canal ajustable<\/li>\n<ul style='margin-top: 5px; margin-bottom: 15px; padding-left: 30px; list-style-type: lower-alpha;'>\n<li style='margin-bottom: 5px;'>PtP: 10\/20\/30\/40\/50\/60\/80 MHz<\/li>\n<li style='margin-bottom: 5px;'>PtMP: 10\/20\/30\/40 MHz<\/li>\n<\/ul>\n<li style='margin-bottom: 5px;'>Rango de operaci\u00f3n (5150 &#8211; 5875 MHz) depende del pa\u00eds<\/li>\n<li style='margin-bottom: 5px;'>Procesador Atheros MIPS<\/li>\n<li style='margin-bottom: 5px;'>Fuerte seguridad WPA2 AES<\/li>\n<li style='margin-bottom: 5px;'>Elegante dise\u00f1o industrial<\/li>\n<li style='margin-bottom: 5px;'>Montaje vers\u00e1til<\/li>\n<li style='margin-bottom: 5px;'>F\u00e1cil de instalar<\/li>\n<li style='margin-bottom: 5px;'>Procesamiento superior<\/li>\n<\/ul><\/div>\n<\/p><\/div>\n<div style='flex: 1 1 250px; border: 1px solid rgba(150&comma; 150&comma; 150&comma; 0.4); border-radius: 8px; overflow: hidden; display: flex; flex-direction: column;'>\n<div style='padding: 15px; border-bottom: 1px solid rgba(150&comma; 150&comma; 150&comma; 0.2); font-weight: bold; font-size: 18px; color: inherit;'>Caracter\u00edsticas F\u00edsicas y El\u00e9ctricas<\/div>\n<div style='padding: 15px; color: inherit;'>\n<ul style='padding-left: 20px; margin: 0; font-size: 14px; list-style-type: disc;'>\n<li style='margin-bottom: 5px;'>Alimentaci\u00f3n: 24 VDC&comma; 0.3 A (No Incluido&comma; recomendado <a href='https:\/\/www.syscom.mx\/principal\/searchcont?route=POE-24-7W-G-WH-UBIQUITI-NETWORKS-193789&#038;autodetect=POE-24-7W-G-WH' style='color: inherit; text-decoration: none; font-weight: bold;'>POE-24-7W-G-WH<\/a>)<\/li>\n<li style='margin-bottom: 5px;'>Dimensiones: 179 x 77.5 x 59.1 mm<\/li>\n<li style='margin-bottom: 5px;'>Peso: 180 g<\/li>\n<li style='margin-bottom: 5px;'>Temperatura de Operaci\u00f3n: -40 a 70 \u00b0C<\/li>\n<\/ul><\/div>\n<\/p><\/div>\n<\/p><\/div>\n<p> <!-- Secci\u00f3n de garant\u00eda --> <\/p>\n<div style='display: flex; flex-wrap: wrap; gap: 30px; margin-bottom: 30px;'>\n<div style='flex: 1 1 300px; min-width: 280px;'>\n<h3 style='font-size: 22px; border-bottom: 2px solid currentColor; padding-bottom: 5px; margin-top: 0; color: inherit; opacity: 0.8;'>Garant\u00eda<\/h3>\n<ul style='padding-left: 20px; font-size: 15px; color: inherit;'>\n<li style='margin-bottom: 5px;'>1 A\u00f1o<\/li>\n<\/ul><\/div>\n<\/p><\/div>\n<p> <!-- Secci\u00f3n de im\u00e1genes --> <\/p>\n<div style='display: flex; flex-wrap: wrap; gap: 30px; margin-bottom: 30px; justify-content: center;'>\n<div style='flex: 1 1 300px; min-width: 280px; text-align: center;'>\n<h3 style='font-size: 22px; margin-top: 0; color: inherit; opacity: 0.8; text-align: center;'>Radio Wi-Fi de administraci\u00f3n a trav\u00e9s de USIP app<\/h3>\n<\/p><\/div>\n<\/p><\/div>\n<div style='display: flex; flex-wrap: wrap; gap: 30px; margin-bottom: 30px; justify-content: center;'>\n<div style='flex: 1 1 300px; min-width: 280px; text-align: center;'>\n<h3 style='font-size: 22px; margin-top: 0; color: inherit; opacity: 0.8; text-align: center;'>Protecci\u00f3n contra descargas electrost\u00e1ticas mejorada<\/h3>\n<\/p><\/div>\n<\/p><\/div>\n<div style='display: flex; flex-wrap: wrap; gap: 30px; margin-bottom: 30px; justify-content: center;'>\n<div style='flex: 1 1 300px; min-width: 280px; text-align: center;'> <img style='width: 100%; height: auto; border: 1px solid rgba(150&comma;150&comma;150&comma;0.3); border-radius: 8px; max-width: 350px;' src='https:\/\/ftp3.syscom.mx\/usuarios\/adiaz\/UBNT\/NS5ACL\/surge.PNG' alt=''> <\/div>\n<\/p><\/div>\n<div style='display: flex; flex-wrap: wrap; gap: 30px; margin-bottom: 30px; justify-content: center;'>\n<div style='flex: 1 1 300px; min-width: 280px; text-align: center;'>\n<h3 style='font-size: 22px; margin-top: 0; color: inherit; opacity: 0.8; text-align: center;'>Rendimiento Avanzado<\/h3>\n<\/p><\/div>\n<\/p><\/div>\n<div style='display: flex; flex-wrap: wrap; gap: 30px; margin-bottom: 30px; justify-content: center;'>\n<div style='flex: 1 1 300px; min-width: 280px; text-align: center;'> <img style='width: 100%; height: auto; border: 1px solid rgba(150&comma;150&comma;150&comma;0.3); border-radius: 8px; max-width: 496px;' src='https:\/\/ftp3.syscom.mx\/usuarios\/adiaz\/UBNT\/PBE5ACGEN2\/267799930.gif' alt=''> <\/div>\n<\/p><\/div>\n<p> <!-- Separador final --> <\/p>\n<hr style='border: 0; border-top: 1px solid rgba(150&comma; 150&comma; 150&comma; 0.3); margin: 30px 0;'> <\/div>\n","protected":false},"excerpt":{"rendered":"<p>NanoStation airMAX Loco5AC CPE hasta 450 Mbps, 5 GHz (5150 &#8211; 5875 MHz), con antena integrada de 13 dBi, no incluye adaptador PoE<\/p>\n","protected":false},"featured_media":78486,"comment_status":"open","ping_status":"closed","template":"","meta":[],"product_brand":[],"product_cat":[1998],"product_tag":[1999,1980,166],"class_list":{"0":"post-78487","1":"product","2":"type-product","3":"status-publish","4":"has-post-thumbnail","6":"product_cat-5-y-6-ghz","7":"product_tag-5-y-6-ghz","8":"product_tag-enlaces-ptp-y-ptmp","9":"product_tag-ubiquiti","11":"first","12":"instock","13":"sale","14":"shipping-taxable","15":"purchasable","16":"product-type-simple"},"_links":{"self":[{"href":"https:\/\/soydeaqui.ddns.net\/pachuca\/index.php\/wp-json\/wp\/v2\/product\/78487","targetHints":{"allow":["GET"]}}],"collection":[{"href":"https:\/\/soydeaqui.ddns.net\/pachuca\/index.php\/wp-json\/wp\/v2\/product"}],"about":[{"href":"https:\/\/soydeaqui.ddns.net\/pachuca\/index.php\/wp-json\/wp\/v2\/types\/product"}],"replies":[{"embeddable":true,"href":"https:\/\/soydeaqui.ddns.net\/pachuca\/index.php\/wp-json\/wp\/v2\/comments?post=78487"}],"wp:featuredmedia":[{"embeddable":true,"href":"https:\/\/soydeaqui.ddns.net\/pachuca\/index.php\/wp-json\/wp\/v2\/media\/78486"}],"wp:attachment":[{"href":"https:\/\/soydeaqui.ddns.net\/pachuca\/index.php\/wp-json\/wp\/v2\/media?parent=78487"}],"wp:term":[{"taxonomy":"product_brand","embeddable":true,"href":"https:\/\/soydeaqui.ddns.net\/pachuca\/index.php\/wp-json\/wp\/v2\/product_brand?post=78487"},{"taxonomy":"product_cat","embeddable":true,"href":"https:\/\/soydeaqui.ddns.net\/pachuca\/index.php\/wp-json\/wp\/v2\/product_cat?post=78487"},{"taxonomy":"product_tag","embeddable":true,"href":"https:\/\/soydeaqui.ddns.net\/pachuca\/index.php\/wp-json\/wp\/v2\/product_tag?post=78487"}],"curies":[{"name":"wp","href":"https:\/\/api.w.org\/{rel}","templated":true}]}}