{"id":78476,"date":"2026-03-19T16:42:41","date_gmt":"2026-03-19T16:42:41","guid":{"rendered":"https:\/\/soydeaqui.ddns.net\/pachuca\/index.php\/producto\/switch-de-escritorio-no-administrable-8-puertos-gigabit-10-100-1000-mbps-tecnologia-de-ahorro-de-energia-de-hasta-un-40\/"},"modified":"2026-03-19T16:42:47","modified_gmt":"2026-03-19T16:42:47","slug":"switch-de-escritorio-no-administrable-8-puertos-gigabit-10-100-1000-mbps-tecnologia-de-ahorro-de-energia-de-hasta-un-40","status":"publish","type":"product","link":"https:\/\/soydeaqui.ddns.net\/pachuca\/index.php\/producto\/switch-de-escritorio-no-administrable-8-puertos-gigabit-10-100-1000-mbps-tecnologia-de-ahorro-de-energia-de-hasta-un-40\/","title":{"rendered":"Switch de Escritorio No Administrable, 8 Puertos Gigabit 10\/100\/1000 Mbps, Tecnolog\u00eda de Ahorro de Energ\u00eda de Hasta un 40%"},"content":{"rendered":"<div style='width: 100%; max-width: 1200px; margin: 0 auto; font-family: sans-serif; line-height: 1.6; color: inherit; background-color: transparent;'> <!-- Iconos de caracter\u00edsticas --> <\/p>\n<div style='display: flex; flex-wrap: wrap; justify-content: center; gap: 15px; margin: 30px 0;'> <img style='width: 40px; height: auto; border: 1px solid rgba(150&comma;150&comma;150&comma;0.3); border-radius: 8px;' src='https:\/\/www.planet.com.tw\/storage\/icons\/4icon_auto_nego.png' alt='Autonegociaci\u00f3n'> <img style='width: 40px; height: auto; border: 1px solid rgba(150&comma;150&comma;150&comma;0.3); border-radius: 8px;' src='https:\/\/www.planet.com.tw\/storage\/icons\/7icon_10M_100M_1000M.png' alt='10M\/100M\/1000M'> <img style='width: 40px; height: auto; border: 1px solid rgba(150&comma;150&comma;150&comma;0.3); border-radius: 8px;' src='https:\/\/www.planet.com.tw\/storage\/icons\/5icon_auto.png' alt='MDI autom\u00e1tico\/MDI-X'> <img style='width: 40px; height: auto; border: 1px solid rgba(150&comma;150&comma;150&comma;0.3); border-radius: 8px;' src='https:\/\/www.planet.com.tw\/storage\/icons\/6icon_jumbo_frame.png' alt='MARCO gigante'> <img style='width: 40px; height: auto; border: 1px solid rgba(150&comma;150&comma;150&comma;0.3); border-radius: 8px;' src='https:\/\/www.planet.com.tw\/storage\/icons\/3Wall_mountable.png' alt='Montable en la pared'> <\/div>\n<p> <!-- Imagen principal --> <\/p>\n<div style='margin: 30px 0; text-align: center;'> <img style='width: 100%; max-width: 600px; height: auto; border: 1px solid rgba(150&comma;150&comma;150&comma;0.3); border-radius: 8px;' src='https:\/\/www.planet.com.tw\/storage\/products\/33635\/GSD-803v6_Rear-Panel-Introducton_L.gif' alt='Panel trasero del switch'> <\/div>\n<p> <!-- Secci\u00f3n de im\u00e1genes y descripci\u00f3n --> <\/p>\n<div style='display: flex; flex-wrap: wrap; gap: 30px; margin: 30px 0;'>\n<div style='flex: 1 1 300px; min-width: 280px;'> <img style='width: 100%; height: auto; border: 1px solid rgba(150&comma;150&comma;150&comma;0.3); border-radius: 8px;' src='https:\/\/www.planet.com.tw\/storage\/products\/33635\/GSD-803_804v4-2_L.gif' alt='Vista frontal del switch'> <\/div>\n<div style='flex: 1 1 300px; min-width: 280px;'>\n<div style='margin-bottom: 20px;'>\n<h3 style='font-size: 20px; border-bottom: 2px solid currentColor; padding-bottom: 5px; margin-top: 0; color: inherit; opacity: 0.8;'>Ahorro de energ\u00eda<\/h3>\n<p style='font-size: 15px; color: inherit;'>Incorpora dos tecnolog\u00edas avanzadas de redes ecol\u00f3gicas proporcionando un ahorro de energ\u00eda de hasta un 40%&comma; manteniendo un alto rendimiento de manera eficiente.<\/p>\n<\/p><\/div>\n<div style='margin-bottom: 20px;'>\n<h4 style='font-size: 18px; color: inherit; margin-top: 0;'>Ahorro de energ\u00eda de Hibernation Link Down<\/h4>\n<p style='font-size: 15px; color: inherit;'>Reduce autom\u00e1ticamente la energ\u00eda de un puerto determinado cuando no est\u00e1 en uso.<\/p>\n<\/p><\/div>\n<div style='margin-bottom: 20px;'>\n<h4 style='font-size: 18px; color: inherit; margin-top: 0;'>Escala inteligente de potencia basada en la longitud del cable<\/h4>\n<p style='font-size: 15px; color: inherit;'>Es un algoritmo inteligente que determina activamente el nivel de potencia adecuado en funci\u00f3n de la longitud del cable.<\/p>\n<\/p><\/div>\n<\/p><\/div>\n<\/p><\/div>\n<p> <!-- Especificaciones --> <\/p>\n<div style='display: flex; flex-wrap: wrap; gap: 20px; margin: 30px 0;'>\n<div style='flex: 1 1 250px; border: 1px solid rgba(150&comma; 150&comma; 150&comma; 0.4); border-radius: 8px; overflow: hidden; display: flex; flex-direction: column;'>\n<div style='padding: 15px; border-bottom: 1px solid rgba(150&comma; 150&comma; 150&comma; 0.2); font-weight: bold; font-size: 18px; color: inherit;'>Especificaci\u00f3n de hardware<\/div>\n<div style='padding: 15px; color: inherit;'>\n<ul style='padding-left: 20px; margin: 0; font-size: 14px; list-style-type: disc;'>\n<li style='margin-bottom: 5px;'><strong>Versi\u00f3n del hardware:<\/strong> 7<\/li>\n<li style='margin-bottom: 5px;'><strong>Puertos 10\/100\/1000BASE-T:<\/strong> 8 puertos MDI\/MDIX autom\u00e1ticos<\/li>\n<li style='margin-bottom: 5px;'><strong>Carcasa:<\/strong> Metal<\/li>\n<li style='margin-bottom: 5px;'><strong>Dimensiones:<\/strong> 155x86x26mm<\/li>\n<li style='margin-bottom: 5px;'><strong>Peso:<\/strong> 348g<\/li>\n<li style='margin-bottom: 5px;'><strong>Requisitos de alimentaci\u00f3n (adaptador de alimentaci\u00f3n externo):<\/strong> 5V CC&comma; 1A<\/li>\n<li style='margin-bottom: 5px;'><strong>Consumo de energ\u00eda:<\/strong> 3&comma;4 Watts\/11 BTU<\/li>\n<li style='margin-bottom: 5px;'><strong>Tabla de direcciones:<\/strong> 4K<\/li>\n<li style='margin-bottom: 5px;'><strong>Switch fabric:<\/strong> 16 Gbps<\/li>\n<\/ul><\/div>\n<\/p><\/div>\n<div style='flex: 1 1 250px; border: 1px solid rgba(150&comma; 150&comma; 150&comma; 0.4); border-radius: 8px; overflow: hidden; display: flex; flex-direction: column;'>\n<div style='padding: 15px; border-bottom: 1px solid rgba(150&comma; 150&comma; 150&comma; 0.2); font-weight: bold; font-size: 18px; color: inherit;'>Normas y Certificaciones<\/div>\n<div style='padding: 15px; color: inherit;'>\n<ul style='padding-left: 20px; margin: 0; font-size: 14px; list-style-type: disc;'>\n<li style='margin-bottom: 5px;'><strong>Cumplimiento de est\u00e1ndares:<\/strong><\/li>\n<ul style='padding-left: 25px; margin-top: 5px; margin-bottom: 10px; font-size: 14px; list-style-type: circle;'>\n<li style='margin-bottom: 3px;'>IEEE 802.3 (Ethernet)<\/li>\n<li style='margin-bottom: 3px;'>IEEE 802.3u (Fast Ethernet)<\/li>\n<li style='margin-bottom: 3px;'>IEEE 802.3ab (Gigabit Ethernet)<\/li>\n<li style='margin-bottom: 3px;'>IEEE 802.3x (Control de flujo d\u00faplex completo)<\/li>\n<li style='margin-bottom: 3px;'>IEEE 802.3az Energy Efficient Ethernet (EEE)<\/li>\n<\/ul>\n<li style='margin-bottom: 5px;'><strong>Cumplimiento de la normativa:<\/strong> FCC Parte 15 Clase B&comma; CE<\/li>\n<\/ul><\/div>\n<\/p><\/div>\n<div style='flex: 1 1 250px; border: 1px solid rgba(150&comma; 150&comma; 150&comma; 0.4); border-radius: 8px; overflow: hidden; display: flex; flex-direction: column;'>\n<div style='padding: 15px; border-bottom: 1px solid rgba(150&comma; 150&comma; 150&comma; 0.2); font-weight: bold; font-size: 18px; color: inherit;'>Condiciones Ambientales<\/div>\n<div style='padding: 15px; color: inherit;'>\n<ul style='padding-left: 20px; margin: 0; font-size: 14px; list-style-type: disc;'>\n<li style='margin-bottom: 5px;'><strong>Temperatura de funcionamiento:<\/strong> 0~50 grados C<\/li>\n<li style='margin-bottom: 5px;'><strong>Temperatura de almacenamiento:<\/strong> -10~70 grados C<\/li>\n<li style='margin-bottom: 5px;'><strong>Humedad de funcionamiento:<\/strong> 5~95 %<\/li>\n<li style='margin-bottom: 5px;'><strong>Humedad de almacenamiento:<\/strong> 5~95 % (sin condensaci\u00f3n)<\/li>\n<\/ul><\/div>\n<\/p><\/div>\n<div style='flex: 1 1 250px; border: 1px solid rgba(150&comma; 150&comma; 150&comma; 0.4); border-radius: 8px; overflow: hidden; display: flex; flex-direction: column;'>\n<div style='padding: 15px; border-bottom: 1px solid rgba(150&comma; 150&comma; 150&comma; 0.2); font-weight: bold; font-size: 18px; color: inherit;'>Contenido del paquete<\/div>\n<div style='padding: 15px; color: inherit;'>\n<ul style='padding-left: 20px; margin: 0; font-size: 14px; list-style-type: disc;'>\n<li style='margin-bottom: 5px;'>1 Switch GSD803<\/li>\n<li style='margin-bottom: 5px;'>1 Adaptador de corriente de 5 Vcc \/ 1 A<\/li>\n<li style='margin-bottom: 5px;'>1 Manual de usuario<\/li>\n<\/ul><\/div>\n<\/p><\/div>\n<\/p><\/div>\n<p> <!-- Separador final --> <\/p>\n<hr style='border: 0; border-top: 1px solid rgba(150&comma; 150&comma; 150&comma; 0.3); margin: 30px 0;'> <\/div>\n","protected":false},"excerpt":{"rendered":"<p>Switch de Escritorio No Administrable, 8 Puertos Gigabit 10\/100\/1000 Mbps, Tecnolog\u00eda de Ahorro de Energ\u00eda de Hasta un 40%<\/p>\n","protected":false},"featured_media":78475,"comment_status":"open","ping_status":"closed","template":"","meta":[],"product_brand":[],"product_cat":[1970],"product_tag":[664,2033,1971],"class_list":{"0":"post-78476","1":"product","2":"type-product","3":"status-publish","4":"has-post-thumbnail","6":"product_cat-switches","7":"product_tag-networking","8":"product_tag-planet","9":"product_tag-switches","11":"first","12":"instock","13":"sale","14":"shipping-taxable","15":"purchasable","16":"product-type-simple"},"_links":{"self":[{"href":"https:\/\/soydeaqui.ddns.net\/pachuca\/index.php\/wp-json\/wp\/v2\/product\/78476","targetHints":{"allow":["GET"]}}],"collection":[{"href":"https:\/\/soydeaqui.ddns.net\/pachuca\/index.php\/wp-json\/wp\/v2\/product"}],"about":[{"href":"https:\/\/soydeaqui.ddns.net\/pachuca\/index.php\/wp-json\/wp\/v2\/types\/product"}],"replies":[{"embeddable":true,"href":"https:\/\/soydeaqui.ddns.net\/pachuca\/index.php\/wp-json\/wp\/v2\/comments?post=78476"}],"wp:featuredmedia":[{"embeddable":true,"href":"https:\/\/soydeaqui.ddns.net\/pachuca\/index.php\/wp-json\/wp\/v2\/media\/78475"}],"wp:attachment":[{"href":"https:\/\/soydeaqui.ddns.net\/pachuca\/index.php\/wp-json\/wp\/v2\/media?parent=78476"}],"wp:term":[{"taxonomy":"product_brand","embeddable":true,"href":"https:\/\/soydeaqui.ddns.net\/pachuca\/index.php\/wp-json\/wp\/v2\/product_brand?post=78476"},{"taxonomy":"product_cat","embeddable":true,"href":"https:\/\/soydeaqui.ddns.net\/pachuca\/index.php\/wp-json\/wp\/v2\/product_cat?post=78476"},{"taxonomy":"product_tag","embeddable":true,"href":"https:\/\/soydeaqui.ddns.net\/pachuca\/index.php\/wp-json\/wp\/v2\/product_tag?post=78476"}],"curies":[{"name":"wp","href":"https:\/\/api.w.org\/{rel}","templated":true}]}}