{"id":78472,"date":"2026-03-19T16:42:33","date_gmt":"2026-03-19T16:42:33","guid":{"rendered":"https:\/\/soydeaqui.ddns.net\/pachuca\/index.php\/producto\/licencia-1-ano-para-awc-channel-blanket-p-10-aps\/"},"modified":"2026-03-19T16:42:35","modified_gmt":"2026-03-19T16:42:35","slug":"licencia-1-ano-para-awc-channel-blanket-p-10-aps","status":"publish","type":"product","link":"https:\/\/soydeaqui.ddns.net\/pachuca\/index.php\/producto\/licencia-1-ano-para-awc-channel-blanket-p-10-aps\/","title":{"rendered":"Licencia 1 A\u00f1o para AWC Channel Blanket \/ p 10 APs"},"content":{"rendered":"<div style='width: 100%; max-width: 1200px; margin: 0 auto; font-family: sans-serif; line-height: 1.6; color: inherit; background-color: transparent;'> <!-- T\u00edtulo principal --> <\/p>\n<div style='width: 100%; padding: 0;'>\n<h1 style='margin-top: 0; margin-bottom: 0.4em; font-weight: 400; line-height: 1.2em; font-size: calc(1.425rem + 2.1vw); color: inherit;'>Channel Blanket<\/h1>\n<\/p><\/div>\n<p> <!-- Contenido principal --> <\/p>\n<div style='width: 100%; padding: 0; margin-top: 20px;'>\n<p style='margin-top: 0; margin-bottom: 1rem; font-size: 1.25rem; line-height: 1.3em; margin-bottom: 0; color: inherit;'>Para permitir que las redes Wi-Fi de hoy en d\u00eda cumplan con los requisitos de alto rendimiento y acceso siempre activo&comma; se deben superar algunos desaf\u00edos clave: la interferencia del cocanal y la capacidad de los dispositivos de usuario para cambiar entre puntos de acceso.<\/p>\n<p style='margin-top: 0; margin-bottom: 1rem; color: inherit;'>La mayor\u00eda de las redes Wi-Fi tradicionales hoy en d\u00eda utilizan un enfoque multicanal&comma; en el que los puntos de acceso operan en una gama de canales fijos&comma; con una planificaci\u00f3n manual de canales para evitar la interferencia de cocanal y canales adyacentes entre los puntos de acceso cuyas se\u00f1ales de radio se superponen.<\/p>\n<p style='margin-top: 0; margin-bottom: 1rem; color: inherit;'>Allied Telesis ha desarrollado la tecnolog\u00eda Channel Blanket para resolver tanto la interferencia del canal como las limitaciones de itinerancia de las arquitecturas inal\u00e1mbricas multicanal&comma; al tiempo que reduce el coste y la complejidad de la implementaci\u00f3n. Channel Blanket es una arquitectura inal\u00e1mbrica de un solo canal y est\u00e1 habilitada por nuestro controlador Wi-Fi de control aut\u00f3nomo de ondas (AWC).<\/p>\n<p style='margin-top: 0; margin-bottom: 1rem; color: inherit;'>La principal diferencia entre las arquitecturas es el uso de los canales Wi-Fi. El multicanal utiliza todos los canales disponibles que se gestionan cuidadosamente para evitar interferencias&comma; mientras que un solo canal utiliza un canal inal\u00e1mbrico para crear una sola &#8216;manta&#8217; de cobertura inal\u00e1mbrica&comma; eliminando as\u00ed la interferencia.<\/p>\n<p> <!-- Imagen --> <\/p>\n<div style='margin: 20px 0;'> <img style='width: 100%; height: auto; border: 1px solid rgba(150&comma;150&comma;150&comma;0.3); border-radius: 8px;' src='https:\/\/www.alliedtelesis.com\/sites\/default\/files\/styles\/large_hq\/public\/image\/2021-07\/blanket.png.webp?itok=RTeAwYu2' alt=''> <\/div>\n<p> <!-- Requisitos --> <\/p>\n<div style='margin-top: 25px;'>\n<h3 style='font-size: 20px; border-bottom: 2px solid currentColor; padding-bottom: 5px; margin-top: 0; color: inherit; opacity: 0.8;'>Requiere:<\/h3>\n<ul style='padding-left: 20px; font-size: 15px; color: inherit; margin: 15px 0;'>\n<li style='margin-bottom: 5px;'>VISTA MANAGER EX<\/li>\n<li style='margin-bottom: 5px;'>AWC PLUGIN<\/li>\n<\/ul><\/div>\n<\/p><\/div>\n<\/p><\/div>\n","protected":false},"excerpt":{"rendered":"<p>Licencia 1 A\u00f1o para AWC Channel Blanket \/ p 10 APs<\/p>\n","protected":false},"featured_media":32,"comment_status":"open","ping_status":"closed","template":"","meta":[],"product_brand":[],"product_cat":[1996],"product_tag":[1995,1997,664],"class_list":{"0":"post-78472","1":"product","2":"type-product","3":"status-publish","4":"has-post-thumbnail","6":"product_cat-licencias-suscripciones","7":"product_tag-allied-telesis","8":"product_tag-licencias-suscripciones","9":"product_tag-networking","11":"first","12":"outofstock","13":"sale","14":"shipping-taxable","15":"purchasable","16":"product-type-simple"},"_links":{"self":[{"href":"https:\/\/soydeaqui.ddns.net\/pachuca\/index.php\/wp-json\/wp\/v2\/product\/78472","targetHints":{"allow":["GET"]}}],"collection":[{"href":"https:\/\/soydeaqui.ddns.net\/pachuca\/index.php\/wp-json\/wp\/v2\/product"}],"about":[{"href":"https:\/\/soydeaqui.ddns.net\/pachuca\/index.php\/wp-json\/wp\/v2\/types\/product"}],"replies":[{"embeddable":true,"href":"https:\/\/soydeaqui.ddns.net\/pachuca\/index.php\/wp-json\/wp\/v2\/comments?post=78472"}],"wp:featuredmedia":[{"embeddable":true,"href":"https:\/\/soydeaqui.ddns.net\/pachuca\/index.php\/wp-json\/wp\/v2\/media\/32"}],"wp:attachment":[{"href":"https:\/\/soydeaqui.ddns.net\/pachuca\/index.php\/wp-json\/wp\/v2\/media?parent=78472"}],"wp:term":[{"taxonomy":"product_brand","embeddable":true,"href":"https:\/\/soydeaqui.ddns.net\/pachuca\/index.php\/wp-json\/wp\/v2\/product_brand?post=78472"},{"taxonomy":"product_cat","embeddable":true,"href":"https:\/\/soydeaqui.ddns.net\/pachuca\/index.php\/wp-json\/wp\/v2\/product_cat?post=78472"},{"taxonomy":"product_tag","embeddable":true,"href":"https:\/\/soydeaqui.ddns.net\/pachuca\/index.php\/wp-json\/wp\/v2\/product_tag?post=78472"}],"curies":[{"name":"wp","href":"https:\/\/api.w.org\/{rel}","templated":true}]}}