{"id":78452,"date":"2026-03-19T16:41:45","date_gmt":"2026-03-19T16:41:45","guid":{"rendered":"https:\/\/soydeaqui.ddns.net\/pachuca\/index.php\/producto\/mgb-lx-v2-transceptor-mini-gbic-sfp-1g-lc-duplex-para-fibra-monomodo-20km\/"},"modified":"2026-03-19T16:41:53","modified_gmt":"2026-03-19T16:41:53","slug":"mgb-lx-v2-transceptor-mini-gbic-sfp-1g-lc-duplex-para-fibra-monomodo-20km","status":"publish","type":"product","link":"https:\/\/soydeaqui.ddns.net\/pachuca\/index.php\/producto\/mgb-lx-v2-transceptor-mini-gbic-sfp-1g-lc-duplex-para-fibra-monomodo-20km\/","title":{"rendered":"(MGB-LX v2) Transceptor Mini-GBIC SFP 1G LC Duplex para Fibra Monomodo 20Km"},"content":{"rendered":"<div style='width: 100%; max-width: 1200px; margin: 0 auto; font-family: sans-serif; line-height: 1.6; color: inherit; background-color: transparent;'> <!-- Secci\u00f3n de contenido con flex\/grid --> <\/p>\n<div style='display: flex; flex-wrap: wrap; gap: 30px; margin-bottom: 30px;'>\n<div style='flex: 1 1 300px; min-width: 280px;'>\n<ul style='padding-left: 20px; font-size: 15px; color: inherit;'>\n<li style='margin-bottom: 5px; list-style-type: disc; margin-top: 10px;'>La familia MGB consta de m\u00f3dulos de transceptor de factor de forma peque\u00f1o (SFP) que est\u00e1n dise\u00f1ados espec\u00edficamente para un enlace de datos d\u00faplex integrado de alto rendimiento a trav\u00e9s de fibra \u00f3ptica monomodo.<\/li>\n<li style='margin-bottom: 5px; list-style-type: disc;'>Estos m\u00f3dulos de transceptor cumplen con el Acuerdo de recursos m\u00faltiples de SFP (MSA) y se pueden conectar en caliente.<\/li>\n<li style='margin-bottom: 5px; list-style-type: disc;'>Estos m\u00f3dulos ofrecen una manera f\u00e1cil de instalarse en puertos compatibles con SFP MSA en cualquier momento sin la interrupci\u00f3n de la operaci\u00f3n del equipo host.<\/li>\n<li style='margin-bottom: 5px; list-style-type: disc;'>La familia MGB de m\u00f3dulos Gigabit Ethernet SFP Mini-GBIC se puede instalar en los productos PLANET Switch con interfaz SFP mini-GBIC.<\/li>\n<li style='margin-bottom: 5px; list-style-type: disc;'>La distancia de despliegue puede extenderse desde 100 metros (TP)&comma; 550 metros (multimodo&comma; LC) y hasta 120 kil\u00f3metros (modo \u00fanico&comma; LC).<\/li>\n<li style='margin-bottom: 5px; list-style-type: disc;'>Para satisfacer la creciente demanda de la soluci\u00f3n de fibra Industrial Ethernet&comma; Planet lanza los transceptores 1000BASE-SX \/ LX \/ BX de la serie MGB-T que pueden operar de manera confiable en entornos de alta temperatura&comma; clim\u00e1ticamente exigentes y amplios (-40 wide a 75 \u00e2\u201e\u0192) ambiente.<\/li>\n<li style='margin-bottom: 5px; list-style-type: disc;'>Los transceptores 1000BASE-SX \/ LX \/ BX de la serie MGB-T proporcionan una conexi\u00f3n 1000BASE-SX \/ LX \/ BX f\u00e1cil y r\u00e1pida para equipos industriales de amplia temperatura Planet.<\/li>\n<\/ul><\/div>\n<\/p><\/div>\n<p> <!-- Separador --> <\/p>\n<hr style='border: 0; border-top: 1px solid rgba(150&comma; 150&comma; 150&comma; 0.3); margin: 30px 0;'> <\/div>\n","protected":false},"excerpt":{"rendered":"<p>(MGB-LX v2) Transceptor Mini-GBIC SFP 1G LC Duplex para Fibra Monomodo 20Km<\/p>\n","protected":false},"featured_media":78451,"comment_status":"open","ping_status":"closed","template":"","meta":[],"product_brand":[],"product_cat":[663],"product_tag":[664,2033,665],"class_list":{"0":"post-78452","1":"product","2":"type-product","3":"status-publish","4":"has-post-thumbnail","6":"product_cat-transceptores-de-fibra","7":"product_tag-networking","8":"product_tag-planet","9":"product_tag-transceptores-de-fibra","11":"first","12":"instock","13":"sale","14":"shipping-taxable","15":"purchasable","16":"product-type-simple"},"_links":{"self":[{"href":"https:\/\/soydeaqui.ddns.net\/pachuca\/index.php\/wp-json\/wp\/v2\/product\/78452","targetHints":{"allow":["GET"]}}],"collection":[{"href":"https:\/\/soydeaqui.ddns.net\/pachuca\/index.php\/wp-json\/wp\/v2\/product"}],"about":[{"href":"https:\/\/soydeaqui.ddns.net\/pachuca\/index.php\/wp-json\/wp\/v2\/types\/product"}],"replies":[{"embeddable":true,"href":"https:\/\/soydeaqui.ddns.net\/pachuca\/index.php\/wp-json\/wp\/v2\/comments?post=78452"}],"wp:featuredmedia":[{"embeddable":true,"href":"https:\/\/soydeaqui.ddns.net\/pachuca\/index.php\/wp-json\/wp\/v2\/media\/78451"}],"wp:attachment":[{"href":"https:\/\/soydeaqui.ddns.net\/pachuca\/index.php\/wp-json\/wp\/v2\/media?parent=78452"}],"wp:term":[{"taxonomy":"product_brand","embeddable":true,"href":"https:\/\/soydeaqui.ddns.net\/pachuca\/index.php\/wp-json\/wp\/v2\/product_brand?post=78452"},{"taxonomy":"product_cat","embeddable":true,"href":"https:\/\/soydeaqui.ddns.net\/pachuca\/index.php\/wp-json\/wp\/v2\/product_cat?post=78452"},{"taxonomy":"product_tag","embeddable":true,"href":"https:\/\/soydeaqui.ddns.net\/pachuca\/index.php\/wp-json\/wp\/v2\/product_tag?post=78452"}],"curies":[{"name":"wp","href":"https:\/\/api.w.org\/{rel}","templated":true}]}}