{"id":7845,"date":"2026-03-18T07:01:27","date_gmt":"2026-03-18T07:01:27","guid":{"rendered":"https:\/\/soydeaqui.ddns.net\/pachuca\/index.php\/producto\/detector-de-movimiento-pasivo-cableado-con-funcion-anti-mascara-100exterior\/"},"modified":"2026-03-18T07:01:27","modified_gmt":"2026-03-18T07:01:27","slug":"detector-de-movimiento-pasivo-cableado-con-funcion-anti-mascara-100exterior","status":"publish","type":"product","link":"https:\/\/soydeaqui.ddns.net\/pachuca\/index.php\/producto\/detector-de-movimiento-pasivo-cableado-con-funcion-anti-mascara-100exterior\/","title":{"rendered":"Detector de Movimiento Pasivo \/ Cableado \/ Con Funcion Anti-mascara \/ 100%Exterior"},"content":{"rendered":"<div style='width: 100%; max-width: 1200px; margin: 0 auto; font-family: sans-serif; line-height: 1.6; color: inherit; background-color: transparent;'> <!-- Secci\u00f3n de descripci\u00f3n principal --> <\/p>\n<div style='margin-bottom: 30px; font-size: 15px; color: inherit;'>\n<p style='margin: 0 0 15px 0; text-align: justify;'>La serie VXI es nuestro producto m\u00e1s vendido en cuanto a alcance de sensores de detecci\u00f3n de intrusiones en exterior. Proporciona una detecci\u00f3n de entrada muy fiable con un alcance de hasta 12 metros para aplicaciones de residencias y comercios. El sensor que debe montarse a 1&comma;2 m de altura incluye dos PIR que ofrecen un \u00e1rea de detecci\u00f3n de doble capa. El sensor solo se activar\u00e1 cuando se activen ambas capas. Los sensores VXI tambi\u00e9n cuentan con an\u00e1lisis digital para evitar la activaci\u00f3n de falsas alarmas. Son resistentes al agua (clasificaci\u00f3n IP55) y disponen de protecci\u00f3n conductiva doble para reducir el impacto de la luz del sol. El VXI-AM es el modelo con cableado que dispone de antienmascaramiento.<\/p>\n<\/p><\/div>\n<p> <!-- Secci\u00f3n de aplicaciones --> <\/p>\n<div style='margin-bottom: 30px;'>\n<h3 style='font-size: 22px; border-bottom: 2px solid currentColor; padding-bottom: 5px; margin-top: 0; margin-bottom: 15px; color: inherit; opacity: 0.8;'>Aplicaciones<\/h3>\n<ul style='padding-left: 20px; font-size: 15px; color: inherit;'>\n<li style='margin-bottom: 5px;'>Edificios<\/li>\n<li style='margin-bottom: 5px;'>Acceso<\/li>\n<li style='margin-bottom: 5px;'>Casa<\/li>\n<li style='margin-bottom: 5px;'>Garage<\/li>\n<li style='margin-bottom: 5px;'>Entrada de coches<\/li>\n<\/ul><\/div>\n<p> <!-- Secci\u00f3n de caracter\u00edsticas --> <\/p>\n<div style='margin-bottom: 30px;'>\n<h3 style='font-size: 22px; border-bottom: 2px solid currentColor; padding-bottom: 5px; margin-top: 0; margin-bottom: 15px; color: inherit; opacity: 0.8;'>Caracteristicas<\/h3>\n<ul style='padding-left: 20px; font-size: 15px; color: inherit;'>\n<li style='margin-bottom: 5px;'>PIR de 12 m para detecci\u00f3n de entrada<\/li>\n<li style='margin-bottom: 5px;'>Tolerancia a mascotas y an\u00e1lisis digital<\/li>\n<li style='margin-bottom: 5px;'>Opci\u00f3n de resistencias de fin de l\u00ednea<\/li>\n<li style='margin-bottom: 5px;'>Antienmascaramiento de infrarrojo activo<\/li>\n<\/ul><\/div>\n<p> <!-- Secci\u00f3n de detalles adicionales --> <\/p>\n<div style='margin-bottom: 30px; font-size: 15px; color: inherit;'>\n<p style='margin: 0 0 15px 0; text-align: justify;'>Detecci\u00f3n digital de doble capa: tanto la zona de detecci\u00f3n superior como la inferior deben cruzarse para generar una alarma. Las detecciones se analizan de forma independiente para que se pueda filtrar una coincidencia enga\u00f1osa de eventos. Esta tecnolog\u00eda elimina virtualmente las detecciones de animales m\u00e1s peque\u00f1os en las instalaciones.<\/p>\n<p style='margin: 0 0 15px 0; text-align: justify;'><strong>Compatible con todas las marcas de paneles de alarma Honeywell&comma; DSC&comma; Pima&comma; Crow&comma; Paradox&comma; etc.<\/strong><\/p>\n<\/p><\/div>\n<p> <!-- Secci\u00f3n de imagen --> <\/p>\n<div style='margin-bottom: 30px;'> <img style='width: 100%; height: auto; border: 1px solid rgba(150&comma;150&comma;150&comma;0.3); border-radius: 8px;' src='https:\/\/www.milestonesys.com\/globalassets\/marketplace\/uploaded-assets\/0012000000r2hueaaq\/image_636821142814022621' alt=''> <\/div>\n<\/p><\/div>\n","protected":false},"excerpt":{"rendered":"<p>Detector de Movimiento Pasivo \/ Cableado \/ Con Funcion Anti-mascara \/ 100%Exterior<\/p>\n","protected":false},"featured_media":7844,"comment_status":"open","ping_status":"closed","template":"","meta":[],"product_brand":[],"product_cat":[202],"product_tag":[19,203,106],"class_list":{"0":"post-7845","1":"product","2":"type-product","3":"status-publish","4":"has-post-thumbnail","6":"product_cat-movimiento-para-exterior","7":"product_tag-detectores-sensores","8":"product_tag-movimiento-para-exterior","9":"product_tag-optex","11":"first","12":"outofstock","13":"sale","14":"shipping-taxable","15":"purchasable","16":"product-type-simple"},"_links":{"self":[{"href":"https:\/\/soydeaqui.ddns.net\/pachuca\/index.php\/wp-json\/wp\/v2\/product\/7845","targetHints":{"allow":["GET"]}}],"collection":[{"href":"https:\/\/soydeaqui.ddns.net\/pachuca\/index.php\/wp-json\/wp\/v2\/product"}],"about":[{"href":"https:\/\/soydeaqui.ddns.net\/pachuca\/index.php\/wp-json\/wp\/v2\/types\/product"}],"replies":[{"embeddable":true,"href":"https:\/\/soydeaqui.ddns.net\/pachuca\/index.php\/wp-json\/wp\/v2\/comments?post=7845"}],"wp:featuredmedia":[{"embeddable":true,"href":"https:\/\/soydeaqui.ddns.net\/pachuca\/index.php\/wp-json\/wp\/v2\/media\/7844"}],"wp:attachment":[{"href":"https:\/\/soydeaqui.ddns.net\/pachuca\/index.php\/wp-json\/wp\/v2\/media?parent=7845"}],"wp:term":[{"taxonomy":"product_brand","embeddable":true,"href":"https:\/\/soydeaqui.ddns.net\/pachuca\/index.php\/wp-json\/wp\/v2\/product_brand?post=7845"},{"taxonomy":"product_cat","embeddable":true,"href":"https:\/\/soydeaqui.ddns.net\/pachuca\/index.php\/wp-json\/wp\/v2\/product_cat?post=7845"},{"taxonomy":"product_tag","embeddable":true,"href":"https:\/\/soydeaqui.ddns.net\/pachuca\/index.php\/wp-json\/wp\/v2\/product_tag?post=7845"}],"curies":[{"name":"wp","href":"https:\/\/api.w.org\/{rel}","templated":true}]}}