{"id":78441,"date":"2026-03-19T16:41:20","date_gmt":"2026-03-19T16:41:20","guid":{"rendered":"https:\/\/soydeaqui.ddns.net\/pachuca\/index.php\/producto\/rb1100ahx4-dude-edition-13-puertos-gigabit-almacenamiento-m-2-60gb-para-base-de-datos-dude\/"},"modified":"2026-03-19T16:41:28","modified_gmt":"2026-03-19T16:41:28","slug":"rb1100ahx4-dude-edition-13-puertos-gigabit-almacenamiento-m-2-60gb-para-base-de-datos-dude","status":"publish","type":"product","link":"https:\/\/soydeaqui.ddns.net\/pachuca\/index.php\/producto\/rb1100ahx4-dude-edition-13-puertos-gigabit-almacenamiento-m-2-60gb-para-base-de-datos-dude\/","title":{"rendered":"RB1100AHx4 Dude Edition, 13 Puertos Gigabit, Almacenamiento M.2 60GB para Base de Datos Dude"},"content":{"rendered":"<div style='width: 100%; max-width: 1200px; margin: 0 auto; font-family: sans-serif; line-height: 1.6; color: inherit; background-color: transparent;'>\n<div style='display: flex; flex-wrap: wrap; gap: 30px; margin-bottom: 30px;'>\n<div style='flex: 1 1 300px; min-width: 280px;'>\n<h3 style='font-size: 22px; border-bottom: 2px solid currentColor; padding-bottom: 5px; margin-top: 0; color: inherit; opacity: 0.8;'>Caracter\u00edsticas principales<\/h3>\n<ul style='padding-left: 20px; font-size: 15px; color: inherit;'>\n<li style='margin-bottom: 5px;'>CPU Annapurna Alpine AL21400 con 4 n\u00facleos Cortex A15 a 1&comma;4 GHz<\/li>\n<li style='margin-bottom: 5px;'>Rendimiento m\u00e1ximo de hasta 7&comma;5 Gbps<\/li>\n<li style='margin-bottom: 5px;'>Aceleraci\u00f3n de hardware IPsec (hasta 2&comma;2 Gbps con AES128)<\/li>\n<li style='margin-bottom: 5px;'>Carcasa de montaje en rack de 1U<\/li>\n<li style='margin-bottom: 5px;'>13 puertos Gigabit Ethernet<\/li>\n<li style='margin-bottom: 5px;'>Puerto serie RS232<\/li>\n<li style='margin-bottom: 5px;'>Fuentes de alimentaci\u00f3n redundantes duales<\/li>\n<li style='margin-bottom: 5px;'>Soporta -48v DC y 802.3at\/af<\/li>\n<li style='margin-bottom: 5px;'>2 conectores SATA y 2 M.2 para almacenamiento<\/li>\n<li style='margin-bottom: 5px;'>Incluye SSD M.2 de 60 GB<\/li>\n<\/ul><\/div>\n<\/p><\/div>\n<div style='display: flex; flex-wrap: wrap; gap: 20px; margin-bottom: 30px;'>\n<div style='flex: 1 1 250px; border: 1px solid rgba(150&comma; 150&comma; 150&comma; 0.4); border-radius: 8px; overflow: hidden; display: flex; flex-direction: column;'>\n<div style='padding: 15px; border-bottom: 1px solid rgba(150&comma; 150&comma; 150&comma; 0.2); font-weight: bold; font-size: 18px; color: inherit;'>Especificaciones<\/div>\n<div style='padding: 15px; color: inherit;'>\n<ul style='padding-left: 20px; margin: 0; font-size: 14px; list-style-type: disc;'>\n<li style='margin-bottom: 5px;'><strong>C\u00f3digo de producto:<\/strong> RB1100Dx4<\/li>\n<li style='margin-bottom: 5px;'><strong>Arquitectura:<\/strong> ARM 32 bits<\/li>\n<li style='margin-bottom: 5px;'><strong>CPU:<\/strong> AL21400<\/li>\n<li style='margin-bottom: 5px;'><strong>N\u00facleos de CPU:<\/strong> 4<\/li>\n<li style='margin-bottom: 5px;'><strong>Frecuencia CPU:<\/strong> 1&comma;4 GHz<\/li>\n<li style='margin-bottom: 5px;'><strong>Chip de cambio:<\/strong> RTL8367<\/li>\n<li style='margin-bottom: 5px;'><strong>Dimensiones:<\/strong> 443 x 148 x 44 mm<\/li>\n<li style='margin-bottom: 5px;'><strong>Licencia RouterOS:<\/strong> Nivel 6<\/li>\n<li style='margin-bottom: 5px;'><strong>Sistema operativo:<\/strong> <a style='color: inherit; text-decoration: underline;' href='https:\/\/help.mikrotik.com\/docs\/display\/ROS\/RouterOS' target='_blank' rel='noopener'>RouterOS<\/a><\/li>\n<li style='margin-bottom: 5px;'><strong>RAM:<\/strong> 1 GB<\/li>\n<li style='margin-bottom: 5px;'><strong>Almacenamiento:<\/strong> 128 MB NAND<\/li>\n<li style='margin-bottom: 5px;'><strong>MTBF:<\/strong> Aprox. 200&comma;000 horas a 25\u00b0C<\/li>\n<li style='margin-bottom: 5px;'><strong>Temperatura:<\/strong> -40 \u00b0C a 70 \u00b0C<\/li>\n<li style='margin-bottom: 5px;'><strong>Aceleraci\u00f3n IPsec:<\/strong> S\u00ed<\/li>\n<\/ul><\/div>\n<\/p><\/div>\n<div style='flex: 1 1 250px; border: 1px solid rgba(150&comma; 150&comma; 150&comma; 0.4); border-radius: 8px; overflow: hidden; display: flex; flex-direction: column;'>\n<div style='padding: 15px; border-bottom: 1px solid rgba(150&comma; 150&comma; 150&comma; 0.2); font-weight: bold; font-size: 18px; color: inherit;'>Alimentaci\u00f3n<\/div>\n<div style='padding: 15px; color: inherit;'>\n<ul style='padding-left: 20px; margin: 0; font-size: 14px; list-style-type: disc;'>\n<li style='margin-bottom: 5px;'><strong>Entradas CA:<\/strong> 2<\/li>\n<li style='margin-bottom: 5px;'><strong>Entradas CC:<\/strong> 2 (PoE-IN)<\/li>\n<li style='margin-bottom: 15px;'><strong>Voltaje:<\/strong> -48&comma; 20-57 V<\/li>\n<li style='margin-bottom: 5px;'><strong>Consumo m\u00e1x:<\/strong> 33 W<\/li>\n<li style='margin-bottom: 5px;'><strong>Consumo sin accesorios:<\/strong> 25 W<\/li>\n<li style='margin-bottom: 5px;'><strong>Refrigeraci\u00f3n:<\/strong> Pasiva<\/li>\n<li style='margin-bottom: 5px;'><strong>PoE in:<\/strong> 802.3af\/at<\/li>\n<li style='margin-bottom: 5px;'><strong>Voltaje PoE in:<\/strong> 20-57 V<\/li>\n<\/ul><\/div>\n<\/p><\/div>\n<div style='flex: 1 1 250px; border: 1px solid rgba(150&comma; 150&comma; 150&comma; 0.4); border-radius: 8px; overflow: hidden; display: flex; flex-direction: column;'>\n<div style='padding: 15px; border-bottom: 1px solid rgba(150&comma; 150&comma; 150&comma; 0.2); font-weight: bold; font-size: 18px; color: inherit;'>Conectividad<\/div>\n<div style='padding: 15px; color: inherit;'>\n<ul style='padding-left: 20px; margin: 0; font-size: 14px; list-style-type: disc;'>\n<li style='margin-bottom: 5px;'><strong>Puertos Ethernet:<\/strong> 13x 10\/100\/1000<\/li>\n<li style='margin-bottom: 5px;'><strong>Almacenamiento:<\/strong> SSD M.2 60 GB<\/li>\n<li style='margin-bottom: 5px;'><strong>Tarjeta de memoria:<\/strong> microSD<\/li>\n<li style='margin-bottom: 5px;'><strong>Puertos SATA:<\/strong> 2x SATA3<\/li>\n<li style='margin-bottom: 5px;'><strong>Puerto serie:<\/strong> RS232<\/li>\n<li style='margin-bottom: 5px;'><strong>Ranuras M.2:<\/strong> 2<\/li>\n<\/ul><\/div>\n<\/p><\/div>\n<div style='flex: 1 1 250px; border: 1px solid rgba(150&comma; 150&comma; 150&comma; 0.4); border-radius: 8px; overflow: hidden; display: flex; flex-direction: column;'>\n<div style='padding: 15px; border-bottom: 1px solid rgba(150&comma; 150&comma; 150&comma; 0.2); font-weight: bold; font-size: 18px; color: inherit;'>Monitores<\/div>\n<div style='padding: 15px; color: inherit;'>\n<ul style='padding-left: 20px; margin: 0; font-size: 14px; list-style-type: disc;'>\n<li style='margin-bottom: 5px;'><strong>Monitor actual:<\/strong> S\u00ed<\/li>\n<li style='margin-bottom: 5px;'><strong>Monitor temperatura:<\/strong> S\u00ed<\/li>\n<li style='margin-bottom: 5px;'><strong>Monitor voltaje:<\/strong> S\u00ed<\/li>\n<li style='margin-bottom: 5px;'><strong>Beeper:<\/strong> S\u00ed<\/li>\n<\/ul><\/div>\n<\/p><\/div>\n<div style='flex: 1 1 250px; border: 1px solid rgba(150&comma; 150&comma; 150&comma; 0.4); border-radius: 8px; overflow: hidden; display: flex; flex-direction: column;'>\n<div style='padding: 15px; border-bottom: 1px solid rgba(150&comma; 150&comma; 150&comma; 0.2); font-weight: bold; font-size: 18px; color: inherit;'>Certificaciones<\/div>\n<div style='padding: 15px; color: inherit;'>\n<ul style='padding-left: 20px; margin: 0; font-size: 14px; list-style-type: disc;'>\n<li style='margin-bottom: 5px;'><strong>Certificaciones:<\/strong> CE&comma; EAC&comma; ROHS<\/li>\n<li style='margin-bottom: 5px;'><strong>Clase IP:<\/strong> IP20<\/li>\n<\/ul><\/div>\n<\/p><\/div>\n<\/p><\/div>\n<hr style='border: 0; border-top: 1px solid rgba(150&comma; 150&comma; 150&comma; 0.3); margin: 30px 0;'>\n<div style='display: flex; flex-wrap: wrap; gap: 30px; margin-bottom: 30px;'>\n<div style='flex: 1 1 300px; min-width: 280px;'>\n<h3 style='font-size: 22px; border-bottom: 2px solid currentColor; padding-bottom: 5px; margin-top: 0; color: inherit; opacity: 0.8;'>Piezas incluidas<\/h3>\n<div style='display: grid; grid-template-columns: repeat(auto-fill&comma; minmax(120px&comma; 1fr)); gap: 15px; padding: 10px 0;'>\n<div style='text-align: center;'> <img style='width: 100%; height: auto; border: 1px solid rgba(150&comma;150&comma;150&comma;0.3); border-radius: 8px;' src='https:\/\/i.mt.lv\/cdn\/rb_images\/part581491991594s.jpg' alt='Cables SATA'> <\/p>\n<div style='margin-top: 8px; font-size: 14px;'>Cables SATA<\/div>\n<\/p><\/div>\n<div style='text-align: center;'> <img style='width: 100%; height: auto; border: 1px solid rgba(150&comma;150&comma;150&comma;0.3); border-radius: 8px;' src='https:\/\/i.mt.lv\/cdn\/rb_images\/part381398168452s.jpg' alt='Orejas de rejilla'> <\/p>\n<div style='margin-top: 8px; font-size: 14px;'>Orejas de rejilla<\/div>\n<\/p><\/div>\n<div style='text-align: center;'> <img style='width: 100%; height: auto; border: 1px solid rgba(150&comma;150&comma;150&comma;0.3); border-radius: 8px;' src='https:\/\/i.mt.lv\/cdn\/rb_images\/part621495195098s.jpg' alt='SSD M.2'> <\/p>\n<div style='margin-top: 8px; font-size: 14px;'>SSD M.2 60 GB<\/div>\n<\/p><\/div>\n<div style='text-align: center;'> <img style='width: 100%; height: auto; border: 1px solid rgba(150&comma;150&comma;150&comma;0.3); border-radius: 8px;' src='https:\/\/i.mt.lv\/cdn\/rb_images\/part191632834972s.jpg' alt='Kit de tornillos'> <\/p>\n<div style='margin-top: 8px; font-size: 14px;'>Kit tornillos y pies<\/div>\n<\/p><\/div>\n<div style='text-align: center;'> <img style='width: 100%; height: auto; border: 1px solid rgba(150&comma;150&comma;150&comma;0.3); border-radius: 8px;' src='https:\/\/i.mt.lv\/cdn\/rb_images\/part741522226845s.jpg' alt='Cables IEC'> <\/p>\n<div style='margin-top: 8px; font-size: 14px;'>2x cables IEC<\/div>\n<\/p><\/div>\n<\/p><\/div>\n<\/p><\/div>\n<\/p><\/div>\n<div style='margin-top: 20px; font-size: 14px; color: inherit;'> <em>El dispositivo incluye sistema operativo preinstalado y licencia. No requiere compra adicional y est\u00e1 listo para usar. Incluye actualizaciones de software gratuitas durante la vida \u00fatil del producto o m\u00ednimo 5 a\u00f1os desde su compra.<\/em> <\/div>\n<div style='margin-top: 40px;'> <img style='width: 100%; height: auto; border: 1px solid rgba(150&comma;150&comma;150&comma;0.3); border-radius: 8px;' src='https:\/\/ftp3.syscom.mx\/usuarios\/raragon\/Imagenes_Generales\/Manuales_de_configuracion.jpg' alt='Manuales de configuraci\u00f3n'> <\/div>\n<div style='margin-top: 30px;'> <img style='width: 100%; height: auto; border: 1px solid rgba(150&comma;150&comma;150&comma;0.3); border-radius: 8px;' src='https:\/\/ftp3.syscom.mx\/usuarios\/fotos\/RB1100AHX4DE\/165431-rb1100ahx4de_banner.png' alt='RB1100AHx4 Dude Edition'> <\/div>\n<div style='margin-top: 40px;'>\n<h3 style='font-size: 22px; border-bottom: 2px solid currentColor; padding-bottom: 5px; margin-top: 0; color: inherit; opacity: 0.8;'>Resultados de prueba Ethernet<\/h3>\n<div style='overflow-x: auto; border: 1px solid rgba(150&comma;150&comma;150&comma;0.3); border-radius: 8px; margin-top: 20px;'>\n<table style='width: 100%; border-collapse: collapse; color: inherit;'>\n<thead style='background-color: rgba(150&comma;150&comma;150&comma;0.1);'>\n<tr>\n<th style='padding: 12px; border-bottom: 1px solid rgba(150&comma;150&comma;150&comma;0.3); text-align: left;' colspan='2'>RB1100Dx4<\/th>\n<th style='padding: 12px; border-bottom: 1px solid rgba(150&comma;150&comma;150&comma;0.3); text-align: left;' colspan='6'>AL21400 1G all port test<\/th>\n<\/tr>\n<tr>\n<th style='padding: 12px; border-bottom: 1px solid rgba(150&comma;150&comma;150&comma;0.3);'>Modo<\/th>\n<th style='padding: 12px; border-bottom: 1px solid rgba(150&comma;150&comma;150&comma;0.3);'>Configuraci\u00f3n<\/th>\n<th style='padding: 12px; border-bottom: 1px solid rgba(150&comma;150&comma;150&comma;0.3);' colspan='2'>1518 bytes<\/th>\n<th style='padding: 12px; border-bottom: 1px solid rgba(150&comma;150&comma;150&comma;0.3);' colspan='2'>512 bytes<\/th>\n<th style='padding: 12px; border-bottom: 1px solid rgba(150&comma;150&comma;150&comma;0.3);' colspan='2'>64 bytes<\/th>\n<\/tr>\n<\/thead>\n<tbody>\n<tr style='border-bottom: 1px solid rgba(150&comma;150&comma;150&comma;0.2);'>\n<td style='padding: 12px;'>Prueba<\/td>\n<td style='padding: 12px;'>1G todos los puertos<\/td>\n<td style='padding: 12px;'>1518<\/td>\n<td style='padding: 12px;'>100%<\/td>\n<td style='padding: 12px;'>512<\/td>\n<td style='padding: 12px;'>100%<\/td>\n<td style='padding: 12px;'>64<\/td>\n<td style='padding: 12px;'>100%<\/td>\n<\/tr>\n<\/tbody>\n<\/table><\/div>\n<\/p><\/div>\n<\/p><\/div>\n","protected":false},"excerpt":{"rendered":"<p>RB1100AHx4 Dude Edition, 13 Puertos Gigabit, Almacenamiento M.2 60GB para Base de Datos Dude<\/p>\n","protected":false},"featured_media":78440,"comment_status":"open","ping_status":"closed","template":"","meta":[],"product_brand":[],"product_cat":[2036,2035,2034],"product_tag":[2039,2038,643,664,2037],"class_list":{"0":"post-78441","1":"product","2":"type-product","3":"status-publish","4":"has-post-thumbnail","6":"product_cat-balanceadores","7":"product_cat-firewalls","8":"product_cat-routers","9":"product_tag-balanceadores","10":"product_tag-firewalls","11":"product_tag-mikrotik","12":"product_tag-networking","13":"product_tag-routers","15":"first","16":"instock","17":"sale","18":"shipping-taxable","19":"purchasable","20":"product-type-simple"},"_links":{"self":[{"href":"https:\/\/soydeaqui.ddns.net\/pachuca\/index.php\/wp-json\/wp\/v2\/product\/78441","targetHints":{"allow":["GET"]}}],"collection":[{"href":"https:\/\/soydeaqui.ddns.net\/pachuca\/index.php\/wp-json\/wp\/v2\/product"}],"about":[{"href":"https:\/\/soydeaqui.ddns.net\/pachuca\/index.php\/wp-json\/wp\/v2\/types\/product"}],"replies":[{"embeddable":true,"href":"https:\/\/soydeaqui.ddns.net\/pachuca\/index.php\/wp-json\/wp\/v2\/comments?post=78441"}],"wp:featuredmedia":[{"embeddable":true,"href":"https:\/\/soydeaqui.ddns.net\/pachuca\/index.php\/wp-json\/wp\/v2\/media\/78440"}],"wp:attachment":[{"href":"https:\/\/soydeaqui.ddns.net\/pachuca\/index.php\/wp-json\/wp\/v2\/media?parent=78441"}],"wp:term":[{"taxonomy":"product_brand","embeddable":true,"href":"https:\/\/soydeaqui.ddns.net\/pachuca\/index.php\/wp-json\/wp\/v2\/product_brand?post=78441"},{"taxonomy":"product_cat","embeddable":true,"href":"https:\/\/soydeaqui.ddns.net\/pachuca\/index.php\/wp-json\/wp\/v2\/product_cat?post=78441"},{"taxonomy":"product_tag","embeddable":true,"href":"https:\/\/soydeaqui.ddns.net\/pachuca\/index.php\/wp-json\/wp\/v2\/product_tag?post=78441"}],"curies":[{"name":"wp","href":"https:\/\/api.w.org\/{rel}","templated":true}]}}