{"id":7841,"date":"2026-03-18T07:01:24","date_gmt":"2026-03-18T07:01:24","guid":{"rendered":"https:\/\/soydeaqui.ddns.net\/pachuca\/index.php\/producto\/detector-de-movimiento-inalambrico-alimentacion-doble-tecnologia-pir-mw-100-exterior-funcion-anti-mascara\/"},"modified":"2026-03-18T07:01:24","modified_gmt":"2026-03-18T07:01:24","slug":"detector-de-movimiento-inalambrico-alimentacion-doble-tecnologia-pir-mw-100-exterior-funcion-anti-mascara","status":"publish","type":"product","link":"https:\/\/soydeaqui.ddns.net\/pachuca\/index.php\/producto\/detector-de-movimiento-inalambrico-alimentacion-doble-tecnologia-pir-mw-100-exterior-funcion-anti-mascara\/","title":{"rendered":"Detector de Movimiento \/ Inalambrico (Alimentaci\u00f3n) \/ Doble Tecnolog\u00eda (PIR &#038; MW) \/ 100% Exterior \/ Funci\u00f3n Anti-mascara"},"content":{"rendered":"<div style='width: 100%; max-width: 1200px; margin: 0 auto; font-family: sans-serif; line-height: 1.6; color: inherit; background-color: transparent;'>\n<div style='display: flex; flex-wrap: wrap; gap: 30px; margin-bottom: 30px;'>\n<div style='flex: 1 1 300px; min-width: 280px;'>\n<h3 style='font-size: 22px; border-bottom: 2px solid currentColor; padding-bottom: 5px; margin-top: 0; color: inherit; opacity: 0.8;'>Caracter\u00edsticas principales<\/h3>\n<ul style='padding-left: 20px; font-size: 15px; color: inherit;'>\n<li style='margin-bottom: 5px;'><strong>PIR\/Microondas:<\/strong> 12 m con pilas para detecci\u00f3n de entrada<\/li>\n<li style='margin-bottom: 5px;'><strong>An\u00e1lisis de se\u00f1ales:<\/strong> Digitales para una mayor fiabilidad<\/li>\n<li style='margin-bottom: 5px;'><strong>Compatibilidad:<\/strong> Adaptable a la mayor\u00eda de transmisores inal\u00e1mbricos<\/li>\n<li style='margin-bottom: 5px;'><strong>Anti-mascara:<\/strong> De infrarrojo activo<\/li>\n<li style='margin-bottom: 5px;'><strong>Alimentaci\u00f3n:<\/strong> CR123&comma; CR2 y 1\/2 AA<\/li>\n<\/ul><\/div>\n<div style='flex: 1 1 300px; min-width: 280px;'>\n<h3 style='font-size: 22px; border-bottom: 2px solid currentColor; padding-bottom: 5px; margin-top: 0; color: inherit; opacity: 0.8;'>Aplicaciones<\/h3>\n<ul style='padding-left: 20px; font-size: 15px; color: inherit;'>\n<li style='margin-bottom: 5px;'>Edificios<\/li>\n<li style='margin-bottom: 5px;'>Acceso<\/li>\n<li style='margin-bottom: 5px;'>Casa<\/li>\n<li style='margin-bottom: 5px;'>Garage<\/li>\n<li style='margin-bottom: 5px;'>Entrada de coches<\/li>\n<\/ul><\/div>\n<\/p><\/div>\n<div style='display: flex; flex-wrap: wrap; gap: 30px; margin-bottom: 30px;'>\n<div style='flex: 1 1 300px; min-width: 280px;'>\n<h3 style='font-size: 22px; border-bottom: 2px solid currentColor; padding-bottom: 5px; margin-top: 0; color: inherit; opacity: 0.8;'>An\u00e1lisis digital<\/h3>\n<p style='font-size: 15px; color: inherit;'> Los sensores VXI cuentan con un microprocesador digital que analiza las emisiones de infrarrojo recibidas y distingue las generadas por una persona de las que se generan por la luz del sol&comma; animales&comma; el vaiv\u00e9n de la vegetaci\u00f3n o las condiciones climatol\u00f3gicas. Esta inteligencia hace que el riesgo de que se generen falsas alarmas sea muy bajo. <\/p>\n<\/p><\/div>\n<div style='flex: 1 1 300px; min-width: 280px;'>\n<h3 style='font-size: 22px; border-bottom: 2px solid currentColor; padding-bottom: 5px; margin-top: 0; color: inherit; opacity: 0.8;'>Cobertura de detecci\u00f3n<\/h3>\n<p style='font-size: 15px; color: inherit;'> La longitud de detecci\u00f3n de los sensores VXI puede configurarse en 12 m&comma; 8&comma;5 m&comma; 6 m&comma; 5&comma;5 m o 2&comma;5 m para adaptarse a la configuraci\u00f3n del sitio. El sensor viene tambi\u00e9n con una selecci\u00f3n de plantillas de enmascaramiento precortadas para modificar las \u00e1reas de detecci\u00f3n y centrarse \u00fanicamente en los puntos de inter\u00e9s. <\/p>\n<\/p><\/div>\n<div style='flex: 1 1 300px; min-width: 280px;'>\n<h3 style='font-size: 22px; border-bottom: 2px solid currentColor; padding-bottom: 5px; margin-top: 0; color: inherit; opacity: 0.8;'>Tecnolog\u00eda inal\u00e1mbrica<\/h3>\n<p style='font-size: 15px; color: inherit;'> El sensor VXI-R puede recibir alimentaci\u00f3n de una gran variedad de pilas universales&comma; como CR123&comma; CR2 y 1\/2 AA. La carcasa puede adaptarse a la mayor\u00eda de transmisores de radio inal\u00e1mbricos disponibles en el mercado. Esto hace que resulte sencillo a\u00f1adir un sensor VXI en el cobertizo&comma; el garaje o cualquier otro edificio exterior y vincularlo con un sistema de detecci\u00f3n de intrusi\u00f3n inal\u00e1mbrico existente. <\/p>\n<p style='font-size: 15px; color: inherit; margin-top: 20px;'> Caja de bater\u00eda de conducto <a style='color: inherit; text-decoration: underline;' href='https:\/\/www.syscom.mx\/producto\/RBB-01-OPTEX-170173.html'>RBB01<\/a> (Opcional) para modelos con cable e inal\u00e1mbricos <\/p>\n<\/p><\/div>\n<\/p><\/div>\n<div style='margin-bottom: 30px;'> <img style='width: 100%; height: auto; border: 1px solid rgba(150&comma;150&comma;150&comma;0.3); border-radius: 8px;' src='https:\/\/www.milestonesys.com\/globalassets\/marketplace\/uploaded-assets\/0012000000r2hueaaq\/image_636821142814022621' alt=''> <\/div>\n<\/p><\/div>\n","protected":false},"excerpt":{"rendered":"<p>Detector de Movimiento \/ Inalambrico (Alimentaci\u00f3n) \/ Doble Tecnolog\u00eda (PIR &#038; MW) \/ 100% Exterior \/ Funci\u00f3n Anti-mascara<\/p>\n","protected":false},"featured_media":7840,"comment_status":"open","ping_status":"closed","template":"","meta":[],"product_brand":[],"product_cat":[202],"product_tag":[19,203,106],"class_list":{"0":"post-7841","1":"product","2":"type-product","3":"status-publish","4":"has-post-thumbnail","6":"product_cat-movimiento-para-exterior","7":"product_tag-detectores-sensores","8":"product_tag-movimiento-para-exterior","9":"product_tag-optex","11":"first","12":"outofstock","13":"sale","14":"shipping-taxable","15":"purchasable","16":"product-type-simple"},"_links":{"self":[{"href":"https:\/\/soydeaqui.ddns.net\/pachuca\/index.php\/wp-json\/wp\/v2\/product\/7841","targetHints":{"allow":["GET"]}}],"collection":[{"href":"https:\/\/soydeaqui.ddns.net\/pachuca\/index.php\/wp-json\/wp\/v2\/product"}],"about":[{"href":"https:\/\/soydeaqui.ddns.net\/pachuca\/index.php\/wp-json\/wp\/v2\/types\/product"}],"replies":[{"embeddable":true,"href":"https:\/\/soydeaqui.ddns.net\/pachuca\/index.php\/wp-json\/wp\/v2\/comments?post=7841"}],"wp:featuredmedia":[{"embeddable":true,"href":"https:\/\/soydeaqui.ddns.net\/pachuca\/index.php\/wp-json\/wp\/v2\/media\/7840"}],"wp:attachment":[{"href":"https:\/\/soydeaqui.ddns.net\/pachuca\/index.php\/wp-json\/wp\/v2\/media?parent=7841"}],"wp:term":[{"taxonomy":"product_brand","embeddable":true,"href":"https:\/\/soydeaqui.ddns.net\/pachuca\/index.php\/wp-json\/wp\/v2\/product_brand?post=7841"},{"taxonomy":"product_cat","embeddable":true,"href":"https:\/\/soydeaqui.ddns.net\/pachuca\/index.php\/wp-json\/wp\/v2\/product_cat?post=7841"},{"taxonomy":"product_tag","embeddable":true,"href":"https:\/\/soydeaqui.ddns.net\/pachuca\/index.php\/wp-json\/wp\/v2\/product_tag?post=7841"}],"curies":[{"name":"wp","href":"https:\/\/api.w.org\/{rel}","templated":true}]}}