{"id":78406,"date":"2026-03-19T16:39:58","date_gmt":"2026-03-19T16:39:58","guid":{"rendered":"https:\/\/soydeaqui.ddns.net\/pachuca\/index.php\/producto\/altavoz-de-gabinete-montaje-en-pared-color-blanco-fabricado-en-abs\/"},"modified":"2026-03-19T16:39:59","modified_gmt":"2026-03-19T16:39:59","slug":"altavoz-de-gabinete-montaje-en-pared-color-blanco-fabricado-en-abs","status":"publish","type":"product","link":"https:\/\/soydeaqui.ddns.net\/pachuca\/index.php\/producto\/altavoz-de-gabinete-montaje-en-pared-color-blanco-fabricado-en-abs\/","title":{"rendered":"Altavoz de Gabinete, Montaje en Pared, Color Blanco, Fabricado en ABS"},"content":{"rendered":"<div style='width: 100%; max-width: 1200px; margin: 0 auto; font-family: sans-serif; line-height: 1.6; color: inherit; background-color: transparent;'> <!-- Secci\u00f3n de caracter\u00edsticas principales --> <\/p>\n<div style='display: flex; flex-wrap: wrap; gap: 30px; margin-bottom: 30px;'>\n<div style='flex: 1 1 300px; min-width: 280px;'>\n<h3 style='font-size: 22px; border-bottom: 2px solid currentColor; padding-bottom: 5px; margin-top: 0; color: inherit; opacity: 0.8;'>Caracter\u00edsticas Principales<\/h3>\n<ul style='padding-left: 20px; font-size: 15px; color: inherit;'>\n<li style='margin-bottom: 5px;'>Cono a prueba de agua<\/li>\n<li style='margin-bottom: 5px;'>Rendimiento de audio potente y l\u00facido<\/li>\n<li style='margin-bottom: 5px;'>Apto en condiciones h\u00famedas<\/li>\n<li style='margin-bottom: 5px;'>Dise\u00f1o elegante<\/li>\n<li style='margin-bottom: 5px;'>Ajuste de potencia simple<\/li>\n<li style='margin-bottom: 5px;'>Caja de ABS de alta resistencia y resistente al fuego<\/li>\n<li style='margin-bottom: 5px;'>Instalaci\u00f3n f\u00e1cil y rentable<\/li>\n<li style='margin-bottom: 5px;'>Cumple con CE y RoHS<\/li>\n<\/ul><\/div>\n<p> <!-- Secci\u00f3n de especificaciones t\u00e9cnicas --> <\/p>\n<div style='flex: 1 1 300px; min-width: 280px;'>\n<h3 style='font-size: 22px; border-bottom: 2px solid currentColor; padding-bottom: 5px; margin-top: 0; color: inherit; opacity: 0.8;'>Especificaciones T\u00e9cnicas<\/h3>\n<ul style='padding-left: 20px; font-size: 15px; color: inherit;'>\n<li style='margin-bottom: 5px;'><strong>Potencia m\u00e1xima:<\/strong> 80 W<\/li>\n<li style='margin-bottom: 5px;'><strong>Potencia nominal:<\/strong> 60 W<\/li>\n<li style='margin-bottom: 5px;'><strong>Tapings de potencia @ 100V:<\/strong> 60 W \/ 30 W \/ 15 W<\/li>\n<li style='margin-bottom: 5px;'><strong>Tapings de potencia @ 70V:<\/strong> 30 W \/ 15 W \/ 7.5 W<\/li>\n<li style='margin-bottom: 5px;'><strong>SPL a 60W \/ 1W (2k Hz&comma; 1m):<\/strong> 107 dB \/ 89 dB<\/li>\n<li style='margin-bottom: 5px;'><strong>Respuesta de frecuencia (-10 dB):<\/strong> 80 Hz &#8211; 20k Hz<\/li>\n<li style='margin-bottom: 5px;'><strong>\u00c1ngulo de dispersi\u00f3n (1k Hz \/ -6 dB):<\/strong> 135\u00b0<\/li>\n<li style='margin-bottom: 5px;'><strong>Tensi\u00f3n de entrada nominal:<\/strong> 100 V \/ 70 V \/ 8\u03a9<\/li>\n<li style='margin-bottom: 5px;'><strong>Impedancia nominal:<\/strong> 167 \u03a9 \/ 333 \u03a9 \/ 667 \u03a9<\/li>\n<li style='margin-bottom: 5px;'><strong>Conector:<\/strong> Terminales de tornillo<\/li>\n<li style='margin-bottom: 5px;'><strong>Dimensiones (An \u00d7 Al \u00d7 Pr):<\/strong> 193 \u00d7 344 \u00d7 202 mm<\/li>\n<li style='margin-bottom: 5px;'><strong>Di\u00e1metro del altavoz:<\/strong> 6.5&#8242; woofer&comma; 1&#8242; tweeter<\/li>\n<li style='margin-bottom: 5px;'><strong>Peso:<\/strong> 3.8 kg<\/li>\n<li style='margin-bottom: 5px;'><strong>Color:<\/strong> Blanco (RAL9003)<\/li>\n<\/ul><\/div>\n<\/p><\/div>\n<p> <!-- Secci\u00f3n de aplicaciones --> <\/p>\n<div style='display: flex; flex-wrap: wrap; gap: 30px; margin-bottom: 30px;'>\n<div style='flex: 1 1 300px; min-width: 280px;'>\n<h3 style='font-size: 22px; border-bottom: 2px solid currentColor; padding-bottom: 5px; margin-top: 0; color: inherit; opacity: 0.8;'>Aplicaciones<\/h3>\n<ul style='padding-left: 20px; font-size: 15px; color: inherit;'>\n<li style='margin-bottom: 5px;'>Bares tem\u00e1ticos<\/li>\n<li style='margin-bottom: 5px;'>Restaurantes con m\u00fasica de alta calidad<\/li>\n<li style='margin-bottom: 5px;'>Supermercados<\/li>\n<li style='margin-bottom: 5px;'>Salas de exposici\u00f3n<\/li>\n<li style='margin-bottom: 5px;'>Gimnasios<\/li>\n<li style='margin-bottom: 5px;'>Salas de reuniones<\/li>\n<li style='margin-bottom: 5px;'>Edificios de oficinas<\/li>\n<li style='margin-bottom: 5px;'>Salas de presentaciones<\/li>\n<\/ul><\/div>\n<p> <!-- Secci\u00f3n de caracter\u00edsticas de dise\u00f1o --> <\/p>\n<div style='flex: 1 1 300px; min-width: 280px;'>\n<h3 style='font-size: 22px; border-bottom: 2px solid currentColor; padding-bottom: 5px; margin-top: 0; color: inherit; opacity: 0.8;'>Caracter\u00edsticas de Dise\u00f1o<\/h3>\n<ul style='padding-left: 20px; font-size: 15px; color: inherit;'>\n<li style='margin-bottom: 5px;'>Circuito de agudos con dise\u00f1o Cortina<\/li>\n<li style='margin-bottom: 5px;'>Caja con goma de alta linealidad y resistente a la fatiga<\/li>\n<li style='margin-bottom: 5px;'>Rendimiento de graves sin distorsi\u00f3n por campo de sonido de baja frecuencia prolongado<\/li>\n<li style='margin-bottom: 5px;'>Soportes de instalaci\u00f3n ajustables<\/li>\n<li style='margin-bottom: 5px;'>Control de volumen de 5 pasos en la parte trasera<\/li>\n<\/ul><\/div>\n<\/p><\/div>\n<p> <!-- Separador --> <\/p>\n<hr style='border: 0; border-top: 1px solid rgba(150&comma; 150&comma; 150&comma; 0.3); margin: 30px 0;'> <\/div>\n","protected":false},"excerpt":{"rendered":"<p>Altavoz de Gabinete, Montaje en Pared, Color Blanco, Fabricado en ABS<\/p>\n","protected":false},"featured_media":78405,"comment_status":"open","ping_status":"closed","template":"","meta":[],"product_brand":[],"product_cat":[208],"product_tag":[209,109],"class_list":{"0":"post-78406","1":"product","2":"type-product","3":"status-publish","4":"has-post-thumbnail","6":"product_cat-honeywell","7":"product_tag-honeywell","8":"product_tag-megafonia-y-audioevacuacion","10":"first","11":"outofstock","12":"sale","13":"shipping-taxable","14":"purchasable","15":"product-type-simple"},"_links":{"self":[{"href":"https:\/\/soydeaqui.ddns.net\/pachuca\/index.php\/wp-json\/wp\/v2\/product\/78406","targetHints":{"allow":["GET"]}}],"collection":[{"href":"https:\/\/soydeaqui.ddns.net\/pachuca\/index.php\/wp-json\/wp\/v2\/product"}],"about":[{"href":"https:\/\/soydeaqui.ddns.net\/pachuca\/index.php\/wp-json\/wp\/v2\/types\/product"}],"replies":[{"embeddable":true,"href":"https:\/\/soydeaqui.ddns.net\/pachuca\/index.php\/wp-json\/wp\/v2\/comments?post=78406"}],"wp:featuredmedia":[{"embeddable":true,"href":"https:\/\/soydeaqui.ddns.net\/pachuca\/index.php\/wp-json\/wp\/v2\/media\/78405"}],"wp:attachment":[{"href":"https:\/\/soydeaqui.ddns.net\/pachuca\/index.php\/wp-json\/wp\/v2\/media?parent=78406"}],"wp:term":[{"taxonomy":"product_brand","embeddable":true,"href":"https:\/\/soydeaqui.ddns.net\/pachuca\/index.php\/wp-json\/wp\/v2\/product_brand?post=78406"},{"taxonomy":"product_cat","embeddable":true,"href":"https:\/\/soydeaqui.ddns.net\/pachuca\/index.php\/wp-json\/wp\/v2\/product_cat?post=78406"},{"taxonomy":"product_tag","embeddable":true,"href":"https:\/\/soydeaqui.ddns.net\/pachuca\/index.php\/wp-json\/wp\/v2\/product_tag?post=78406"}],"curies":[{"name":"wp","href":"https:\/\/api.w.org\/{rel}","templated":true}]}}