{"id":78401,"date":"2026-03-19T16:39:43","date_gmt":"2026-03-19T16:39:43","guid":{"rendered":"https:\/\/soydeaqui.ddns.net\/pachuca\/index.php\/producto\/access-point-profesional-interior-wave-2-mu-mimo-2x2-doble-banda-1267-mbps-hasta-256-dispositivos-larga-distancia\/"},"modified":"2026-03-19T16:39:53","modified_gmt":"2026-03-19T16:39:53","slug":"access-point-profesional-interior-wave-2-mu-mimo-2x2-doble-banda-1267-mbps-hasta-256-dispositivos-larga-distancia","status":"publish","type":"product","link":"https:\/\/soydeaqui.ddns.net\/pachuca\/index.php\/producto\/access-point-profesional-interior-wave-2-mu-mimo-2x2-doble-banda-1267-mbps-hasta-256-dispositivos-larga-distancia\/","title":{"rendered":"Access Point Profesional Interior  Wave 2-MU-MIMO 2X2\/ Doble Banda\/ 1267 Mbps, hasta 256 dispositivos larga distancia"},"content":{"rendered":"<div style='width: 100%; max-width: 1200px; margin: 0 auto; font-family: sans-serif; line-height: 1.6; color: inherit; background-color: transparent;'> <!-- Im\u00e1genes principales --> <\/p>\n<div style='display: flex; flex-wrap: wrap; gap: 15px; margin-bottom: 30px;'>\n<div style='flex: 1 1 300px; min-width: 200px;'> <img style='width: 100%; height: auto; border: 1px solid rgba(150&comma;150&comma;150&comma;0.3); border-radius: 8px;' src='https:\/\/ftp3.syscom.mx\/usuarios\/hortega\/Altai\/Altai.png' alt='Logo Altai'> <\/div>\n<div style='flex: 1 1 230px; min-width: 200px;'> <img style='width: 100%; height: auto; border: 1px solid rgba(150&comma;150&comma;150&comma;0.3); border-radius: 8px;' src='https:\/\/ftp3.syscom.mx\/usuarios\/fotos\/C1N\/74401-image_2019_11_19t22_34_31_506z.png' alt='Producto'> <\/div>\n<\/p><\/div>\n<hr style='border: 0; border-top: 1px solid rgba(150&comma;150&comma;150&comma;0.3); margin: 30px 0;'> <!-- Imagen de distancia --> <\/p>\n<div style='text-align: center; margin-bottom: 30px;'> <img style='width: 100%; max-width: 600px; height: auto; border: 1px solid rgba(150&comma;150&comma;150&comma;0.3); border-radius: 8px;' src='https:\/\/ftp3.syscom.mx\/usuarios\/hortega\/Altai\/Distancias\/ix500.png' alt='Distancia de cobertura'> <\/div>\n<p> <!-- Distancia m\u00e1xima --> <\/p>\n<div style='text-align: center; margin-bottom: 30px;'>\n<p style='font-size: 18px; margin: 0; color: inherit;'><strong>Distancia M\u00e1xima:<\/strong> Hasta <strong>250 metros<\/strong> para dispositivos Wi-Fi 2.4\/5 GHz<\/p>\n<\/p><\/div>\n<p> <!-- Tabla de caracter\u00edsticas --> <\/p>\n<div style='display: grid; grid-template-columns: repeat(auto-fill&comma; minmax(250px&comma; 1fr)); gap: 20px; margin-bottom: 30px;'>\n<div style='border: 1px solid rgba(150&comma;150&comma;150&comma;0.4); border-radius: 8px; overflow: hidden;'>\n<div style='padding: 15px; border-bottom: 1px solid rgba(150&comma;150&comma;150&comma;0.2); font-weight: bold; font-size: 18px; color: inherit;'>Conectividad<\/div>\n<div style='padding: 15px; color: inherit;'>\n<div style='display: flex; align-items: center; margin-bottom: 15px;'> <img style='width: 40px; height: auto; margin-right: 10px;' src='https:\/\/ftp3.syscom.mx\/usuarios\/hortega\/Altai\/Logos\/Wifi.png' alt='Wi-Fi'> <span>802.11 a\/b\/g\/n\/ac<\/span> <\/div>\n<div style='display: flex; align-items: center;'> <img style='width: 40px; height: auto; margin-right: 10px;' src='https:\/\/ftp3.syscom.mx\/usuarios\/hortega\/Altai\/Logos\/velocidad.png' alt='Velocidad'> <\/p>\n<div>\n<p style='margin: 2px 0;'><strong>400 Mbps<\/strong> &#8211; 2.4 GHz<\/p>\n<p style='margin: 2px 0;'><strong>867 Mbps<\/strong> &#8211; 5 GHz<\/p>\n<\/p><\/div>\n<\/p><\/div>\n<\/p><\/div>\n<\/p><\/div>\n<div style='border: 1px solid rgba(150&comma;150&comma;150&comma;0.4); border-radius: 8px; overflow: hidden;'>\n<div style='padding: 15px; border-bottom: 1px solid rgba(150&comma;150&comma;150&comma;0.2); font-weight: bold; font-size: 18px; color: inherit;'>Capacidad<\/div>\n<div style='padding: 15px; color: inherit;'>\n<div style='display: flex; align-items: center; margin-bottom: 15px;'> <img style='width: 40px; height: auto; margin-right: 10px;' src='https:\/\/ftp3.syscom.mx\/usuarios\/hortega\/Altai\/Logos\/usuarios.png' alt='Usuarios'> <span><strong>256<\/strong> dispositivos concurrentes<\/span> <\/div>\n<div style='display: flex; align-items: center;'> <img style='width: 40px; height: auto; margin-right: 10px;' src='https:\/\/ftp3.syscom.mx\/usuarios\/hortega\/Altai\/Logos\/repetidor.png' alt='Modos'> <span>Access Point \/ Omnidireccional<\/span> <\/div>\n<\/p><\/div>\n<\/p><\/div>\n<div style='border: 1px solid rgba(150&comma;150&comma;150&comma;0.4); border-radius: 8px; overflow: hidden;'>\n<div style='padding: 15px; border-bottom: 1px solid rgba(150&comma;150&comma;150&comma;0.2); font-weight: bold; font-size: 18px; color: inherit;'>Antenas<\/div>\n<div style='padding: 15px; color: inherit;'>\n<div style='display: flex; align-items: center; margin-bottom: 15px;'> <img style='width: 40px; height: auto; margin-right: 10px;' src='https:\/\/ftp3.syscom.mx\/usuarios\/hortega\/Altai\/Logos\/potencia.png' alt='Potencia'> <span><strong>25 dBm<\/strong> Max. TX Power<\/span> <\/div>\n<ul style='padding-left: 20px; margin: 0; font-size: 14px; list-style-type: disc;'>\n<li style='margin-bottom: 5px;'>Antena omni integrada 2.4 GHz&comma; <strong>4 dBi<\/strong>&comma; <strong>360\u00b0 H<\/strong>&comma; 45\u00b0 V<\/li>\n<li style='margin-bottom: 5px;'>Antena omni integrada 5 GHz&comma; <strong>5 dBi<\/strong>&comma; <strong>360\u00b0 H<\/strong>&comma; 35\u00b0 V<\/li>\n<\/ul><\/div>\n<\/p><\/div>\n<div style='border: 1px solid rgba(150&comma;150&comma;150&comma;0.4); border-radius: 8px; overflow: hidden;'>\n<div style='padding: 15px; border-bottom: 1px solid rgba(150&comma;150&comma;150&comma;0.2); font-weight: bold; font-size: 18px; color: inherit;'>Gesti\u00f3n<\/div>\n<div style='padding: 15px; color: inherit;'>\n<div style='display: flex; align-items: center; margin-bottom: 15px;'> <img style='width: 40px; height: auto; margin-right: 10px;' src='https:\/\/ftp3.syscom.mx\/usuarios\/hortega\/Altai\/Logos\/nube.png' alt='Nube'> <span>Soporte Altai Care \/ On-Premise<\/span> <\/div>\n<ul style='padding-left: 20px; margin: 0; font-size: 14px; list-style-type: disc;'>\n<li style='margin-bottom: 5px;'>Fast Roaming 802.11r<\/li>\n<li style='margin-bottom: 5px;'>Band Steering<\/li>\n<li style='margin-bottom: 5px;'>Gesti\u00f3n del umbral de conexi\u00f3n SNR<\/li>\n<\/ul><\/div>\n<\/p><\/div>\n<\/p><\/div>\n<hr style='border: 0; border-top: 1px solid rgba(150&comma;150&comma;150&comma;0.3); margin: 30px 0;'> <!-- Caracter\u00edsticas generales --> <\/p>\n<div style='margin-bottom: 30px;'>\n<h3 style='font-size: 22px; border-bottom: 2px solid currentColor; padding-bottom: 5px; margin-top: 0; color: inherit; opacity: 0.8;'>Caracter\u00edsticas Generales<\/h3>\n<ul style='padding-left: 20px; font-size: 15px; color: inherit;'>\n<li style='margin-bottom: 5px;'>Punto de Acceso Profesional Doble Banda <strong>802.11a\/b\/g\/n\/ac<\/strong><\/li>\n<li style='margin-bottom: 5px;'>Velocidad <strong>400 Mbps<\/strong> en 2.4 GHz y <strong>867 Mbps<\/strong> en 5.1 \u2013 5.8 GHz<\/li>\n<li style='margin-bottom: 5px;'>Antena omni integrada 2.4 GHz&comma; 4 dBi&comma; 360\u00b0 H&comma; 45\u00b0 V<\/li>\n<li style='margin-bottom: 5px;'>Antena omni integrada 5 GHz&comma; 5 dBi&comma; 360\u00b0 H&comma; 35\u00b0 V<\/li>\n<li style='margin-bottom: 5px;'>Hasta 512 dispositivos en total sumando ambas bandas<\/li>\n<li style='margin-bottom: 5px;'>Larga distancia para laptop\/smartphone en 2.4 GHz hasta <strong>250 m<\/strong> con l\u00ednea de vista plena<\/li>\n<li style='margin-bottom: 5px;'>Tecnolog\u00eda MIMO 2X2 en 2.4 y 5 GHz<\/li>\n<li style='margin-bottom: 5px;'>Soporta gesti\u00f3n y monitoreo a trav\u00e9s de plataforma AltaiCare Cloud<\/li>\n<li style='margin-bottom: 5px;'>Fast Roaming 802.11r para minimizar el tiempo de traslape entre c\u00e9lulas<\/li>\n<li style='margin-bottom: 5px;'>Band Steering para balancear los usuarios en 2.4 y 5 GHz<\/li>\n<li style='margin-bottom: 5px;'>Gesti\u00f3n del umbral de conexi\u00f3n SNR para control de coberturas<\/li>\n<li style='margin-bottom: 5px;'>Modo de operaci\u00f3n en radio de 2.4 y 5 GHz: AP (Maestro) \/ CPE \/ bridge \/ repetidor solo con equipos Altai<\/li>\n<li style='margin-bottom: 5px;'>Modo bridge (switch) y router (gateway)<\/li>\n<li style='margin-bottom: 5px;'>Alimentaci\u00f3n: 12 Vcc v\u00eda fuente de alimentaci\u00f3n (incluido) o soporta 802.3at\/af v\u00eda switch PoE (No incluido)<\/li>\n<li style='margin-bottom: 5px;'>Potencia 26 dBm en incrementos de 1 dBm<\/li>\n<li style='margin-bottom: 5px;'>Di\u00e1metro 162 mm y altura 42 mm<\/li>\n<li style='margin-bottom: 5px;'>Peso: 0.28 kg<\/li>\n<li style='margin-bottom: 5px;'>Montaje en techo interior<\/li>\n<li style='margin-bottom: 5px;'><strong>Consumo de energ\u00eda:<\/strong> 8 W (t\u00edpicos)&comma; 15 W (m\u00e1ximos)<\/li>\n<li style='margin-bottom: 5px;'>Temperatura de operaci\u00f3n: 0 a 50\u00b0 C<\/li>\n<li style='margin-bottom: 5px;'>Interfaz de red: 10\/100\/1000 Mbps<\/li>\n<\/ul><\/div>\n<p> <!-- Caracter\u00edsticas avanzadas --> <\/p>\n<div style='margin-bottom: 30px;'>\n<h3 style='font-size: 22px; border-bottom: 2px solid currentColor; padding-bottom: 5px; margin-top: 0; color: inherit; opacity: 0.8;'>Caracter\u00edsticas avanzadas de Altai<\/h3>\n<ul style='padding-left: 20px; font-size: 15px; color: inherit;'>\n<li style='margin-bottom: 5px;'>Altai AirFi\u2122 Throughput Optimization<\/li>\n<li style='margin-bottom: 5px;'>Band Steering \/ Load Balancing<\/li>\n<li style='margin-bottom: 5px;'>Fast Roaming<\/li>\n<li style='margin-bottom: 5px;'>Mitigaci\u00f3n de interferencia avanzado patentado por Altai<\/li>\n<\/ul><\/div>\n<p> <!-- Im\u00e1genes de aplicaciones --> <\/p>\n<div style='margin-bottom: 30px;'>\n<h3 style='font-size: 22px; border-bottom: 2px solid currentColor; padding-bottom: 5px; margin-top: 0; color: inherit; opacity: 0.8;'>Aplicaciones<\/h3>\n<div style='display: grid; grid-template-columns: repeat(auto-fill&comma; minmax(250px&comma; 1fr)); gap: 20px; margin-top: 20px;'>\n<div style='text-align: center;'> <img style='width: 100%; max-width: 300px; height: auto; border: 1px solid rgba(150&comma;150&comma;150&comma;0.3); border-radius: 8px; margin-bottom: 10px;' src='https:\/\/ftp3.syscom.mx\/usuarios\/fotos\/A3W\/80581-hoteleria.jpeg' alt='Hoteler\u00eda'> <\/p>\n<p style='margin: 0; color: inherit;'>Hoteler\u00eda<\/p>\n<\/p><\/div>\n<div style='text-align: center;'> <img style='width: 100%; max-width: 300px; height: auto; border: 1px solid rgba(150&comma;150&comma;150&comma;0.3); border-radius: 8px; margin-bottom: 10px;' src='https:\/\/ftp3.syscom.mx\/usuarios\/fotos\/A3W\/80581-centrocomercial.jpeg' alt='Centros Comerciales'> <\/p>\n<p style='margin: 0; color: inherit;'>Centros Comerciales<\/p>\n<\/p><\/div>\n<div style='text-align: center;'> <img style='width: 100%; max-width: 300px; height: auto; border: 1px solid rgba(150&comma;150&comma;150&comma;0.3); border-radius: 8px; margin-bottom: 10px;' src='https:\/\/ftp3.syscom.mx\/usuarios\/fotos\/A3W\/80581-aeropuertos.jpeg' alt='Aeropuertos'> <\/p>\n<p style='margin: 0; color: inherit;'>Aeropuertos<\/p>\n<\/p><\/div>\n<\/p><\/div>\n<\/p><\/div>\n<p> <!-- Videos de YouTube --> <\/p>\n<div style='margin-bottom: 30px;'>\n<h3 style='font-size: 22px; border-bottom: 2px solid currentColor; padding-bottom: 5px; margin-top: 0; color: inherit; opacity: 0.8;'>Videos<\/h3>\n<div style='position: relative; padding-bottom: 56.25%; height: 0; overflow: hidden; margin: 20px 0;'>   <\/div>\n<div style='display: grid; grid-template-columns: repeat(auto-fill&comma; minmax(300px&comma; 1fr)); gap: 20px; margin-top: 30px;'>\n<div style='position: relative; padding-bottom: 56.25%; height: 0; overflow: hidden;'>   <\/div>\n<div style='position: relative; padding-bottom: 56.25%; height: 0; overflow: hidden;'>   <\/div>\n<div style='position: relative; padding-bottom: 56.25%; height: 0; overflow: hidden;'>   <\/div>\n<div style='position: relative; padding-bottom: 56.25%; height: 0; overflow: hidden;'>   <\/div>\n<\/p><\/div>\n<\/p><\/div>\n<\/p><\/div>\n","protected":false},"excerpt":{"rendered":"<p>Access Point Profesional Interior  Wave 2-MU-MIMO 2X2\/ Doble Banda\/ 1267 Mbps, hasta 256 dispositivos larga distancia<\/p>\n","protected":false},"featured_media":78400,"comment_status":"open","ping_status":"closed","template":"","meta":[],"product_brand":[],"product_cat":[1794],"product_tag":[1950,1795,1479],"class_list":{"0":"post-78401","1":"product","2":"type-product","3":"status-publish","4":"has-post-thumbnail","6":"product_cat-puntos-de-acceso","7":"product_tag-altai-technologies","8":"product_tag-puntos-de-acceso","9":"product_tag-redes-wifi","11":"first","12":"outofstock","13":"sale","14":"shipping-taxable","15":"purchasable","16":"product-type-simple"},"_links":{"self":[{"href":"https:\/\/soydeaqui.ddns.net\/pachuca\/index.php\/wp-json\/wp\/v2\/product\/78401","targetHints":{"allow":["GET"]}}],"collection":[{"href":"https:\/\/soydeaqui.ddns.net\/pachuca\/index.php\/wp-json\/wp\/v2\/product"}],"about":[{"href":"https:\/\/soydeaqui.ddns.net\/pachuca\/index.php\/wp-json\/wp\/v2\/types\/product"}],"replies":[{"embeddable":true,"href":"https:\/\/soydeaqui.ddns.net\/pachuca\/index.php\/wp-json\/wp\/v2\/comments?post=78401"}],"wp:featuredmedia":[{"embeddable":true,"href":"https:\/\/soydeaqui.ddns.net\/pachuca\/index.php\/wp-json\/wp\/v2\/media\/78400"}],"wp:attachment":[{"href":"https:\/\/soydeaqui.ddns.net\/pachuca\/index.php\/wp-json\/wp\/v2\/media?parent=78401"}],"wp:term":[{"taxonomy":"product_brand","embeddable":true,"href":"https:\/\/soydeaqui.ddns.net\/pachuca\/index.php\/wp-json\/wp\/v2\/product_brand?post=78401"},{"taxonomy":"product_cat","embeddable":true,"href":"https:\/\/soydeaqui.ddns.net\/pachuca\/index.php\/wp-json\/wp\/v2\/product_cat?post=78401"},{"taxonomy":"product_tag","embeddable":true,"href":"https:\/\/soydeaqui.ddns.net\/pachuca\/index.php\/wp-json\/wp\/v2\/product_tag?post=78401"}],"curies":[{"name":"wp","href":"https:\/\/api.w.org\/{rel}","templated":true}]}}