{"id":78381,"date":"2026-03-19T16:38:56","date_gmt":"2026-03-19T16:38:56","guid":{"rendered":"https:\/\/soydeaqui.ddns.net\/pachuca\/index.php\/producto\/antena-omnidireccional-doble-banda-de-2-4-2-5-ghz-7-dbi-4-9-5-9-ghz-9-dbi-conector-n-macho\/"},"modified":"2026-03-19T16:38:58","modified_gmt":"2026-03-19T16:38:58","slug":"antena-omnidireccional-doble-banda-de-2-4-2-5-ghz-7-dbi-4-9-5-9-ghz-9-dbi-conector-n-macho","status":"publish","type":"product","link":"https:\/\/soydeaqui.ddns.net\/pachuca\/index.php\/producto\/antena-omnidireccional-doble-banda-de-2-4-2-5-ghz-7-dbi-4-9-5-9-ghz-9-dbi-conector-n-macho\/","title":{"rendered":"Antena Omnidireccional, Doble banda de 2.4 &#8211; 2.5 GHz\/ 7 dBi, 4.9 &#8211; 5.9 GHz\/ 9 dBi, Conector N-macho"},"content":{"rendered":"<div style='width: 100%; max-width: 1200px; margin: 0 auto; font-family: sans-serif; line-height: 1.6; color: inherit;'>\n<div style='display: flex; flex-wrap: wrap; gap: 30px; margin-bottom: 30px;'>\n<div style='flex: 1 1 300px; min-width: 280px;'>\n<h3 style='font-size: 22px; border-bottom: 2px solid currentColor; padding-bottom: 5px; margin-top: 0; color: inherit; opacity: 0.8;'>Caracter\u00edsticas<\/h3>\n<ul style='padding-left: 20px; font-size: 15px; color: inherit;'>\n<li style='margin-bottom: 5px;'><strong>Rango de Frecuencia:<\/strong> 2.4-2.5 GHz \/ 4.9 &#8211; 5.9 GHz<\/li>\n<li style='margin-bottom: 5px;'><strong>Ganancia:<\/strong> 7.5 dBi en 2.4 GHz<\/li>\n<li style='margin-bottom: 5px;'>9 dBi en 5 GHz<\/li>\n<li style='margin-bottom: 5px;'><strong>Polarizaci\u00f3n:<\/strong> Cruzada<\/li>\n<li style='margin-bottom: 5px;'><strong>Conector:<\/strong> N-hembra<\/li>\n<li style='margin-bottom: 5px;'><strong>Dimensiones:<\/strong> 28 mm x 460 mm<\/li>\n<\/ul><\/div>\n<\/p><\/div>\n<div style='display: flex; flex-wrap: wrap; gap: 30px; justify-content: center; margin-bottom: 30px;'>\n<div style='flex: 1 1 300px; min-width: 280px;'>\n<h4 style='text-align: center; font-size: 16px; margin-bottom: 15px; color: inherit;'>Patr\u00f3n de Radiaci\u00f3n de Azimut Banda Media<\/h4>\n<p> <img style='width: 100%; height: auto; border: 1px solid rgba(150&comma;150&comma;150&comma;0.3); border-radius: 8px;' src='https:\/\/www.mtiwe.com\/_uploads\/imagesgallery\/_cut\/F0_0300_0000_az_2.45.jpg' alt=''> <\/p>\n<p style='text-align: center; font-size: 14px; margin-top: 10px; color: inherit;'>Frecuencia: 2.45 GHz<\/p>\n<\/p><\/div>\n<div style='flex: 1 1 300px; min-width: 280px;'>\n<h4 style='text-align: center; font-size: 16px; margin-bottom: 15px; color: inherit;'>Patr\u00f3n de Radiaci\u00f3n de Elevaci\u00f3n Banda Media<\/h4>\n<p> <img style='width: 100%; height: auto; border: 1px solid rgba(150&comma;150&comma;150&comma;0.3); border-radius: 8px;' src='https:\/\/www.mtiwe.com\/_uploads\/imagesgallery\/_cut\/F0_0300_0000_el_2.45.jpg' alt=''> <\/p>\n<p style='text-align: center; font-size: 14px; margin-top: 10px; color: inherit;'>Frecuencia: 2.45 GHz<\/p>\n<\/p><\/div>\n<\/p><\/div>\n<div style='display: flex; flex-wrap: wrap; gap: 30px; justify-content: center;'>\n<div style='flex: 1 1 300px; min-width: 280px;'>\n<h4 style='text-align: center; font-size: 16px; margin-bottom: 15px; color: inherit;'>Patr\u00f3n de Radiaci\u00f3n de Azimut Banda Media<\/h4>\n<p> <img style='width: 100%; height: auto; border: 1px solid rgba(150&comma;150&comma;150&comma;0.3); border-radius: 8px;' src='https:\/\/www.mtiwe.com\/_uploads\/imagesgallery\/_cut\/F0_0300_0000_az_5.5.jpg' alt=''> <\/p>\n<p style='text-align: center; font-size: 14px; margin-top: 10px; color: inherit;'>Frecuencia: 5.5 GHz<\/p>\n<\/p><\/div>\n<div style='flex: 1 1 300px; min-width: 280px;'>\n<h4 style='text-align: center; font-size: 16px; margin-bottom: 15px; color: inherit;'>Patr\u00f3n de Radiaci\u00f3n de Elevaci\u00f3n Banda Media<\/h4>\n<p> <img style='width: 100%; height: auto; border: 1px solid rgba(150&comma;150&comma;150&comma;0.3); border-radius: 8px;' src='https:\/\/www.mtiwe.com\/_uploads\/imagesgallery\/_cut\/F0_0300_0000_el_5.5.jpg' alt=''> <\/p>\n<p style='text-align: center; font-size: 14px; margin-top: 10px; color: inherit;'>Frecuencia: 5.5 GHz<\/p>\n<\/p><\/div>\n<\/p><\/div>\n<\/p><\/div>\n","protected":false},"excerpt":{"rendered":"<p>Antena Omnidireccional, Doble banda de 2.4 &#8211; 2.5 GHz\/ 7 dBi, 4.9 &#8211; 5.9 GHz\/ 9 dBi, Conector N-macho<\/p>\n","protected":false},"featured_media":78380,"comment_status":"open","ping_status":"closed","template":"","meta":[],"product_brand":[],"product_cat":[1998],"product_tag":[1999,1980,2100],"class_list":{"0":"post-78381","1":"product","2":"type-product","3":"status-publish","4":"has-post-thumbnail","6":"product_cat-5-y-6-ghz","7":"product_tag-5-y-6-ghz","8":"product_tag-enlaces-ptp-y-ptmp","9":"product_tag-mti-wireless-edge","11":"first","12":"outofstock","13":"sale","14":"shipping-taxable","15":"purchasable","16":"product-type-simple"},"_links":{"self":[{"href":"https:\/\/soydeaqui.ddns.net\/pachuca\/index.php\/wp-json\/wp\/v2\/product\/78381","targetHints":{"allow":["GET"]}}],"collection":[{"href":"https:\/\/soydeaqui.ddns.net\/pachuca\/index.php\/wp-json\/wp\/v2\/product"}],"about":[{"href":"https:\/\/soydeaqui.ddns.net\/pachuca\/index.php\/wp-json\/wp\/v2\/types\/product"}],"replies":[{"embeddable":true,"href":"https:\/\/soydeaqui.ddns.net\/pachuca\/index.php\/wp-json\/wp\/v2\/comments?post=78381"}],"wp:featuredmedia":[{"embeddable":true,"href":"https:\/\/soydeaqui.ddns.net\/pachuca\/index.php\/wp-json\/wp\/v2\/media\/78380"}],"wp:attachment":[{"href":"https:\/\/soydeaqui.ddns.net\/pachuca\/index.php\/wp-json\/wp\/v2\/media?parent=78381"}],"wp:term":[{"taxonomy":"product_brand","embeddable":true,"href":"https:\/\/soydeaqui.ddns.net\/pachuca\/index.php\/wp-json\/wp\/v2\/product_brand?post=78381"},{"taxonomy":"product_cat","embeddable":true,"href":"https:\/\/soydeaqui.ddns.net\/pachuca\/index.php\/wp-json\/wp\/v2\/product_cat?post=78381"},{"taxonomy":"product_tag","embeddable":true,"href":"https:\/\/soydeaqui.ddns.net\/pachuca\/index.php\/wp-json\/wp\/v2\/product_tag?post=78381"}],"curies":[{"name":"wp","href":"https:\/\/api.w.org\/{rel}","templated":true}]}}