{"id":78362,"date":"2026-03-19T16:38:14","date_gmt":"2026-03-19T16:38:14","guid":{"rendered":"https:\/\/soydeaqui.ddns.net\/pachuca\/index.php\/producto\/antena-sectorial-simetrica-carrier-class-gen2-de-90-9-6-dbi-5180-6400-mhz-conectorizada-soporte-mejorado-y-mayor-calidad-de-materiales-para-ambientes-de-alto-ruido\/"},"modified":"2026-03-19T16:38:17","modified_gmt":"2026-03-19T16:38:17","slug":"antena-sectorial-simetrica-carrier-class-gen2-de-90-9-6-dbi-5180-6400-mhz-conectorizada-soporte-mejorado-y-mayor-calidad-de-materiales-para-ambientes-de-alto-ruido","status":"publish","type":"product","link":"https:\/\/soydeaqui.ddns.net\/pachuca\/index.php\/producto\/antena-sectorial-simetrica-carrier-class-gen2-de-90-9-6-dbi-5180-6400-mhz-conectorizada-soporte-mejorado-y-mayor-calidad-de-materiales-para-ambientes-de-alto-ruido\/","title":{"rendered":"Antena Sectorial Sim\u00e9trica Carrier Class GEN2 de 90\u00b0 9.6 dBi 5180-6400 MHz conectorizada soporte mejorado y mayor calidad de materiales para ambientes de alto ruido"},"content":{"rendered":"<div style='width: 100%; max-width: 1200px; margin: 0 auto; font-family: sans-serif; line-height: 1.6; color: inherit; background-color: transparent;'>\n<div style='display: flex; flex-wrap: wrap; gap: 30px; margin-bottom: 30px;'>\n<div style='flex: 1 1 300px; min-width: 280px;'>\n<h3 style='font-size: 22px; border-bottom: 2px solid currentColor; padding-bottom: 5px; margin-top: 0; color: inherit; opacity: 0.8;'>Juego que cambia la antena del sector<\/h3>\n<p style='font-size: 15px; color: inherit;'>La clase portadora de bocina sim\u00e9trica Gen2 es una bocina escalar con el mismo tama\u00f1o de viga principal en planos horizontal y vertical&comma; equipada con conectores N-hembra. Desde 2014&comma; nuestras bocinas abordan las principales deficiencias de las tecnolog\u00edas de antena del sector principal y proporcionan un excelente rechazo del ruido&comma; escalabilidad de la red y mejoras en el rendimiento.<\/p>\n<p style='font-size: 15px; color: inherit;'>Aprobadas por decenas de miles de instalaciones en todo el mundo&comma; las antenas Symmetrical Horn Carrier Class de RF elements son el nuevo est\u00e1ndar para una conexi\u00f3n inal\u00e1mbrica r\u00e1pida y sostenible.<\/p>\n<p> <img style='width: 100%; height: auto; border: 1px solid rgba(150&comma;150&comma;150&comma;0.3); border-radius: 8px;' src='https:\/\/ftp3.syscom.mx\/usuarios\/dquezada\/RF%20Elements\/logo%20garantia%201%20ano.png' alt='Logo Garant\u00eda 1 A\u00f1o'> <img style='width: 100%; height: auto; border: 1px solid rgba(150&comma;150&comma;150&comma;0.3); border-radius: 8px;' src='https:\/\/rfelements.com\/assets\/Uploads\/HG3-CC-Group.jpg' alt='HG3 CC Group'> <\/div>\n<\/p><\/div>\n<div style='display: flex; flex-wrap: wrap; gap: 30px; margin-bottom: 30px;'>\n<div style='flex: 1 1 300px; min-width: 280px;'>\n<h3 style='font-size: 22px; border-bottom: 2px solid currentColor; padding-bottom: 5px; margin-top: 0; color: inherit; opacity: 0.8;'>Rendimiento de haz \u00fanico<\/h3>\n<p style='font-size: 15px; color: inherit;'>La bocina sim\u00e9trica CC Gen2 tiene una forma de haz y propiedades \u00fanicas. La secci\u00f3n transversal del haz principal es circular: los anchos del haz de acimut y elevaci\u00f3n son id\u00e9nticos.<\/p>\n<div style='position: relative; padding-bottom: 56.25%; height: 0; overflow: hidden; margin-bottom: 30px;'> <video style='position: absolute; top: 0; left: 0; width: 100%; height: 100%; border: none;' src='https:\/\/ftp3.syscom.mx\/usuarios\/dquezada\/RF%20Elements\/Fotos%20para%20pagina\/HG3-CC-XX\/video%201.mp4' poster='https:\/\/content.jwplatform.com\/thumbs\/q4bPfwUR-1280.jpg' loop muted controls><\/video> <\/div>\n<\/p><\/div>\n<div style='flex: 1 1 300px; min-width: 280px;'>\n<h3 style='font-size: 22px; border-bottom: 2px solid currentColor; padding-bottom: 5px; margin-top: 0; color: inherit; opacity: 0.8;'>Sin l\u00f3bulos laterales<\/h3>\n<p style='font-size: 15px; color: inherit;'>La bocina sim\u00e9trica CC Gen2 no tiene l\u00f3bulos laterales&comma; concentra la energ\u00eda en un solo haz. Esta propiedad guarda el recurso m\u00e1s importante en el mundo de la comunicaci\u00f3n inal\u00e1mbrica: el espectro. Como resultado de las propiedades de radiaci\u00f3n \u00fanicas&comma; la radio recolecta y propaga significativamente menos ruido en comparaci\u00f3n con las antenas del sector de corriente principal. El problema del ruido est\u00e1 directamente conectado a los l\u00f3bulos laterales de una antena&comma; pr\u00e1cticamente&comma; una caracter\u00edstica inevitable de los productos m\u00e1s competitivos. El cuerno sim\u00e9trico CC Gen2 se comporta de manera diferente&comma; es esencialmente &#8216;sordo&#8217; fuera del haz principal.<\/p>\n<div style='position: relative; padding-bottom: 56.25%; height: 0; overflow: hidden; margin-bottom: 30px;'> <video style='position: absolute; top: 0; left: 0; width: 100%; height: 100%; border: none;' src='https:\/\/ftp3.syscom.mx\/usuarios\/dquezada\/RF%20Elements\/Fotos%20para%20pagina\/HG3-CC-XX\/video%202.mp4' poster='https:\/\/content.jwplatform.com\/thumbs\/q4bPfwUR-1280.jpg' loop muted controls><\/video> <\/div>\n<\/p><\/div>\n<div style='flex: 1 1 300px; min-width: 280px;'>\n<h3 style='font-size: 22px; border-bottom: 2px solid currentColor; padding-bottom: 5px; margin-top: 0; color: inherit; opacity: 0.8;'>Rendimiento de banda ancha<\/h3>\n<p style='font-size: 15px; color: inherit;'>El patr\u00f3n de radiaci\u00f3n de Symmetrical Horn CC Gen2 es independiente de la frecuencia y su ganancia es estable en todo el ancho de banda de operaci\u00f3n. Estas caracter\u00edsticas hacen de Symmetrical Horn CC Gen2 excelentes antenas de sector.<\/p>\n<div style='position: relative; padding-bottom: 56.25%; height: 0; overflow: hidden; margin-bottom: 30px;'> <video style='position: absolute; top: 0; left: 0; width: 100%; height: 100%; border: none;' src='https:\/\/ftp3.syscom.mx\/usuarios\/dquezada\/RF%20Elements\/Fotos%20para%20pagina\/HG3-CC-XX\/video%203.mp4' poster='https:\/\/content.jwplatform.com\/thumbs\/q4bPfwUR-1280.jpg' loop muted controls><\/video> <\/div>\n<\/p><\/div>\n<div style='flex: 1 1 300px; min-width: 280px;'>\n<h3 style='font-size: 22px; border-bottom: 2px solid currentColor; padding-bottom: 5px; margin-top: 0; color: inherit; opacity: 0.8;'>Excelente ganancia en todo el espectro<\/h3>\n<p style='font-size: 15px; color: inherit;'>La antena Symmetrical Horn CC Gen2 cubre ancho de banda ultra ancho: 5180-6400 \u00a1Megahercio! Al mismo tiempo&comma; la ganancia es estable en toda la banda.<\/p>\n<p> <img style='width: 100%; height: auto; border: 1px solid rgba(150&comma;150&comma;150&comma;0.3); border-radius: 8px;' src='https:\/\/rfelements.com\/assets\/Uploads\/Gain-HG3-CC-S30.jpg' alt='Gain HG3 CC S30'> <\/div>\n<div style='flex: 1 1 300px; min-width: 280px;'>\n<h3 style='font-size: 22px; border-bottom: 2px solid currentColor; padding-bottom: 5px; margin-top: 0; color: inherit; opacity: 0.8;'>Cobertura Sin Nulo<\/h3>\n<p style='font-size: 15px; color: inherit;'>Las antenas del sector de la corriente principal tienen un patr\u00f3n de radiaci\u00f3n que es amplio en azimut pero plano en el plano de elevaci\u00f3n. Si un AP es demasiado alto&comma; los clientes que se colocan demasiado cerca sufrir\u00e1n de una se\u00f1al de AP baja.<\/p>\n<div style='position: relative; padding-bottom: 56.25%; height: 0; overflow: hidden; margin-bottom: 30px;'> <video style='position: absolute; top: 0; left: 0; width: 100%; height: 100%; border: none;' src='https:\/\/ftp3.syscom.mx\/usuarios\/dquezada\/RF%20Elements\/Fotos%20para%20pagina\/HG3-CC-XX\/video%204.mp4' poster='https:\/\/content.jwplatform.com\/thumbs\/q4bPfwUR-1280.jpg' loop muted controls><\/video> <\/div>\n<\/p><\/div>\n<div style='flex: 1 1 300px; min-width: 280px;'>\n<h3 style='font-size: 22px; border-bottom: 2px solid currentColor; padding-bottom: 5px; margin-top: 0; color: inherit; opacity: 0.8;'>Escalabilidad innovadora<\/h3>\n<p style='font-size: 15px; color: inherit;'>Symmetrical Horn CC Gen2 facilita la escalabilidad de las redes inal\u00e1mbricas. El rendimiento de haz \u00fanico y las excelentes caracter\u00edsticas de ubicaci\u00f3n conjunta permiten sectores de mayor densidad&comma; en comparaci\u00f3n con la tecnolog\u00eda del sector tradicional.<\/p>\n<p style='font-size: 15px; color: inherit;'>La bocina sim\u00e9trica CC Gen2 presenta anchos de haz principal precisos&comma; que abarcan desde 30 a 90 grados: una gama de modelos adecuados para cualquier situaci\u00f3n.<\/p>\n<div style='position: relative; padding-bottom: 56.25%; height: 0; overflow: hidden; margin-bottom: 30px;'> <video style='position: absolute; top: 0; left: 0; width: 100%; height: 100%; border: none;' src='https:\/\/ftp3.syscom.mx\/usuarios\/dquezada\/RF%20Elements\/Fotos%20para%20pagina\/HG3-CC-XX\/video%205.mp4' poster='https:\/\/content.jwplatform.com\/thumbs\/q4bPfwUR-1280.jpg' loop muted controls><\/video> <\/div>\n<\/p><\/div>\n<div style='flex: 1 1 300px; min-width: 280px;'>\n<h3 style='font-size: 22px; border-bottom: 2px solid currentColor; padding-bottom: 5px; margin-top: 0; color: inherit; opacity: 0.8;'>M\u00e1xima eficiencia de espectro para todos<\/h3>\n<p style='font-size: 15px; color: inherit;'>La antena sim\u00e9trica Cuerno CC Gen2 es compatible con la ubicaci\u00f3n conjunta densa de sectores estrechos con excelente aislamiento. Se desbloquea el rendimiento de RF no es posible antes. Esta es una ventaja que tienen los cuernos&comma; independientemente de la plataforma de radio utilizada.<\/p>\n<p style='font-size: 15px; color: inherit;'>A la derecha se muestra una torre con instalaci\u00f3n de doce antenas de bocina sim\u00e9trica de 30 \u00b0 que cubren 360 \u00b0&comma; mientras que reutiliza solo dos canales. &#8216;Impresionante&#8217; es el nuevo est\u00e1ndar.<\/p>\n<p> <img style='width: 100%; height: auto; border: 1px solid rgba(150&comma;150&comma;150&comma;0.3); border-radius: 8px;' src='https:\/\/rfelements.com\/assets\/Uploads\/kent-ABAB.jpg' alt='kent ABAB'> <\/div>\n<div style='flex: 1 1 300px; min-width: 280px;'>\n<h3 style='font-size: 22px; border-bottom: 2px solid currentColor; padding-bottom: 5px; margin-top: 0; color: inherit; opacity: 0.8;'>Conectores tipo N<\/h3>\n<p style='font-size: 15px; color: inherit;'>Las antenas de clase portadora de bocina sim\u00e9trica tienen conectores hembra tipo N&comma; utilizados con una amplia gama de radios. Por ejemplo&comma; mimosa TM &comma; Cambium Networks TM PMP450&comma; LigoWave TM y muchos otros. Los usuarios de UBNT TM Rocket M5 Titanium&comma; radios conectables MikroTik TM (NetBox TM &comma; BaseBox TM y NetMetal TM ) tambi\u00e9n pueden utilizar puertos coaxiales en antenas de bocina sim\u00e9trica de clase portadora.<\/p>\n<p> <img style='width: 100%; height: auto; border: 1px solid rgba(150&comma;150&comma;150&comma;0.3); border-radius: 8px;' src='https:\/\/rfelements.com\/assets\/Uploads\/HG3-CC-S30-detail-na-N.png' alt='HG3 CC S30 detail na N'> <\/div>\n<div style='flex: 1 1 300px; min-width: 280px;'>\n<h3 style='font-size: 22px; border-bottom: 2px solid currentColor; padding-bottom: 5px; margin-top: 0; color: inherit; opacity: 0.8;'>Tama\u00f1o compacto<\/h3>\n<p style='font-size: 15px; color: inherit;'>La antena de bocina sim\u00e9trica CC Gen2 es compacta&comma; con solo 20-25% de huella de las antenas de sector tradicionales. Ahorra gastos de alquiler de la torre y hace que sea posible instalar sim\u00e9trico Cuerno CC Gen2 antena donde no se les permitir\u00eda sectores regulares debido a su forma y tama\u00f1o.<\/p>\n<p> <img style='width: 100%; height: auto; border: 1px solid rgba(150&comma;150&comma;150&comma;0.3); border-radius: 8px;' src='https:\/\/rfelements.com\/assets\/Uploads\/HG3-CC-S30-compact-size.jpg' alt='HG3 CC S30 compact size'> <\/div>\n<div style='flex: 1 1 300px; min-width: 280px;'>\n<h3 style='font-size: 22px; border-bottom: 2px solid currentColor; padding-bottom: 5px; margin-top: 0; color: inherit; opacity: 0.8;'>Robusto y Duradero<\/h3>\n<p style='font-size: 15px; color: inherit;'>El Symmetrical Horn CC Gen2 tiene un s\u00f3lido cuerpo de aluminio&comma; construido para durar y resistir cualquier condici\u00f3n clim\u00e1tica. Utilizamos solo los mejores materiales: aluminio fundido&comma; estampado y extruido; Polipropileno de alta calidad&comma; policarbonato resistente a los rayos UV; y herrajes de acero inoxidable.<\/p>\n<p> <img style='width: 100%; height: auto; border: 1px solid rgba(150&comma;150&comma;150&comma;0.3); border-radius: 8px;' src='https:\/\/rfelements.com\/assets\/Uploads\/HG3-CC-Robust-and-Durable.jpg' alt='HG3 CC Robust and Durable'> <\/div>\n<\/p><\/div>\n<\/p><\/div>\n","protected":false},"excerpt":{"rendered":"<p>Antena Sectorial Sim\u00e9trica Carrier Class GEN2 de 90\u00b0 9.6 dBi 5180-6400 MHz conectorizada soporte mejorado y mayor calidad de materiales para ambientes de alto ruido<\/p>\n","protected":false},"featured_media":78361,"comment_status":"open","ping_status":"closed","template":"","meta":[],"product_brand":[],"product_cat":[1895],"product_tag":[1404,1988,1896],"class_list":{"0":"post-78362","1":"product","2":"type-product","3":"status-publish","4":"has-post-thumbnail","6":"product_cat-sectoriales","7":"product_tag-antenas","8":"product_tag-rf-elements","9":"product_tag-sectoriales","11":"first","12":"outofstock","13":"sale","14":"shipping-taxable","15":"purchasable","16":"product-type-simple"},"_links":{"self":[{"href":"https:\/\/soydeaqui.ddns.net\/pachuca\/index.php\/wp-json\/wp\/v2\/product\/78362","targetHints":{"allow":["GET"]}}],"collection":[{"href":"https:\/\/soydeaqui.ddns.net\/pachuca\/index.php\/wp-json\/wp\/v2\/product"}],"about":[{"href":"https:\/\/soydeaqui.ddns.net\/pachuca\/index.php\/wp-json\/wp\/v2\/types\/product"}],"replies":[{"embeddable":true,"href":"https:\/\/soydeaqui.ddns.net\/pachuca\/index.php\/wp-json\/wp\/v2\/comments?post=78362"}],"wp:featuredmedia":[{"embeddable":true,"href":"https:\/\/soydeaqui.ddns.net\/pachuca\/index.php\/wp-json\/wp\/v2\/media\/78361"}],"wp:attachment":[{"href":"https:\/\/soydeaqui.ddns.net\/pachuca\/index.php\/wp-json\/wp\/v2\/media?parent=78362"}],"wp:term":[{"taxonomy":"product_brand","embeddable":true,"href":"https:\/\/soydeaqui.ddns.net\/pachuca\/index.php\/wp-json\/wp\/v2\/product_brand?post=78362"},{"taxonomy":"product_cat","embeddable":true,"href":"https:\/\/soydeaqui.ddns.net\/pachuca\/index.php\/wp-json\/wp\/v2\/product_cat?post=78362"},{"taxonomy":"product_tag","embeddable":true,"href":"https:\/\/soydeaqui.ddns.net\/pachuca\/index.php\/wp-json\/wp\/v2\/product_tag?post=78362"}],"curies":[{"name":"wp","href":"https:\/\/api.w.org\/{rel}","templated":true}]}}