{"id":78277,"date":"2026-03-19T16:34:56","date_gmt":"2026-03-19T16:34:56","guid":{"rendered":"https:\/\/soydeaqui.ddns.net\/pachuca\/index.php\/producto\/punto-de-acceso-wi-fi-802-11-ac-2-33-gbps-wave-2-mu-mimo-4x44-con-administracion-desde-la-nube-gratuita-o-stand-alone\/"},"modified":"2026-03-19T16:35:09","modified_gmt":"2026-03-19T16:35:09","slug":"punto-de-acceso-wi-fi-802-11-ac-2-33-gbps-wave-2-mu-mimo-4x44-con-administracion-desde-la-nube-gratuita-o-stand-alone","status":"publish","type":"product","link":"https:\/\/soydeaqui.ddns.net\/pachuca\/index.php\/producto\/punto-de-acceso-wi-fi-802-11-ac-2-33-gbps-wave-2-mu-mimo-4x44-con-administracion-desde-la-nube-gratuita-o-stand-alone\/","title":{"rendered":"Punto de acceso Wi-Fi 802.11 ac 2.33 Gbps, Wave-2, MU-MIMO 4&#215;4:4 con administraci\u00f3n desde la nube gratuita o stand-alone."},"content":{"rendered":"<div style='width: 100%; max-width: 1200px; margin: 0 auto; font-family: sans-serif; line-height: 1.6; color: inherit; background-color: transparent;'>\n<div style='display: flex; flex-wrap: wrap; gap: 30px; margin-bottom: 30px;'>\n<div style='flex: 1 1 300px; min-width: 280px;'>\n<h3 style='font-size: 22px; border-bottom: 2px solid currentColor; padding-bottom: 5px; margin-top: 0; color: inherit; opacity: 0.8;'>Acerca del GWN7630<\/h3>\n<p style='font-size: 15px; color: inherit; margin-bottom: 15px;'>El GWN7630 es un punto de acceso wifi 802.11ac Wave-2 de gran rendimiento para empresas peque\u00f1as a medianas&comma; oficinas de m\u00faltiples pisos&comma; centros comerciales y sucursales. Ofrece tecnolog\u00eda MU-MIMO 4\u00d74:4 de doble banda y un sofisticado dise\u00f1o de antena para m\u00e1ximo rendimiento de la red y cobertura wifi expandida.<\/p>\n<p style='font-size: 15px; color: inherit; margin-bottom: 15px;'>Para garantizar la facilidad de su instalaci\u00f3n y manejo&comma; el GWN7630 emplea un dise\u00f1o de gesti\u00f3n de redes distribuidas sin controladores en donde el controlador est\u00e1 integrado en la interfaz de usuario web del producto. El GWN7630 est\u00e1 respaldado tambi\u00e9n por GWN.Cloud&comma; la plataforma gratuita de gesti\u00f3n wifi en la nube de Grandstream.<\/p>\n<p style='font-size: 15px; color: inherit; margin-bottom: 15px;'>Es el punto de acceso wifi ideal para implementaciones de voz a trav\u00e9s de wifi y ofrece una conexi\u00f3n ininterrumpida con los tel\u00e9fonos IP de Grandstream que cuentan con conexi\u00f3n wifi. Con soporte para QoS avanzado&comma; aplicaciones en tiempo real de baja latencia&comma; redes malladas&comma; portales cautivos&comma; m\u00e1s de 200 clientes simult\u00e1neos por punto de acceso y dos puertos de red Gigabit con PoE\/PoE+&comma; el GWN7630 es un punto de acceso wifi ideal para implementaciones medianas de redes inal\u00e1mbricas con densidad media a elevada de usuarios.<\/p>\n<\/p><\/div>\n<\/p><\/div>\n<div style='display: flex; flex-wrap: wrap; gap: 30px; margin-bottom: 30px;'>\n<div style='flex: 1 1 300px; min-width: 280px;'>\n<h3 style='font-size: 22px; border-bottom: 2px solid currentColor; padding-bottom: 5px; margin-top: 0; color: inherit; opacity: 0.8;'>Caracter\u00edsticas Competitivas<\/h3>\n<ul style='padding-left: 20px; font-size: 15px; color: inherit;'>\n<li style='margin-bottom: 5px;'>Rango de cobertura de hasta 175 metros<\/li>\n<li style='margin-bottom: 5px;'>Rendimiento inal\u00e1mbrico de 2.33 Gbps y 2 puertos Gigabit con cable<\/li>\n<li style='margin-bottom: 5px;'>Tecnolog\u00eda MU-MIMO 4\u00d74:4 de doble banda<\/li>\n<li style='margin-bottom: 5px;'>Adaptaci\u00f3n de alimentaci\u00f3n propia en la detecci\u00f3n autom\u00e1tica de PoE o PoE+<\/li>\n<li style='margin-bottom: 5px;'>Capacidad para m\u00e1s de 200 dispositivos de clientes wifi conectados al mismo tiempo<\/li>\n<li style='margin-bottom: 5px;'>Arranque seguro antipirater\u00eda y bloqueo de control\/datos cr\u00edticos mediante firmas digitales<\/li>\n<li style='margin-bottom: 5px;'>El controlador integrado puede gestionar hasta 50 puntos de acceso locales de la serie GWN.<\/li>\n<\/ul><\/div>\n<\/p><\/div>\n<div style='display: flex; flex-wrap: wrap; gap: 20px; margin-bottom: 30px;'>\n<div style='flex: 1 1 250px; border: 1px solid rgba(150&comma; 150&comma; 150&comma; 0.4); border-radius: 8px; overflow: hidden; display: flex; flex-direction: column;'>\n<div style='padding: 15px; border-bottom: 1px solid rgba(150&comma; 150&comma; 150&comma; 0.2); font-weight: bold; font-size: 18px; color: inherit;'>Especificaciones t\u00e9cnicas<\/div>\n<div style='padding: 15px; color: inherit;'>\n<ul style='padding-left: 20px; margin: 0; font-size: 14px; list-style-type: disc;'>\n<li style='margin-bottom: 5px;'><strong>Est\u00e1ndares Wi-Fi:<\/strong> IEEE 802.11a\/b\/g\/n\/ac (Wave-2)<\/li>\n<li style='margin-bottom: 5px;'><strong>Antenas:<\/strong> 4 antenas externas de doble banda&comma; soporte de formaci\u00f3n de haces 2.4 GHz&comma; 4 dBi de ganancia&comma; 5 GHz&comma; 5 dBi de ganancia<\/li>\n<li style='margin-bottom: 5px;'><strong>Bandas de Frecuencia:<\/strong> Radio 2.4 GHz: 2412 &#8211; 2484 GHz\/Radio 5 GHz: 5180 &#8211; 5825 GHz<\/li>\n<li style='margin-bottom: 5px;'><strong>Cobertura:<\/strong> Hasta 175 metros *El rango de cobertura puede variar seg\u00fan el entorno.<\/li>\n<li style='margin-bottom: 5px;'><strong>Seguridad Wi-Fi y del Sistema:<\/strong> WEP&comma; WPA\/WPA2-PSK&comma; WPA\/WPA2 Enterprise&comma; funci\u00f3n Anti-hacking Secure Boot y bloqueo de seguridad de datos cr\u00edticos\/control por medio de firmas digitales&comma; certificado de seguridad \u00fanico y contrase\u00f1a predeterminada aleatoria por dispositivo<\/li>\n<li style='margin-bottom: 5px;'><strong>Clientes Concurrentes:<\/strong> Hasta 200<\/li>\n<li style='margin-bottom: 5px;'><strong>Interfaces de red:<\/strong> 2 puertos Ethernet de 10\/100\/1000Base-T con detecci\u00f3n autom\u00e1tica<\/li>\n<\/ul><\/div>\n<\/p><\/div>\n<div style='flex: 1 1 250px; border: 1px solid rgba(150&comma; 150&comma; 150&comma; 0.4); border-radius: 8px; overflow: hidden; display: flex; flex-direction: column;'>\n<div style='padding: 15px; border-bottom: 1px solid rgba(150&comma; 150&comma; 150&comma; 0.2); font-weight: bold; font-size: 18px; color: inherit;'>Contenido del Paquete<\/div>\n<div style='padding: 15px; color: inherit;'>\n<ul style='padding-left: 20px; margin: 0; font-size: 14px; list-style-type: disc;'>\n<li style='margin-bottom: 5px;'>Punto de acceso inal\u00e1mbrico 802.11ac Wave-2 modelo GWN7630<\/li>\n<li style='margin-bottom: 5px;'>Kits de montaje<\/li>\n<li style='margin-bottom: 5px;'>Gu\u00eda de Inicio R\u00e1pido<\/li>\n<li style='margin-bottom: 5px;'>No incluye PoE<\/li>\n<\/ul><\/div>\n<\/p><\/div>\n<\/p><\/div>\n<div style='display: flex; flex-wrap: wrap; gap: 30px; margin-bottom: 30px;'>\n<div style='flex: 1 1 300px; min-width: 280px;'>\n<p style='font-size: 15px; color: inherit; margin-bottom: 15px;'><a style='color: #005cb9; text-decoration: none; font-weight: 600;' href='https:\/\/www.syscom.mx\/principal\/searchcont?route=G0720-480-050-GRANDSTREAM-207158&#038;autodetect=poe_gwn'>PoE recomendado: G0720-480-050<\/a> O POECNPILOT<\/p>\n<\/p><\/div>\n<\/p><\/div>\n<div style='display: flex; flex-wrap: wrap; gap: 30px; margin-bottom: 30px;'>\n<div style='flex: 1 1 300px; min-width: 280px;'> <img style='width: 100%; height: auto; border: 1px solid rgba(150&comma;150&comma;150&comma;0.3); border-radius: 8px;' src='https:\/\/ftp3.syscom.mx\/usuarios\/fotos\/GWN7630LR\/183557-captura_de_pantalla_2021-08-05_a_la(s)_15.57.14.png' alt=''> <\/div>\n<\/p><\/div>\n<hr style='border: 0; border-top: 1px solid rgba(150&comma; 150&comma; 150&comma; 0.3); margin: 30px 0;'> <\/div>\n","protected":false},"excerpt":{"rendered":"<p>Punto de acceso Wi-Fi 802.11 ac 2.33 Gbps, Wave-2, MU-MIMO 4&#215;4:4 con administraci\u00f3n desde la nube gratuita o stand-alone.<\/p>\n","protected":false},"featured_media":78276,"comment_status":"open","ping_status":"closed","template":"","meta":[],"product_brand":[],"product_cat":[1794],"product_tag":[909,1795,1479],"class_list":{"0":"post-78277","1":"product","2":"type-product","3":"status-publish","4":"has-post-thumbnail","6":"product_cat-puntos-de-acceso","7":"product_tag-grandstream","8":"product_tag-puntos-de-acceso","9":"product_tag-redes-wifi","11":"first","12":"instock","13":"sale","14":"shipping-taxable","15":"purchasable","16":"product-type-simple"},"_links":{"self":[{"href":"https:\/\/soydeaqui.ddns.net\/pachuca\/index.php\/wp-json\/wp\/v2\/product\/78277","targetHints":{"allow":["GET"]}}],"collection":[{"href":"https:\/\/soydeaqui.ddns.net\/pachuca\/index.php\/wp-json\/wp\/v2\/product"}],"about":[{"href":"https:\/\/soydeaqui.ddns.net\/pachuca\/index.php\/wp-json\/wp\/v2\/types\/product"}],"replies":[{"embeddable":true,"href":"https:\/\/soydeaqui.ddns.net\/pachuca\/index.php\/wp-json\/wp\/v2\/comments?post=78277"}],"wp:featuredmedia":[{"embeddable":true,"href":"https:\/\/soydeaqui.ddns.net\/pachuca\/index.php\/wp-json\/wp\/v2\/media\/78276"}],"wp:attachment":[{"href":"https:\/\/soydeaqui.ddns.net\/pachuca\/index.php\/wp-json\/wp\/v2\/media?parent=78277"}],"wp:term":[{"taxonomy":"product_brand","embeddable":true,"href":"https:\/\/soydeaqui.ddns.net\/pachuca\/index.php\/wp-json\/wp\/v2\/product_brand?post=78277"},{"taxonomy":"product_cat","embeddable":true,"href":"https:\/\/soydeaqui.ddns.net\/pachuca\/index.php\/wp-json\/wp\/v2\/product_cat?post=78277"},{"taxonomy":"product_tag","embeddable":true,"href":"https:\/\/soydeaqui.ddns.net\/pachuca\/index.php\/wp-json\/wp\/v2\/product_tag?post=78277"}],"curies":[{"name":"wp","href":"https:\/\/api.w.org\/{rel}","templated":true}]}}