{"id":78265,"date":"2026-03-19T16:34:26","date_gmt":"2026-03-19T16:34:26","guid":{"rendered":"https:\/\/soydeaqui.ddns.net\/pachuca\/index.php\/producto\/transceptor-mini-gbic-sfp-distancia-1-km-conector-lc-duplex-multimodo\/"},"modified":"2026-03-19T16:34:43","modified_gmt":"2026-03-19T16:34:43","slug":"transceptor-mini-gbic-sfp-distancia-1-km-conector-lc-duplex-multimodo","status":"publish","type":"product","link":"https:\/\/soydeaqui.ddns.net\/pachuca\/index.php\/producto\/transceptor-mini-gbic-sfp-distancia-1-km-conector-lc-duplex-multimodo\/","title":{"rendered":"Transceptor Mini-GBIC SFP \/ Distancia 1 KM \/ Conector LC \/ Duplex \/ Multimodo"},"content":{"rendered":"<div style='width: 100%; max-width: 1200px; margin: 0 auto; font-family: sans-serif; line-height: 1.6; color: inherit; background-color: transparent;'>\n<p style='text-align: center;'><img style='width: 45%; height: auto; border: 1px solid rgba(150&comma;150&comma;150&comma;0.3); border-radius: 8px;' src='https:\/\/ftp3.syscom.mx\/usuarios\/jsosa\/HIKVISION\/imagenes\/logo\/hikvision%20see%20far.png' alt='Logo Hikvision'><\/p>\n<div style='display: flex; flex-wrap: wrap; gap: 30px; margin-top: 30px;'>\n<div style='flex: 1 1 300px; min-width: 280px;'>\n<h3 style='font-size: 22px; border-bottom: 2px solid currentColor; padding-bottom: 5px; margin-top: 0; color: inherit; opacity: 0.8;'>Caracter\u00edsticas principales<\/h3>\n<ul style='padding-left: 20px; font-size: 15px; color: inherit;'>\n<li style='margin-bottom: 5px;'>Fuente de alimentaci\u00f3n 3.3V<\/li>\n<li style='margin-bottom: 5px;'>Compatible con MSA &#8216;Small Form Factor Pluggable&#8217; (SFP)<\/li>\n<li style='margin-bottom: 5px;'>Conector LC d\u00faplex<\/li>\n<li style='margin-bottom: 5px;'>Cumple con el est\u00e1ndar ROHS<\/li>\n<li style='margin-bottom: 5px;'>Soluci\u00f3n SFP rentable&comma; permite mayores densidades de puertos y mayor ancho de banda<\/li>\n<li style='margin-bottom: 5px;'>Soporta 1.25G Ethernet<\/li>\n<li style='margin-bottom: 5px;'>Usar para switches Hikvision&comma; no se asegura compatibilidad con otras marcas.<\/li>\n<\/ul><\/div>\n<div style='flex: 1 1 300px; min-width: 280px;'>\n<h3 style='font-size: 22px; border-bottom: 2px solid currentColor; padding-bottom: 5px; margin-top: 0; color: inherit; opacity: 0.8;'>Caracter\u00edsticas F\u00edsicas y El\u00e9ctricas<\/h3>\n<ul style='padding-left: 20px; font-size: 15px; color: inherit;'>\n<li style='margin-bottom: 5px;'>Tipo de Fibra: MMF&comma; duplex fiber&comma; 62.5\/125um&comma; 50\/125um<\/li>\n<li style='margin-bottom: 5px;'>Tipo de Puerto: LC<\/li>\n<li style='margin-bottom: 5px;'>Tasa de Dato: 1250 Mbps<\/li>\n<li style='margin-bottom: 5px;'>Distancia de transmisi\u00f3n m\u00e1xima: 1 Km<\/li>\n<li style='margin-bottom: 5px;'>Longitud de Onda: Tx1310nm \/ Rx1310nm<\/li>\n<li style='margin-bottom: 5px;'>Temperatura de Operaci\u00f3n: 0\u00b0C a 70\u00b0C<\/li>\n<li style='margin-bottom: 5px;'>Para revisar la lista de switches Hikvision que soportan fibra <a href='https:\/\/www.syscom.mx\/principal\/promociones\/switches_de_hikvision_que_soportan_fibra-5409.html?ordenar=Relevancia&#038;pag=1' target='_blank' rel='noopener' style='color: inherit; text-decoration: underline;'>dar click aqu\u00ed<\/a>.<\/li>\n<\/ul><\/div>\n<\/p><\/div>\n<hr style='border: 0; border-top: 1px solid rgba(150&comma; 150&comma; 150&comma; 0.3); margin: 30px 0;'>\n<p style='text-align: center;'><img style='width: 100%; height: auto; border: 1px solid rgba(150&comma;150&comma;150&comma;0.3); border-radius: 8px;' src='https:\/\/ftp3.syscom.mx\/usuarios\/jsosa\/HIKVISION\/imagenes\/banners\/solution%20complete.png' alt='Soluci\u00f3n completa Hikvision'><\/p>\n<\/p><\/div>\n","protected":false},"excerpt":{"rendered":"<p>Transceptor Mini-GBIC SFP \/ Distancia 1 KM \/ Conector LC \/ Duplex \/ Multimodo<\/p>\n","protected":false},"featured_media":78264,"comment_status":"open","ping_status":"closed","template":"","meta":[],"product_brand":[],"product_cat":[663],"product_tag":[54,664,665],"class_list":{"0":"post-78265","1":"product","2":"type-product","3":"status-publish","4":"has-post-thumbnail","6":"product_cat-transceptores-de-fibra","7":"product_tag-hikvision","8":"product_tag-networking","9":"product_tag-transceptores-de-fibra","11":"first","12":"instock","13":"sale","14":"shipping-taxable","15":"purchasable","16":"product-type-simple"},"_links":{"self":[{"href":"https:\/\/soydeaqui.ddns.net\/pachuca\/index.php\/wp-json\/wp\/v2\/product\/78265","targetHints":{"allow":["GET"]}}],"collection":[{"href":"https:\/\/soydeaqui.ddns.net\/pachuca\/index.php\/wp-json\/wp\/v2\/product"}],"about":[{"href":"https:\/\/soydeaqui.ddns.net\/pachuca\/index.php\/wp-json\/wp\/v2\/types\/product"}],"replies":[{"embeddable":true,"href":"https:\/\/soydeaqui.ddns.net\/pachuca\/index.php\/wp-json\/wp\/v2\/comments?post=78265"}],"wp:featuredmedia":[{"embeddable":true,"href":"https:\/\/soydeaqui.ddns.net\/pachuca\/index.php\/wp-json\/wp\/v2\/media\/78264"}],"wp:attachment":[{"href":"https:\/\/soydeaqui.ddns.net\/pachuca\/index.php\/wp-json\/wp\/v2\/media?parent=78265"}],"wp:term":[{"taxonomy":"product_brand","embeddable":true,"href":"https:\/\/soydeaqui.ddns.net\/pachuca\/index.php\/wp-json\/wp\/v2\/product_brand?post=78265"},{"taxonomy":"product_cat","embeddable":true,"href":"https:\/\/soydeaqui.ddns.net\/pachuca\/index.php\/wp-json\/wp\/v2\/product_cat?post=78265"},{"taxonomy":"product_tag","embeddable":true,"href":"https:\/\/soydeaqui.ddns.net\/pachuca\/index.php\/wp-json\/wp\/v2\/product_tag?post=78265"}],"curies":[{"name":"wp","href":"https:\/\/api.w.org\/{rel}","templated":true}]}}