{"id":78235,"date":"2026-03-19T16:33:19","date_gmt":"2026-03-19T16:33:19","guid":{"rendered":"https:\/\/soydeaqui.ddns.net\/pachuca\/index.php\/producto\/srj10-10m-100m-1g-2-5g-5g-10g-en-rj-45-hasta-10-gbps\/"},"modified":"2026-03-19T16:33:20","modified_gmt":"2026-03-19T16:33:20","slug":"srj10-10m-100m-1g-2-5g-5g-10g-en-rj-45-hasta-10-gbps","status":"publish","type":"product","link":"https:\/\/soydeaqui.ddns.net\/pachuca\/index.php\/producto\/srj10-10m-100m-1g-2-5g-5g-10g-en-rj-45-hasta-10-gbps\/","title":{"rendered":"S+RJ10 &#8211; 10M, 100M, 1G, 2.5G, 5G, 10G en RJ-45 hasta 10 Gbps"},"content":{"rendered":"<div style='width: 100%; max-width: 1200px; margin: 0 auto; font-family: sans-serif; line-height: 1.6; color: inherit; background-color: transparent;'> <!-- T\u00edtulo y descripci\u00f3n principal --> <\/p>\n<div style='margin-bottom: 30px;'>\n<h2 style='font-size: 28px; margin: 0 0 8px 0; color: inherit;'>S+RJ10<\/h2>\n<p style='font-size: 16px; margin: 0; color: inherit; opacity: 0.8;'>M\u00f3dulo RJ-45 de 6 velocidades para hasta 10 Gbps<\/p>\n<\/p><\/div>\n<p> <!-- Descripci\u00f3n principal --> <\/p>\n<div style='margin-bottom: 30px;'>\n<p style='margin: 0 0 15px 0; color: inherit;'>Este m\u00f3dulo \u00fanico abre todo un mundo de posibilidades de conectividad de alta velocidad&comma; ofreciendo velocidades de hasta 10 Gbps sobre cables de par trenzado habituales en sus productos existentes que tienen puertos SFP+.<\/p>\n<p style='margin: 0 0 15px 0; color: inherit;'>Cualquier dispositivo MikroTik con enfriamiento activo que tenga puertos SFP+ ahora se puede usar sin instalar ninguna fibra \u00f3ptica&comma; solo conecte el S+RJ10 y su red se puede actualizar a 10 Gbps&comma; dej\u00e1ndola lista para la pr\u00f3xima generaci\u00f3n de hardware RJ45.<\/p>\n<p style='margin: 0 0 15px 0; color: inherit;'>El m\u00f3dulo S+RJ10 tambi\u00e9n es compatible con dispositivos con enfriamiento pasivo&comma; pero puede requerir un enfriamiento adicional.<\/p>\n<\/p><\/div>\n<p> <!-- Caracter\u00edsticas mejoradas --> <\/p>\n<div style='margin-bottom: 30px;'>\n<h3 style='font-size: 20px; margin: 0 0 15px 0; color: inherit; border-bottom: 2px solid currentColor; padding-bottom: 5px; opacity: 0.8;'>Mejoras en la revisi\u00f3n R2<\/h3>\n<p style='margin: 0 0 15px 0; color: inherit;'>La \u00faltima revisi\u00f3n de S+RJ10 contiene &#8216;\/r2&#8217; al final del n\u00famero de serie. Viene con las siguientes mejoras:<\/p>\n<ul style='padding-left: 20px; margin: 0 0 15px 0; color: inherit;'>\n<li style='margin-bottom: 8px;'>Las tramas gigantes de hasta 10218 bytes ahora son compatibles con velocidades de 2&comma;5 Gbps&comma; 5 Gbps y 10 Gbps<\/li>\n<li style='margin-bottom: 8px;'>El informe de velocidad de enlace es fijo: se muestra la velocidad de enlace real en el men\u00fa de la interfaz. Anteriormente&comma; las velocidades de enlace de 100M\/1G\/2.5G\/5G no se informaban correctamente<\/li>\n<li style='margin-bottom: 8px;'>El monitoreo DDM (voltaje de suministro&comma; temperatura del m\u00f3dulo) ahora es compatible<\/li>\n<\/ul><\/div>\n<p> <!-- Especificaciones --> <\/p>\n<div style='margin-bottom: 30px;'>\n<h3 style='font-size: 22px; margin: 0 0 15px 0; color: inherit; border-bottom: 2px solid currentColor; padding-bottom: 5px; opacity: 0.8;'>Especificaciones del producto<\/h3>\n<div style='display: flex; flex-wrap: wrap; gap: 20px;'>\n<div style='flex: 1 1 250px; border: 1px solid rgba(150&comma; 150&comma; 150&comma; 0.4); border-radius: 8px; overflow: hidden; display: flex; flex-direction: column;'>\n<div style='padding: 15px; border-bottom: 1px solid rgba(150&comma; 150&comma; 150&comma; 0.2); font-weight: bold; font-size: 16px; color: inherit;'>Caracter\u00edsticas f\u00edsicas<\/div>\n<div style='padding: 15px; color: inherit;'>\n<ul style='padding-left: 20px; margin: 0; font-size: 14px; list-style-type: disc;'>\n<li style='margin-bottom: 8px;'><strong>C\u00f3digo de producto:<\/strong> S+RJ10<\/li>\n<li style='margin-bottom: 8px;'><strong>Conector:<\/strong> RJ45<\/li>\n<li style='margin-bottom: 8px;'><strong>IP:<\/strong> IP00<\/li>\n<\/ul><\/div>\n<\/p><\/div>\n<div style='flex: 1 1 250px; border: 1px solid rgba(150&comma; 150&comma; 150&comma; 0.4); border-radius: 8px; overflow: hidden; display: flex; flex-direction: column;'>\n<div style='padding: 15px; border-bottom: 1px solid rgba(150&comma; 150&comma; 150&comma; 0.2); font-weight: bold; font-size: 16px; color: inherit;'>Rendimiento<\/div>\n<div style='padding: 15px; color: inherit;'>\n<ul style='padding-left: 20px; margin: 0; font-size: 14px; list-style-type: disc;'>\n<li style='margin-bottom: 8px;'><strong>Velocidad de datos:<\/strong> 10 Mbps&comma; 100 Mbps&comma; 1 Gbps&comma; 2&comma;5 Gbps&comma; 5 Gbps&comma; 10 Gbps<\/li>\n<li style='margin-bottom: 8px;'><strong>Distancia:<\/strong> Hasta 30m @10Gbps<\/li>\n<\/ul><\/div>\n<\/p><\/div>\n<div style='flex: 1 1 250px; border: 1px solid rgba(150&comma; 150&comma; 150&comma; 0.4); border-radius: 8px; overflow: hidden; display: flex; flex-direction: column;'>\n<div style='padding: 15px; border-bottom: 1px solid rgba(150&comma; 150&comma; 150&comma; 0.2); font-weight: bold; font-size: 16px; color: inherit;'>Memoria<\/div>\n<div style='padding: 15px; color: inherit;'>\n<ul style='padding-left: 20px; margin: 0; font-size: 14px; list-style-type: disc;'>\n<li style='margin-bottom: 8px;'><strong>Tama\u00f1o de almacenamiento:<\/strong> 256 KB<\/li>\n<li style='margin-bottom: 8px;'><strong>Tipo de almacenamiento:<\/strong> FLASH<\/li>\n<\/ul><\/div>\n<\/p><\/div>\n<div style='flex: 1 1 250px; border: 1px solid rgba(150&comma; 150&comma; 150&comma; 0.4); border-radius: 8px; overflow: hidden; display: flex; flex-direction: column;'>\n<div style='padding: 15px; border-bottom: 1px solid rgba(150&comma; 150&comma; 150&comma; 0.2); font-weight: bold; font-size: 16px; color: inherit;'>Condiciones ambientales<\/div>\n<div style='padding: 15px; color: inherit;'>\n<ul style='padding-left: 20px; margin: 0; font-size: 14px; list-style-type: disc;'>\n<li style='margin-bottom: 8px;'><strong>Temperatura ambiente probada:<\/strong> -20\u00b0C a 60\u00b0C<\/li>\n<\/ul><\/div>\n<\/p><\/div>\n<\/p><\/div>\n<\/p><\/div>\n<p> <!-- Im\u00e1genes --> <\/p>\n<div style='margin-bottom: 30px;'>\n<div style='margin-bottom: 15px;'> <img style='width: 100%; height: auto; border: 1px solid rgba(150&comma;150&comma;150&comma;0.3); border-radius: 8px;' src='https:\/\/ftp3.syscom.mx\/usuarios\/fotos\/S+RJ10\/170906-splusrj10-distancias.png' alt=''> <\/div>\n<div> <img style='width: 100%; height: auto; border: 1px solid rgba(150&comma;150&comma;150&comma;0.3); border-radius: 8px;' src='https:\/\/ftp3.syscom.mx\/usuarios\/fotos\/S+RJ10\/170906-splusrj10-distancias.png' alt=''> <\/div>\n<\/p><\/div>\n<p> <!-- Separador final --> <\/p>\n<hr style='border: 0; border-top: 1px solid rgba(150&comma; 150&comma; 150&comma; 0.3); margin: 30px 0;'> <\/div>\n","protected":false},"excerpt":{"rendered":"<p>S+RJ10 &#8211; 10M, 100M, 1G, 2.5G, 5G, 10G en RJ-45 hasta 10 Gbps<\/p>\n","protected":false},"featured_media":78234,"comment_status":"open","ping_status":"closed","template":"","meta":[],"product_brand":[],"product_cat":[2000],"product_tag":[2001,643,664],"class_list":{"0":"post-78235","1":"product","2":"type-product","3":"status-publish","4":"has-post-thumbnail","6":"product_cat-convertidores-de-medios","7":"product_tag-convertidores-de-medios","8":"product_tag-mikrotik","9":"product_tag-networking","11":"first","12":"instock","13":"sale","14":"shipping-taxable","15":"purchasable","16":"product-type-simple"},"_links":{"self":[{"href":"https:\/\/soydeaqui.ddns.net\/pachuca\/index.php\/wp-json\/wp\/v2\/product\/78235","targetHints":{"allow":["GET"]}}],"collection":[{"href":"https:\/\/soydeaqui.ddns.net\/pachuca\/index.php\/wp-json\/wp\/v2\/product"}],"about":[{"href":"https:\/\/soydeaqui.ddns.net\/pachuca\/index.php\/wp-json\/wp\/v2\/types\/product"}],"replies":[{"embeddable":true,"href":"https:\/\/soydeaqui.ddns.net\/pachuca\/index.php\/wp-json\/wp\/v2\/comments?post=78235"}],"wp:featuredmedia":[{"embeddable":true,"href":"https:\/\/soydeaqui.ddns.net\/pachuca\/index.php\/wp-json\/wp\/v2\/media\/78234"}],"wp:attachment":[{"href":"https:\/\/soydeaqui.ddns.net\/pachuca\/index.php\/wp-json\/wp\/v2\/media?parent=78235"}],"wp:term":[{"taxonomy":"product_brand","embeddable":true,"href":"https:\/\/soydeaqui.ddns.net\/pachuca\/index.php\/wp-json\/wp\/v2\/product_brand?post=78235"},{"taxonomy":"product_cat","embeddable":true,"href":"https:\/\/soydeaqui.ddns.net\/pachuca\/index.php\/wp-json\/wp\/v2\/product_cat?post=78235"},{"taxonomy":"product_tag","embeddable":true,"href":"https:\/\/soydeaqui.ddns.net\/pachuca\/index.php\/wp-json\/wp\/v2\/product_tag?post=78235"}],"curies":[{"name":"wp","href":"https:\/\/api.w.org\/{rel}","templated":true}]}}