{"id":78200,"date":"2026-03-19T16:31:47","date_gmt":"2026-03-19T16:31:47","guid":{"rendered":"https:\/\/soydeaqui.ddns.net\/pachuca\/index.php\/producto\/controlador-solar-de-5a-con-switch-poe-1-puertos-gigabit-poe-802-3-bt-2puertos-poe-802-3-af-at-con-2-puertos-poe-pasivo-24-vcc-1-puerto-sfp-no-administrable\/"},"modified":"2026-03-19T16:32:06","modified_gmt":"2026-03-19T16:32:06","slug":"controlador-solar-de-5a-con-switch-poe-1-puertos-gigabit-poe-802-3-bt-2puertos-poe-802-3-af-at-con-2-puertos-poe-pasivo-24-vcc-1-puerto-sfp-no-administrable","status":"publish","type":"product","link":"https:\/\/soydeaqui.ddns.net\/pachuca\/index.php\/producto\/controlador-solar-de-5a-con-switch-poe-1-puertos-gigabit-poe-802-3-bt-2puertos-poe-802-3-af-at-con-2-puertos-poe-pasivo-24-vcc-1-puerto-sfp-no-administrable\/","title":{"rendered":"Controlador Solar de 5A con Switch PoE \/  1 Puertos Gigabit PoE 802.3 bt \/ 2puertos PoE 802.3 af\/at con 2 Puertos PoE Pasivo 24 Vcc \/ 1 Puerto SFP \/ No administrable"},"content":{"rendered":"<div style='width: 100%; max-width: 1200px; margin: 0 auto; font-family: sans-serif; line-height: 1.6; color: inherit; background-color: transparent;'>\n<div style='display: flex; flex-direction: column; align-items: center; text-align: center; margin-bottom: 30px;'>\n<h2 style='margin: 0 0 15px 0; font-size: 20px; color: inherit; opacity: 0.8;'>Switch PoE industrial PoE mixto 24V\/48V<\/h2>\n<p style='font-size: 16px; color: inherit; opacity: 0.8; max-width: 800px;'>El conmutador PoE industrial mixto de 24V\/48V de Wi-Tek est\u00e1 dise\u00f1ado para proporcionar una soluci\u00f3n de red para el mercado WISP.<\/p>\n<p style='font-size: 16px; color: inherit; opacity: 0.8; max-width: 800px;'>Los productos est\u00e1n dise\u00f1ados para identificar autom\u00e1ticamente los diferentes requisitos de suministro de energ\u00eda&comma; compatible con todos los dispositivos de energ\u00eda. Dispositivos&comma; una inversi\u00f3n de una sola vez para satisfacer diversos requisitos de negocio.<\/p>\n<p style='font-size: 16px; color: inherit; opacity: 0.8; max-width: 800px;'>Los productos est\u00e1n dise\u00f1ados para una instalaci\u00f3n instalaci\u00f3n&comma; admiten el montaje en pared y en riel DIN&comma; CPU de grado industrial&comma; fuente de alimentaci\u00f3n redundante&comma; soportan la operaci\u00f3n en ambientes dif\u00edciles&comma; para asegurar la operaci\u00f3n estable del proyecto.<\/p>\n<\/p><\/div>\n<div style='display: flex; justify-content: center; margin-bottom: 30px;'> <img style='width: 100%; height: auto; border: 1px solid rgba(150&comma;150&comma;150&comma;0.3); border-radius: 8px;' src='https:\/\/ftp3.syscom.mx\/usuarios\/fotos\/WIPS306GFUPS15A\/205761-15a.jpeg' alt=''> <\/div>\n<div style='display: flex; flex-direction: column; align-items: center; text-align: center; margin-bottom: 30px;'>\n<h3 style='font-size: 22px; border-bottom: 2px solid currentColor; padding-bottom: 5px; margin: 0 0 15px 0; color: inherit; opacity: 0.8;'>Funci\u00f3n Smart PoE Watchdog en un Switch<\/h3>\n<p style='font-size: 15px; color: inherit; opacity: 0.8; max-width: 800px;'>Plug and play&comma; sin configuraci\u00f3n. Detecta autom\u00e1ticamente y reinicia la c\u00e1mara IP&comma; esto si se pierde conectividad con la c\u00e1mara.<\/p>\n<\/p><\/div>\n<div style='display: flex; justify-content: center; margin-bottom: 30px;'> <img style='width: 100%; height: auto; border: 1px solid rgba(150&comma;150&comma;150&comma;0.3); border-radius: 8px;' src='https:\/\/ftp3.syscom.mx\/usuarios\/fotos\/WIPMS312GFIV2\/205845-20220711165052_62794.jpeg' alt=''> <\/div>\n<div style='display: flex; flex-direction: column; align-items: center; text-align: center; margin-bottom: 30px;'>\n<h3 style='font-size: 22px; border-bottom: 2px solid currentColor; padding-bottom: 5px; margin: 0 0 15px 0; color: inherit; opacity: 0.8;'>Forma de conectar las entradas de voltaje<\/h3>\n<\/p><\/div>\n<div style='display: flex; justify-content: center; margin-bottom: 30px;'> <img style='width: 100%; height: auto; border: 1px solid rgba(150&comma;150&comma;150&comma;0.3); border-radius: 8px;' src='https:\/\/ftp3.syscom.mx\/usuarios\/fotos\/WIPS306GFUPS15A\/205761-up.jpeg' alt=''> <\/div>\n<div style='display: flex; flex-direction: column; align-items: center; text-align: center; margin-bottom: 30px;'>\n<h3 style='font-size: 22px; border-bottom: 2px solid currentColor; padding-bottom: 5px; margin: 0 0 15px 0; color: inherit; opacity: 0.8;'>Funciones de DIP Switch<\/h3>\n<\/p><\/div>\n<div style='display: flex; justify-content: center; margin-bottom: 30px;'> <img style='width: 100%; height: auto; border: 1px solid rgba(150&comma;150&comma;150&comma;0.3); border-radius: 8px;' src='https:\/\/ftp3.syscom.mx\/usuarios\/fotos\/WIPS306GFUPS15A\/205761-image_(68).png' alt=''> <\/div>\n<div style='display: flex; flex-direction: column; align-items: center; text-align: center; margin-bottom: 30px;'>\n<h3 style='font-size: 22px; border-bottom: 2px solid currentColor; padding-bottom: 5px; margin: 0 0 15px 0; color: inherit; opacity: 0.8;'>Aplicaci\u00f3n Tradicional \/ Aplicaci\u00f3n con Wi-Tek UPS<\/h3>\n<\/p><\/div>\n<div style='display: flex; justify-content: center; margin-bottom: 30px;'> <img style='width: 100%; height: auto; border: 1px solid rgba(150&comma;150&comma;150&comma;0.3); border-radius: 8px;' src='https:\/\/ftp3.syscom.mx\/usuarios\/fotos\/WIPS306GFUPS15A\/205761-aplicaciones.jpeg' alt=''> <\/div>\n<div style='display: flex; flex-direction: column; align-items: center; text-align: center; margin-bottom: 30px;'>\n<h3 style='font-size: 22px; border-bottom: 2px solid currentColor; padding-bottom: 5px; margin: 0 0 15px 0; color: inherit; opacity: 0.8;'>Especificaciones<\/h3>\n<p style='color: inherit;'><strong><span style='color: #f41e1e; font-size: 15px;'>*Las bater\u00edas y los paneles solares no est\u00e1n incluidos.<\/span><\/strong><\/p>\n<\/p><\/div>\n<div style='display: flex; flex-wrap: wrap; gap: 20px; margin-bottom: 30px;'>\n<div style='flex: 1 1 250px; border: 1px solid rgba(150&comma; 150&comma; 150&comma; 0.4); border-radius: 8px; overflow: hidden; display: flex; flex-direction: column;'>\n<div style='padding: 15px; border-bottom: 1px solid rgba(150&comma; 150&comma; 150&comma; 0.2); font-weight: bold; font-size: 18px; color: inherit;'>Caracter\u00edsticas F\u00edsicas<\/div>\n<div style='padding: 15px; color: inherit;'>\n<ul style='padding-left: 20px; margin: 0; font-size: 14px; list-style-type: disc; color: inherit;'>\n<li style='margin-bottom: 5px;'><strong>Dimensiones:<\/strong> 160 x 130 x 34 mm<\/li>\n<li style='margin-bottom: 5px;'><strong>Ventilaci\u00f3n:<\/strong> Sin Ventilador<\/li>\n<\/ul><\/div>\n<\/p><\/div>\n<div style='flex: 1 1 250px; border: 1px solid rgba(150&comma; 150&comma; 150&comma; 0.4); border-radius: 8px; overflow: hidden; display: flex; flex-direction: column;'>\n<div style='padding: 15px; border-bottom: 1px solid rgba(150&comma; 150&comma; 150&comma; 0.2); font-weight: bold; font-size: 18px; color: inherit;'>Conectividad<\/div>\n<div style='padding: 15px; color: inherit;'>\n<ul style='padding-left: 20px; margin: 0; font-size: 14px; list-style-type: disc; color: inherit;'>\n<li style='margin-bottom: 5px;'><strong>Interfaces de Red:<\/strong> 5 Puertos 10\/100\/1000 Mbps&comma; 1 SFP<\/li>\n<li style='margin-bottom: 5px;'><strong>Banda Ancha:<\/strong> 12 Gbps<\/li>\n<li style='margin-bottom: 5px;'><strong>Packet Forwarding Rate:<\/strong> 8.94 Mpps<\/li>\n<li style='margin-bottom: 5px;'><strong>Mac Address Table:<\/strong> 2K<\/li>\n<\/ul><\/div>\n<\/p><\/div>\n<div style='flex: 1 1 250px; border: 1px solid rgba(150&comma; 150&comma; 150&comma; 0.4); border-radius: 8px; overflow: hidden; display: flex; flex-direction: column;'>\n<div style='padding: 15px; border-bottom: 1px solid rgba(150&comma; 150&comma; 150&comma; 0.2); font-weight: bold; font-size: 18px; color: inherit;'>Alimentaci\u00f3n<\/div>\n<div style='padding: 15px; color: inherit;'>\n<ul style='padding-left: 20px; margin: 0; font-size: 14px; list-style-type: disc; color: inherit;'>\n<li style='margin-bottom: 5px;'><strong>Alimentaci\u00f3n:<\/strong> <br \/>Versi\u00f3n 2: Para 12: 18-30 Vcc \/ Para 24: 30-57 Vcc<br \/>Versi\u00f3n 3: Para 12: 15-26 Vcc \/ Para 24: 30-36 Vcc<\/li>\n<li style='margin-bottom: 5px;'><strong>Consumo de energ\u00eda:<\/strong> 120W m\u00e1x (Con PoE) \/ 5W m\u00e1x (Sin PoE)<\/li>\n<li style='margin-bottom: 5px;'><strong>Entrada Controlador Solar:<\/strong> \u2264 32V (estandar 12V) \/ \u2264 45V (estandar 24V)<br \/>Versi\u00f3n 2: Panel m\u00e1x 250 W<br \/>Versi\u00f3n 3: Panel m\u00e1x 300 W<\/li>\n<li style='margin-bottom: 5px;'><strong>Prioridad de fuentes:<\/strong> 1. Solar \/ 2. DC \/ 3. Bater\u00eda<\/li>\n<\/ul><\/div>\n<\/p><\/div>\n<div style='flex: 1 1 250px; border: 1px solid rgba(150&comma; 150&comma; 150&comma; 0.4); border-radius: 8px; overflow: hidden; display: flex; flex-direction: column;'>\n<div style='padding: 15px; border-bottom: 1px solid rgba(150&comma; 150&comma; 150&comma; 0.2); font-weight: bold; font-size: 18px; color: inherit;'>Puertos PoE<\/div>\n<div style='padding: 15px; color: inherit;'>\n<ul style='padding-left: 20px; margin: 0; font-size: 14px; list-style-type: disc; color: inherit;'>\n<li style='margin-bottom: 5px;'><strong>Puertos PoE (RJ45):<\/strong> <br \/>Puerto 1: 802.3 af\/at\/bt 60W<br \/>Puertos 2-3: 802.3 af\/at 30W<br \/>Puertos 4-5: 24V pasivo 24 W \/ 48V 802.3 af\/at<\/li>\n<li style='margin-bottom: 5px;'><strong>Entrada de bater\u00eda:<\/strong> 12V\/24V 5A m\u00e1x<\/li>\n<\/ul><\/div>\n<\/p><\/div>\n<div style='flex: 1 1 250px; border: 1px solid rgba(150&comma; 150&comma; 150&comma; 0.4); border-radius: 8px; overflow: hidden; display: flex; flex-direction: column;'>\n<div style='padding: 15px; border-bottom: 1px solid rgba(150&comma; 150&comma; 150&comma; 0.2); font-weight: bold; font-size: 18px; color: inherit;'>Ambientales<\/div>\n<div style='padding: 15px; color: inherit;'>\n<ul style='padding-left: 20px; margin: 0; font-size: 14px; list-style-type: disc; color: inherit;'>\n<li style='margin-bottom: 5px;'><strong>Temperatura de operaci\u00f3n:<\/strong> -20 a 60\u00b0 C<\/li>\n<li style='margin-bottom: 5px;'><strong>Certificaciones:<\/strong> CE&comma; FCC&comma; RoHS<\/li>\n<\/ul><\/div>\n<\/p><\/div>\n<div style='flex: 1 1 250px; border: 1px solid rgba(150&comma; 150&comma; 150&comma; 0.4); border-radius: 8px; overflow: hidden; display: flex; flex-direction: column;'>\n<div style='padding: 15px; border-bottom: 1px solid rgba(150&comma; 150&comma; 150&comma; 0.2); font-weight: bold; font-size: 18px; color: inherit;'>Contenido del Paquete<\/div>\n<div style='padding: 15px; color: inherit;'>\n<ul style='padding-left: 20px; margin: 0; font-size: 14px; list-style-type: disc; color: inherit;'>\n<li style='margin-bottom: 5px;'>Switch controlador PoE<\/li>\n<li style='margin-bottom: 5px;'>Adaptador 24V 5A<\/li>\n<li style='margin-bottom: 5px;'>Cable de alimentaci\u00f3n<\/li>\n<li style='margin-bottom: 5px;'>Gu\u00eda de instalaci\u00f3n<\/li>\n<\/ul><\/div>\n<\/p><\/div>\n<\/p><\/div>\n<div style='display: flex; flex-direction: column; align-items: center; text-align: center; margin-bottom: 30px;'>\n<p style='color: inherit;'><strong><span style='color: #f41e1e; font-size: 15px;'>NOTA: No alimenta FORCE130 de Cambium Networks<\/span><\/strong><\/p>\n<\/p><\/div>\n<\/p><\/div>\n","protected":false},"excerpt":{"rendered":"<p>Controlador Solar de 5A con Switch PoE \/  1 Puertos Gigabit PoE 802.3 bt \/ 2puertos PoE 802.3 af\/at con 2 Puertos PoE Pasivo 24 Vcc \/ 1 Puerto SFP \/ No administrable<\/p>\n","protected":false},"featured_media":78199,"comment_status":"open","ping_status":"closed","template":"","meta":[],"product_brand":[],"product_cat":[1986],"product_tag":[664,1987,1262],"class_list":{"0":"post-78200","1":"product","2":"type-product","3":"status-publish","4":"has-post-thumbnail","6":"product_cat-switches-poe","7":"product_tag-networking","8":"product_tag-switches-poe","9":"product_tag-wi-tek","11":"first","12":"outofstock","13":"sale","14":"shipping-taxable","15":"purchasable","16":"product-type-simple"},"_links":{"self":[{"href":"https:\/\/soydeaqui.ddns.net\/pachuca\/index.php\/wp-json\/wp\/v2\/product\/78200","targetHints":{"allow":["GET"]}}],"collection":[{"href":"https:\/\/soydeaqui.ddns.net\/pachuca\/index.php\/wp-json\/wp\/v2\/product"}],"about":[{"href":"https:\/\/soydeaqui.ddns.net\/pachuca\/index.php\/wp-json\/wp\/v2\/types\/product"}],"replies":[{"embeddable":true,"href":"https:\/\/soydeaqui.ddns.net\/pachuca\/index.php\/wp-json\/wp\/v2\/comments?post=78200"}],"wp:featuredmedia":[{"embeddable":true,"href":"https:\/\/soydeaqui.ddns.net\/pachuca\/index.php\/wp-json\/wp\/v2\/media\/78199"}],"wp:attachment":[{"href":"https:\/\/soydeaqui.ddns.net\/pachuca\/index.php\/wp-json\/wp\/v2\/media?parent=78200"}],"wp:term":[{"taxonomy":"product_brand","embeddable":true,"href":"https:\/\/soydeaqui.ddns.net\/pachuca\/index.php\/wp-json\/wp\/v2\/product_brand?post=78200"},{"taxonomy":"product_cat","embeddable":true,"href":"https:\/\/soydeaqui.ddns.net\/pachuca\/index.php\/wp-json\/wp\/v2\/product_cat?post=78200"},{"taxonomy":"product_tag","embeddable":true,"href":"https:\/\/soydeaqui.ddns.net\/pachuca\/index.php\/wp-json\/wp\/v2\/product_tag?post=78200"}],"curies":[{"name":"wp","href":"https:\/\/api.w.org\/{rel}","templated":true}]}}