{"id":78191,"date":"2026-03-19T16:31:24","date_gmt":"2026-03-19T16:31:24","guid":{"rendered":"https:\/\/soydeaqui.ddns.net\/pachuca\/index.php\/producto\/access-point-wifi-cnpilot-e430h-indoor-wall-plate-doble-banda-wave-2-antena-beamforming-4-puertos-de-salida-1x-poe-gigabit-y-3x-ethernet-gigabit\/"},"modified":"2026-03-19T16:31:39","modified_gmt":"2026-03-19T16:31:39","slug":"access-point-wifi-cnpilot-e430h-indoor-wall-plate-doble-banda-wave-2-antena-beamforming-4-puertos-de-salida-1x-poe-gigabit-y-3x-ethernet-gigabit","status":"publish","type":"product","link":"https:\/\/soydeaqui.ddns.net\/pachuca\/index.php\/producto\/access-point-wifi-cnpilot-e430h-indoor-wall-plate-doble-banda-wave-2-antena-beamforming-4-puertos-de-salida-1x-poe-gigabit-y-3x-ethernet-gigabit\/","title":{"rendered":"Access Point WiFi cnPilot e430H Indoor Wall Plate, doble banda, Wave 2, antena beamforming, 4 puertos de salida (1x PoE Gigabit y 3x Ethernet Gigabit)"},"content":{"rendered":"<div style='width: 100%; max-width: 1200px; margin: 0 auto; font-family: sans-serif; line-height: 1.6; color: inherit; background-color: transparent;'>\n<div style='display: flex; flex-wrap: wrap; gap: 30px; margin-bottom: 30px;'>\n<div style='flex: 1 1 300px; min-width: 280px;'>\n<h3 style='font-size: 22px; border-bottom: 2px solid currentColor; padding-bottom: 5px; margin-top: 0; color: inherit; opacity: 0.8;'>Especificaciones<\/h3>\n<ul style='padding-left: 20px; font-size: 15px; color: inherit;'>\n<li style='margin-bottom: 5px;'><strong>Est\u00e1ndar:<\/strong> 802.11ac Wave 2<\/li>\n<li style='margin-bottom: 5px;'><strong>Usuarios:<\/strong> Hasta 256<\/li>\n<li style='margin-bottom: 5px;'><strong>Antena:<\/strong> Beamforming&comma; Omnidireccional 3.57dBi (2.4GHz) y 4.96dBi (5GHz)<\/li>\n<li style='margin-bottom: 5px;'><strong>Salidas:<\/strong> 4 puertos (1x PoE Gigabit&comma; 3x Ethernet Gigabit)<\/li>\n<li style='margin-bottom: 5px;'><strong>Modo:<\/strong> Access Point o Router (NAT&comma; DHCP Server y Firewall)<\/li>\n<\/ul>\n<\/div>\n<div style='flex: 1 1 300px; min-width: 280px;'>\n<h3 style='font-size: 22px; border-bottom: 2px solid currentColor; padding-bottom: 5px; margin-top: 0; color: inherit; opacity: 0.8;'>Caracter\u00edsticas<\/h3>\n<ul style='padding-left: 20px; font-size: 15px; color: inherit;'>\n<li style='margin-bottom: 5px;'>Doble banda simult\u00e1nea 2.4GHz y 5GHz<\/li>\n<li style='margin-bottom: 5px;'>MU-MIMO 2&#215;2<\/li>\n<li style='margin-bottom: 5px;'>Hasta 300Mbps (2.4GHz) y 867Mbps (5GHz)<\/li>\n<li style='margin-bottom: 5px;'>Fast Roaming y soporte MESH<\/li>\n<li style='margin-bottom: 5px;'>Gesti\u00f3n centralizada con cnMaestro<\/li>\n<\/ul>\n<\/div>\n<\/div>\n<div style='display: flex; flex-wrap: wrap; gap: 20px; margin-bottom: 30px;'>\n<div style='flex: 1 1 250px; border: 1px solid rgba(150&comma; 150&comma; 150&comma; 0.4); border-radius: 8px; overflow: hidden; display: flex; flex-direction: column;'>\n<div style='padding: 15px; border-bottom: 1px solid rgba(150&comma; 150&comma; 150&comma; 0.2); font-weight: bold; font-size: 18px; color: inherit;'>Desempe\u00f1o<\/div>\n<div style='padding: 15px; color: inherit;'>\n<ul style='padding-left: 20px; margin: 0; font-size: 14px; list-style-type: disc;'>\n<li style='margin-bottom: 5px;'>Potencia de radio: 25.57 dBm (2.4GHz) y 25.96 dBm (5GHz)<\/li>\n<li style='margin-bottom: 5px;'>Soporta hasta 16 SSID (Flexibles en cualquier banda)<\/li>\n<li style='margin-bottom: 5px;'>ACL para bloqueo de p\u00e1ginas web<\/li>\n<li style='margin-bottom: 5px;'>Aislamiento entre clientes<\/li>\n<li style='margin-bottom: 5px;'>Load Balancing entre bandas<\/li>\n<\/ul>\n<\/div>\n<\/div>\n<div style='flex: 1 1 250px; border: 1px solid rgba(150&comma; 150&comma; 150&comma; 0.4); border-radius: 8px; overflow: hidden; display: flex; flex-direction: column;'>\n<div style='padding: 15px; border-bottom: 1px solid rgba(150&comma; 150&comma; 150&comma; 0.2); font-weight: bold; font-size: 18px; color: inherit;'>Gesti\u00f3n<\/div>\n<div style='padding: 15px; color: inherit;'>\n<ul style='padding-left: 20px; margin: 0; font-size: 14px; list-style-type: disc;'>\n<li style='margin-bottom: 5px;'>Gesti\u00f3n centralizada en cnMaestro (gratuito)<\/li>\n<li style='margin-bottom: 5px;'>Portal cautivo con vouchers personalizables<\/li>\n<li style='margin-bottom: 5px;'>Control de ancho de banda por usuario o SSID<\/li>\n<li style='margin-bottom: 5px;'>Schedule SSID para activar redes en horarios espec\u00edficos<\/li>\n<li style='margin-bottom: 5px;'>Funci\u00f3n ACS para cambio autom\u00e1tico de canales<\/li>\n<\/ul>\n<\/div>\n<\/div>\n<div style='flex: 1 1 250px; border: 1px solid rgba(150&comma; 150&comma; 150&comma; 0.4); border-radius: 8px; overflow: hidden; display: flex; flex-direction: column;'>\n<div style='padding: 15px; border-bottom: 1px solid rgba(150&comma; 150&comma; 150&comma; 0.2); font-weight: bold; font-size: 18px; color: inherit;'>F\u00edsicas y el\u00e9ctricas<\/div>\n<div style='padding: 15px; color: inherit;'>\n<ul style='padding-left: 20px; margin: 0; font-size: 14px; list-style-type: disc;'>\n<li style='margin-bottom: 5px;'>1x Puerto PoE IN 802.3af\/at<\/li>\n<li style='margin-bottom: 5px;'>1x Puerto PoE Passthrough trasero<\/li>\n<li style='margin-bottom: 5px;'>1x Puerto PoE OUT 802.3af<\/li>\n<li style='margin-bottom: 5px;'>1x Puerto Gigabit Ethernet<\/li>\n<li style='margin-bottom: 5px;'>Consumo: 9W sin PoE OUT&comma; 25W con PoE OUT<\/li>\n<li style='margin-bottom: 5px;'>Dimensiones: 147mm x 94mm x 32mm<\/li>\n<\/ul>\n<\/div>\n<\/div>\n<\/div>\n<hr style='border: 0; border-top: 1px solid rgba(150&comma; 150&comma; 150&comma; 0.3); margin: 30px 0;'>\n<div style='display: flex; flex-wrap: wrap; gap: 30px; margin-bottom: 30px;'>\n<div style='flex: 1 1 300px; min-width: 280px;'>\n<h3 style='font-size: 22px; border-bottom: 2px solid currentColor; padding-bottom: 5px; margin-top: 0; color: inherit; opacity: 0.8;'>Aplicaciones<\/h3>\n<p style='font-size: 15px; color: inherit;'>Dise\u00f1ado para hoteles&comma; centros tur\u00edsticos y residencias o cualquier lugar en interiores que necesite un AP montado en la pared con m\u00faltiples puertos Gigabit con salida PoE. Alta capacidad Triple Play con soporte para hasta 256 usuarios activos con alto tr\u00e1fico y hasta 16 SSID.<\/p>\n<\/div>\n<div style='flex: 1 1 300px; min-width: 280px;'>\n<h3 style='font-size: 22px; border-bottom: 2px solid currentColor; padding-bottom: 5px; margin-top: 0; color: inherit; opacity: 0.8;'>Gesti\u00f3n<\/h3>\n<p style='font-size: 15px; color: inherit;'>Gesti\u00f3n integral de toda la red para manejo de inventario&comma; incorporaci\u00f3n de dispositivos&comma; operaciones diarias&comma; mantenimiento&comma; configuraci\u00f3n y aprovisionamiento&comma; as\u00ed como la creaci\u00f3n de tickets o vouchers&comma; control de tiempos y anchos de banda&comma; y portal cautivo.<\/p>\n<\/div>\n<\/div>\n<div style='display: flex; flex-wrap: wrap; gap: 30px; margin-bottom: 30px;'>\n<div style='flex: 1 1 300px; min-width: 280px;'>\n<h3 style='font-size: 22px; border-bottom: 2px solid currentColor; padding-bottom: 5px; margin-top: 0; color: inherit; opacity: 0.8;'>Caracter\u00edsticas avanzadas<\/h3>\n<ul style='padding-left: 20px; font-size: 15px; color: inherit;'>\n<li style='margin-bottom: 5px;'>Fast Roaming: Navegaci\u00f3n sin interrupciones<\/li>\n<li style='margin-bottom: 5px;'>Soporta MESH para backhauling<\/li>\n<li style='margin-bottom: 5px;'>ACL para control de acceso a p\u00e1ginas restringidas<\/li>\n<li style='margin-bottom: 5px;'>Limita ancho de banda por usuario o SSID<\/li>\n<li style='margin-bottom: 5px;'>Aislamiento entre clientes para evitar tormentas de tr\u00e1fico<\/li>\n<\/ul>\n<\/div>\n<div style='flex: 1 1 300px; min-width: 280px;'>\n<h3 style='font-size: 22px; border-bottom: 2px solid currentColor; padding-bottom: 5px; margin-top: 0; color: inherit; opacity: 0.8;'>Garant\u00eda y soporte<\/h3>\n<p style='font-size: 15px; color: inherit;'>Garantizado como el mejor Access Point en relaci\u00f3n costo-beneficio. Incluye 5 a\u00f1os de garant\u00eda en facturas a partir del 19 de noviembre de 2019.<\/p>\n<p><img style='width: 121px; height: auto; border: 1px solid rgba(150&comma;150&comma;150&comma;0.3); border-radius: 8px;' src='https:\/\/ftp3.syscom.mx\/usuarios\/dquezada\/Cambium\/cnPilot\/5%20anos%20garantia.png' alt='Garant\u00eda de 5 a\u00f1os'><\/div>\n<\/div>\n<hr style='border: 0; border-top: 1px solid rgba(150&comma;150&comma;150&comma;0.3); margin: 30px 0;'>\n<div style='display: flex; flex-wrap: wrap; gap: 30px; margin-bottom: 30px;'>\n<div style='flex: 1 1 100%; min-width: 280px;'><img style='width: 100%; height: auto; border: 1px solid rgba(150&comma;150&comma;150&comma;0.3); border-radius: 8px;' src='https:\/\/ftp3.syscom.mx\/usuarios\/dquezada\/Cambium\/cnPilot\/e425H\/fotos.JPG' alt='Vista del producto'><\/div>\n<\/div>\n<div style='display: flex; flex-wrap: wrap; gap: 30px; margin-bottom: 30px;'>\n<div style='flex: 1 1 100%; min-width: 280px;'>\n<h3 style='font-size: 22px; border-bottom: 2px solid currentColor; padding-bottom: 5px; margin-top: 0; color: inherit; opacity: 0.8;'>Comparativa<\/h3>\n<p><img style='width: 100%; height: auto; border: 1px solid rgba(150&comma;150&comma;150&comma;0.3); border-radius: 8px;' src='https:\/\/ftp3.syscom.mx\/usuarios\/dquezada\/Cambium\/cnPilot\/e425H\/Comparativa.JPG' alt='Comparativa con otros modelos'><\/div>\n<\/div>\n<div style='display: flex; flex-wrap: wrap; gap: 30px; margin-bottom: 30px;'>\n<div style='flex: 1 1 100%; min-width: 280px;'>\n<h3 style='font-size: 22px; border-bottom: 2px solid currentColor; padding-bottom: 5px; margin-top: 0; color: inherit; opacity: 0.8;'>Paquete incluye<\/h3>\n<p><img style='width: 350px; height: auto; border: 1px solid rgba(150&comma;150&comma;150&comma;0.3); border-radius: 8px;' src='https:\/\/ftp3.syscom.mx\/usuarios\/dquezada\/Cambium\/cnPilot\/e425H\/incluye.png' alt='Contenido del paquete'><\/div>\n<\/div>\n<\/div>\n","protected":false},"excerpt":{"rendered":"<p>Access Point WiFi cnPilot e430H Indoor Wall Plate, doble banda, Wave 2, antena beamforming, 4 puertos de salida (1x PoE Gigabit y 3x Ethernet Gigabit)<\/p>\n","protected":false},"featured_media":78190,"comment_status":"open","ping_status":"closed","template":"","meta":[],"product_brand":[],"product_cat":[1794],"product_tag":[1316,1795,1479],"class_list":{"0":"post-78191","1":"product","2":"type-product","3":"status-publish","4":"has-post-thumbnail","6":"product_cat-puntos-de-acceso","7":"product_tag-cambium-networks","8":"product_tag-puntos-de-acceso","9":"product_tag-redes-wifi","11":"first","12":"outofstock","13":"sale","14":"shipping-taxable","15":"purchasable","16":"product-type-simple"},"_links":{"self":[{"href":"https:\/\/soydeaqui.ddns.net\/pachuca\/index.php\/wp-json\/wp\/v2\/product\/78191","targetHints":{"allow":["GET"]}}],"collection":[{"href":"https:\/\/soydeaqui.ddns.net\/pachuca\/index.php\/wp-json\/wp\/v2\/product"}],"about":[{"href":"https:\/\/soydeaqui.ddns.net\/pachuca\/index.php\/wp-json\/wp\/v2\/types\/product"}],"replies":[{"embeddable":true,"href":"https:\/\/soydeaqui.ddns.net\/pachuca\/index.php\/wp-json\/wp\/v2\/comments?post=78191"}],"wp:featuredmedia":[{"embeddable":true,"href":"https:\/\/soydeaqui.ddns.net\/pachuca\/index.php\/wp-json\/wp\/v2\/media\/78190"}],"wp:attachment":[{"href":"https:\/\/soydeaqui.ddns.net\/pachuca\/index.php\/wp-json\/wp\/v2\/media?parent=78191"}],"wp:term":[{"taxonomy":"product_brand","embeddable":true,"href":"https:\/\/soydeaqui.ddns.net\/pachuca\/index.php\/wp-json\/wp\/v2\/product_brand?post=78191"},{"taxonomy":"product_cat","embeddable":true,"href":"https:\/\/soydeaqui.ddns.net\/pachuca\/index.php\/wp-json\/wp\/v2\/product_cat?post=78191"},{"taxonomy":"product_tag","embeddable":true,"href":"https:\/\/soydeaqui.ddns.net\/pachuca\/index.php\/wp-json\/wp\/v2\/product_tag?post=78191"}],"curies":[{"name":"wp","href":"https:\/\/api.w.org\/{rel}","templated":true}]}}