{"id":78180,"date":"2026-03-19T16:30:52","date_gmt":"2026-03-19T16:30:52","guid":{"rendered":"https:\/\/soydeaqui.ddns.net\/pachuca\/index.php\/producto\/switch-industrial-unifi-poe-de-10-puertos-gigabit-8-x-802-3bt-y-2-x-ethernet-para-temperaturas-extremas\/"},"modified":"2026-03-19T16:30:52","modified_gmt":"2026-03-19T16:30:52","slug":"switch-industrial-unifi-poe-de-10-puertos-gigabit-8-x-802-3bt-y-2-x-ethernet-para-temperaturas-extremas","status":"publish","type":"product","link":"https:\/\/soydeaqui.ddns.net\/pachuca\/index.php\/producto\/switch-industrial-unifi-poe-de-10-puertos-gigabit-8-x-802-3bt-y-2-x-ethernet-para-temperaturas-extremas\/","title":{"rendered":"Switch industrial UniFi PoE de 10 puertos Gigabit (8 x 802.3bt y 2 x Ethernet) para temperaturas extremas"},"content":{"rendered":"<div style='width: 100%; max-width: 1200px; margin: 0 auto; font-family: sans-serif; line-height: 1.6; color: inherit; background-color: transparent;'> <!-- Secci\u00f3n de caracter\u00edsticas --> <\/p>\n<div style='display: flex; flex-wrap: wrap; gap: 30px; margin-bottom: 30px;'>\n<div style='flex: 1 1 300px; min-width: 280px;'>\n<h3 style='font-size: 22px; border-bottom: 2px solid currentColor; padding-bottom: 5px; margin-top: 0; color: inherit; opacity: 0.8;'>Puertos<\/h3>\n<ul style='padding-left: 20px; font-size: 15px; color: inherit;'>\n<li style='margin-bottom: 5px;'>8 x 10\/100\/1000 802.3bt RJ45<\/li>\n<li style='margin-bottom: 5px;'>2 x 10\/100\/1000 Ethernet In Band<\/li>\n<\/ul><\/div>\n<div style='flex: 1 1 300px; min-width: 280px;'>\n<h3 style='font-size: 22px; border-bottom: 2px solid currentColor; padding-bottom: 5px; margin-top: 0; color: inherit; opacity: 0.8;'>Especificaciones<\/h3>\n<ul style='padding-left: 20px; font-size: 15px; color: inherit;'>\n<li style='margin-bottom: 5px;'><strong>Throughput:<\/strong> 10 Gbps Non-Blocking<\/li>\n<li style='margin-bottom: 5px;'><strong>Alimentaci\u00f3n de entrada:<\/strong> 100-240 Vca 6A 50\/60 Hz<\/li>\n<li style='margin-bottom: 5px;'><strong>Consumo de energ\u00eda:<\/strong> 20W m\u00e1ximo (sin contar alimentaci\u00f3n de equipos PoE)<\/li>\n<li style='margin-bottom: 5px;'><strong>Potencia PoE:<\/strong> 430W M\u00e1ximo<\/li>\n<\/ul><\/div>\n<div style='flex: 1 1 300px; min-width: 280px;'>\n<h3 style='font-size: 22px; border-bottom: 2px solid currentColor; padding-bottom: 5px; margin-top: 0; color: inherit; opacity: 0.8;'>Rango de temperatura<\/h3>\n<ul style='padding-left: 20px; font-size: 15px; color: inherit;'>\n<li style='margin-bottom: 5px;'>Trabajando con PoE a 450W: <strong style='color: #2880b9;'>-40\u00b0<\/strong> a <strong style='color: #e74c3c;'>50\u00b0<\/strong> C<\/li>\n<li style='margin-bottom: 5px;'>Trabajando con PoE a 240W: <strong style='color: #2880b9;'>-40\u00b0<\/strong> a <strong style='color: #e74c3c;'>60\u00b0<\/strong> C<\/li>\n<\/ul><\/div>\n<\/p><\/div>\n<p> <!-- Imagen paquete incluye --> <\/p>\n<div style='margin-bottom: 30px;'> <img style='width: 100%; height: auto; border: 1px solid rgba(150&comma;150&comma;150&comma;0.3); border-radius: 8px;' src='https:\/\/ftp3.syscom.mx\/usuarios\/dquezada\/Ubiquiti\/UniFi\/USW-Industrial\/Incluye.PNG' alt='Paquete incluye'> <\/div>\n<p> <!-- Secci\u00f3n de cards --> <\/p>\n<div style='display: flex; flex-wrap: wrap; gap: 20px; margin-bottom: 30px;'>\n<div style='flex: 1 1 250px; border: 1px solid rgba(150&comma; 150&comma; 150&comma; 0.4); border-radius: 8px; overflow: hidden; display: flex; flex-direction: column;'>\n<div style='padding: 15px; border-bottom: 1px solid rgba(150&comma; 150&comma; 150&comma; 0.2); font-weight: bold; font-size: 18px; color: inherit;'>PoE++<\/div>\n<div style='padding: 15px; color: inherit;'>\n<p style='margin: 0 0 10px 0;'>Ocho puertos ofrecen detecci\u00f3n autom\u00e1tica 802.3af\/at\/bt PoE para proporcionar hasta 60W de potencia (por puerto) para alimentar m\u00faltiples dispositivos en la red.<\/p>\n<p> <img style='width: 100%; height: auto; border: 1px solid rgba(150&comma;150&comma;150&comma;0.3); border-radius: 8px;' src='https:\/\/prd-www-cdn.ubnt.com\/media\/images\/product-features\/unifi-industrial-deploy1.jpg' alt='PoE++'> <\/div>\n<\/p><\/div>\n<div style='flex: 1 1 250px; border: 1px solid rgba(150&comma; 150&comma; 150&comma; 0.4); border-radius: 8px; overflow: hidden; display: flex; flex-direction: column;'>\n<div style='padding: 15px; border-bottom: 1px solid rgba(150&comma; 150&comma; 150&comma; 0.2); font-weight: bold; font-size: 18px; color: inherit;'>Dise\u00f1o industrial robusto<\/div>\n<div style='padding: 15px; color: inherit;'>\n<ul style='padding-left: 20px; margin: 0; font-size: 14px; list-style-type: disc;'>\n<li style='margin-bottom: 5px;'>El Switch Industrial UniFi sin ventilador tiene una clasificaci\u00f3n de plenum<\/li>\n<li style='margin-bottom: 5px;'>Se puede instalar en orientaci\u00f3n horizontal o vertical en espacios de plenum<\/li>\n<li style='margin-bottom: 5px;'>Caja de aluminio fundido a presi\u00f3n con acabado negro y recubrimiento de polvo<\/li>\n<li style='margin-bottom: 5px;'>Mayor durabilidad y resistencia a la corrosi\u00f3n<\/li>\n<li style='margin-bottom: 5px;'>Puede funcionar a potencia m\u00e1xima de 450W en entornos de hasta 50\u00b0C<\/li>\n<\/ul>\n<p> <img style='width: 100%; height: auto; border: 1px solid rgba(150&comma;150&comma;150&comma;0.3); border-radius: 8px;' src='https:\/\/prd-www-cdn.ubnt.com\/media\/images\/product-features\/unifi-industrial-fanless2.jpg' alt='Dise\u00f1o industrial robusto'> <\/div>\n<\/p><\/div>\n<div style='flex: 1 1 250px; border: 1px solid rgba(150&comma; 150&comma; 150&comma; 0.4); border-radius: 8px; overflow: hidden; display: flex; flex-direction: column;'>\n<div style='padding: 15px; border-bottom: 1px solid rgba(150&comma; 150&comma; 150&comma; 0.2); font-weight: bold; font-size: 18px; color: inherit;'>Integraci\u00f3n perfecta<\/div>\n<div style='padding: 15px; color: inherit;'>\n<p style='margin: 0 0 10px 0;'>Una sola instancia del controlador UniFi que se ejecuta en la nube puede administrar m\u00faltiples sitios UniFi dentro de una interfaz centralizada.<\/p>\n<p style='margin: 0 0 10px 0;'>Cada sitio est\u00e1 separado l\u00f3gicamente y tiene su propia red de monitoreo&comma; configuraci\u00f3n&comma; mapas&comma; estad\u00edsticas y cuentas de administrador.<\/p>\n<p> <a href='https:\/\/demo.ui.com\/manage\/site\/default\/dashboard' target='_blank' rel='noopener' style='display: inline-block; margin-top: 15px; background: #00a0df; color: #ffffff; text-decoration: none; padding: 10px 20px; border-radius: 1000px; font-weight: bold; transition: background-color 0.3s;'>Demo<\/a> <img style='width: 100%; height: auto; border: 1px solid rgba(150&comma;150&comma;150&comma;0.3); border-radius: 8px; margin-top: 15px;' src='https:\/\/prd-www-cdn.ubnt.com\/media\/images\/product-features\/unifi-industrial-software.jpg' alt='Integraci\u00f3n perfecta'> <\/div>\n<\/p><\/div>\n<div style='flex: 1 1 250px; border: 1px solid rgba(150&comma; 150&comma; 150&comma; 0.4); border-radius: 8px; overflow: hidden; display: flex; flex-direction: column;'>\n<div style='padding: 15px; border-bottom: 1px solid rgba(150&comma; 150&comma; 150&comma; 0.2); font-weight: bold; font-size: 18px; color: inherit;'>Productos compatibles<\/div>\n<div style='padding: 15px; color: inherit;'>\n<p style='margin: 0 0 10px 0;'>El USW-Industrial potencia una variedad de productos&comma; incluyendo:<\/p>\n<ul style='padding-left: 20px; margin: 0; font-size: 14px; list-style-type: disc;'>\n<li style='margin-bottom: 5px;'>UniFi AC Mesh AP<\/li>\n<li style='margin-bottom: 10px;'>UniFi Video Camera G4 Pro<\/li>\n<li style='margin-bottom: 5px;'>Paneles LED UniFi que utilizan 802.3at PoE+<\/li>\n<\/ul>\n<p> <img style='width: 100%; height: auto; border: 1px solid rgba(150&comma;150&comma;150&comma;0.3); border-radius: 8px;' src='https:\/\/prd-www-cdn.ubnt.com\/media\/images\/product-features\/unifi-industrial-deploy3.jpg' alt='Productos compatibles'> <\/div>\n<\/p><\/div>\n<\/p><\/div>\n<p> <!-- Separador --> <\/p>\n<hr style='border: 0; border-top: 1px solid rgba(150&comma; 150&comma; 150&comma; 0.3); margin: 30px 0;'> <\/div>\n","protected":false},"excerpt":{"rendered":"<p>Switch industrial UniFi PoE de 10 puertos Gigabit (8 x 802.3bt y 2 x Ethernet) para temperaturas extremas<\/p>\n","protected":false},"featured_media":78179,"comment_status":"open","ping_status":"closed","template":"","meta":[],"product_brand":[],"product_cat":[1986],"product_tag":[664,1987,166],"class_list":{"0":"post-78180","1":"product","2":"type-product","3":"status-publish","4":"has-post-thumbnail","6":"product_cat-switches-poe","7":"product_tag-networking","8":"product_tag-switches-poe","9":"product_tag-ubiquiti","11":"first","12":"outofstock","13":"sale","14":"shipping-taxable","15":"purchasable","16":"product-type-simple"},"_links":{"self":[{"href":"https:\/\/soydeaqui.ddns.net\/pachuca\/index.php\/wp-json\/wp\/v2\/product\/78180","targetHints":{"allow":["GET"]}}],"collection":[{"href":"https:\/\/soydeaqui.ddns.net\/pachuca\/index.php\/wp-json\/wp\/v2\/product"}],"about":[{"href":"https:\/\/soydeaqui.ddns.net\/pachuca\/index.php\/wp-json\/wp\/v2\/types\/product"}],"replies":[{"embeddable":true,"href":"https:\/\/soydeaqui.ddns.net\/pachuca\/index.php\/wp-json\/wp\/v2\/comments?post=78180"}],"wp:featuredmedia":[{"embeddable":true,"href":"https:\/\/soydeaqui.ddns.net\/pachuca\/index.php\/wp-json\/wp\/v2\/media\/78179"}],"wp:attachment":[{"href":"https:\/\/soydeaqui.ddns.net\/pachuca\/index.php\/wp-json\/wp\/v2\/media?parent=78180"}],"wp:term":[{"taxonomy":"product_brand","embeddable":true,"href":"https:\/\/soydeaqui.ddns.net\/pachuca\/index.php\/wp-json\/wp\/v2\/product_brand?post=78180"},{"taxonomy":"product_cat","embeddable":true,"href":"https:\/\/soydeaqui.ddns.net\/pachuca\/index.php\/wp-json\/wp\/v2\/product_cat?post=78180"},{"taxonomy":"product_tag","embeddable":true,"href":"https:\/\/soydeaqui.ddns.net\/pachuca\/index.php\/wp-json\/wp\/v2\/product_tag?post=78180"}],"curies":[{"name":"wp","href":"https:\/\/api.w.org\/{rel}","templated":true}]}}