{"id":78176,"date":"2026-03-19T16:30:42","date_gmt":"2026-03-19T16:30:42","guid":{"rendered":"https:\/\/soydeaqui.ddns.net\/pachuca\/index.php\/producto\/switch-poe-802-3af-at-bt-no-administrable-de-largo-alcance-hasta-250m-con-24-x-10-100mbps-2-x-sfp-gigabit-combo-250-w\/"},"modified":"2026-03-19T16:30:48","modified_gmt":"2026-03-19T16:30:48","slug":"switch-poe-802-3af-at-bt-no-administrable-de-largo-alcance-hasta-250m-con-24-x-10-100mbps-2-x-sfp-gigabit-combo-250-w","status":"publish","type":"product","link":"https:\/\/soydeaqui.ddns.net\/pachuca\/index.php\/producto\/switch-poe-802-3af-at-bt-no-administrable-de-largo-alcance-hasta-250m-con-24-x-10-100mbps-2-x-sfp-gigabit-combo-250-w\/","title":{"rendered":"Switch PoE (802.3af\/at\/bt) \/ No administrable de largo alcance \/ Hasta 250m \/ Con 24 x 10\/100Mbps + 2 x SFP Gigabit Combo \/ 250 W"},"content":{"rendered":"<div style='width: 100%; max-width: 1200px; margin: 0 auto; font-family: sans-serif; line-height: 1.6; color: inherit; background-color: transparent;'>\n<div style='display: flex; flex-direction: column; gap: 30px;'>\n<div style='text-align: center;'> <img style='width: 100%; height: auto; border: 1px solid rgba(150&comma;150&comma;150&comma;0.3); border-radius: 8px;' src='https:\/\/ftp3.syscom.mx\/usuarios\/fotos\/WIPS205\/170793-20220413175643_13639.jpeg' alt=''> <\/div>\n<div style='display: flex; flex-direction: column; align-items: center; gap: 15px;'>\n<h2 style='font-size: 24px; margin: 0; color: inherit;'>Switch PoE de largo alcance hasta 250 m<\/h2>\n<p style='font-size: 18px; max-width: 800px; margin: 0 auto; color: inherit;'>PoE de largo alcance con tecnolog\u00eda de extensi\u00f3n de red de patente exclusiva&comma; utiliza el par trenzado existente com\u00fan&comma; puede soportar la transmisi\u00f3n de datos de hasta 250 metros&comma; rompe el l\u00edmite de transmisi\u00f3n de cien metros. <strong style='color: inherit;'>Reduciendo su velocidad a 10 Mbps y un PoE m\u00e1ximo de 7 W.<\/strong><\/p>\n<p> <img style='width: 100%; height: auto; border: 1px solid rgba(150&comma;150&comma;150&comma;0.3); border-radius: 8px;' src='https:\/\/ftp3.syscom.mx\/usuarios\/fotos\/WIPS205\/170793-20220413175658_31816.jpeg' alt=''> <\/div>\n<div style='display: flex; flex-direction: column; align-items: center; gap: 15px;'>\n<h2 style='font-size: 24px; margin: 0; color: inherit;'>Port VLAN<\/h2>\n<p style='font-size: 18px; max-width: 800px; margin: 0 auto; color: inherit;'>Ayuda a prevenir tormentas de broadcast<\/p>\n<p> <img style='width: 100%; height: auto; border: 1px solid rgba(150&comma;150&comma;150&comma;0.3); border-radius: 8px;' src='https:\/\/ftp3.syscom.mx\/usuarios\/fotos\/WIPS526G\/170795-20220413175101_30780.jpeg' alt=''> <\/div>\n<div style='display: flex; flex-direction: column; align-items: center; gap: 15px;'>\n<h2 style='font-size: 24px; margin: 0; color: inherit;'>Funci\u00f3n Smart PoE Watchdog en un Switch no Administrable<\/h2>\n<p style='font-size: 18px; max-width: 800px; margin: 0 auto; color: inherit;'>Plug and play&comma; sin configuraci\u00f3n. Detecta autom\u00e1ticamente y reinicia la c\u00e1mara IP&comma; esto si se pierde conectividad con la c\u00e1mara.<\/p>\n<p> <img style='width: 100%; height: auto; border: 1px solid rgba(150&comma;150&comma;150&comma;0.3); border-radius: 8px;' src='https:\/\/ftp3.syscom.mx\/usuarios\/fotos\/WIPS205\/170793-20220413175705_29308_copia.jpg' alt=''> <\/div>\n<hr style='border: 0; border-top: 1px solid rgba(150&comma; 150&comma; 150&comma; 0.3); margin: 30px 0;'>\n<div style='display: flex; flex-wrap: wrap; gap: 20px; justify-content: center;'>\n<div style='flex: 1 1 300px; border: 1px solid rgba(150&comma; 150&comma; 150&comma; 0.4); border-radius: 8px; overflow: hidden; display: flex; flex-direction: column;'>\n<div style='padding: 15px; border-bottom: 1px solid rgba(150&comma; 150&comma; 150&comma; 0.2); font-weight: bold; font-size: 18px; color: inherit;'>Especificaciones<\/div>\n<div style='padding: 15px; color: inherit;'>\n<ul style='padding-left: 20px; margin: 0; font-size: 14px; list-style-type: disc;'>\n<li style='margin-bottom: 5px;'><strong style='color: inherit;'>Dimensiones:<\/strong> 440 x 290 x 45 mm<\/li>\n<li style='margin-bottom: 5px;'><strong style='color: inherit;'>Interfaces de Red:<\/strong> (24) 10\/100 Mbps<br \/>(2) SFP Gigabit Combo<\/li>\n<li style='margin-bottom: 5px;'><strong style='color: inherit;'>Ventiladores:<\/strong> (2) Ventiladores<\/li>\n<li style='margin-bottom: 5px;'><strong style='color: inherit;'>Fuente de alimentaci\u00f3n interna:<\/strong> AC 110-240 V&comma; 50\/60Hz<\/li>\n<li style='margin-bottom: 5px;'><strong style='color: inherit;'>Puertos PoE(RJ45):<\/strong> Puertos: 1-2 PoE 802.3 af\/at\/bt 60W<br \/>Puestos: 3-24 PoE 802.3 af\/at 30W<br \/>Presupuesto de PoE: 250W<\/li>\n<li style='margin-bottom: 5px;'><strong style='color: inherit;'>Bandwidth:<\/strong> 8.8 Gbps<\/li>\n<li style='margin-bottom: 5px;'><strong style='color: inherit;'>Mac Address Table:<\/strong> 8K<\/li>\n<li style='margin-bottom: 5px;'><strong style='color: inherit;'>Packet Forwarding Rate:<\/strong> 3.869 Mpps<\/li>\n<li style='margin-bottom: 5px;'><strong style='color: inherit;'>Nivel de protecci\u00f3n:<\/strong> Lightning protection 6KV<br \/>6KV ESD Contact discharge<\/li>\n<li style='margin-bottom: 5px;'><strong style='color: inherit;'>Temperatura de operaci\u00f3n:<\/strong> -10 to 55\u00b0 C<\/li>\n<li style='margin-bottom: 5px;'><strong style='color: inherit;'>Certificaciones:<\/strong> CE&comma; FCC&comma; RoHS<\/li>\n<\/ul><\/div>\n<\/p><\/div>\n<div style='flex: 1 1 300px; border: 1px solid rgba(150&comma; 150&comma; 150&comma; 0.4); border-radius: 8px; overflow: hidden; display: flex; flex-direction: column;'>\n<div style='padding: 15px; border-bottom: 1px solid rgba(150&comma; 150&comma; 150&comma; 0.2); font-weight: bold; font-size: 18px; color: inherit;'>Caracter\u00edsticas<\/div>\n<div style='padding: 15px; color: inherit;'>\n<ul style='padding-left: 20px; margin: 0; font-size: 14px; list-style-type: disc;'>\n<li style='margin-bottom: 5px;'><strong style='color: inherit;'>M\u00e9todo de Transmisi\u00f3n:<\/strong> Store-And-Forward<\/li>\n<li style='margin-bottom: 5px;'><strong style='color: inherit;'>Funciones Avanzadas:<\/strong> Priority Function<br \/>Mac Address Auto-Learning<br \/>IEEE802.3x flow control for Full-duplex mode<br \/>Backpressure for Half-duplex mode<br \/>Support VLAN<\/li>\n<\/ul><\/div>\n<\/p><\/div>\n<div style='flex: 1 1 300px; border: 1px solid rgba(150&comma; 150&comma; 150&comma; 0.4); border-radius: 8px; overflow: hidden; display: flex; flex-direction: column;'>\n<div style='padding: 15px; border-bottom: 1px solid rgba(150&comma; 150&comma; 150&comma; 0.2); font-weight: bold; font-size: 18px; color: inherit;'>Otros<\/div>\n<div style='padding: 15px; color: inherit;'>\n<ul style='padding-left: 20px; margin: 0; font-size: 14px; list-style-type: disc;'>\n<li style='margin-bottom: 5px;'><strong style='color: inherit;'>Contenido del Paquete:<\/strong> Switch PoE<br \/>Cable de alimentaci\u00f3n<br \/>Kit de Montaje en Rack<br \/>Gu\u00eda de Usuario\/Garant\u00eda<\/li>\n<\/ul><\/div>\n<\/p><\/div>\n<\/p><\/div>\n<div style='background-color: rgba(241&comma; 196&comma; 15&comma; 0.2); border-left: 4px solid #f1c40f; padding: 15px; margin: 20px 0; color: inherit;'>\n<p style='margin: 0; font-size: 14px; color: inherit;'><strong style='color: inherit;'>Nota:<\/strong> No alimentan Access Point Grandstream modelo GWN7660<\/p>\n<\/p><\/div>\n<\/p><\/div>\n<\/p><\/div>\n","protected":false},"excerpt":{"rendered":"<p>Switch PoE (802.3af\/at\/bt) \/ No administrable de largo alcance \/ Hasta 250m \/ Con 24 x 10\/100Mbps + 2 x SFP Gigabit Combo \/ 250 W<\/p>\n","protected":false},"featured_media":78175,"comment_status":"open","ping_status":"closed","template":"","meta":[],"product_brand":[],"product_cat":[1986],"product_tag":[664,1987,1262],"class_list":{"0":"post-78176","1":"product","2":"type-product","3":"status-publish","4":"has-post-thumbnail","6":"product_cat-switches-poe","7":"product_tag-networking","8":"product_tag-switches-poe","9":"product_tag-wi-tek","11":"first","12":"instock","13":"sale","14":"shipping-taxable","15":"purchasable","16":"product-type-simple"},"_links":{"self":[{"href":"https:\/\/soydeaqui.ddns.net\/pachuca\/index.php\/wp-json\/wp\/v2\/product\/78176","targetHints":{"allow":["GET"]}}],"collection":[{"href":"https:\/\/soydeaqui.ddns.net\/pachuca\/index.php\/wp-json\/wp\/v2\/product"}],"about":[{"href":"https:\/\/soydeaqui.ddns.net\/pachuca\/index.php\/wp-json\/wp\/v2\/types\/product"}],"replies":[{"embeddable":true,"href":"https:\/\/soydeaqui.ddns.net\/pachuca\/index.php\/wp-json\/wp\/v2\/comments?post=78176"}],"wp:featuredmedia":[{"embeddable":true,"href":"https:\/\/soydeaqui.ddns.net\/pachuca\/index.php\/wp-json\/wp\/v2\/media\/78175"}],"wp:attachment":[{"href":"https:\/\/soydeaqui.ddns.net\/pachuca\/index.php\/wp-json\/wp\/v2\/media?parent=78176"}],"wp:term":[{"taxonomy":"product_brand","embeddable":true,"href":"https:\/\/soydeaqui.ddns.net\/pachuca\/index.php\/wp-json\/wp\/v2\/product_brand?post=78176"},{"taxonomy":"product_cat","embeddable":true,"href":"https:\/\/soydeaqui.ddns.net\/pachuca\/index.php\/wp-json\/wp\/v2\/product_cat?post=78176"},{"taxonomy":"product_tag","embeddable":true,"href":"https:\/\/soydeaqui.ddns.net\/pachuca\/index.php\/wp-json\/wp\/v2\/product_tag?post=78176"}],"curies":[{"name":"wp","href":"https:\/\/api.w.org\/{rel}","templated":true}]}}