{"id":78170,"date":"2026-03-19T16:30:29","date_gmt":"2026-03-19T16:30:29","guid":{"rendered":"https:\/\/soydeaqui.ddns.net\/pachuca\/index.php\/producto\/punto-de-acceso-omnidireccional-super-wi-fi-doble-banda-en-2-4-y-5-ghz-hasta-300-m-de-cobertura-hasta-256-usuarios-concurrentes-wave-2-mu-mimo-2x2-hasta-1267-mbps-carcasa-ip67\/"},"modified":"2026-03-19T16:30:39","modified_gmt":"2026-03-19T16:30:39","slug":"punto-de-acceso-omnidireccional-super-wi-fi-doble-banda-en-2-4-y-5-ghz-hasta-300-m-de-cobertura-hasta-256-usuarios-concurrentes-wave-2-mu-mimo-2x2-hasta-1267-mbps-carcasa-ip67","status":"publish","type":"product","link":"https:\/\/soydeaqui.ddns.net\/pachuca\/index.php\/producto\/punto-de-acceso-omnidireccional-super-wi-fi-doble-banda-en-2-4-y-5-ghz-hasta-300-m-de-cobertura-hasta-256-usuarios-concurrentes-wave-2-mu-mimo-2x2-hasta-1267-mbps-carcasa-ip67\/","title":{"rendered":"Punto de Acceso Omnidireccional S\u00faper Wi-Fi, Doble Banda en 2.4 y 5 GHz, Hasta 300 m de Cobertura, Hasta 256 Usuarios Concurrentes, Wave 2, MU-MIMO 2&#215;2, Hasta 1267 Mbps, Carcasa IP67"},"content":{"rendered":"<div style='width: 100%; max-width: 1200px; margin: 0 auto; font-family: sans-serif; line-height: 1.6; color: inherit; background-color: transparent;'> <!-- Im\u00e1genes principales --> <\/p>\n<div style='display: flex; flex-wrap: wrap; gap: 15px; justify-content: center; margin-bottom: 30px;'> <img style='width: 100%; max-width: 300px; height: auto; border: 1px solid rgba(150&comma;150&comma;150&comma;0.3); border-radius: 8px;' src='https:\/\/ftp3.syscom.mx\/usuarios\/hortega\/Altai\/Altai.png' alt='Logo Altai'> <img style='width: 100%; max-width: 230px; height: auto; border: 1px solid rgba(150&comma;150&comma;150&comma;0.3); border-radius: 8px;' src='https:\/\/ftp3.syscom.mx\/usuarios\/fotos\/C1N\/74401-image_2019_11_19t22_34_31_506z.png' alt=''> <\/div>\n<p> <!-- Descripci\u00f3n principal --> <\/p>\n<div style='margin-bottom: 30px; font-size: 15px;'>\n<p>El CX200 es ideal para ubicaciones de densidad media a alta como aeropuertos&comma; puertos de contenedores&comma; centros de convenciones&comma; plazas&comma; centros comerciales&comma; almacenes y estadios. Con la tecnolog\u00eda 802.11ac Wave 2 de pr\u00f3xima generaci\u00f3n&comma; el CX200 puede brindar una experiencia Wi-Fi sin igual y una conectividad altamente confiable.<\/p>\n<\/p><\/div>\n<p> <!-- Imagen de distancia --> <\/p>\n<div style='margin-bottom: 30px;'> <img style='width: 100%; max-width: 450px; height: auto; border: 1px solid rgba(150&comma;150&comma;150&comma;0.3); border-radius: 8px; display: block; margin: 0 auto;' src='https:\/\/ftp3.syscom.mx\/usuarios\/hortega\/Altai\/Distancias\/cx200.png' alt=''> <\/p>\n<p style='text-align: center; margin-top: 10px; font-size: 15px; color: inherit;'> <strong>Distancia M\u00e1xima:<\/strong> Hasta 200 metros para dispositivos Wi-Fi &#8211; 2.4 GHz \/ <strong>200 metros<\/strong> &#8211; 5 GHz <\/p>\n<\/p><\/div>\n<p> <!-- Especificaciones t\u00e9cnicas en cards --> <\/p>\n<div style='display: flex; flex-wrap: wrap; gap: 20px; margin-bottom: 30px;'> <!-- Caracter\u00edsticas principales --> <\/p>\n<div style='flex: 1 1 250px; border: 1px solid rgba(150&comma; 150&comma; 150&comma; 0.4); border-radius: 8px; overflow: hidden; display: flex; flex-direction: column;'>\n<div style='padding: 15px; border-bottom: 1px solid rgba(150&comma; 150&comma; 150&comma; 0.2); font-weight: bold; font-size: 18px; color: inherit;'>Caracter\u00edsticas Principales<\/div>\n<div style='padding: 15px; color: inherit;'>\n<ul style='padding-left: 20px; margin: 0; font-size: 14px; list-style-type: disc;'>\n<li style='margin-bottom: 5px;'><img src='https:\/\/ftp3.syscom.mx\/usuarios\/hortega\/Altai\/Logos\/Wifi.png' alt='' style='width: 20px; vertical-align: middle; margin-right: 5px;'>802.11 a\/b\/g\/n\/ac<\/li>\n<li style='margin-bottom: 5px;'><img src='https:\/\/ftp3.syscom.mx\/usuarios\/hortega\/Altai\/Logos\/usuarios.png' alt='' style='width: 20px; vertical-align: middle; margin-right: 5px;'><strong>256<\/strong> dispositivos concurrentes<\/li>\n<li style='margin-bottom: 5px;'><img src='https:\/\/ftp3.syscom.mx\/usuarios\/hortega\/Altai\/Logos\/velocidad.png' alt='' style='width: 20px; vertical-align: middle; margin-right: 5px;'>400 Mbps &#8211; 2.4 GHz<\/li>\n<li style='margin-bottom: 5px;'>867 Mbps &#8211; 5 GHz<\/li>\n<li style='margin-bottom: 5px;'><img src='https:\/\/ftp3.syscom.mx\/usuarios\/hortega\/Altai\/Logos\/repetidor.png' alt='' style='width: 20px; vertical-align: middle; margin-right: 5px;'>Access Point \/ Omnidireccional<\/li>\n<\/ul><\/div>\n<\/p><\/div>\n<p> <!-- Caracter\u00edsticas t\u00e9cnicas --> <\/p>\n<div style='flex: 1 1 250px; border: 1px solid rgba(150&comma; 150&comma; 150&comma; 0.4); border-radius: 8px; overflow: hidden; display: flex; flex-direction: column;'>\n<div style='padding: 15px; border-bottom: 1px solid rgba(150&comma; 150&comma; 150&comma; 0.2); font-weight: bold; font-size: 18px; color: inherit;'>Caracter\u00edsticas T\u00e9cnicas<\/div>\n<div style='padding: 15px; color: inherit;'>\n<ul style='padding-left: 20px; margin: 0; font-size: 14px; list-style-type: disc;'>\n<li style='margin-bottom: 5px;'><img src='https:\/\/ftp3.syscom.mx\/usuarios\/hortega\/Altai\/Logos\/potencia.png' alt='' style='width: 20px; vertical-align: middle; margin-right: 5px;'><strong>23 dBm<\/strong> Max. TX Power<\/li>\n<li style='margin-bottom: 5px;'>Antenas omni incluidas <strong>2.4 GHz&comma; 5 dBi&comma; 360\u00b0<\/strong><\/li>\n<li style='margin-bottom: 5px;'>Antenas omni incluidas <strong>5 GHz&comma; 5 dBi&comma; 360\u00b0<\/strong><\/li>\n<\/ul><\/div>\n<\/p><\/div>\n<p> <!-- Gesti\u00f3n y soporte --> <\/p>\n<div style='flex: 1 1 250px; border: 1px solid rgba(150&comma; 150&comma; 150&comma; 0.4); border-radius: 8px; overflow: hidden; display: flex; flex-direction: column;'>\n<div style='padding: 15px; border-bottom: 1px solid rgba(150&comma; 150&comma; 150&comma; 0.2); font-weight: bold; font-size: 18px; color: inherit;'>Gesti\u00f3n y Soporte<\/div>\n<div style='padding: 15px; color: inherit;'>\n<ul style='padding-left: 20px; margin: 0; font-size: 14px; list-style-type: disc;'>\n<li style='margin-bottom: 5px;'><img src='https:\/\/ftp3.syscom.mx\/usuarios\/hortega\/Altai\/Logos\/nube.png' alt='' style='width: 20px; vertical-align: middle; margin-right: 5px;'>Soporte Altai Care \/ On-Premise<\/li>\n<li style='margin-bottom: 5px;'>Modos de operaci\u00f3n AP\/CPE\/Repetidor<\/li>\n<li style='margin-bottom: 5px;'>32 SSID (16 por banda)<\/li>\n<li style='margin-bottom: 5px;'>Fast roaming<\/li>\n<li style='margin-bottom: 5px;'>Control de ancho de banda por SSID\/Cliente<\/li>\n<\/ul><\/div>\n<\/p><\/div>\n<\/p><\/div>\n<p> <!-- Especificaciones f\u00edsicas y el\u00e9ctricas --> <\/p>\n<div style='margin-bottom: 30px;'>\n<h3 style='font-size: 20px; border-bottom: 2px solid currentColor; padding-bottom: 5px; margin-top: 0; margin-bottom: 15px; color: inherit; opacity: 0.8;'>Especificaciones F\u00edsicas y El\u00e9ctricas<\/h3>\n<ul style='padding-left: 20px; font-size: 14px; color: inherit;'>\n<li style='margin-bottom: 5px;'>1 Puerto Ethernet 10\/100\/1000 Mbps<\/li>\n<li style='margin-bottom: 5px;'>2 antenas Omni de 5 dBi en 5 GHz<\/li>\n<li style='margin-bottom: 5px;'>2 antenas omni de 5 dBi en 2.4 GHz<\/li>\n<li style='margin-bottom: 5px;'><strong>No incluye fuente de alimentaci\u00f3n<\/strong><\/li>\n<li style='margin-bottom: 5px;'>Soporta PoE <strong>estandarizado 802.3 af<\/strong><\/li>\n<li style='margin-bottom: 5px;'>Soporta PoE <strong>pasivo de 54 Vcc<\/strong><\/li>\n<li style='margin-bottom: 5px;'>Dimensiones 17.4&#215;11.2&#215;3.1 cm<\/li>\n<li style='margin-bottom: 5px;'>Peso 0.3 kg<\/li>\n<li style='margin-bottom: 5px;'>Temperatura -20 a 60\u00b0C<\/li>\n<li style='margin-bottom: 5px;'>Carcasa con clasificaci\u00f3n <strong>IP67<\/strong><\/li>\n<\/ul><\/div>\n<p> <!-- Accesorios incluidos --> <\/p>\n<div style='margin-bottom: 30px;'>\n<h3 style='font-size: 20px; border-bottom: 2px solid currentColor; padding-bottom: 5px; margin-top: 0; margin-bottom: 15px; color: inherit; opacity: 0.8;'>Accesorios Incluidos<\/h3>\n<ul style='padding-left: 20px; font-size: 14px; color: inherit;'>\n<li style='margin-bottom: 5px;'>Punto de acceso CX200<\/li>\n<li style='margin-bottom: 5px;'>Accesorios de montaje<\/li>\n<li style='margin-bottom: 5px;'>2 Antenas de 2.4 GHz de 5 dBi<\/li>\n<li style='margin-bottom: 5px;'>2 Antenas de 5 GHz de 5 dBi<\/li>\n<\/ul><\/div>\n<p> <!-- Videos de soporte --> <\/p>\n<div style='margin-bottom: 30px;'>\n<h3 style='font-size: 20px; border-bottom: 2px solid currentColor; padding-bottom: 5px; margin-top: 0; margin-bottom: 15px; color: inherit; opacity: 0.8;'>Gu\u00edas de Configuraci\u00f3n<\/h3>\n<p> <!-- Video 1 --> <\/p>\n<div style='position: relative; padding-bottom: 56.25%; height: 0; overflow: hidden; margin-bottom: 30px;'>   <\/div>\n<p> <!-- Video 2 --> <\/p>\n<div style='position: relative; padding-bottom: 56.25%; height: 0; overflow: hidden; margin-bottom: 30px;'>   <\/div>\n<\/p><\/div>\n<p> <!-- Videos adicionales --> <\/p>\n<div style='margin-bottom: 30px;'>\n<h3 style='font-size: 20px; border-bottom: 2px solid currentColor; padding-bottom: 5px; margin-top: 0; margin-bottom: 15px; color: inherit; opacity: 0.8;'>Tutoriales Adicionales<\/h3>\n<p> <!-- Video 3 --> <\/p>\n<div style='position: relative; padding-bottom: 56.25%; height: 0; overflow: hidden; margin-bottom: 30px;'>   <\/div>\n<p> <!-- Video 4 --> <\/p>\n<div style='position: relative; padding-bottom: 56.25%; height: 0; overflow: hidden; margin-bottom: 30px;'>   <\/div>\n<p> <!-- Video 5 --> <\/p>\n<div style='position: relative; padding-bottom: 56.25%; height: 0; overflow: hidden; margin-bottom: 30px;'>   <\/div>\n<\/p><\/div>\n<p> <!-- Nota importante --> <\/p>\n<div style='margin-bottom: 30px; font-size: 14px; color: inherit;'>\n<p style='color: #b8312f; font-style: italic; margin: 0;'> La m\u00e1xima distancia en cobertura&comma; capacidad de dispositivos m\u00f3viles WiFi&comma; velocidades de conexi\u00f3n&comma; etc. depender\u00e1 particularmente de cada sitio de instalaci\u00f3n&comma; l\u00ednea de vista plena 100%&comma; niveles de ruido e interferencia&comma; tipo de dispositivos WiFi&comma; alineaci\u00f3n y altura de las antenas. <\/p>\n<\/p><\/div>\n<p> <!-- Separador final --> <\/p>\n<hr style='border: 0; border-top: 1px solid rgba(150&comma; 150&comma; 150&comma; 0.3); margin: 30px 0;'> <\/div>\n","protected":false},"excerpt":{"rendered":"<p>Punto de Acceso Omnidireccional S\u00faper Wi-Fi, Doble Banda en 2.4 y 5 GHz, Hasta 300 m de Cobertura, Hasta 256 Usuarios Concurrentes, Wave 2, MU-MIMO 2&#215;2, Hasta 1267 Mbps, Carcasa IP67<\/p>\n","protected":false},"featured_media":78169,"comment_status":"open","ping_status":"closed","template":"","meta":[],"product_brand":[],"product_cat":[2058],"product_tag":[2059,1950,1980],"class_list":{"0":"post-78170","1":"product","2":"type-product","3":"status-publish","4":"has-post-thumbnail","6":"product_cat-2-4-ghz","7":"product_tag-2-4-ghz","8":"product_tag-altai-technologies","9":"product_tag-enlaces-ptp-y-ptmp","11":"first","12":"instock","13":"sale","14":"shipping-taxable","15":"purchasable","16":"product-type-simple"},"_links":{"self":[{"href":"https:\/\/soydeaqui.ddns.net\/pachuca\/index.php\/wp-json\/wp\/v2\/product\/78170","targetHints":{"allow":["GET"]}}],"collection":[{"href":"https:\/\/soydeaqui.ddns.net\/pachuca\/index.php\/wp-json\/wp\/v2\/product"}],"about":[{"href":"https:\/\/soydeaqui.ddns.net\/pachuca\/index.php\/wp-json\/wp\/v2\/types\/product"}],"replies":[{"embeddable":true,"href":"https:\/\/soydeaqui.ddns.net\/pachuca\/index.php\/wp-json\/wp\/v2\/comments?post=78170"}],"wp:featuredmedia":[{"embeddable":true,"href":"https:\/\/soydeaqui.ddns.net\/pachuca\/index.php\/wp-json\/wp\/v2\/media\/78169"}],"wp:attachment":[{"href":"https:\/\/soydeaqui.ddns.net\/pachuca\/index.php\/wp-json\/wp\/v2\/media?parent=78170"}],"wp:term":[{"taxonomy":"product_brand","embeddable":true,"href":"https:\/\/soydeaqui.ddns.net\/pachuca\/index.php\/wp-json\/wp\/v2\/product_brand?post=78170"},{"taxonomy":"product_cat","embeddable":true,"href":"https:\/\/soydeaqui.ddns.net\/pachuca\/index.php\/wp-json\/wp\/v2\/product_cat?post=78170"},{"taxonomy":"product_tag","embeddable":true,"href":"https:\/\/soydeaqui.ddns.net\/pachuca\/index.php\/wp-json\/wp\/v2\/product_tag?post=78170"}],"curies":[{"name":"wp","href":"https:\/\/api.w.org\/{rel}","templated":true}]}}