{"id":78145,"date":"2026-03-19T16:29:29","date_gmt":"2026-03-19T16:29:29","guid":{"rendered":"https:\/\/soydeaqui.ddns.net\/pachuca\/index.php\/producto\/jabra-link-14201-30\/"},"modified":"2026-03-19T16:29:38","modified_gmt":"2026-03-19T16:29:38","slug":"jabra-link-14201-30","status":"publish","type":"product","link":"https:\/\/soydeaqui.ddns.net\/pachuca\/index.php\/producto\/jabra-link-14201-30\/","title":{"rendered":"Jabra Link 14201-30"},"content":{"rendered":"<div style='width: 100%; max-width: 1200px; margin: 0 auto; font-family: sans-serif; line-height: 1.6; color: inherit; background-color: transparent;'>\n<div style='display: flex; flex-wrap: wrap; gap: 30px; margin-bottom: 30px;'>\n<div style='flex: 1 1 300px; min-width: 280px;'>\n<h3 style='font-size: 22px; border-bottom: 2px solid currentColor; padding-bottom: 5px; margin-top: 0; color: inherit; opacity: 0.8;'>Descripci\u00f3n<\/h3>\n<p style='margin: 0 0 15px; font-size: 15px; color: inherit;'>Soluci\u00f3n de descolgador electr\u00f3nico para tel\u00e9fonos de escritorio USB.<\/p>\n<p style='margin: 0 0 15px; font-size: 15px; color: inherit;'>Jabra Link 14201-30 permite un control de descolgador electr\u00f3nico (EHS) remoto con auriculares inal\u00e1mbricos y una amplia gama de tel\u00e9fonos de escritorio USB. Visite la <a style='color: inherit; text-decoration: underline;' href='https:\/\/www.jabra.com\/compatibilityguide'>Gu\u00eda de compatibilidad de Jabra<\/a> o consulte a su contacto de ventas de Jabra para conocer la soluci\u00f3n correcta. Una vez instalado&comma; los empleados podr\u00e1n controlar las llamadas directamente desde los auriculares inal\u00e1mbricos Jabra&comma; hasta una distancia de 450 pies de su escritorio.<\/p>\n<\/p><\/div>\n<\/p><\/div>\n<div style='display: flex; flex-wrap: wrap; gap: 20px; margin-bottom: 30px;'>\n<div style='flex: 1 1 250px; border: 1px solid rgba(150&comma; 150&comma; 150&comma; 0.4); border-radius: 8px; overflow: hidden; display: flex; flex-direction: column;'>\n<div style='padding: 15px; border-bottom: 1px solid rgba(150&comma; 150&comma; 150&comma; 0.2); font-weight: bold; font-size: 18px; color: inherit;'>Funciones<\/div>\n<div style='padding: 15px; color: inherit;'>\n<ul style='padding-left: 20px; margin: 0; font-size: 14px; list-style-type: disc;'>\n<li style='margin-bottom: 5px;'>El tono de marcado se escucha en los auriculares<\/li>\n<li style='margin-bottom: 5px;'>Responder y finalizar llamadas<\/li>\n<li style='margin-bottom: 5px;'>Ajustar el volumen<\/li>\n<li style='margin-bottom: 5px;'>Silenciar el micr\u00f3fono<\/li>\n<li style='margin-bottom: 5px;'>Firmware que se puede actualizar<\/li>\n<\/ul><\/div>\n<\/p><\/div>\n<\/p><\/div>\n<\/p><\/div>\n","protected":false},"excerpt":{"rendered":"<p>Jabra Link 14201-30<\/p>\n","protected":false},"featured_media":78144,"comment_status":"open","ping_status":"closed","template":"","meta":[],"product_brand":[],"product_cat":[2040],"product_tag":[93,2052,2004],"class_list":{"0":"post-78145","1":"product","2":"type-product","3":"status-publish","4":"has-post-thumbnail","6":"product_cat-accesorios-voip-telefonia-ip-videoconferencia","7":"product_tag-accesorios","8":"product_tag-jabra","9":"product_tag-voip-telefonia-ip-videoconferencia","11":"first","12":"instock","13":"sale","14":"shipping-taxable","15":"purchasable","16":"product-type-simple"},"_links":{"self":[{"href":"https:\/\/soydeaqui.ddns.net\/pachuca\/index.php\/wp-json\/wp\/v2\/product\/78145","targetHints":{"allow":["GET"]}}],"collection":[{"href":"https:\/\/soydeaqui.ddns.net\/pachuca\/index.php\/wp-json\/wp\/v2\/product"}],"about":[{"href":"https:\/\/soydeaqui.ddns.net\/pachuca\/index.php\/wp-json\/wp\/v2\/types\/product"}],"replies":[{"embeddable":true,"href":"https:\/\/soydeaqui.ddns.net\/pachuca\/index.php\/wp-json\/wp\/v2\/comments?post=78145"}],"wp:featuredmedia":[{"embeddable":true,"href":"https:\/\/soydeaqui.ddns.net\/pachuca\/index.php\/wp-json\/wp\/v2\/media\/78144"}],"wp:attachment":[{"href":"https:\/\/soydeaqui.ddns.net\/pachuca\/index.php\/wp-json\/wp\/v2\/media?parent=78145"}],"wp:term":[{"taxonomy":"product_brand","embeddable":true,"href":"https:\/\/soydeaqui.ddns.net\/pachuca\/index.php\/wp-json\/wp\/v2\/product_brand?post=78145"},{"taxonomy":"product_cat","embeddable":true,"href":"https:\/\/soydeaqui.ddns.net\/pachuca\/index.php\/wp-json\/wp\/v2\/product_cat?post=78145"},{"taxonomy":"product_tag","embeddable":true,"href":"https:\/\/soydeaqui.ddns.net\/pachuca\/index.php\/wp-json\/wp\/v2\/product_tag?post=78145"}],"curies":[{"name":"wp","href":"https:\/\/api.w.org\/{rel}","templated":true}]}}