{"id":78137,"date":"2026-03-19T16:29:07","date_gmt":"2026-03-19T16:29:07","guid":{"rendered":"https:\/\/soydeaqui.ddns.net\/pachuca\/index.php\/producto\/lentes-de-seguridad-modelo-cronos-transparente-varilla-ajustable\/"},"modified":"2026-03-19T16:29:20","modified_gmt":"2026-03-19T16:29:20","slug":"lentes-de-seguridad-modelo-cronos-transparente-varilla-ajustable","status":"publish","type":"product","link":"https:\/\/soydeaqui.ddns.net\/pachuca\/index.php\/producto\/lentes-de-seguridad-modelo-cronos-transparente-varilla-ajustable\/","title":{"rendered":"Lentes de seguridad modelo &#8220;cronos&#8221; transparente, varilla ajustable."},"content":{"rendered":"<div style='width: 100%; max-width: 1200px; margin: 0 auto; font-family: sans-serif; line-height: 1.6; color: inherit; background-color: transparent;'> <!-- Secci\u00f3n de descripci\u00f3n principal --> <\/p>\n<div style='margin-bottom: 30px; font-size: 15px;'>\n<p style='margin: 0 0 15px 0; color: inherit;'>Dise\u00f1os innovadores y ergon\u00f3micos que ofrecen al usuario modernidad sin perder la seguridad otorgando mayor protecci\u00f3n en los ojos y sus alrededores con el fin de que no penetre alguna part\u00edcula y los pueda da\u00f1ar.<\/p>\n<p style='margin: 0 0 15px 0; color: inherit;'>Los lentes est\u00e1n fabricados en policarbonato resistentes al impacto.<\/p>\n<\/p><\/div>\n<p> <!-- Secci\u00f3n de especificaciones --> <\/p>\n<div style='display: flex; flex-wrap: wrap; gap: 20px; margin-bottom: 30px;'>\n<div style='flex: 1 1 250px; border: 1px solid rgba(150&comma; 150&comma; 150&comma; 0.4); border-radius: 8px; overflow: hidden; display: flex; flex-direction: column;'>\n<div style='padding: 15px; border-bottom: 1px solid rgba(150&comma; 150&comma; 150&comma; 0.2); font-weight: bold; font-size: 18px; color: inherit;'>Caracter\u00edsticas<\/div>\n<div style='padding: 15px; color: inherit;'>\n<ul style='padding-left: 20px; margin: 0; font-size: 14px; list-style-type: disc;'>\n<li style='margin-bottom: 5px;'><strong>Estilo de varilla:<\/strong> Ajustable<\/li>\n<li style='margin-bottom: 5px;'><strong>Dise\u00f1o del armaz\u00f3n:<\/strong> Envolvente<\/li>\n<li style='margin-bottom: 5px;'><strong>Tama\u00f1o:<\/strong> Unitalla<\/li>\n<li style='margin-bottom: 5px;'><strong>Color de armaz\u00f3n:<\/strong> Negro<\/li>\n<li style='margin-bottom: 5px;'><strong>Material del lente:<\/strong> Policarbonato<\/li>\n<li style='margin-bottom: 5px;'><strong>Material del armaz\u00f3n:<\/strong> Pl\u00e1stico<\/li>\n<li style='margin-bottom: 5px;'><strong>Protecci\u00f3n UV:<\/strong> S\u00ed<\/li>\n<li style='margin-bottom: 5px;'><strong>Incluye:<\/strong> Cord\u00f3n de nylon<\/li>\n<li style='margin-bottom: 5px;'><strong>Modelo:<\/strong> Cronos<\/li>\n<\/ul><\/div>\n<\/p><\/div>\n<p> <!-- Secci\u00f3n de dimensiones --> <\/p>\n<div style='flex: 1 1 250px; border: 1px solid rgba(150&comma; 150&comma; 150&comma; 0.4); border-radius: 8px; overflow: hidden; display: flex; flex-direction: column;'>\n<div style='padding: 15px; border-bottom: 1px solid rgba(150&comma; 150&comma; 150&comma; 0.2); font-weight: bold; font-size: 18px; color: inherit;'>Dimensiones<\/div>\n<div style='padding: 15px; color: inherit;'>\n<ul style='padding-left: 20px; margin: 0; font-size: 14px; list-style-type: disc;'>\n<li style='margin-bottom: 5px;'><strong>Ancho:<\/strong> 16.30<\/li>\n<li style='margin-bottom: 5px;'><strong>Largo:<\/strong> 6.00<\/li>\n<li style='margin-bottom: 5px;'><strong>Alto:<\/strong> 4.60<\/li>\n<\/ul><\/div>\n<\/p><\/div>\n<\/p><\/div>\n<p> <!-- Separador --> <\/p>\n<hr style='border: 0; border-top: 1px solid rgba(150&comma; 150&comma; 150&comma; 0.3); margin: 30px 0;'> <\/div>\n","protected":false},"excerpt":{"rendered":"<p>Lentes de seguridad modelo &#8220;cronos&#8221; transparente, varilla ajustable.<\/p>\n","protected":false},"featured_media":78136,"comment_status":"open","ping_status":"closed","template":"","meta":[],"product_brand":[],"product_cat":[920],"product_tag":[247,246,554],"class_list":{"0":"post-78137","1":"product","2":"type-product","3":"status-publish","4":"has-post-thumbnail","6":"product_cat-herramientas-de-instalacion-torres-y-mastiles-redes-e-it","7":"product_tag-herramientas-de-instalacion","8":"product_tag-torres-y-mastiles","9":"product_tag-urrea","11":"first","12":"outofstock","13":"sale","14":"shipping-taxable","15":"purchasable","16":"product-type-simple"},"_links":{"self":[{"href":"https:\/\/soydeaqui.ddns.net\/pachuca\/index.php\/wp-json\/wp\/v2\/product\/78137","targetHints":{"allow":["GET"]}}],"collection":[{"href":"https:\/\/soydeaqui.ddns.net\/pachuca\/index.php\/wp-json\/wp\/v2\/product"}],"about":[{"href":"https:\/\/soydeaqui.ddns.net\/pachuca\/index.php\/wp-json\/wp\/v2\/types\/product"}],"replies":[{"embeddable":true,"href":"https:\/\/soydeaqui.ddns.net\/pachuca\/index.php\/wp-json\/wp\/v2\/comments?post=78137"}],"wp:featuredmedia":[{"embeddable":true,"href":"https:\/\/soydeaqui.ddns.net\/pachuca\/index.php\/wp-json\/wp\/v2\/media\/78136"}],"wp:attachment":[{"href":"https:\/\/soydeaqui.ddns.net\/pachuca\/index.php\/wp-json\/wp\/v2\/media?parent=78137"}],"wp:term":[{"taxonomy":"product_brand","embeddable":true,"href":"https:\/\/soydeaqui.ddns.net\/pachuca\/index.php\/wp-json\/wp\/v2\/product_brand?post=78137"},{"taxonomy":"product_cat","embeddable":true,"href":"https:\/\/soydeaqui.ddns.net\/pachuca\/index.php\/wp-json\/wp\/v2\/product_cat?post=78137"},{"taxonomy":"product_tag","embeddable":true,"href":"https:\/\/soydeaqui.ddns.net\/pachuca\/index.php\/wp-json\/wp\/v2\/product_tag?post=78137"}],"curies":[{"name":"wp","href":"https:\/\/api.w.org\/{rel}","templated":true}]}}