{"id":7810,"date":"2026-03-18T07:01:00","date_gmt":"2026-03-18T07:01:00","guid":{"rendered":"https:\/\/soydeaqui.ddns.net\/pachuca\/index.php\/producto\/detector-infrarrojo-y-microondas-sin-inmunidad-a-mascotas\/"},"modified":"2026-03-18T07:01:01","modified_gmt":"2026-03-18T07:01:01","slug":"detector-infrarrojo-y-microondas-sin-inmunidad-a-mascotas","status":"publish","type":"product","link":"https:\/\/soydeaqui.ddns.net\/pachuca\/index.php\/producto\/detector-infrarrojo-y-microondas-sin-inmunidad-a-mascotas\/","title":{"rendered":"Detector infrarrojo y microondas sin inmunidad a mascotas"},"content":{"rendered":"<div style='width: 100%; max-width: 1200px; margin: 0 auto; font-family: sans-serif; line-height: 1.6; color: inherit; background-color: transparent;'> <!-- Secci\u00f3n de contenido con flex\/grid --> <\/p>\n<div style='display: flex; flex-wrap: wrap; gap: 30px; margin-bottom: 30px;'>\n<div style='flex: 1 1 300px; min-width: 280px;'>\n<h3 style='font-size: 22px; border-bottom: 2px solid currentColor; padding-bottom: 5px; margin-top: 0; color: inherit; opacity: 0.8;'>Caracter\u00edsticas principales<\/h3>\n<ul style='padding-left: 20px; font-size: 15px; color: inherit;'>\n<li style='margin-bottom: 5px;'>Cobertura: <strong>12 x 17 m<\/strong><\/li>\n<li style='margin-bottom: 5px;'>Consumo: <strong>17 mA<\/strong><\/li>\n<li style='margin-bottom: 5px;'>Zonas de detecci\u00f3n: <strong>46<\/strong><\/li>\n<li style='margin-bottom: 5px;'>Compensaci\u00f3n autom\u00e1tica de temperatura: <strong>S\u00ed<\/strong><\/li>\n<li style='margin-bottom: 5px;'>Rango de temperatura: <strong>-10 a 55\u00b0C<\/strong><\/li>\n<li style='margin-bottom: 5px;'>Tamper: <strong>S\u00ed<\/strong><\/li>\n<li style='margin-bottom: 5px;'>Dimensiones: <strong>57 x 98 x 43.5 mm<\/strong><\/li>\n<\/ul><\/div>\n<\/p><\/div>\n<p> <!-- Separador --> <\/p>\n<hr style='border: 0; border-top: 1px solid rgba(150&comma; 150&comma; 150&comma; 0.3); margin: 30px 0;'> <\/div>\n","protected":false},"excerpt":{"rendered":"<p>Detector infrarrojo y microondas sin inmunidad a mascotas<\/p>\n","protected":false},"featured_media":7809,"comment_status":"open","ping_status":"closed","template":"","meta":[],"product_brand":[],"product_cat":[18],"product_tag":[19,45,20],"class_list":{"0":"post-7810","1":"product","2":"type-product","3":"status-publish","4":"has-post-thumbnail","6":"product_cat-movimiento-para-interior","7":"product_tag-detectores-sensores","8":"product_tag-honeywell-home-resideo","9":"product_tag-movimiento-para-interior","11":"first","12":"outofstock","13":"sale","14":"shipping-taxable","15":"purchasable","16":"product-type-simple"},"_links":{"self":[{"href":"https:\/\/soydeaqui.ddns.net\/pachuca\/index.php\/wp-json\/wp\/v2\/product\/7810","targetHints":{"allow":["GET"]}}],"collection":[{"href":"https:\/\/soydeaqui.ddns.net\/pachuca\/index.php\/wp-json\/wp\/v2\/product"}],"about":[{"href":"https:\/\/soydeaqui.ddns.net\/pachuca\/index.php\/wp-json\/wp\/v2\/types\/product"}],"replies":[{"embeddable":true,"href":"https:\/\/soydeaqui.ddns.net\/pachuca\/index.php\/wp-json\/wp\/v2\/comments?post=7810"}],"wp:featuredmedia":[{"embeddable":true,"href":"https:\/\/soydeaqui.ddns.net\/pachuca\/index.php\/wp-json\/wp\/v2\/media\/7809"}],"wp:attachment":[{"href":"https:\/\/soydeaqui.ddns.net\/pachuca\/index.php\/wp-json\/wp\/v2\/media?parent=7810"}],"wp:term":[{"taxonomy":"product_brand","embeddable":true,"href":"https:\/\/soydeaqui.ddns.net\/pachuca\/index.php\/wp-json\/wp\/v2\/product_brand?post=7810"},{"taxonomy":"product_cat","embeddable":true,"href":"https:\/\/soydeaqui.ddns.net\/pachuca\/index.php\/wp-json\/wp\/v2\/product_cat?post=7810"},{"taxonomy":"product_tag","embeddable":true,"href":"https:\/\/soydeaqui.ddns.net\/pachuca\/index.php\/wp-json\/wp\/v2\/product_tag?post=7810"}],"curies":[{"name":"wp","href":"https:\/\/api.w.org\/{rel}","templated":true}]}}