{"id":78096,"date":"2026-03-19T16:27:37","date_gmt":"2026-03-19T16:27:37","guid":{"rendered":"https:\/\/soydeaqui.ddns.net\/pachuca\/index.php\/producto\/blindaje-aislante-para-alta-inmunidad-al-ruido-reduce-interferencia-y-lobulos-laterales-compatible-con-antenas-np2gen2-y-nptr2\/"},"modified":"2026-03-19T16:27:51","modified_gmt":"2026-03-19T16:27:51","slug":"blindaje-aislante-para-alta-inmunidad-al-ruido-reduce-interferencia-y-lobulos-laterales-compatible-con-antenas-np2gen2-y-nptr2","status":"publish","type":"product","link":"https:\/\/soydeaqui.ddns.net\/pachuca\/index.php\/producto\/blindaje-aislante-para-alta-inmunidad-al-ruido-reduce-interferencia-y-lobulos-laterales-compatible-con-antenas-np2gen2-y-nptr2\/","title":{"rendered":"Blindaje aislante para alta inmunidad al ruido \/ Reduce interferencia y l\u00f3bulos laterales \/ Compatible con antenas NP2GEN2 y NPTR2"},"content":{"rendered":"<div style='width: 100%; max-width: 1200px; margin: 0 auto; font-family: sans-serif; line-height: 1.6; color: inherit; background-color: transparent;'> <!-- Secci\u00f3n de caracter\u00edsticas --> <\/p>\n<div style='display: flex; flex-wrap: wrap; gap: 30px; margin-bottom: 30px;'>\n<div style='flex: 1 1 300px; min-width: 280px;'>\n<h3 style='font-size: 22px; border-bottom: 2px solid currentColor; padding-bottom: 5px; margin-top: 0; color: inherit; opacity: 0.8;'>Caracter\u00edsticas<\/h3>\n<ul style='padding-left: 20px; font-size: 15px; color: inherit;'>\n<li style='margin-bottom: 5px;'><strong>Di\u00e1metro:<\/strong> 100 cm<\/li>\n<li style='margin-bottom: 5px;'><strong>Ancho:<\/strong> 23 cm<\/li>\n<li style='margin-bottom: 5px;'><strong>Compatibilidad:<\/strong> NP2&comma; NPTR2<\/li>\n<li style='margin-bottom: 5px;'><strong>Material del protector:<\/strong> Metal<\/li>\n<li style='margin-bottom: 5px;'><strong>Material del Radomo:<\/strong> Poliestireno<\/li>\n<\/ul><\/div>\n<\/p><\/div>\n<p> <!-- Secci\u00f3n de descripci\u00f3n detallada --> <\/p>\n<div style='display: flex; flex-wrap: wrap; gap: 20px; margin-bottom: 30px;'>\n<div style='flex: 1 1 250px; border: 1px solid rgba(150&comma; 150&comma; 150&comma; 0.4); border-radius: 8px; overflow: hidden; display: flex; flex-direction: column;'>\n<div style='padding: 15px; border-bottom: 1px solid rgba(150&comma; 150&comma; 150&comma; 0.2); font-weight: bold; font-size: 18px; color: inherit;'>Descripci\u00f3n<\/div>\n<div style='padding: 15px; color: inherit;'>\n<p style='margin: 0 0 15px;'>Nuestras armaduras protectoras est\u00e1n dise\u00f1adas para incrementar el rendimiento de la antena&comma; aumentando la ganancia del reflector&comma; en direcci\u00f3n del l\u00f3bulo principal&comma; entre 1 y 2 dB&comma; y reduciendo la interferencia en los l\u00f3bulos laterales y traseros&comma; mejorando as\u00ed la relaci\u00f3n frente \u2013 espalda.<\/p>\n<p style='margin: 0 0 15px;'>El radomo plano est\u00e1 fabricado de material diel\u00e9ctrico con baja permitividad&comma; pensado para reducir en lo posible las p\u00e9rdidas debidas a la deflexi\u00f3n del haz principal de la antena&comma; y a consecuencia de la energ\u00eda absorbida y reflejada por el propio material del radomo.<\/p>\n<p style='margin: 0;'>El conjunto armadura-radomo contribuye a reducir la carga de viento sobre la antena y la estructura de la torre; adem\u00e1s&comma; evita la acumulaci\u00f3n de hielo sobre el alimentador y protege de efectos ambientales adversos provocados por lluvia y granizo.<\/p>\n<\/p><\/div>\n<\/p><\/div>\n<\/p><\/div>\n<p> <!-- Separador --> <\/p>\n<hr style='border: 0; border-top: 1px solid rgba(150&comma; 150&comma; 150&comma; 0.3); margin: 30px 0;'> <\/div>\n","protected":false},"excerpt":{"rendered":"<p>Blindaje aislante para alta inmunidad al ruido \/ Reduce interferencia y l\u00f3bulos laterales \/ Compatible con antenas NP2GEN2 y NPTR2<\/p>\n","protected":false},"featured_media":78095,"comment_status":"open","ping_status":"closed","template":"","meta":[],"product_brand":[],"product_cat":[1983],"product_tag":[93,1404,1729],"class_list":{"0":"post-78096","1":"product","2":"type-product","3":"status-publish","4":"has-post-thumbnail","6":"product_cat-accesorios-antenas-redes-e-it","7":"product_tag-accesorios","8":"product_tag-antenas","9":"product_tag-netpoint","11":"first","12":"instock","13":"sale","14":"shipping-taxable","15":"purchasable","16":"product-type-simple"},"_links":{"self":[{"href":"https:\/\/soydeaqui.ddns.net\/pachuca\/index.php\/wp-json\/wp\/v2\/product\/78096","targetHints":{"allow":["GET"]}}],"collection":[{"href":"https:\/\/soydeaqui.ddns.net\/pachuca\/index.php\/wp-json\/wp\/v2\/product"}],"about":[{"href":"https:\/\/soydeaqui.ddns.net\/pachuca\/index.php\/wp-json\/wp\/v2\/types\/product"}],"replies":[{"embeddable":true,"href":"https:\/\/soydeaqui.ddns.net\/pachuca\/index.php\/wp-json\/wp\/v2\/comments?post=78096"}],"wp:featuredmedia":[{"embeddable":true,"href":"https:\/\/soydeaqui.ddns.net\/pachuca\/index.php\/wp-json\/wp\/v2\/media\/78095"}],"wp:attachment":[{"href":"https:\/\/soydeaqui.ddns.net\/pachuca\/index.php\/wp-json\/wp\/v2\/media?parent=78096"}],"wp:term":[{"taxonomy":"product_brand","embeddable":true,"href":"https:\/\/soydeaqui.ddns.net\/pachuca\/index.php\/wp-json\/wp\/v2\/product_brand?post=78096"},{"taxonomy":"product_cat","embeddable":true,"href":"https:\/\/soydeaqui.ddns.net\/pachuca\/index.php\/wp-json\/wp\/v2\/product_cat?post=78096"},{"taxonomy":"product_tag","embeddable":true,"href":"https:\/\/soydeaqui.ddns.net\/pachuca\/index.php\/wp-json\/wp\/v2\/product_tag?post=78096"}],"curies":[{"name":"wp","href":"https:\/\/api.w.org\/{rel}","templated":true}]}}