{"id":78080,"date":"2026-03-19T16:26:57","date_gmt":"2026-03-19T16:26:57","guid":{"rendered":"https:\/\/soydeaqui.ddns.net\/pachuca\/index.php\/producto\/switch-unifi-flex-de-5-puertos-para-semi-exterior-ip55-1-x-poe-de-entrada-802-3af-at-bt-y-4-puertos-poe-de-salida-802-3af\/"},"modified":"2026-03-19T16:27:04","modified_gmt":"2026-03-19T16:27:04","slug":"switch-unifi-flex-de-5-puertos-para-semi-exterior-ip55-1-x-poe-de-entrada-802-3af-at-bt-y-4-puertos-poe-de-salida-802-3af","status":"publish","type":"product","link":"https:\/\/soydeaqui.ddns.net\/pachuca\/index.php\/producto\/switch-unifi-flex-de-5-puertos-para-semi-exterior-ip55-1-x-poe-de-entrada-802-3af-at-bt-y-4-puertos-poe-de-salida-802-3af\/","title":{"rendered":"Switch UniFi FLEX de 5 puertos para semi-exterior IP55 (1 x PoE de entrada 802.3af\/at\/bt y 4 puertos PoE de salida 802.3af)"},"content":{"rendered":"<div style='width: 100%; max-width: 1200px; margin: 0 auto; font-family: sans-serif; line-height: 1.6; color: inherit; background-color: transparent;'>\n<div style='display: flex; flex-wrap: wrap; gap: 30px; margin-bottom: 30px;'>\n<div style='flex: 1 1 300px; min-width: 280px;'>\n<p style='font-size: 15px; color: inherit;'> Construya y expanda su red con el Switch UniFi\u00ae&comma; parte del sistema empresarial UniFi. El conmutador UniFi&comma; modelo USW-Flex&comma; es un conmutador Gigabit de capa 2 configurable con 802.3af PoE de detecci\u00f3n autom\u00e1tica. Ofrece 5 puertos RJ45 Gigabit Ethernet&comma; proporcionando 1 entrada PoE y 4 enlaces de salida PoE a sus dispositivos. <\/p>\n<\/p><\/div>\n<\/p><\/div>\n<div style='display: flex; flex-wrap: wrap; gap: 30px; margin-bottom: 30px;'>\n<div style='flex: 1 1 300px; min-width: 280px;'>\n<h3 style='font-size: 22px; border-bottom: 2px solid currentColor; padding-bottom: 5px; margin-top: 0; color: inherit; opacity: 0.8;'>Caracter\u00edsticas principales<\/h3>\n<ul style='padding-left: 20px; font-size: 15px; color: inherit;'>\n<li style='margin-bottom: 5px;'>Conmutador Gigabit de capa 2 configurable<\/li>\n<li style='margin-bottom: 5px;'>5 puertos RJ45 Gigabit Ethernet<\/li>\n<li style='margin-bottom: 5px;'>1 entrada PoE y 4 salidas PoE<\/li>\n<li style='margin-bottom: 5px;'>Carcasa resistente a la intemperie<\/li>\n<li style='margin-bottom: 5px;'>Opciones de montaje vers\u00e1tiles<\/li>\n<li style='margin-bottom: 5px;'>Gestionado por controlador UniFi o aplicaci\u00f3n m\u00f3vil<\/li>\n<\/ul><\/div>\n<div style='flex: 1 1 300px; min-width: 280px;'>\n<h3 style='font-size: 22px; border-bottom: 2px solid currentColor; padding-bottom: 5px; margin-top: 0; color: inherit; opacity: 0.8;'>Caracter\u00edsticas t\u00e9cnicas<\/h3>\n<ul style='padding-left: 20px; font-size: 15px; color: inherit;'>\n<li style='margin-bottom: 5px;'>Soporta 802.3af&comma; 802.3at y 802.3bt PoE<\/li>\n<li style='margin-bottom: 5px;'>Presupuesto PoE m\u00e1ximo de 46W<\/li>\n<li style='margin-bottom: 5px;'>Rango de temperatura ampliado<\/li>\n<li style='margin-bottom: 5px;'>Dise\u00f1o para interiores y exteriores<\/li>\n<li style='margin-bottom: 5px;'>Consumo sin PoE: 5W<\/li>\n<\/ul><\/div>\n<\/p><\/div>\n<div style='display: flex; flex-wrap: wrap; gap: 30px; margin-bottom: 30px;'>\n<div style='flex: 1 1 300px; min-width: 280px;'>\n<h3 style='font-size: 22px; border-bottom: 2px solid currentColor; padding-bottom: 5px; margin-top: 0; color: inherit; opacity: 0.8;'>Aplicaciones<\/h3>\n<ul style='padding-left: 20px; font-size: 15px; color: inherit;'>\n<li style='margin-bottom: 5px;'>Instalaciones semi-exterior<\/li>\n<li style='margin-bottom: 5px;'>Oficinas peque\u00f1as y medianas<\/li>\n<li style='margin-bottom: 5px;'>Comercios minoristas<\/li>\n<li style='margin-bottom: 5px;'>Campus universitarios<\/li>\n<li style='margin-bottom: 5px;'>Hoteles y hospitales<\/li>\n<\/ul><\/div>\n<div style='flex: 1 1 300px; min-width: 280px;'>\n<h3 style='font-size: 22px; border-bottom: 2px solid currentColor; padding-bottom: 5px; margin-top: 0; color: inherit; opacity: 0.8;'>Compatibilidad<\/h3>\n<ul style='padding-left: 20px; font-size: 15px; color: inherit;'>\n<li style='margin-bottom: 5px;'>UniFi G3 Flex<\/li>\n<li style='margin-bottom: 5px;'>UniFi G4 Pro<\/li>\n<li style='margin-bottom: 5px;'>UniFi AC Mesh<\/li>\n<li style='margin-bottom: 5px;'>Controlador UniFi<\/li>\n<li style='margin-bottom: 5px;'>Aplicaci\u00f3n m\u00f3vil UniFi<\/li>\n<\/ul><\/div>\n<\/p><\/div>\n<div style='display: flex; flex-wrap: wrap; gap: 30px; margin-bottom: 30px;'>\n<div style='flex: 1 1 300px; min-width: 280px;'>\n<h3 style='font-size: 22px; border-bottom: 2px solid currentColor; padding-bottom: 5px; margin-top: 0; color: inherit; opacity: 0.8;'>Caracter\u00edsticas detalladas<\/h3>\n<ul style='padding-left: 20px; font-size: 15px; color: inherit;'>\n<li style='margin-bottom: 5px;'>Dise\u00f1ado para uso en interiores o exteriores<\/li>\n<li style='margin-bottom: 5px;'>Carcasa resistente a la intemperie<\/li>\n<li style='margin-bottom: 15px;'>Montaje horizontal o vertical<\/li>\n<li style='margin-bottom: 5px;'>Conmutador Gigabit de capa 2 configurable<\/li>\n<li style='margin-bottom: 5px;'>5 puertos 10\/100\/1000<\/li>\n<li style='margin-bottom: 5px;'>4 puertos PoE de salida 802.3af<\/li>\n<li style='margin-bottom: 5px;'>Soporta PoE&comma; PoE+ y PoE++<\/li>\n<\/ul><\/div>\n<div style='flex: 1 1 300px; min-width: 280px;'>\n<h3 style='font-size: 22px; border-bottom: 2px solid currentColor; padding-bottom: 5px; margin-top: 0; color: inherit; opacity: 0.8;'>Notas importantes<\/h3>\n<ul style='padding-left: 20px; font-size: 15px; color: inherit;'>\n<li style='margin-bottom: 5px;'><strong>USW-FLEX NO incluye fuente de alimentaci\u00f3n ni inyector PoE<\/strong><\/li>\n<li style='margin-bottom: 5px;'>Para instalaciones en exterior se recomienda el accesorio USW-FLEX-UTILITY (se vende por separado)<\/li>\n<li style='margin-bottom: 5px;'>Para activar el PoE de salida debe configurarlo en el controlador UniFi Network<\/li>\n<\/ul><\/div>\n<\/p><\/div>\n<div style='display: flex; flex-wrap: wrap; gap: 30px; margin-bottom: 30px;'>\n<div style='flex: 1 1 300px; min-width: 280px;'>\n<h3 style='font-size: 22px; border-bottom: 2px solid currentColor; padding-bottom: 5px; margin-top: 0; color: inherit; opacity: 0.8;'>Especificaciones PoE<\/h3>\n<ul style='padding-left: 20px; font-size: 15px; color: inherit;'>\n<li style='margin-bottom: 5px;'>Modo #1 en puerto 1: Entrada 802.3af\/at (pines 1&comma;2+;3&comma;6-)<\/li>\n<li style='margin-bottom: 5px;'>Modo #2 en puerto 1: Entrada 802.3bt (pines 1&comma;2+;3&comma;6- y 4&comma;5+;7&comma;8-)<\/li>\n<li style='margin-bottom: 5px;'>Modo #3 en puerto 1: Entrada 54V \/ 1.1 A pasivo<\/li>\n<li style='margin-bottom: 5px;'>PoE de salida en puertos 2-5: 802.3af (pines 1&comma;2+;3&comma;6-)<\/li>\n<\/ul><\/div>\n<div style='flex: 1 1 300px; min-width: 280px;'>\n<h3 style='font-size: 22px; border-bottom: 2px solid currentColor; padding-bottom: 5px; margin-top: 0; color: inherit; opacity: 0.8;'>Presupuesto PoE<\/h3>\n<ul style='padding-left: 20px; font-size: 15px; color: inherit;'>\n<li style='margin-bottom: 5px;'>Alimentado con 802.3af: 8W<\/li>\n<li style='margin-bottom: 5px;'>Alimentado con 802.3at: 20W<\/li>\n<li style='margin-bottom: 5px;'>Alimentado con 802.3bt: 46W<\/li>\n<li style='margin-bottom: 5px;'>Alimentado con PoE 50V\/60W: 46W<\/li>\n<\/ul><\/div>\n<\/p><\/div>\n<div style='display: flex; flex-wrap: wrap; gap: 30px; margin-bottom: 30px;'>\n<div style='flex: 1 1 300px; min-width: 280px;'>\n<h3 style='font-size: 22px; border-bottom: 2px solid currentColor; padding-bottom: 5px; margin-top: 0; color: inherit; opacity: 0.8;'>Rango de temperatura<\/h3>\n<ul style='padding-left: 20px; font-size: 15px; color: inherit;'>\n<li style='margin-bottom: 5px;'>Con PoE 46W: <strong style='color: inherit;'><span style='color: #00c6ff;'>-40<\/span><\/strong> a <strong style='color: inherit;'><span style='color: #e74c3c;'>55<\/span><\/strong>\u00b0C<\/li>\n<li style='margin-bottom: 5px;'>Con PoE 25W: <strong style='color: inherit;'><span style='color: #00c6ff;'>-40<\/span><\/strong> a <strong style='color: inherit;'><span style='color: #e74c3c;'>65<\/span><\/strong>\u00b0C<\/li>\n<\/ul><\/div>\n<div style='flex: 1 1 300px; min-width: 280px;'>\n<h3 style='font-size: 22px; border-bottom: 2px solid currentColor; padding-bottom: 5px; margin-top: 0; color: inherit; opacity: 0.8;'>Montaje<\/h3>\n<ul style='padding-left: 20px; font-size: 15px; color: inherit;'>\n<li style='margin-bottom: 5px;'>Montaje horizontal o vertical<\/li>\n<li style='margin-bottom: 5px;'>Instalaci\u00f3n de escritorio<\/li>\n<li style='margin-bottom: 5px;'>Montaje en pared magn\u00e9tico<\/li>\n<li style='margin-bottom: 5px;'>Montaje en poste<\/li>\n<\/ul><\/div>\n<\/p><\/div>\n<div style='display: flex; flex-wrap: wrap; gap: 30px; margin-bottom: 30px;'>\n<div style='flex: 1 1 300px; min-width: 280px;'>\n<h3 style='font-size: 22px; border-bottom: 2px solid currentColor; padding-bottom: 5px; margin-top: 0; color: inherit; opacity: 0.8;'>Contenido del paquete<\/h3>\n<div style='padding: 15px; color: inherit;'> <img style='width: 100%; height: auto; border: 1px solid rgba(150&comma;150&comma;150&comma;0.3); border-radius: 8px;' src='https:\/\/ftp3.syscom.mx\/usuarios\/fotos\/USWFLEX\/171089-captura_de_pantalla_2023-10-10_152946.png' alt=''> <\/div>\n<\/p><\/div>\n<div style='flex: 1 1 300px; min-width: 280px;'>\n<h3 style='font-size: 22px; border-bottom: 2px solid currentColor; padding-bottom: 5px; margin-top: 0; color: inherit; opacity: 0.8;'>V\u00eddeo<\/h3>\n<div style='position: relative; padding-bottom: 56.25%; height: 0; overflow: hidden; margin-bottom: 30px;'>   <\/div>\n<\/p><\/div>\n<\/p><\/div>\n<div style='display: flex; flex-wrap: wrap; gap: 30px; margin-bottom: 30px;'>\n<div style='flex: 1 1 300px; min-width: 280px;'>\n<h3 style='font-size: 22px; border-bottom: 2px solid currentColor; padding-bottom: 5px; margin-top: 0; color: inherit; opacity: 0.8;'>Integraci\u00f3n con UniFi<\/h3>\n<p style='font-size: 15px; color: inherit; margin-bottom: 15px;'>El USW-Flex se integra perfectamente con el ecosistema UniFi&comma; permitiendo a los administradores configurar y monitorear virtualmente todas las funciones del conmutador utilizando una interfaz gr\u00e1fica de usuario desde cualquier lugar a trav\u00e9s del controlador UniFi o aplicaci\u00f3n m\u00f3vil.<\/p>\n<p style='font-size: 15px; color: inherit; margin-bottom: 15px;'>Una sola instancia del controlador UniFi que se ejecuta en la nube puede administrar m\u00faltiples sitios&comma; cada uno con su propia red&comma; configuraci\u00f3n&comma; mapas&comma; estad\u00edsticas y cuentas de administrador.<\/p>\n<\/p><\/div>\n<\/p><\/div>\n<div style='display: flex; flex-wrap: wrap; gap: 30px; margin-bottom: 30px;'>\n<div style='flex: 1 1 300px; min-width: 280px;'>\n<h3 style='font-size: 22px; border-bottom: 2px solid currentColor; padding-bottom: 5px; margin-top: 0; color: inherit; opacity: 0.8;'>Dise\u00f1o<\/h3>\n<p style='font-size: 15px; color: inherit; margin-bottom: 15px;'>El dise\u00f1o compacto y resistente del USW-Flex lo hace ideal para diversas instalaciones. Con su carcasa resistente a la intemperie y opciones de montaje vers\u00e1tiles&comma; proporciona flexibilidad y durabilidad para entornos con variaciones extremas de temperatura.<\/p>\n<p style='font-size: 15px; color: inherit; margin-bottom: 15px;'><img style='width: 100%; height: auto; border: 1px solid rgba(150&comma;150&comma;150&comma;0.3); border-radius: 8px;' src='https:\/\/prd-www-cdn.ubnt.com\/media\/images\/product-features\/unifi-flex-design1.jpg' alt=''><\/p>\n<\/p><\/div>\n<div style='flex: 1 1 300px; min-width: 280px;'>\n<p style='font-size: 15px; color: inherit; margin-bottom: 15px;'><img style='width: 100%; height: auto; border: 1px solid rgba(150&comma;150&comma;150&comma;0.3); border-radius: 8px;' src='https:\/\/prd-www-cdn.ubnt.com\/media\/images\/product-features\/unifi-flex-indoor-outdoor2.jpg' alt=''><\/p>\n<p style='font-size: 15px; color: inherit; margin-bottom: 15px;'>Dise\u00f1ado para uso en interiores o exteriores&comma; el USW-Flex proporciona flexibilidad y durabilidad para entornos con variaciones extremas de temperatura.<\/p>\n<\/p><\/div>\n<\/p><\/div>\n<div style='display: flex; flex-wrap: wrap; gap: 30px; margin-bottom: 30px;'>\n<div style='flex: 1 1 300px; min-width: 280px;'>\n<h3 style='font-size: 22px; border-bottom: 2px solid currentColor; padding-bottom: 5px; margin-top: 0; color: inherit; opacity: 0.8;'>Montaje vers\u00e1til<\/h3>\n<p style='font-size: 15px; color: inherit; margin-bottom: 15px;'><img style='width: 100%; height: auto; border: 1px solid rgba(150&comma;150&comma;150&comma;0.3); border-radius: 8px;' src='https:\/\/prd-www-cdn.ubnt.com\/media\/images\/product-features\/unifi-flex-mounting.jpg' alt=''><\/p>\n<p style='font-size: 15px; color: inherit; margin-bottom: 15px;'>El USW-Flex puede instalarse horizontal o verticalmente&comma; lo que lo hace ideal para instalaciones de escritorio&comma; montaje en pared magn\u00e9tico y montaje en poste.<\/p>\n<\/p><\/div>\n<div style='flex: 1 1 300px; min-width: 280px;'>\n<h3 style='font-size: 22px; border-bottom: 2px solid currentColor; padding-bottom: 5px; margin-top: 0; color: inherit; opacity: 0.8;'>Productos compatibles<\/h3>\n<p style='font-size: 15px; color: inherit; margin-bottom: 15px;'><img style='width: 100%; height: auto; border: 1px solid rgba(150&comma;150&comma;150&comma;0.3); border-radius: 8px;' src='https:\/\/prd-www-cdn.ubnt.com\/media\/images\/product-features\/unifi-flex-compatible2.jpg' alt=''><\/p>\n<p style='font-size: 15px; color: inherit; margin-bottom: 15px;'>El USW-Flex alimenta una variedad de productos&comma; incluyendo la c\u00e1mara de video UniFi G3 Flex&comma; la c\u00e1mara de video UniFi G4 Pro y el AP UniFi AC Mesh&comma; que usan 802.3af PoE.<\/p>\n<\/p><\/div>\n<\/p><\/div>\n<div style='display: flex; flex-wrap: wrap; gap: 30px; margin-bottom: 30px;'>\n<div style='flex: 1 1 300px; min-width: 280px;'>\n<h3 style='font-size: 22px; border-bottom: 2px solid currentColor; padding-bottom: 5px; margin-top: 0; color: inherit; opacity: 0.8;'>Software UniFi<\/h3>\n<p style='font-size: 15px; color: inherit; margin-bottom: 15px;'><img style='width: 100%; height: auto; border: 1px solid rgba(150&comma;150&comma;150&comma;0.3); border-radius: 8px;' src='https:\/\/prd-www-cdn.ubnt.com\/media\/images\/product-features\/unifi-flex-software1.jpg' alt=''><\/p>\n<p style='font-size: 15px; color: inherit; margin-bottom: 15px;'>El USW-Flex se gestiona mediante el controlador UniFi o la aplicaci\u00f3n m\u00f3vil UniFi&comma; permitiendo a los administradores configurar y monitorear virtualmente todas las funciones del conmutador desde cualquier lugar.<\/p>\n<p style='font-size: 15px; color: inherit; margin-bottom: 15px;'><a style='color: #00a0df; text-decoration: none;' href='https:\/\/unifi.ubnt.com\/' target='_blank' rel='noopener'>Probar en l\u00ednea<\/a><\/p>\n<\/p><\/div>\n<\/p><\/div>\n<hr style='border: 0; border-top: 1px solid rgba(150&comma; 150&comma; 150&comma; 0.3); margin: 30px 0;'> <\/div>\n","protected":false},"excerpt":{"rendered":"<p>Switch UniFi FLEX de 5 puertos para semi-exterior IP55 (1 x PoE de entrada 802.3af\/at\/bt y 4 puertos PoE de salida 802.3af)<\/p>\n","protected":false},"featured_media":78079,"comment_status":"open","ping_status":"closed","template":"","meta":[],"product_brand":[],"product_cat":[1986],"product_tag":[664,1987,166],"class_list":{"0":"post-78080","1":"product","2":"type-product","3":"status-publish","4":"has-post-thumbnail","6":"product_cat-switches-poe","7":"product_tag-networking","8":"product_tag-switches-poe","9":"product_tag-ubiquiti","11":"first","12":"instock","13":"sale","14":"shipping-taxable","15":"purchasable","16":"product-type-simple"},"_links":{"self":[{"href":"https:\/\/soydeaqui.ddns.net\/pachuca\/index.php\/wp-json\/wp\/v2\/product\/78080","targetHints":{"allow":["GET"]}}],"collection":[{"href":"https:\/\/soydeaqui.ddns.net\/pachuca\/index.php\/wp-json\/wp\/v2\/product"}],"about":[{"href":"https:\/\/soydeaqui.ddns.net\/pachuca\/index.php\/wp-json\/wp\/v2\/types\/product"}],"replies":[{"embeddable":true,"href":"https:\/\/soydeaqui.ddns.net\/pachuca\/index.php\/wp-json\/wp\/v2\/comments?post=78080"}],"wp:featuredmedia":[{"embeddable":true,"href":"https:\/\/soydeaqui.ddns.net\/pachuca\/index.php\/wp-json\/wp\/v2\/media\/78079"}],"wp:attachment":[{"href":"https:\/\/soydeaqui.ddns.net\/pachuca\/index.php\/wp-json\/wp\/v2\/media?parent=78080"}],"wp:term":[{"taxonomy":"product_brand","embeddable":true,"href":"https:\/\/soydeaqui.ddns.net\/pachuca\/index.php\/wp-json\/wp\/v2\/product_brand?post=78080"},{"taxonomy":"product_cat","embeddable":true,"href":"https:\/\/soydeaqui.ddns.net\/pachuca\/index.php\/wp-json\/wp\/v2\/product_cat?post=78080"},{"taxonomy":"product_tag","embeddable":true,"href":"https:\/\/soydeaqui.ddns.net\/pachuca\/index.php\/wp-json\/wp\/v2\/product_tag?post=78080"}],"curies":[{"name":"wp","href":"https:\/\/api.w.org\/{rel}","templated":true}]}}