{"id":7808,"date":"2026-03-18T07:00:59","date_gmt":"2026-03-18T07:00:59","guid":{"rendered":"https:\/\/soydeaqui.ddns.net\/pachuca\/index.php\/producto\/5800c2w-modulo-de-conversion-a-inalambrico\/"},"modified":"2026-03-18T07:00:59","modified_gmt":"2026-03-18T07:00:59","slug":"5800c2w-modulo-de-conversion-a-inalambrico","status":"publish","type":"product","link":"https:\/\/soydeaqui.ddns.net\/pachuca\/index.php\/producto\/5800c2w-modulo-de-conversion-a-inalambrico\/","title":{"rendered":"5800C2W M\u00f3dulo de Conversi\u00f3n a Inal\u00e1mbrico"},"content":{"rendered":"<div style='width: 100%; max-width: 1200px; margin: 0 auto; font-family: sans-serif; line-height: 1.6; color: inherit; background-color: transparent;'> <!-- Secci\u00f3n de caracter\u00edsticas --> <\/p>\n<div style='display: flex; flex-wrap: wrap; gap: 30px; margin-bottom: 30px;'>\n<div style='flex: 1 1 300px; min-width: 280px;'>\n<h3 style='font-size: 22px; border-bottom: 2px solid currentColor; padding-bottom: 5px; margin-top: 0; color: inherit; opacity: 0.8;'>Caracter\u00edsticas Principales<\/h3>\n<ul style='padding-left: 20px; font-size: 15px; color: inherit;'>\n<li style='margin-bottom: 5px;'>Nueve zonas cableadas con protecci\u00f3n resistencia de fin de l\u00ednea para utilizar con contactos existentes&comma; PIR&comma; ruptura de vidrios y otros sensores de 12V<\/li>\n<li style='margin-bottom: 5px;'><strong>No es para uso con sensores de fuego o calor<\/strong><\/li>\n<li style='margin-bottom: 5px;'><strong>Se recomienda que cualquier detector de humo&comma; de calor o de CO existentes ser\u00e1n reemplazados por los nuevos detectores de la serie Honeywell 5800<\/strong><\/li>\n<li style='margin-bottom: 5px;'>Con un solo bot\u00f3n de calibraci\u00f3n \/ activaci\u00f3n de las zonas de entrada<\/li>\n<li style='margin-bottom: 5px;'>5800C2W se conecta al panel de control como cualquier otro dispositivo 5800 Series<\/li>\n<li style='margin-bottom: 5px;'>5800 n\u00fameros de serie de la serie asignados autom\u00e1ticamente a zonas activadas<\/li>\n<li style='margin-bottom: 5px;'>Fuente de alimentaci\u00f3n incluida para PIRs<\/li>\n<li style='margin-bottom: 5px;'>Bater\u00eda de 12V 4AH proporciona cuatro horas de respaldo en espera<\/li>\n<li style='margin-bottom: 5px;'>Supervisi\u00f3n de bater\u00eda baja y notificaci\u00f3n de tamper<\/li>\n<li style='margin-bottom: 5px;'>Supervisi\u00f3n completa de transmisores&comma; tamper de zona&comma; bater\u00eda baja<\/li>\n<\/ul><\/div>\n<\/p><\/div>\n<\/p><\/div>\n","protected":false},"excerpt":{"rendered":"<p>5800C2W M\u00f3dulo de Conversi\u00f3n a Inal\u00e1mbrico<\/p>\n","protected":false},"featured_media":7807,"comment_status":"open","ping_status":"closed","template":"","meta":[],"product_brand":[],"product_cat":[410],"product_tag":[209,172,411],"class_list":{"0":"post-7808","1":"product","2":"type-product","3":"status-publish","4":"has-post-thumbnail","6":"product_cat-receptores-inalambricos","7":"product_tag-honeywell","8":"product_tag-modulos-de-expansion","9":"product_tag-receptores-inalambricos","11":"first","12":"outofstock","13":"sale","14":"shipping-taxable","15":"purchasable","16":"product-type-simple"},"_links":{"self":[{"href":"https:\/\/soydeaqui.ddns.net\/pachuca\/index.php\/wp-json\/wp\/v2\/product\/7808","targetHints":{"allow":["GET"]}}],"collection":[{"href":"https:\/\/soydeaqui.ddns.net\/pachuca\/index.php\/wp-json\/wp\/v2\/product"}],"about":[{"href":"https:\/\/soydeaqui.ddns.net\/pachuca\/index.php\/wp-json\/wp\/v2\/types\/product"}],"replies":[{"embeddable":true,"href":"https:\/\/soydeaqui.ddns.net\/pachuca\/index.php\/wp-json\/wp\/v2\/comments?post=7808"}],"wp:featuredmedia":[{"embeddable":true,"href":"https:\/\/soydeaqui.ddns.net\/pachuca\/index.php\/wp-json\/wp\/v2\/media\/7807"}],"wp:attachment":[{"href":"https:\/\/soydeaqui.ddns.net\/pachuca\/index.php\/wp-json\/wp\/v2\/media?parent=7808"}],"wp:term":[{"taxonomy":"product_brand","embeddable":true,"href":"https:\/\/soydeaqui.ddns.net\/pachuca\/index.php\/wp-json\/wp\/v2\/product_brand?post=7808"},{"taxonomy":"product_cat","embeddable":true,"href":"https:\/\/soydeaqui.ddns.net\/pachuca\/index.php\/wp-json\/wp\/v2\/product_cat?post=7808"},{"taxonomy":"product_tag","embeddable":true,"href":"https:\/\/soydeaqui.ddns.net\/pachuca\/index.php\/wp-json\/wp\/v2\/product_tag?post=7808"}],"curies":[{"name":"wp","href":"https:\/\/api.w.org\/{rel}","templated":true}]}}