{"id":78073,"date":"2026-03-19T16:26:38","date_gmt":"2026-03-19T16:26:38","guid":{"rendered":"https:\/\/soydeaqui.ddns.net\/pachuca\/index.php\/producto\/altavoz-sip-con-bluetooth-ideal-para-soluciones-de-voceo-y-difusion-megafonica\/"},"modified":"2026-03-19T16:26:48","modified_gmt":"2026-03-19T16:26:48","slug":"altavoz-sip-con-bluetooth-ideal-para-soluciones-de-voceo-y-difusion-megafonica","status":"publish","type":"product","link":"https:\/\/soydeaqui.ddns.net\/pachuca\/index.php\/producto\/altavoz-sip-con-bluetooth-ideal-para-soluciones-de-voceo-y-difusion-megafonica\/","title":{"rendered":"Altavoz SIP con bluetooth ideal para soluciones de voceo y difusi\u00f3n megaf\u00f3nica."},"content":{"rendered":"<div style='width: 100%; max-width: 1200px; margin: 0 auto; font-family: sans-serif; line-height: 1.6; color: inherit; background-color: transparent;'> <!-- Descripci\u00f3n principal --> <\/p>\n<div style='margin-bottom: 30px; font-size: 15px; color: inherit;'>\n<p>El GSC3505 es un altavoz SIP megaf\u00f3nico unidireccional que permite a oficinas&comma; escuelas&comma; hospitales&comma; edificios y otros establecimientos desarrollar poderosas soluciones de difusi\u00f3n megaf\u00f3nica que expandan la seguridad y la comunicaci\u00f3n. Este resistente altavoz SIP brinda funcionalidad de audio HD de absoluta claridad con un altavoz HD de 8W de alta fidelidad.<\/p>\n<p>El GSC3505 es compatible con dispositivos Bluetooth&comma; lista blanca y lista negra incorporadas para bloquear f\u00e1cilmente llamadas no deseadas. Incluye Wi-Fi de doble banda integrado. Al vincular el GSC3505 con otros dispositivos Grandstream&comma; incluyendo tel\u00e9fonos IP de escritorio e inal\u00e1mbricos&comma; los usuarios pueden crear f\u00e1cilmente una innovadora soluci\u00f3n de seguridad y difusi\u00f3n megaf\u00f3nica.<\/p>\n<\/p><\/div>\n<p> <!-- Secci\u00f3n de caracter\u00edsticas principales --> <\/p>\n<div style='display: flex; flex-wrap: wrap; gap: 20px; margin-bottom: 30px;'>\n<div style='flex: 1 1 250px; border: 1px solid rgba(150&comma; 150&comma; 150&comma; 0.4); border-radius: 8px; overflow: hidden; display: flex; flex-direction: column;'>\n<div style='padding: 15px; border-bottom: 1px solid rgba(150&comma; 150&comma; 150&comma; 0.2); font-weight: bold; font-size: 18px; color: inherit;'>Caracter\u00edsticas Principales<\/div>\n<div style='padding: 15px; color: inherit;'>\n<ul style='padding-left: 20px; margin: 0; font-size: 14px; list-style-type: disc;'>\n<li style='margin-bottom: 5px;'>Altavoz HD de 8W de alta fidelidad<\/li>\n<li style='margin-bottom: 5px;'>Compatible con dispositivos Bluetooth para conectividad flexible<\/li>\n<li style='margin-bottom: 5px;'>Wi-Fi de doble banda integrado<\/li>\n<li style='margin-bottom: 5px;'>Funcionalidad de lista blanca y negra incorporada<\/li>\n<li style='margin-bottom: 5px;'>Dise\u00f1o industrial moderno para cualquier entorno<\/li>\n<\/ul><\/div>\n<\/p><\/div>\n<p> <!-- Caracter\u00edsticas t\u00e9cnicas --> <\/p>\n<div style='flex: 1 1 250px; border: 1px solid rgba(150&comma; 150&comma; 150&comma; 0.4); border-radius: 8px; overflow: hidden; display: flex; flex-direction: column;'>\n<div style='padding: 15px; border-bottom: 1px solid rgba(150&comma; 150&comma; 150&comma; 0.2); font-weight: bold; font-size: 18px; color: inherit;'>Caracter\u00edsticas T\u00e9cnicas<\/div>\n<div style='padding: 15px; color: inherit;'>\n<ul style='padding-left: 20px; margin: 0; font-size: 14px; list-style-type: disc;'>\n<li style='margin-bottom: 5px;'><strong>Protocolos:<\/strong> SIP RFC3261&comma; TCP\/IP\/UDP&comma; RTP\/RTCP&comma; HTTP\/HTTPS&comma; ARP&comma; ICMP&comma; DNS&comma; DHCP&comma; PPPoE&comma; SSH&comma; TFTP&comma; NTP&comma; STUN&comma; LLDP-MED&comma; TR-069&comma; 802.1x&comma; TLS&comma; SRTP&comma; IPv6&comma; OpenVPN\u00ae<\/li>\n<li style='margin-bottom: 5px;'><strong>Wi-Fi:<\/strong> 802.11 a\/b\/g\/n de doble banda<\/li>\n<li style='margin-bottom: 5px;'><strong>Bluetooth:<\/strong> 4.0 + EDR integrado<\/li>\n<li style='margin-bottom: 5px;'><strong>C\u00f3decs:<\/strong> G.711\u00b5\/a&comma; G.722 (banda ancha)&comma; G.726-32&comma; iLBC&comma; Opus&comma; G.729A\/B&comma; DTMF<\/li>\n<li style='margin-bottom: 5px;'><strong>QoS:<\/strong> Layer 2 (802.1Q&comma; 802.1P) y Layer 3 (ToS&comma; DiffServ&comma; MPLS)<\/li>\n<\/ul><\/div>\n<\/p><\/div>\n<\/p><\/div>\n<p> <!-- Secci\u00f3n de especificaciones --> <\/p>\n<div style='display: flex; flex-wrap: wrap; gap: 20px; margin-bottom: 30px;'> <!-- Especificaciones de audio --> <\/p>\n<div style='flex: 1 1 250px; border: 1px solid rgba(150&comma; 150&comma; 150&comma; 0.4); border-radius: 8px; overflow: hidden; display: flex; flex-direction: column;'>\n<div style='padding: 15px; border-bottom: 1px solid rgba(150&comma; 150&comma; 150&comma; 0.2); font-weight: bold; font-size: 18px; color: inherit;'>Especificaciones de Audio<\/div>\n<div style='padding: 15px; color: inherit;'>\n<ul style='padding-left: 20px; margin: 0; font-size: 14px; list-style-type: disc;'>\n<li style='margin-bottom: 5px;'><strong>Altavoz:<\/strong> HD de 8W de alta fidelidad<\/li>\n<li style='margin-bottom: 5px;'><strong>Audio HD:<\/strong> Soporte para audio de banda completa<\/li>\n<li style='margin-bottom: 5px;'><strong>Caracter\u00edsticas de telefon\u00eda:<\/strong> Paginaci\u00f3n SIP&comma; paginaci\u00f3n de multidifusi\u00f3n&comma; llamada en espera con sustituci\u00f3n de prioridad<\/li>\n<li style='margin-bottom: 5px;'><strong>Procesamiento de voz:<\/strong> VAD&comma; CNG&comma; AEC&comma; PLC&comma; AJB&comma; AGC&comma; ANS<\/li>\n<\/ul><\/div>\n<\/p><\/div>\n<p> <!-- Especificaciones f\u00edsicas y operativas --> <\/p>\n<div style='flex: 1 1 250px; border: 1px solid rgba(150&comma; 150&comma; 150&comma; 0.4); border-radius: 8px; overflow: hidden; display: flex; flex-direction: column;'>\n<div style='padding: 15px; border-bottom: 1px solid rgba(150&comma; 150&comma; 150&comma; 0.2); font-weight: bold; font-size: 18px; color: inherit;'>Especificaciones F\u00edsicas y Operativas<\/div>\n<div style='padding: 15px; color: inherit;'>\n<ul style='padding-left: 20px; margin: 0; font-size: 14px; list-style-type: disc;'>\n<li style='margin-bottom: 5px;'><strong>Interfaz de red:<\/strong> Puerto de 10\/100 Mbps con PoE\/PoE+<\/li>\n<li style='margin-bottom: 5px;'><strong>Temperatura de operaci\u00f3n:<\/strong> 0\u00b0C a 40\u00b0C<\/li>\n<li style='margin-bottom: 5px;'><strong>Temperatura de almacenamiento:<\/strong> -10\u00b0C a 60\u00b0C<\/li>\n<li style='margin-bottom: 5px;'><strong>Humedad:<\/strong> 10% a 90% sin condensaci\u00f3n<\/li>\n<li style='margin-bottom: 5px;'><strong>Dimensiones:<\/strong> 215.32 mm (di\u00e1metro) x 68.7 mm (profundidad)<\/li>\n<li style='margin-bottom: 5px;'><strong>Peso:<\/strong> 0.8 kg (unidad)&comma; 1.39 kg (caja)<\/li>\n<\/ul><\/div>\n<\/p><\/div>\n<p> <!-- Seguridad y conformidad --> <\/p>\n<div style='flex: 1 1 250px; border: 1px solid rgba(150&comma; 150&comma; 150&comma; 0.4); border-radius: 8px; overflow: hidden; display: flex; flex-direction: column;'>\n<div style='padding: 15px; border-bottom: 1px solid rgba(150&comma; 150&comma; 150&comma; 0.2); font-weight: bold; font-size: 18px; color: inherit;'>Seguridad y Conformidad<\/div>\n<div style='padding: 15px; color: inherit;'>\n<ul style='padding-left: 20px; margin: 0; font-size: 14px; list-style-type: disc;'>\n<li style='margin-bottom: 5px;'><strong>Seguridad:<\/strong> Contrase\u00f1as a nivel de usuario y administrador&comma; autenticaci\u00f3n basada en MD5 y MD5-sess&comma; archivo de configuraci\u00f3n cifrado con AES de 256 bits&comma; TLS&comma; SRTP&comma; HTTPS&comma; control de acceso a medios 802.1x<\/li>\n<li style='margin-bottom: 5px;'><strong>Conformidad:<\/strong> FCC&comma; CE&comma; RCM&comma; RoHS y otros est\u00e1ndares internacionales<\/li>\n<li style='margin-bottom: 5px;'><strong>Alimentaci\u00f3n:<\/strong> PoE 802.3af Clase 3 y PoE+ 802.3at Clase 4 integrados<\/li>\n<\/ul><\/div>\n<\/p><\/div>\n<\/p><\/div>\n<p> <!-- Contenido del paquete --> <\/p>\n<div style='display: flex; flex-wrap: wrap; gap: 20px; margin-bottom: 30px;'>\n<div style='flex: 1 1 250px; border: 1px solid rgba(150&comma; 150&comma; 150&comma; 0.4); border-radius: 8px; overflow: hidden; display: flex; flex-direction: column;'>\n<div style='padding: 15px; border-bottom: 1px solid rgba(150&comma; 150&comma; 150&comma; 0.2); font-weight: bold; font-size: 18px; color: inherit;'>Contenido del Paquete<\/div>\n<div style='padding: 15px; color: inherit;'>\n<ul style='padding-left: 20px; margin: 0; font-size: 14px; list-style-type: disc;'>\n<li style='margin-bottom: 5px;'>Altavoz SIP GSC3505<\/li>\n<li style='margin-bottom: 5px;'>Kits de montaje<\/li>\n<li style='margin-bottom: 5px;'>Gu\u00eda de instalaci\u00f3n r\u00e1pida<\/li>\n<li style='margin-bottom: 5px;'>Licencia GPL<\/li>\n<\/ul><\/div>\n<\/p><\/div>\n<\/p><\/div>\n<p> <!-- Separador --> <\/p>\n<hr style='border: 0; border-top: 1px solid rgba(150&comma; 150&comma; 150&comma; 0.3); margin: 30px 0;'> <\/div>\n","protected":false},"excerpt":{"rendered":"<p>Altavoz SIP con bluetooth ideal para soluciones de voceo y difusi\u00f3n megaf\u00f3nica.<\/p>\n","protected":false},"featured_media":78072,"comment_status":"open","ping_status":"closed","template":"","meta":[],"product_brand":[],"product_cat":[2040],"product_tag":[93,909,2004],"class_list":{"0":"post-78073","1":"product","2":"type-product","3":"status-publish","4":"has-post-thumbnail","6":"product_cat-accesorios-voip-telefonia-ip-videoconferencia","7":"product_tag-accesorios","8":"product_tag-grandstream","9":"product_tag-voip-telefonia-ip-videoconferencia","11":"first","12":"outofstock","13":"sale","14":"shipping-taxable","15":"purchasable","16":"product-type-simple"},"_links":{"self":[{"href":"https:\/\/soydeaqui.ddns.net\/pachuca\/index.php\/wp-json\/wp\/v2\/product\/78073","targetHints":{"allow":["GET"]}}],"collection":[{"href":"https:\/\/soydeaqui.ddns.net\/pachuca\/index.php\/wp-json\/wp\/v2\/product"}],"about":[{"href":"https:\/\/soydeaqui.ddns.net\/pachuca\/index.php\/wp-json\/wp\/v2\/types\/product"}],"replies":[{"embeddable":true,"href":"https:\/\/soydeaqui.ddns.net\/pachuca\/index.php\/wp-json\/wp\/v2\/comments?post=78073"}],"wp:featuredmedia":[{"embeddable":true,"href":"https:\/\/soydeaqui.ddns.net\/pachuca\/index.php\/wp-json\/wp\/v2\/media\/78072"}],"wp:attachment":[{"href":"https:\/\/soydeaqui.ddns.net\/pachuca\/index.php\/wp-json\/wp\/v2\/media?parent=78073"}],"wp:term":[{"taxonomy":"product_brand","embeddable":true,"href":"https:\/\/soydeaqui.ddns.net\/pachuca\/index.php\/wp-json\/wp\/v2\/product_brand?post=78073"},{"taxonomy":"product_cat","embeddable":true,"href":"https:\/\/soydeaqui.ddns.net\/pachuca\/index.php\/wp-json\/wp\/v2\/product_cat?post=78073"},{"taxonomy":"product_tag","embeddable":true,"href":"https:\/\/soydeaqui.ddns.net\/pachuca\/index.php\/wp-json\/wp\/v2\/product_tag?post=78073"}],"curies":[{"name":"wp","href":"https:\/\/api.w.org\/{rel}","templated":true}]}}