{"id":7806,"date":"2026-03-18T07:00:55","date_gmt":"2026-03-18T07:00:55","guid":{"rendered":"https:\/\/soydeaqui.ddns.net\/pachuca\/index.php\/producto\/teclado-con-senal-inalambrica-z-wave-para-automatizar-integrable-a-paneles-vista48-21ip-ideal-para-plataforma-total-connect-y-apagadores-jasco\/"},"modified":"2026-03-18T07:00:56","modified_gmt":"2026-03-18T07:00:56","slug":"teclado-con-senal-inalambrica-z-wave-para-automatizar-integrable-a-paneles-vista48-21ip-ideal-para-plataforma-total-connect-y-apagadores-jasco","status":"publish","type":"product","link":"https:\/\/soydeaqui.ddns.net\/pachuca\/index.php\/producto\/teclado-con-senal-inalambrica-z-wave-para-automatizar-integrable-a-paneles-vista48-21ip-ideal-para-plataforma-total-connect-y-apagadores-jasco\/","title":{"rendered":"Teclado con se\u00f1al inalambrica Z-WAVE, para automatizar, integrable a paneles Vista48, 21ip, ideal para plataforma Total Connect y apagadores JASCO."},"content":{"rendered":"<div style='width: 100%; max-width: 1200px; margin: 0 auto; font-family: sans-serif; line-height: 1.6; color: inherit; background-color: transparent;'>\n<div style='display: flex; flex-wrap: wrap; gap: 30px; margin-bottom: 30px;'>\n<div style='flex: 1 1 300px; min-width: 280px;'>\n<p style='font-size: 15px; color: inherit; margin-top: 0;'>Controlador de automatizaci\u00f3n con interface WEB compatible con Android&comma; PC y iOS(iPhone&comma; iPad).<\/p>\n<ul style='padding-left: 20px; font-size: 15px; color: inherit;'>\n<li style='margin-bottom: 5px;'>Seguridad: Se integra con paneles VISTA(<strong>M\u00e1s de 5 Millones instalados en M\u00e9xico!)<\/strong><\/li>\n<li style='margin-bottom: 5px;'>Las c\u00e1maras de video Honeywell IP<\/li>\n<li style='margin-bottom: 5px;'>232 Dispositivos Z-Wave: Termostatos&comma; Luces&comma; Cerraduras<\/li>\n<\/ul>\n<p style='font-size: 15px; color: inherit;'>VAM es muy sencillo de instalar&comma; es WIFI y no requiere cablear a la red. \u00danicamente alimentar de energ\u00eda y conectar su panel VISTA(en caso de agregar intrusi\u00f3n)<\/p>\n<p style='font-size: 15px; color: inherit;'>VAM permite agregar ingresos recurrentes adicionales a sus cuentas&comma; ofreciendo automatizaci\u00f3n e intrusi\u00f3n todo desde su celular o tablet.<\/p>\n<p style='font-size: 15px; color: inherit;'><strong>Nota: Para el correcto funcionamiento se recomienda utilizar equipo Z-Wave que este dentro de la lista de compatibilidad Honeywell o en Z-Wave Alliance.<\/strong><\/p>\n<\/p><\/div>\n<\/p><\/div>\n<div style='display: flex; flex-wrap: wrap; gap: 20px; margin-bottom: 30px;'>\n<div style='flex: 1 1 300px; min-width: 280px;'>\n<div style='padding: 15px; border-bottom: 1px solid rgba(150&comma; 150&comma; 150&comma; 0.2); font-weight: bold; font-size: 18px; color: inherit;'>Imagen del producto<\/div>\n<div style='padding: 15px; color: inherit;'> <img style='width: 100%; height: auto; border: 1px solid rgba(150&comma;150&comma;150&comma;0.3); border-radius: 8px;' src='http:\/\/i.imgur.com\/Qn8aWOP.jpg' alt='Imagen del producto' \/> <\/div>\n<\/p><\/div>\n<\/p><\/div>\n<div style='display: flex; flex-wrap: wrap; gap: 20px; margin-bottom: 30px;'>\n<div style='flex: 1 1 300px; min-width: 280px;'>\n<div style='padding: 15px; border-bottom: 1px solid rgba(150&comma; 150&comma; 150&comma; 0.2); font-weight: bold; font-size: 18px; color: inherit;'>V\u00eddeos del producto<\/div>\n<div style='padding: 15px; color: inherit;'>\n<div style='position: relative; padding-bottom: 56.25%; height: 0; overflow: hidden; margin-bottom: 30px;'>   <\/div>\n<div style='position: relative; padding-bottom: 56.25%; height: 0; overflow: hidden; margin-bottom: 30px;'>   <\/div>\n<div style='position: relative; padding-bottom: 56.25%; height: 0; overflow: hidden; margin-bottom: 30px;'>   <\/div>\n<div style='position: relative; padding-bottom: 56.25%; height: 0; overflow: hidden; margin-bottom: 30px;'>   <\/div>\n<\/p><\/div>\n<\/p><\/div>\n<\/p><\/div>\n<\/p><\/div>\n","protected":false},"excerpt":{"rendered":"<p>Teclado con se\u00f1al inalambrica Z-WAVE, para automatizar, integrable a paneles Vista48, 21ip, ideal para plataforma Total Connect y apagadores JASCO.<\/p>\n","protected":false},"featured_media":7805,"comment_status":"open","ping_status":"closed","template":"","meta":[],"product_brand":[],"product_cat":[463],"product_tag":[45,135,180],"class_list":{"0":"post-7806","1":"product","2":"type-product","3":"status-publish","4":"has-post-thumbnail","6":"product_cat-teclados-total-connect-honeywell","7":"product_tag-honeywell-home-resideo","8":"product_tag-teclados","9":"product_tag-total-connect-honeywell","11":"first","12":"instock","13":"sale","14":"shipping-taxable","15":"purchasable","16":"product-type-simple"},"_links":{"self":[{"href":"https:\/\/soydeaqui.ddns.net\/pachuca\/index.php\/wp-json\/wp\/v2\/product\/7806","targetHints":{"allow":["GET"]}}],"collection":[{"href":"https:\/\/soydeaqui.ddns.net\/pachuca\/index.php\/wp-json\/wp\/v2\/product"}],"about":[{"href":"https:\/\/soydeaqui.ddns.net\/pachuca\/index.php\/wp-json\/wp\/v2\/types\/product"}],"replies":[{"embeddable":true,"href":"https:\/\/soydeaqui.ddns.net\/pachuca\/index.php\/wp-json\/wp\/v2\/comments?post=7806"}],"wp:featuredmedia":[{"embeddable":true,"href":"https:\/\/soydeaqui.ddns.net\/pachuca\/index.php\/wp-json\/wp\/v2\/media\/7805"}],"wp:attachment":[{"href":"https:\/\/soydeaqui.ddns.net\/pachuca\/index.php\/wp-json\/wp\/v2\/media?parent=7806"}],"wp:term":[{"taxonomy":"product_brand","embeddable":true,"href":"https:\/\/soydeaqui.ddns.net\/pachuca\/index.php\/wp-json\/wp\/v2\/product_brand?post=7806"},{"taxonomy":"product_cat","embeddable":true,"href":"https:\/\/soydeaqui.ddns.net\/pachuca\/index.php\/wp-json\/wp\/v2\/product_cat?post=7806"},{"taxonomy":"product_tag","embeddable":true,"href":"https:\/\/soydeaqui.ddns.net\/pachuca\/index.php\/wp-json\/wp\/v2\/product_tag?post=7806"}],"curies":[{"name":"wp","href":"https:\/\/api.w.org\/{rel}","templated":true}]}}