{"id":78058,"date":"2026-03-19T16:26:05","date_gmt":"2026-03-19T16:26:05","guid":{"rendered":"https:\/\/soydeaqui.ddns.net\/pachuca\/index.php\/producto\/ltap-a-heavy-duty-2-4ghz-access-point-with-two-minipci-slots-three-sim-slots-and-gnss-support-gps-glonass-beidou-galileo\/"},"modified":"2026-03-19T16:26:16","modified_gmt":"2026-03-19T16:26:16","slug":"ltap-a-heavy-duty-2-4ghz-access-point-with-two-minipci-slots-three-sim-slots-and-gnss-support-gps-glonass-beidou-galileo","status":"publish","type":"product","link":"https:\/\/soydeaqui.ddns.net\/pachuca\/index.php\/producto\/ltap-a-heavy-duty-2-4ghz-access-point-with-two-minipci-slots-three-sim-slots-and-gnss-support-gps-glonass-beidou-galileo\/","title":{"rendered":"(LtAP) &#8211; A heavy-duty 2.4GHz access point with two miniPCI slots, three SIM slots and GNSS support (GPS, GLONASS, BeiDou, Galileo)"},"content":{"rendered":"<div style='width: 100%; max-width: 1200px; margin: 0 auto; font-family: sans-serif; line-height: 1.6; color: inherit; background-color: transparent;'> <!-- Imagen principal --> <\/p>\n<div style='margin-bottom: 30px;'> <img style='width: 100%; height: auto; border: 1px solid rgba(150&comma;150&comma;150&comma;0.3); border-radius: 8px;' src='https:\/\/ftp3.syscom.mx\/usuarios\/fotos\/RBLTAP2HND\/171444-ltap_banner.png' alt=''> <\/div>\n<p> <!-- Descripci\u00f3n principal --> <\/p>\n<div style='margin-bottom: 30px;'>\n<p style='font-size: 15px; margin-bottom: 15px; color: inherit;'>El nuevo LtAP es un punto de acceso inal\u00e1mbrico compacto resistente a la intemperie&comma; perfecto para entornos urbanos ajetreados o redes al aire libre fuera de la red. Tiene un puerto LAN inal\u00e1mbrico y Gigabit Ethernet de 2&comma;4 GHz 802.11b\/g\/n de alta potencia para sus dispositivos con cable. Hay varias opciones de alimentaci\u00f3n: conector de CC&comma; entrada de POE y autom\u00f3vil.<\/p>\n<p style='font-size: 15px; margin-bottom: 15px; color: inherit;'>La unidad viene con dos ranuras miniPCIe&comma; que ofrecen muchas opciones de expansi\u00f3n. Por ejemplo&comma; puede instalar el m\u00f3dem LTE de su elecci\u00f3n para la copia de seguridad LTE y la interfaz de 5GHz para tener doble AP + LTE simult\u00e1neo de 2.4 GHz \/ 5GHz.<\/p>\n<p style='font-size: 15px; margin-bottom: 15px; color: inherit;'>LtAP tiene un puerto serie RS232&comma; que le brinda acceso a la consola para depuraci\u00f3n&comma; as\u00ed como USB de tama\u00f1o completo para otros dispositivos.<\/p>\n<p style='font-size: 15px; margin-bottom: 15px; color: inherit;'>La carcasa resistente y extremadamente duradera con un kit especial de montaje en la pared ser\u00e1 perfecta para casi cualquier desaf\u00edo: desde el transporte p\u00fablico&comma; camiones de comida o log\u00edstica hasta el duro invierno y el tormentoso ambiente del desierto. LtAP puede manejar cualquier temperatura de -40 C\u00b0 a +70 C\u00b0. Es una soluci\u00f3n perfecta para rastrear veh\u00edculos en tiempo real. Hemos proporcionado un ejemplo de aplicaci\u00f3n de seguimiento simple en la documentaci\u00f3n de RouterOS para ayudarlo a comenzar. LtAP incluso tiene 3 ranuras Mini-SIM para una f\u00e1cil administraci\u00f3n de roaming. \u00a1Ahorra tiempo y dinero en todo el mundo!<\/p>\n<p style='font-size: 15px; margin-bottom: 15px; color: inherit;'>El nuevo LtAP es m\u00e1s que un punto de acceso: es lo que necesita para estar donde lo necesite.<\/p>\n<\/p><\/div>\n<p> <!-- Secci\u00f3n de especificaciones --> <\/p>\n<div style='display: flex; flex-wrap: wrap; gap: 30px; margin-bottom: 30px;'>\n<div style='flex: 1 1 300px; min-width: 280px;'>\n<h3 style='font-size: 22px; border-bottom: 2px solid currentColor; padding-bottom: 5px; margin-top: 0; color: inherit; opacity: 0.8;'>Especificaciones<\/h3>\n<ul style='padding-left: 20px; font-size: 15px; color: inherit;'>\n<li style='margin-bottom: 5px;'><strong>C\u00f3digo de producto:<\/strong> RBLtAP-2HnD<\/li>\n<li style='margin-bottom: 5px;'><strong>Arquitectura:<\/strong> MMIPS<\/li>\n<li style='margin-bottom: 5px;'><strong>CPU:<\/strong> MT7621A<\/li>\n<li style='margin-bottom: 5px;'><strong>Recuento de n\u00facleos de CPU:<\/strong> 2<\/li>\n<li style='margin-bottom: 5px;'><strong>Frecuencia nominal de la CPU:<\/strong> 880 MHz<\/li>\n<li style='margin-bottom: 5px;'><strong>Recuento de subprocesos de la CPU:<\/strong> 4<\/li>\n<li style='margin-bottom: 5px;'><strong>Licencia de RouterOS:<\/strong> 4<\/li>\n<li style='margin-bottom: 5px;'><strong>Sistema operativo:<\/strong> <a href='https:\/\/wiki.mikrotik.com\/wiki\/Manual:TOC' target='_blank' rel='noopener' style='color: inherit; text-decoration: underline; color: #4984ae;'>RouterOS<\/a><\/li>\n<li style='margin-bottom: 5px;'><strong>Tama\u00f1o de RAM:<\/strong> 128 MB<\/li>\n<li style='margin-bottom: 5px;'><strong>Tama\u00f1o de almacenamiento:<\/strong> 16 MB<\/li>\n<li style='margin-bottom: 5px;'><strong>Tipo de almacenamiento:<\/strong> FLASH<\/li>\n<li style='margin-bottom: 5px;'><strong>Temperatura ambiente probada:<\/strong> -40 \u00b0C hasta 70 \u00b0C<\/li>\n<li style='margin-bottom: 5px;'><strong>MTBF:<\/strong> Aproximadamente 200.000 horas a 25 \u00b0C<\/li>\n<\/ul><\/div>\n<div style='flex: 1 1 300px; min-width: 280px;'>\n<h3 style='font-size: 22px; border-bottom: 2px solid currentColor; padding-bottom: 5px; margin-top: 0; color: inherit; opacity: 0.8;'>Alimentaci\u00f3n<\/h3>\n<ul style='padding-left: 20px; font-size: 15px; color: inherit;'>\n<li style='margin-bottom: 5px;'><strong>PoE in:<\/strong> PoE pasivo<\/li>\n<li style='margin-bottom: 5px;'><strong>PoE in voltaje de entrada:<\/strong> 12-30 V<\/li>\n<li style='margin-bottom: 5px;'><strong>N\u00famero de entradas DC:<\/strong> 3 (conector de CC&comma; PoE-IN&comma; automotriz)<\/li>\n<li style='margin-bottom: 5px;'><strong>Voltaje de entrada DC jack:<\/strong> 12-30 V<\/li>\n<li style='margin-bottom: 5px;'><strong>Voltaje de entrada automotriz:<\/strong> 12-27 V<\/li>\n<li style='margin-bottom: 5px;'><strong>Consumo m\u00e1ximo de energ\u00eda:<\/strong> 24 W<\/li>\n<li style='margin-bottom: 5px;'><strong>Consumo m\u00e1ximo de energ\u00eda sin accesorios:<\/strong> 9 W<\/li>\n<li style='margin-bottom: 5px;'><strong>Recuento de ventiladores:<\/strong> Pasivo<\/li>\n<\/ul><\/div>\n<div style='flex: 1 1 300px; min-width: 280px;'>\n<h3 style='font-size: 22px; border-bottom: 2px solid currentColor; padding-bottom: 5px; margin-top: 0; color: inherit; opacity: 0.8;'>Especificaciones inal\u00e1mbricas<\/h3>\n<ul style='padding-left: 20px; font-size: 15px; color: inherit;'>\n<li style='margin-bottom: 5px;'><strong>Velocidad de datos m\u00e1xima inal\u00e1mbrica de 2&comma;4 GHz:<\/strong> 300 Mbit\/s<\/li>\n<li style='margin-bottom: 5px;'><strong>N\u00famero de cadenas inal\u00e1mbricas de 2&comma;4 GHz:<\/strong> 2<\/li>\n<li style='margin-bottom: 5px;'><strong>Est\u00e1ndares inal\u00e1mbricos de 2&comma;4 GHz:<\/strong> 802.11b\/g\/n<\/li>\n<li style='margin-bottom: 5px;'><strong>Ganancia de antena dBi para 2&comma;4 GHz:<\/strong> 2.5<\/li>\n<li style='margin-bottom: 5px;'><strong>Modelo de chip inal\u00e1mbrico de 2&comma;4 GHz:<\/strong> AR9382<\/li>\n<li style='margin-bottom: 5px;'><strong>Generaci\u00f3n inal\u00e1mbrica de 2&comma;4 GHz:<\/strong> Wi-Fi 4<\/li>\n<\/ul><\/div>\n<div style='flex: 1 1 300px; min-width: 280px;'>\n<h3 style='font-size: 22px; border-bottom: 2px solid currentColor; padding-bottom: 5px; margin-top: 0; color: inherit; opacity: 0.8;'>Ethernet<\/h3>\n<ul style='padding-left: 20px; font-size: 15px; color: inherit;'>\n<li style='margin-bottom: 5px;'><strong>Puertos Ethernet 10\/100\/1000:<\/strong> 1<\/li>\n<\/ul><\/div>\n<div style='flex: 1 1 300px; min-width: 280px;'>\n<h3 style='font-size: 22px; border-bottom: 2px solid currentColor; padding-bottom: 5px; margin-top: 0; color: inherit; opacity: 0.8;'>Perif\u00e9ricos<\/h3>\n<ul style='padding-left: 20px; font-size: 15px; color: inherit;'>\n<li style='margin-bottom: 5px;'><strong>N\u00famero de ranuras SIM:<\/strong> 3 M\u00f3dem (Mini SIM)<\/li>\n<li style='margin-bottom: 5px;'><strong>Ranuras MiniPCI-e:<\/strong> 2<\/li>\n<li style='margin-bottom: 5px;'><strong>Puerto serial:<\/strong> RS232<\/li>\n<li style='margin-bottom: 5px;'><strong>N\u00famero de puertos USB:<\/strong> 1<\/li>\n<li style='margin-bottom: 5px;'><strong>Reinicio de energ\u00eda USB:<\/strong> S\u00ed<\/li>\n<li style='margin-bottom: 5px;'><strong>Tipo de ranura USB:<\/strong> USB tipo A<\/li>\n<li style='margin-bottom: 5px;'><strong>Corriente USB m\u00e1xima:<\/strong> 1 A<\/li>\n<\/ul><\/div>\n<div style='flex: 1 1 300px; min-width: 280px;'>\n<h3 style='font-size: 22px; border-bottom: 2px solid currentColor; padding-bottom: 5px; margin-top: 0; color: inherit; opacity: 0.8;'>Otro<\/h3>\n<ul style='padding-left: 20px; font-size: 15px; color: inherit;'>\n<li style='margin-bottom: 5px;'><strong>Monitor de temperatura de PCB:<\/strong> S\u00ed<\/li>\n<li style='margin-bottom: 5px;'><strong>Monitor de voltaje:<\/strong> S\u00ed<\/li>\n<\/ul><\/div>\n<div style='flex: 1 1 300px; min-width: 280px;'>\n<h3 style='font-size: 22px; border-bottom: 22px solid currentColor; padding-bottom: 5px; margin-top: 0; color: inherit; opacity: 0.8;'>Certificaciones y aprobaciones<\/h3>\n<ul style='padding-left: 20px; font-size: 15px; color: inherit;'>\n<li style='margin-bottom: 5px;'><strong>Certificaci\u00f3n:<\/strong> CE&comma; FCC&comma; IC&comma; E-MARK&comma; EAC&comma; ROHS<\/li>\n<\/ul><\/div>\n<\/p><\/div>\n<p> <!-- Secci\u00f3n de detalles t\u00e9cnicos --> <\/p>\n<div style='margin-bottom: 30px;'>\n<h3 style='font-size: 22px; border-bottom: 2px solid currentColor; padding-bottom: 5px; margin-top: 0; color: inherit; opacity: 0.8;'>Detalles t\u00e9cnicos<\/h3>\n<div style='display: grid; grid-template-columns: repeat(auto-fill&comma; minmax(250px&comma; 1fr)); gap: 20px; margin-top: 20px;'>\n<div style='border: 1px solid rgba(150&comma;150&comma;150&comma;0.4); border-radius: 8px; overflow: hidden;'>\n<div style='padding: 15px; border-bottom: 1px solid rgba(150&comma;150&comma;150&comma;0.2); font-weight: bold; font-size: 18px; color: inherit;'>Inal\u00e1mbrico 2.4GHz<\/div>\n<div style='padding: 15px; color: inherit;'>\n<ul style='padding-left: 20px; margin: 0; font-size: 14px; list-style-type: disc;'>\n<li style='margin-bottom: 5px;'><strong>Velocidad:<\/strong> 300 Mbit\/s<\/li>\n<li style='margin-bottom: 5px;'><strong>Est\u00e1ndar:<\/strong> 802.11b\/g\/n<\/li>\n<li style='margin-bottom: 5px;'><strong>Cantidad de cadenas:<\/strong> 2<\/li>\n<li style='margin-bottom: 5px;'><strong>Ganancia:<\/strong> 2.5 dBi<\/li>\n<li style='margin-bottom: 5px;'><strong>Chip:<\/strong> AR9382<\/li>\n<li style='margin-bottom: 5px;'><strong>Generaci\u00f3n:<\/strong> Wi-Fi 4<\/li>\n<\/ul><\/div>\n<\/p><\/div>\n<div style='border: 1px solid rgba(150&comma;150&comma;150&comma;0.4); border-radius: 8px; overflow: hidden;'>\n<div style='padding: 15px; border-bottom: 1px solid rgba(150&comma;150&comma;150&comma;0.2); font-weight: bold; font-size: 18px; color: inherit;'>Ethernet<\/div>\n<div style='padding: 15px; color: inherit;'>\n<ul style='padding-left: 20px; margin: 0; font-size: 14px; list-style-type: disc;'>\n<li style='margin-bottom: 5px;'><strong>Puerto:<\/strong> 1x 10\/100\/1000<\/li>\n<\/ul><\/div>\n<\/p><\/div>\n<div style='border: 1px solid rgba(150&comma;150&comma;150&comma;0.4); border-radius: 8px; overflow: hidden;'>\n<div style='padding: 15px; border-bottom: 1px solid rgba(150&comma;150&comma;150&comma;0.2); font-weight: bold; font-size: 18px; color: inherit;'>Perif\u00e9ricos<\/div>\n<div style='padding: 15px; color: inherit;'>\n<ul style='padding-left: 20px; margin: 0; font-size: 14px; list-style-type: disc;'>\n<li style='margin-bottom: 5px;'><strong>Ranuras SIM:<\/strong> 3 M\u00f3dem (Mini SIM)<\/li>\n<li style='margin-bottom: 5px;'><strong>Ranuras MiniPCI-e:<\/strong> 2<\/li>\n<li style='margin-bottom: 5px;'><strong>Puerto serial:<\/strong> RS232<\/li>\n<li style='margin-bottom: 5px;'><strong>Puerto USB:<\/strong> 1x USB tipo A<\/li>\n<li style='margin-bottom: 5px;'><strong>Corriente USB:<\/strong> 1 A<\/li>\n<li style='margin-bottom: 5px;'><strong>Reinicio de energ\u00eda USB:<\/strong> S\u00ed<\/li>\n<\/ul><\/div>\n<\/p><\/div>\n<div style='border: 1px solid rgba(150&comma;150&comma;150&comma;0.4); border-radius: 8px; overflow: hidden;'>\n<div style='padding: 15px; border-bottom: 1px solid rgba(150&comma;150&comma;150&comma;0.2); font-weight: bold; font-size: 18px; color: inherit;'>Caracter\u00edsticas adicionales<\/div>\n<div style='padding: 15px; color: inherit;'>\n<ul style='padding-left: 20px; margin: 0; font-size: 14px; list-style-type: disc;'>\n<li style='margin-bottom: 5px;'><strong>Monitor de temperatura:<\/strong> S\u00ed<\/li>\n<li style='margin-bottom: 5px;'><strong>Monitor de voltaje:<\/strong> S\u00ed<\/li>\n<li style='margin-bottom: 5px;'><strong>Temperatura operativa:<\/strong> -40 \u00b0C a +70 \u00b0C<\/li>\n<li style='margin-bottom: 5px;'><strong>MTBF:<\/strong> 200.000 horas a 25 \u00b0C<\/li>\n<li style='margin-bottom: 5px;'><strong>Certificaciones:<\/strong> CE&comma; FCC&comma; IC&comma; E-MARK&comma; EAC&comma; ROHS<\/li>\n<\/ul><\/div>\n<\/p><\/div>\n<\/p><\/div>\n<\/p><\/div>\n<p> <!-- Secci\u00f3n de alimentaci\u00f3n --> <\/p>\n<div style='margin-bottom: 30px;'>\n<h3 style='font-size: 22px; border-bottom: 2px solid currentColor; padding-bottom: 5px; margin-top: 0; color: inherit; opacity: 0.8;'>Alimentaci\u00f3n<\/h3>\n<div style='display: grid; grid-template-columns: repeat(auto-fill&comma; minmax(250px&comma; 1fr)); gap: 20px;'>\n<div style='border: 1px solid rgba(150&comma;150&comma;150&comma;0.4); border-radius: 8px; overflow: hidden;'>\n<div style='padding: 15px; border-bottom: 1px solid rgba(150&comma;150&comma;150&comma;0.2); font-weight: bold; font-size: 18px; color: inherit;'>Entrada PoE<\/div>\n<div style='padding: 15px; color: inherit;'>\n<ul style='padding-left: 20px; margin: 0; font-size: 14px; list-style-type: disc;'>\n<li style='margin-bottom: 5px;'><strong>Est\u00e1ndar:<\/strong> PoE pasivo<\/li>\n<li style='margin-bottom: 5px;'><strong>Voltaje:<\/strong> 12-30 V<\/li>\n<\/ul><\/div>\n<\/p><\/div>\n<div style='border: 1px solid rgba(150&comma;150&comma;150&comma;0.4); border-radius: 8px; overflow: hidden;'>\n<div style='padding: 15px; border-bottom: 1px solid rgba(150&comma;150&comma;150&comma;0.2); font-weight: bold; font-size: 18px; color: inherit;'>Entrada DC<\/div>\n<div style='padding: 15px; color: inherit;'>\n<ul style='padding-left: 20px; margin: 0; font-size: 14px; list-style-type: disc;'>\n<li style='margin-bottom: 5px;'><strong>N\u00famero de entradas:<\/strong> 3<\/li>\n<li style='margin-bottom: 5px;'><strong>Voltaje:<\/strong> 12-30 V (conector CC)&comma; 12-27 V (automotriz)<\/li>\n<\/ul><\/div>\n<\/p><\/div>\n<div style='border: 1px solid rgba(150&comma;150&comma;150&comma;0.4); border-radius: 8px; overflow: hidden;'>\n<div style='padding: 15px; border-bottom: 1px solid rgba(150&comma;150&comma;150&comma;0.2); font-weight: bold; font-size: 18px; color: inherit;'>Consumo<\/div>\n<div style='padding: 15px; color: inherit;'>\n<ul style='padding-left: 20px; margin: 0; font-size: 14px; list-style-type: disc;'>\n<li style='margin-bottom: 5px;'><strong>M\u00e1ximo:<\/strong> 24 W<\/li>\n<li style='margin-bottom: 5px;'><strong>Sin accesorios:<\/strong> 9 W<\/li>\n<\/ul><\/div>\n<\/p><\/div>\n<div style='border: 1px solid rgba(150&comma;150&comma;150&comma;0.4); border-radius: 8px; overflow: hidden;'>\n<div style='padding: 15px; border-bottom: 1px solid rgba(150&comma;150&comma;150&comma;0.2); font-weight: bold; font-size: 18px; color: inherit;'>Ventilaci\u00f3n<\/div>\n<div style='padding: 15px; color: inherit;'>\n<ul style='padding-left: 20px; margin: 0; font-size: 14px; list-style-type: disc;'>\n<li style='margin-bottom: 5px;'><strong>Refrigeraci\u00f3n:<\/strong> Pasivo<\/li>\n<\/ul><\/div>\n<\/p><\/div>\n<\/p><\/div>\n<\/p><\/div>\n<p> <!-- Separador --> <\/p>\n<hr style='border: 0; border-top: 1px solid rgba(150&comma; 150&comma; 150&comma; 0.3); margin: 30px 0;'> <\/div>\n","protected":false},"excerpt":{"rendered":"<p>(LtAP) &#8211; A heavy-duty 2.4GHz access point with two miniPCI slots, three SIM slots and GNSS support (GPS, GLONASS, BeiDou, Galileo)<\/p>\n","protected":false},"featured_media":78057,"comment_status":"open","ping_status":"closed","template":"","meta":[],"product_brand":[],"product_cat":[1794],"product_tag":[643,1795,1479],"class_list":{"0":"post-78058","1":"product","2":"type-product","3":"status-publish","4":"has-post-thumbnail","6":"product_cat-puntos-de-acceso","7":"product_tag-mikrotik","8":"product_tag-puntos-de-acceso","9":"product_tag-redes-wifi","11":"first","12":"outofstock","13":"sale","14":"shipping-taxable","15":"purchasable","16":"product-type-simple"},"_links":{"self":[{"href":"https:\/\/soydeaqui.ddns.net\/pachuca\/index.php\/wp-json\/wp\/v2\/product\/78058","targetHints":{"allow":["GET"]}}],"collection":[{"href":"https:\/\/soydeaqui.ddns.net\/pachuca\/index.php\/wp-json\/wp\/v2\/product"}],"about":[{"href":"https:\/\/soydeaqui.ddns.net\/pachuca\/index.php\/wp-json\/wp\/v2\/types\/product"}],"replies":[{"embeddable":true,"href":"https:\/\/soydeaqui.ddns.net\/pachuca\/index.php\/wp-json\/wp\/v2\/comments?post=78058"}],"wp:featuredmedia":[{"embeddable":true,"href":"https:\/\/soydeaqui.ddns.net\/pachuca\/index.php\/wp-json\/wp\/v2\/media\/78057"}],"wp:attachment":[{"href":"https:\/\/soydeaqui.ddns.net\/pachuca\/index.php\/wp-json\/wp\/v2\/media?parent=78058"}],"wp:term":[{"taxonomy":"product_brand","embeddable":true,"href":"https:\/\/soydeaqui.ddns.net\/pachuca\/index.php\/wp-json\/wp\/v2\/product_brand?post=78058"},{"taxonomy":"product_cat","embeddable":true,"href":"https:\/\/soydeaqui.ddns.net\/pachuca\/index.php\/wp-json\/wp\/v2\/product_cat?post=78058"},{"taxonomy":"product_tag","embeddable":true,"href":"https:\/\/soydeaqui.ddns.net\/pachuca\/index.php\/wp-json\/wp\/v2\/product_tag?post=78058"}],"curies":[{"name":"wp","href":"https:\/\/api.w.org\/{rel}","templated":true}]}}