{"id":78037,"date":"2026-03-19T16:25:13","date_gmt":"2026-03-19T16:25:13","guid":{"rendered":"https:\/\/soydeaqui.ddns.net\/pachuca\/index.php\/producto\/unifi-switch-poe-pasivo-24v-administrable-de-48-puertos-10-100-1000-mbps-2-puertos-sfp-gigabit-2-puertos-sfp-10-g-500w\/"},"modified":"2026-03-19T16:25:24","modified_gmt":"2026-03-19T16:25:24","slug":"unifi-switch-poe-pasivo-24v-administrable-de-48-puertos-10-100-1000-mbps-2-puertos-sfp-gigabit-2-puertos-sfp-10-g-500w","status":"publish","type":"product","link":"https:\/\/soydeaqui.ddns.net\/pachuca\/index.php\/producto\/unifi-switch-poe-pasivo-24v-administrable-de-48-puertos-10-100-1000-mbps-2-puertos-sfp-gigabit-2-puertos-sfp-10-g-500w\/","title":{"rendered":"UniFi Switch PoE+\/ Pasivo 24V, Administrable de 48 puertos 10\/100\/1000 Mbps, 2 puertos SFP Gigabit , 2 puertos SFP+ 10 G, 500W"},"content":{"rendered":"<div style='width: 100%; max-width: 1200px; margin: 0 auto; font-family: sans-serif; line-height: 1.6; color: inherit; background-color: transparent;'>\n<div style='display: flex; flex-wrap: wrap; gap: 30px; margin-bottom: 30px;'>\n<div style='flex: 1 1 300px; min-width: 280px;'>\n<h3 style='font-size: 22px; border-bottom: 2px solid currentColor; padding-bottom: 5px; margin-top: 0; color: inherit; opacity: 0.8;'>Potentes Modelos de Switches Empresariales<\/h3>\n<p style='font-size: 20px; color: inherit;'>El switch UniFi\u00ae ofrece la capacidad de reenv\u00edo para procesar simult\u00e1neamente el tr\u00e1fico en todos los puertos a velocidad de l\u00ednea sin p\u00e9rdida de paquetes.<\/p>\n<p> <img style='width: 100%; height: auto; border: 1px solid rgba(150&comma;150&comma;150&comma;0.3); border-radius: 8px;' src='https:\/\/ftp3.syscom.mx\/usuarios\/adiaz\/UBNT\/US48\/US2448.jpg' alt='Switch UniFi' \/> <\/div>\n<\/p><\/div>\n<div style='display: flex; flex-wrap: wrap; gap: 30px; margin-bottom: 30px;'>\n<div style='flex: 1 1 300px; min-width: 280px;'>\n<h3 style='font-size: 22px; border-bottom: 2px solid currentColor; padding-bottom: 5px; margin-top: 0; color: inherit; opacity: 0.8;'>Administraci\u00f3n Avanzada<\/h3>\n<p style='font-size: 20px; color: inherit;'>Cada puerto del switch ofrece configuraciones personalizadas: nombre del puerto&comma; PoE&comma; configuraci\u00f3n de red\/VLAN y modo de operaci\u00f3n (switching&comma; mirroring o agregado)&comma; as\u00ed como soporte de autenticaci\u00f3n 802.1X y VLAN Radius.<\/p>\n<p> <img style='width: 100%; height: auto; border: 1px solid rgba(150&comma;150&comma;150&comma;0.3); border-radius: 8px;' src='https:\/\/ftp3.syscom.mx\/usuarios\/adiaz\/UBNT\/US48\/USPM.jpg' alt='Administraci\u00f3n UniFi' \/> <\/div>\n<\/p><\/div>\n<hr style='border: 0; border-top: 1px solid rgba(150&comma; 150&comma; 150&comma; 0.3); margin: 30px 0;'>\n<div style='display: flex; flex-wrap: wrap; gap: 20px; margin-bottom: 30px;'>\n<div style='flex: 1 1 250px; border: 1px solid rgba(150&comma; 150&comma; 150&comma; 0.4); border-radius: 8px; overflow: hidden; display: flex; flex-direction: column;'>\n<div style='padding: 15px; border-bottom: 1px solid rgba(150&comma; 150&comma; 150&comma; 0.2); font-weight: bold; font-size: 18px; color: inherit;'>Especificaci\u00f3n del producto<\/div>\n<div style='padding: 15px; color: inherit;'>\n<ul style='padding-left: 20px; margin: 0; font-size: 14px; list-style-type: disc;'>\n<li style='margin-bottom: 5px;'><strong>Dimensiones:<\/strong> 485 x 43.7 x 374.6 mm (19.09 x 1.72 x 14.75&#8242;)<\/li>\n<li style='margin-bottom: 5px;'><strong>Peso:<\/strong> 6.1 kg (13.5 lb)<\/li>\n<li style='margin-bottom: 5px;'><strong>Interfaces de Red:<\/strong> 48 10\/100\/1000 Mbps RJ45 Ethernet&comma; 2 1\/10 Gbps SFP+&comma; 2 1 Gbps SFP<\/li>\n<li style='margin-bottom: 5px;'><strong>Management:<\/strong> 1 RJ45 Serial Port Out-of-Band&comma; Ethernet In-Band<\/li>\n<li style='margin-bottom: 5px;'><strong>Total Non-Blocking Throughput:<\/strong> 70 Gbps<\/li>\n<li style='margin-bottom: 5px;'><strong>Switching Capacity:<\/strong> 140 Gbps<\/li>\n<li style='margin-bottom: 5px;'><strong>Forwarding Rate:<\/strong> 104.16 Mpps<\/li>\n<li style='margin-bottom: 5px;'><strong>MAC Address Table:<\/strong> 16384<\/li>\n<li style='margin-bottom: 5px;'><strong>Maximum Aggregations:<\/strong> 6<\/li>\n<li style='margin-bottom: 5px;'><strong>Monitoring Sessions:<\/strong> 1<\/li>\n<li style='margin-bottom: 5px;'><strong>VLANs M\u00e1ximas:<\/strong> 255<\/li>\n<li style='margin-bottom: 5px;'><strong>M\u00e9todo de alimentaci\u00f3n:<\/strong> 100-240VAC\/50-60 Hz<\/li>\n<li style='margin-bottom: 5px;'><strong>Fuente de Alimentaci\u00f3n:<\/strong> Interna AC\/DC&comma; 500W DC<\/li>\n<li style='margin-bottom: 5px;'><strong>Consumo m\u00e1ximo:<\/strong> 500W (con PoE)&comma; 64W (sin PoE)<\/li>\n<li style='margin-bottom: 5px;'><strong>LEDs:<\/strong> PoE&comma; Speed\/Link\/Activity (RJ45 Data Ports)&comma; Speed\/Link\/Activity (SFP Data Ports)<\/li>\n<li style='margin-bottom: 5px;'><strong>Sound Level:<\/strong> 10.7 dBr (Fan Level 0)&comma; 16.2 dBr (Fan Level 1)&comma; 19.3 dBr (Fan Level 2)&comma; 23.6 dBr (Fan Level 3)<\/li>\n<li style='margin-bottom: 5px;'><strong>ESD\/EMP Protection:<\/strong> Air: \u00b1 24 kV&comma; Contact: \u00b1 24 kV<\/li>\n<li style='margin-bottom: 5px;'><strong>Shock and Vibration:<\/strong> ETSI300-019-1.4 Standard<\/li>\n<li style='margin-bottom: 5px;'><strong>Temperatura de Operaci\u00f3n:<\/strong> -5 a 40\u00b0 C (23 a 104\u00b0 F)<\/li>\n<li style='margin-bottom: 5px;'><strong>Humedad:<\/strong> 5 a 95% sin condensaci\u00f3n<\/li>\n<li style='margin-bottom: 5px;'><strong>Certificaciones:<\/strong> CE&comma; FCC&comma; IC<\/li>\n<\/ul><\/div>\n<\/p><\/div>\n<div style='flex: 1 1 250px; border: 1px solid rgba(150&comma; 150&comma; 150&comma; 0.4); border-radius: 8px; overflow: hidden; display: flex; flex-direction: column;'>\n<div style='padding: 15px; border-bottom: 1px solid rgba(150&comma; 150&comma; 150&comma; 0.2); font-weight: bold; font-size: 18px; color: inherit;'>PoE por puerto<\/div>\n<div style='padding: 15px; color: inherit;'>\n<ul style='padding-left: 20px; margin: 0; font-size: 14px; list-style-type: disc;'>\n<li style='margin-bottom: 5px;'><strong>Interfaces de PoE:<\/strong> PoE+ IEEE 802.3af\/at (Pins 1&comma; 2+; 3&comma; 6-)&comma; 24VDC Passive PoE (Pins 4&comma; 5+; 7&comma; \ud83d\ude0e<\/li>\n<li style='margin-bottom: 5px;'><strong>M\u00e1x. potencia en Watts de PoE+ por puerto:<\/strong> 34.2W<\/li>\n<li style='margin-bottom: 5px;'><strong>Modo de rango de tensi\u00f3n 802.3at:<\/strong> 50\u201357V<\/li>\n<li style='margin-bottom: 5px;'><strong>M\u00e1x. Potencia en Watts de PoE Pasivo por puerto:<\/strong> 17W<\/li>\n<li style='margin-bottom: 5px;'><strong>Modo de rango de tensi\u00f3n 24 V Pasivo:<\/strong> 20-27V<\/li>\n<\/ul><\/div>\n<\/p><\/div>\n<\/p><\/div>\n<\/p><\/div>\n","protected":false},"excerpt":{"rendered":"<p>UniFi Switch PoE+\/ Pasivo 24V, Administrable de 48 puertos 10\/100\/1000 Mbps, 2 puertos SFP Gigabit , 2 puertos SFP+ 10 G, 500W<\/p>\n","protected":false},"featured_media":78036,"comment_status":"open","ping_status":"closed","template":"","meta":[],"product_brand":[],"product_cat":[1986],"product_tag":[664,1987,166],"class_list":{"0":"post-78037","1":"product","2":"type-product","3":"status-publish","4":"has-post-thumbnail","6":"product_cat-switches-poe","7":"product_tag-networking","8":"product_tag-switches-poe","9":"product_tag-ubiquiti","11":"first","12":"instock","13":"sale","14":"shipping-taxable","15":"purchasable","16":"product-type-simple"},"_links":{"self":[{"href":"https:\/\/soydeaqui.ddns.net\/pachuca\/index.php\/wp-json\/wp\/v2\/product\/78037","targetHints":{"allow":["GET"]}}],"collection":[{"href":"https:\/\/soydeaqui.ddns.net\/pachuca\/index.php\/wp-json\/wp\/v2\/product"}],"about":[{"href":"https:\/\/soydeaqui.ddns.net\/pachuca\/index.php\/wp-json\/wp\/v2\/types\/product"}],"replies":[{"embeddable":true,"href":"https:\/\/soydeaqui.ddns.net\/pachuca\/index.php\/wp-json\/wp\/v2\/comments?post=78037"}],"wp:featuredmedia":[{"embeddable":true,"href":"https:\/\/soydeaqui.ddns.net\/pachuca\/index.php\/wp-json\/wp\/v2\/media\/78036"}],"wp:attachment":[{"href":"https:\/\/soydeaqui.ddns.net\/pachuca\/index.php\/wp-json\/wp\/v2\/media?parent=78037"}],"wp:term":[{"taxonomy":"product_brand","embeddable":true,"href":"https:\/\/soydeaqui.ddns.net\/pachuca\/index.php\/wp-json\/wp\/v2\/product_brand?post=78037"},{"taxonomy":"product_cat","embeddable":true,"href":"https:\/\/soydeaqui.ddns.net\/pachuca\/index.php\/wp-json\/wp\/v2\/product_cat?post=78037"},{"taxonomy":"product_tag","embeddable":true,"href":"https:\/\/soydeaqui.ddns.net\/pachuca\/index.php\/wp-json\/wp\/v2\/product_tag?post=78037"}],"curies":[{"name":"wp","href":"https:\/\/api.w.org\/{rel}","templated":true}]}}