{"id":78025,"date":"2026-03-19T16:24:39","date_gmt":"2026-03-19T16:24:39","guid":{"rendered":"https:\/\/soydeaqui.ddns.net\/pachuca\/index.php\/producto\/gabinete-plastico-movil-con-amortiguador-con-rack-de-19-12-unidades\/"},"modified":"2026-03-19T16:24:41","modified_gmt":"2026-03-19T16:24:41","slug":"gabinete-plastico-movil-con-amortiguador-con-rack-de-19-12-unidades","status":"publish","type":"product","link":"https:\/\/soydeaqui.ddns.net\/pachuca\/index.php\/producto\/gabinete-plastico-movil-con-amortiguador-con-rack-de-19-12-unidades\/","title":{"rendered":"Gabinete Pl\u00e1stico M\u00f3vil con Amortiguador con Rack de 19&#8243; 12 Unidades."},"content":{"rendered":"<div style='width: 100%; max-width: 1200px; margin: 0 auto; font-family: sans-serif; line-height: 1.6; color: inherit; background-color: transparent;'> <!-- Logo --> <\/p>\n<div style='text-align: center; margin: 20px 0;'> <img style='width: 180px; height: auto; border: 1px solid rgba(150&comma;150&comma;150&comma;0.3); border-radius: 0;' src='https:\/\/ftp3.syscom.mx\/usuarios\/fotos\/3I07053BC\/189398-skb_logo.png' alt='Logo SKB'> <\/div>\n<p> <!-- Descripci\u00f3n general --> <\/p>\n<div style='margin-bottom: 30px;'>\n<h2 style='font-size: 20px; margin-top: 0; margin-bottom: 15px; color: inherit; opacity: 0.9;'>Gabinete Pl\u00e1stico M\u00f3vil con Amortiguador&comma; Rack de 19&#8242; 12U<\/h2>\n<p style='font-size: 15px; margin-bottom: 20px; color: inherit;'> El dise\u00f1o moldeado proporciona rigidez adicional en las tapas y los lados y permite un apilamiento seguro. La profundidad del estante del riel delantero al trasero es de 20 pulgadas y cada tapa tiene 2-1\/4 pulgadas de profundidad. Los rieles del bastidor est\u00e1n preroscados para hardware est\u00e1ndar 10-32 y los tornillos de montaje est\u00e1n incluidos. Las puertas son totalmente utilizables incluso cuando los estantes est\u00e1n apilados juntos. Los amortiguadores elastom\u00e9ricos protegen incluso las cargas m\u00e1s pesadas. La manija retr\u00e1ctil deslizante&comma; la v\u00e1lvula de alivio de presi\u00f3n ambiental&comma; las manijas a presi\u00f3n de gran tama\u00f1o en cada lado&comma; las ruedas tipo pat\u00edn y las puertas delanteras y traseras protegidas con juntas son todos equipos est\u00e1ndar. <\/p>\n<\/p><\/div>\n<p> <!-- Caracter\u00edsticas --> <\/p>\n<div style='margin-bottom: 30px;'>\n<h3 style='font-size: 18px; border-bottom: 2px solid currentColor; padding-bottom: 5px; margin-top: 0; margin-bottom: 15px; color: inherit; opacity: 0.8;'>Caracter\u00edsticas<\/h3>\n<ul style='padding-left: 20px; font-size: 15px; color: inherit;'>\n<li style='margin-bottom: 8px;'>Pestillos giratorios con recubrimiento de polvo negro y bucles de bloqueo<\/li>\n<li style='margin-bottom: 8px;'>Rieles de acero roscados<\/li>\n<li style='margin-bottom: 8px;'>Rieles traseros<\/li>\n<li style='margin-bottom: 8px;'>Ruedas incorporadas<\/li>\n<li style='margin-bottom: 8px;'>Resistente a golpes y agua<\/li>\n<li style='margin-bottom: 8px;'>Tirador de perfil bajo<\/li>\n<\/ul><\/div>\n<p> <!-- Separador --> <\/p>\n<hr style='border: 0; border-top: 1px solid rgba(150&comma; 150&comma; 150&comma; 0.3); margin: 30px 0;'> <!-- Especificaciones --> <\/p>\n<div style='margin-bottom: 30px;'>\n<h3 style='font-size: 18px; border-bottom: 2px solid currentColor; padding-bottom: 5px; margin-top: 0; margin-bottom: 20px; color: inherit; opacity: 0.8;'>Especificaciones<\/h3>\n<div style='display: grid; grid-template-columns: repeat(auto-fill&comma; minmax(250px&comma; 1fr)); gap: 20px;'>\n<div style='border: 1px solid rgba(150&comma; 150&comma; 150&comma; 0.4); border-radius: 8px; padding: 15px; background-color: rgba(255&comma;255&comma;255&comma;0.05);'> <strong style='display: block; margin-bottom: 10px; color: inherit;'>Exterior<\/strong> <\/p>\n<p style='margin: 0; color: inherit;'>Duro<\/p>\n<\/p><\/div>\n<div style='border: 1px solid rgba(150&comma; 150&comma; 150&comma; 0.4); border-radius: 8px; padding: 15px; background-color: rgba(255&comma;255&comma;255&comma;0.05);'> <strong style='display: block; margin-bottom: 10px; color: inherit;'>Ruedas o ruedecillas incorporadas<\/strong> <\/p>\n<p style='margin: 0; color: inherit;'>S\u00ed<\/p>\n<\/p><\/div>\n<div style='border: 1px solid rgba(150&comma; 150&comma; 150&comma; 0.4); border-radius: 8px; padding: 15px; background-color: rgba(255&comma;255&comma;255&comma;0.05);'> <strong style='display: block; margin-bottom: 10px; color: inherit;'>Amortiguadores integrados<\/strong> <\/p>\n<p style='margin: 0; color: inherit;'>S\u00ed<\/p>\n<\/p><\/div>\n<div style='border: 1px solid rgba(150&comma; 150&comma; 150&comma; 0.4); border-radius: 8px; padding: 15px; background-color: rgba(255&comma;255&comma;255&comma;0.05);'> <strong style='display: block; margin-bottom: 10px; color: inherit;'>Unidades de rack<\/strong> <\/p>\n<p style='margin: 0; color: inherit;'>12<\/p>\n<\/p><\/div>\n<div style='border: 1px solid rgba(150&comma; 150&comma; 150&comma; 0.4); border-radius: 8px; padding: 15px; background-color: rgba(255&comma;255&comma;255&comma;0.05);'> <strong style='display: block; margin-bottom: 10px; color: inherit;'>Riel frontal a tapa trasera<\/strong> <\/p>\n<p style='margin: 0; color: inherit;'>23.875 pulgadas \/ 60&comma;64 cent\u00edmetros<\/p>\n<\/p><\/div>\n<div style='border: 1px solid rgba(150&comma; 150&comma; 150&comma; 0.4); border-radius: 8px; padding: 15px; background-color: rgba(255&comma;255&comma;255&comma;0.05);'> <strong style='display: block; margin-bottom: 10px; color: inherit;'>Carril a carril<\/strong> <\/p>\n<p style='margin: 0; color: inherit;'>19&comma;75 pulgadas \/ 50&comma;16 cent\u00edmetros<\/p>\n<\/p><\/div>\n<div style='border: 1px solid rgba(150&comma; 150&comma; 150&comma; 0.4); border-radius: 8px; padding: 15px; background-color: rgba(255&comma;255&comma;255&comma;0.05);'> <strong style='display: block; margin-bottom: 10px; color: inherit;'>Riel trasero a tapa delantera<\/strong> <\/p>\n<p style='margin: 0; color: inherit;'>23&comma;75 pulgadas \/ 60&comma;33 cent\u00edmetros<\/p>\n<\/p><\/div>\n<div style='border: 1px solid rgba(150&comma; 150&comma; 150&comma; 0.4); border-radius: 8px; padding: 15px; background-color: rgba(255&comma;255&comma;255&comma;0.05);'> <strong style='display: block; margin-bottom: 10px; color: inherit;'>Peso del Producto<\/strong> <\/p>\n<p style='margin: 0; color: inherit;'>69&comma;09 libras \/ 31&comma;33 kilogramos<\/p>\n<\/p><\/div>\n<div style='border: 1px solid rgba(150&comma; 150&comma; 150&comma; 0.4); border-radius: 8px; padding: 15px; background-color: rgba(255&comma;255&comma;255&comma;0.05);'> <strong style='display: block; margin-bottom: 10px; color: inherit;'>Longitud exterior<\/strong> <\/p>\n<p style='margin: 0; color: inherit;'>30&comma;5 pulgadas \/ 77&comma;47 cent\u00edmetros<\/p>\n<\/p><\/div>\n<div style='border: 1px solid rgba(150&comma; 150&comma; 150&comma; 0.4); border-radius: 8px; padding: 15px; background-color: rgba(255&comma;255&comma;255&comma;0.05);'> <strong style='display: block; margin-bottom: 10px; color: inherit;'>Ancho exterior<\/strong> <\/p>\n<p style='margin: 0; color: inherit;'>30&comma;25 pulgadas \/ 76&comma;84cm<\/p>\n<\/p><\/div>\n<div style='border: 1px solid rgba(150&comma; 150&comma; 150&comma; 0.4); border-radius: 8px; padding: 15px; background-color: rgba(255&comma;255&comma;255&comma;0.05);'> <strong style='display: block; margin-bottom: 10px; color: inherit;'>Altura exterior<\/strong> <\/p>\n<p style='margin: 0; color: inherit;'>28 pulgadas \/ 71&comma;12 cent\u00edmetros<\/p>\n<\/p><\/div>\n<div style='border: 1px solid rgba(150&comma; 150&comma; 150&comma; 0.4); border-radius: 8px; padding: 15px; background-color: rgba(255&comma;255&comma;255&comma;0.05);'> <strong style='display: block; margin-bottom: 10px; color: inherit;'>Longitud del cart\u00f3n<\/strong> <\/p>\n<p style='margin: 0; color: inherit;'>31 en \/ 78&comma;74 cent\u00edmetros<\/p>\n<\/p><\/div>\n<div style='border: 1px solid rgba(150&comma; 150&comma; 150&comma; 0.4); border-radius: 8px; padding: 15px; background-color: rgba(255&comma;255&comma;255&comma;0.05);'> <strong style='display: block; margin-bottom: 10px; color: inherit;'>Ancho de la caja<\/strong> <\/p>\n<p style='margin: 0; color: inherit;'>31 en \/ 78&comma;74 cent\u00edmetros<\/p>\n<\/p><\/div>\n<div style='border: 1px solid rgba(150&comma; 150&comma; 150&comma; 0.4); border-radius: 8px; padding: 15px; background-color: rgba(255&comma;255&comma;255&comma;0.05);'> <strong style='display: block; margin-bottom: 10px; color: inherit;'>Altura del cart\u00f3n<\/strong> <\/p>\n<p style='margin: 0; color: inherit;'>29 pulgadas \/ 73&comma;66 cent\u00edmetros<\/p>\n<\/p><\/div>\n<div style='border: 1px solid rgba(150&comma; 150&comma; 150&comma; 0.4); border-radius: 8px; padding: 15px; background-color: rgba(255&comma;255&comma;255&comma;0.05);'> <strong style='display: block; margin-bottom: 10px; color: inherit;'>Peso de env\u00edo<\/strong> <\/p>\n<p style='margin: 0; color: inherit;'>75&comma;76 libras \/ 34&comma;36 kilogramos<\/p>\n<\/p><\/div>\n<\/p><\/div>\n<\/p><\/div>\n<p> <!-- Video --> <\/p>\n<div style='position: relative; padding-bottom: 56.25%; height: 0; overflow: hidden; margin-bottom: 30px;'>   <\/div>\n<\/p><\/div>\n","protected":false},"excerpt":{"rendered":"<p>Gabinete Pl\u00e1stico M\u00f3vil con Amortiguador con Rack de 19&#8243; 12 Unidades.<\/p>\n","protected":false},"featured_media":67549,"comment_status":"open","ping_status":"closed","template":"","meta":[],"product_brand":[],"product_cat":[1951],"product_tag":[1952,605,1339],"class_list":{"0":"post-78025","1":"product","2":"type-product","3":"status-publish","4":"has-post-thumbnail","6":"product_cat-equipo-movil-de-resguardo","7":"product_tag-equipo-movil-de-resguardo","8":"product_tag-racks-y-gabinetes","9":"product_tag-skb","11":"first","12":"outofstock","13":"sale","14":"shipping-taxable","15":"purchasable","16":"product-type-simple"},"_links":{"self":[{"href":"https:\/\/soydeaqui.ddns.net\/pachuca\/index.php\/wp-json\/wp\/v2\/product\/78025","targetHints":{"allow":["GET"]}}],"collection":[{"href":"https:\/\/soydeaqui.ddns.net\/pachuca\/index.php\/wp-json\/wp\/v2\/product"}],"about":[{"href":"https:\/\/soydeaqui.ddns.net\/pachuca\/index.php\/wp-json\/wp\/v2\/types\/product"}],"replies":[{"embeddable":true,"href":"https:\/\/soydeaqui.ddns.net\/pachuca\/index.php\/wp-json\/wp\/v2\/comments?post=78025"}],"wp:featuredmedia":[{"embeddable":true,"href":"https:\/\/soydeaqui.ddns.net\/pachuca\/index.php\/wp-json\/wp\/v2\/media\/67549"}],"wp:attachment":[{"href":"https:\/\/soydeaqui.ddns.net\/pachuca\/index.php\/wp-json\/wp\/v2\/media?parent=78025"}],"wp:term":[{"taxonomy":"product_brand","embeddable":true,"href":"https:\/\/soydeaqui.ddns.net\/pachuca\/index.php\/wp-json\/wp\/v2\/product_brand?post=78025"},{"taxonomy":"product_cat","embeddable":true,"href":"https:\/\/soydeaqui.ddns.net\/pachuca\/index.php\/wp-json\/wp\/v2\/product_cat?post=78025"},{"taxonomy":"product_tag","embeddable":true,"href":"https:\/\/soydeaqui.ddns.net\/pachuca\/index.php\/wp-json\/wp\/v2\/product_tag?post=78025"}],"curies":[{"name":"wp","href":"https:\/\/api.w.org\/{rel}","templated":true}]}}