{"id":78018,"date":"2026-03-19T16:24:22","date_gmt":"2026-03-19T16:24:22","guid":{"rendered":"https:\/\/soydeaqui.ddns.net\/pachuca\/index.php\/producto\/switch-administrable-capa-2-16-puertos-10-100-1000t-2-puertos-sfp-100-1g-2-5g-administracion-remota-con-cloudnms\/"},"modified":"2026-03-19T16:24:30","modified_gmt":"2026-03-19T16:24:30","slug":"switch-administrable-capa-2-16-puertos-10-100-1000t-2-puertos-sfp-100-1g-2-5g-administracion-remota-con-cloudnms","status":"publish","type":"product","link":"https:\/\/soydeaqui.ddns.net\/pachuca\/index.php\/producto\/switch-administrable-capa-2-16-puertos-10-100-1000t-2-puertos-sfp-100-1g-2-5g-administracion-remota-con-cloudnms\/","title":{"rendered":"Switch Administrable Capa 2, 16 Puertos 10\/100\/1000T, 2 Puertos SFP 100\/1G\/2.5G, Administraci\u00f3n Remota con CloudNMS"},"content":{"rendered":"<div style='width: 100%; max-width: 1200px; margin: 0 auto; font-family: sans-serif; line-height: 1.6; color: inherit; background-color: transparent;'> <!-- Im\u00e1genes de iconos --> <\/p>\n<div style='display: flex; flex-wrap: wrap; justify-content: center; gap: 15px; margin: 30px 0;'> <img style='width: 40px; height: 40px; border: 1px solid rgba(150&comma;150&comma;150&comma;0.3); border-radius: 8px;' src='https:\/\/www.planet.com.tw\/storage\/icons\/633\/Cyber-Security.png' alt=''> <img style='width: 40px; height: 40px; border: 1px solid rgba(150&comma;150&comma;150&comma;0.3); border-radius: 8px;' src='https:\/\/www.planet.com.tw\/storage\/icons\/6icon_RING.png' alt=''> <img style='width: 40px; height: 40px; border: 1px solid rgba(150&comma;150&comma;150&comma;0.3); border-radius: 8px;' src='https:\/\/www.planet.com.tw\/storage\/icons\/2icon_802.1Q_VLAN.png' alt=''> <img style='width: 40px; height: 40px; border: 1px solid rgba(150&comma;150&comma;150&comma;0.3); border-radius: 8px;' src='https:\/\/www.planet.com.tw\/storage\/icons\/3icon_802_1x.png' alt=''> <img style='width: 40px; height: 40px; border: 1px solid rgba(150&comma;150&comma;150&comma;0.3); border-radius: 8px;' src='https:\/\/www.planet.com.tw\/storage\/icons\/2icon_IPv6IPv4_ACLQoS.png' alt=''> <img style='width: 40px; height: 40px; border: 1px solid rgba(150&comma;150&comma;150&comma;0.3); border-radius: 8px;' src='https:\/\/www.planet.com.tw\/storage\/icons\/1icon_Fanless.png' alt=''> <\/div>\n<p> <!-- Imagen principal --> <\/p>\n<div style='margin: 30px 0;'> <img style='width: 100%; height: auto; border: 1px solid rgba(150&comma;150&comma;150&comma;0.3); border-radius: 8px;' src='http:\/\/ftp3.syscom.mx\/usuarios\/ftp\/2025\/12\/02\/215\/1764716652577.png_froala_692f706cd56a6' alt=''> <\/div>\n<p> <!-- Secci\u00f3n de ventaja en la nube --> <\/p>\n<div style='margin: 30px 0;'>\n<div style='display: flex; flex-wrap: wrap; gap: 20px; align-items: center; justify-content: center;'>\n<div style='flex: 1 1 300px; min-width: 280px;'>\n<h3 style='font-size: 22px; border-bottom: 2px solid currentColor; padding-bottom: 5px; margin-top: 0; color: inherit; opacity: 0.8;'>Ventaja Basada en la Nube<\/h3>\n<p style='font-size: 15px; color: inherit; margin-bottom: 15px;'>CloudNMS elimina la necesidad de controladores de hardware. Los usuarios simplemente registran una cuenta&comma; inician sesi\u00f3n a trav\u00e9s de un navegador web y obtienen acceso instant\u00e1neo a su panel de administraci\u00f3n de red.<\/p>\n<ul style='padding-left: 20px; font-size: 15px; color: inherit;'>\n<li style='margin-bottom: 5px;'>No se requiere controlador de hardware&comma; lo que reduce el gasto de capital<\/li>\n<li style='margin-bottom: 5px;'>Gesti\u00f3n centralizada de todos los dispositivos PLANET<\/li>\n<li style='margin-bottom: 5px;'>Implementaci\u00f3n sencilla y r\u00e1pida<\/li>\n<li style='margin-bottom: 5px;'>Flexible y escalable para soportar el crecimiento futuro<\/li>\n<li style='margin-bottom: 5px;'>Infraestructura de nube segura y confiable<\/li>\n<li style='margin-bottom: 5px;'>Control centralizado para redes multisitio<\/li>\n<li style='margin-bottom: 5px;'>Interfaz de gesti\u00f3n segura basada en web&comma; accesible en cualquier momento y en cualquier lugar<\/li>\n<li style='margin-bottom: 5px;'>Panel interactivo con estad\u00edsticas de estado y PoE en tiempo real<\/li>\n<li style='margin-bottom: 5px;'>Visualizaci\u00f3n autom\u00e1tica de topolog\u00eda y mapas<\/li>\n<li style='margin-bottom: 5px;'>Alertas instant\u00e1neas de eventos con notificaciones por correo electr\u00f3nico<\/li>\n<li style='margin-bottom: 5px;'>Configuraci\u00f3n de dispositivos por lotes y actualizaciones de firmware<\/li>\n<\/ul><\/div>\n<div style='flex: 1 1 300px; min-width: 280px;'> <img style='width: 100%; height: auto; border: 1px solid rgba(150&comma;150&comma;150&comma;0.3); border-radius: 8px;' src='http:\/\/ftp3.syscom.mx\/usuarios\/ftp\/2025\/12\/02\/215\/1764716754256.png_froala_692f70d2ad034' alt=''> <img style='width: 100%; height: auto; margin-top: 15px; border: 1px solid rgba(150&comma;150&comma;150&comma;0.3); border-radius: 8px;' src='http:\/\/ftp3.syscom.mx\/usuarios\/ftp\/2025\/12\/02\/215\/1764716754136.png_froala_692f70d25680b' alt=''> <\/div>\n<\/p><\/div>\n<\/p><\/div>\n<p> <!-- Enlace a CloudNMS --> <\/p>\n<div style='text-align: center; margin: 30px 0;'> <a style='color: #0d6efd; text-decoration: underline; font-size: 24px;' href='https:\/\/www.cloudnms.planet.com.tw\/'> <span style='font-size: 30px;'>Descargue CloudNMS<\/span> <\/a> <\/div>\n<p> <!-- Secci\u00f3n de especificaciones --> <\/p>\n<div style='margin: 30px 0;'>\n<div style='display: flex; flex-wrap: wrap; gap: 20px;'>\n<div style='flex: 1 1 250px; border: 1px solid rgba(150&comma; 150&comma; 150&comma; 0.4); border-radius: 8px; overflow: hidden; display: flex; flex-direction: column;'>\n<div style='padding: 15px; border-bottom: 1px solid rgba(150&comma; 150&comma; 150&comma; 0.2); font-weight: bold; font-size: 18px; color: inherit;'>Especificaciones de hardware<\/div>\n<div style='padding: 15px; color: inherit;'>\n<ul style='padding-left: 20px; margin: 0; font-size: 14px; list-style-type: disc;'>\n<li style='margin-bottom: 5px;'><strong>Versi\u00f3n del hardware:<\/strong> 2<\/li>\n<li style='margin-bottom: 5px;'><strong>Puertos de Cobre:<\/strong> 16 puertos 10\/100\/1000BASE-T RJ45 auto-MDI\/MDI-X<\/li>\n<li style='margin-bottom: 5px;'><strong>Ranuras SFP\/mini-GBIC:<\/strong> 2 interfaces 100\/1000BASE-X SFP&comma; compatibles con modo dual de 100\/1000 Mbps<\/li>\n<li style='margin-bottom: 5px;'><strong>Consola:<\/strong> 1 puerto serie RS232 a RJ45 (115200&comma; 8&comma; N&comma; 1)<\/li>\n<li style='margin-bottom: 5px;'><strong>Requerimientos de energ\u00eda:<\/strong> 100~240 V CA&comma; 50\/60 Hz&comma; 0&comma;8 A (m\u00e1x.)<\/li>\n<li style='margin-bottom: 5px;'><strong>Dimensiones:<\/strong> 445 x 207 x 45 mm (altura 1U)<\/li>\n<li style='margin-bottom: 5px;'><strong>Peso:<\/strong> 2kg<\/li>\n<li style='margin-bottom: 5px;'><strong>Rendimiento:<\/strong> 26.7Mpps @64 bytes<\/li>\n<li style='margin-bottom: 5px;'><strong>Tabla de MAC Address:<\/strong> 8K entradas<\/li>\n<\/ul><\/div>\n<\/p><\/div>\n<div style='flex: 1 1 250px; border: 1px solid rgba(150&comma; 150&comma; 150&comma; 0.4); border-radius: 8px; overflow: hidden; display: flex; flex-direction: column;'>\n<div style='padding: 15px; border-bottom: 1px solid rgba(150&comma; 150&comma; 150&comma; 0.2); font-weight: bold; font-size: 18px; color: inherit;'>Caracter\u00edsticas avanzadas<\/div>\n<div style='padding: 15px; color: inherit;'>\n<ul style='padding-left: 20px; margin: 0; font-size: 14px; list-style-type: disc;'>\n<li style='margin-bottom: 5px;'><strong>Funciones Capa 2:<\/strong> Port Mirroring&comma; VLAN&comma; Link Aggregation&comma; Spanning Tree Protocol&comma; IGMP Snooping&comma; MLD Snooping&comma; QoS&comma; Ring<\/li>\n<li style='margin-bottom: 5px;'><strong>Interfaz de administraci\u00f3n:<\/strong> RS232 a RJ45 Consola&comma; Navegador web&comma; Telnet&comma; SNMP v1&comma; v2c&comma; SSHv2&comma; TLS v1.2&comma; SNMPv3<\/li>\n<li style='margin-bottom: 5px;'><strong>Temperatura operando:<\/strong> 0 ~ 50 grados C&comma; Humedad relativa: 5 ~ 95 % (sin condensaci\u00f3n)<\/li>\n<li style='margin-bottom: 5px;'><strong>Temperatura en almacenamiento:<\/strong> -10 ~ 70 grados C&comma; Humedad relativa: 5 ~ 95 % (sin condensaci\u00f3n)<\/li>\n<\/ul><\/div>\n<\/p><\/div>\n<div style='flex: 1 1 250px; border: 1px solid rgba(150&comma; 150&comma; 150&comma; 0.4); border-radius: 8px; overflow: hidden; display: flex; flex-direction: column;'>\n<div style='padding: 15px; border-bottom: 1px solid rgba(150&comma; 150&comma; 150&comma; 0.2); font-weight: bold; font-size: 18px; color: inherit;'>Contenido del paquete<\/div>\n<div style='padding: 15px; color: inherit;'>\n<ul style='padding-left: 20px; margin: 0; font-size: 14px; list-style-type: disc;'>\n<li style='margin-bottom: 5px;'>Switch administrable<\/li>\n<li style='margin-bottom: 5px;'>Guia de configuracion rapida<\/li>\n<li style='margin-bottom: 5px;'>Cable RS232 a RJ45<\/li>\n<li style='margin-bottom: 5px;'>4 patas de goma<\/li>\n<li style='margin-bottom: 5px;'>Montaje para rack<\/li>\n<li style='margin-bottom: 5px;'>Cable para entrada de fuente de voltaje<\/li>\n<li style='margin-bottom: 5px;'>Tapas para puertos SFP<\/li>\n<\/ul><\/div>\n<\/p><\/div>\n<\/p><\/div>\n<\/p><\/div>\n<p> <!-- Imagen de producto --> <\/p>\n<div style='margin: 30px 0;'> <img style='width: 100%; height: auto; border: 1px solid rgba(150&comma;150&comma;150&comma;0.3); border-radius: 8px;' src='https:\/\/www.planet.com.tw\/storage\/products\/48636\/GS-4210-24T2Sv2.1-3.png' alt=''> <\/div>\n<p> <!-- Secci\u00f3n de caracter\u00edsticas adicionales --> <\/p>\n<div style='margin: 30px 0;'>\n<div style='display: flex; flex-wrap: wrap; gap: 20px;'>\n<div style='flex: 1 1 300px; min-width: 280px;'>\n<h3 style='font-size: 22px; border-bottom: 2px solid currentColor; padding-bottom: 5px; margin-top: 0; color: inherit; opacity: 0.8;'>Switch QoS y Edge Security<\/h3>\n<p style='font-size: 15px; color: inherit;'>El GS-4210-16T2S conecta hasta 16 estaciones de trabajo de alta velocidad&comma; en el que sus dos interfaces SFP mini-GBIC proporcionan un enlace ascendente a la red troncal de un departamento.<\/p>\n<\/p><\/div>\n<\/p><\/div>\n<\/p><\/div>\n<\/p><\/div>\n","protected":false},"excerpt":{"rendered":"<p>Switch Administrable Capa 2, 16 Puertos 10\/100\/1000T, 2 Puertos SFP 100\/1G\/2.5G, Administraci\u00f3n Remota con CloudNMS<\/p>\n","protected":false},"featured_media":78017,"comment_status":"open","ping_status":"closed","template":"","meta":[],"product_brand":[],"product_cat":[1970],"product_tag":[664,2033,1971],"class_list":{"0":"post-78018","1":"product","2":"type-product","3":"status-publish","4":"has-post-thumbnail","6":"product_cat-switches","7":"product_tag-networking","8":"product_tag-planet","9":"product_tag-switches","11":"first","12":"instock","13":"sale","14":"shipping-taxable","15":"purchasable","16":"product-type-simple"},"_links":{"self":[{"href":"https:\/\/soydeaqui.ddns.net\/pachuca\/index.php\/wp-json\/wp\/v2\/product\/78018","targetHints":{"allow":["GET"]}}],"collection":[{"href":"https:\/\/soydeaqui.ddns.net\/pachuca\/index.php\/wp-json\/wp\/v2\/product"}],"about":[{"href":"https:\/\/soydeaqui.ddns.net\/pachuca\/index.php\/wp-json\/wp\/v2\/types\/product"}],"replies":[{"embeddable":true,"href":"https:\/\/soydeaqui.ddns.net\/pachuca\/index.php\/wp-json\/wp\/v2\/comments?post=78018"}],"wp:featuredmedia":[{"embeddable":true,"href":"https:\/\/soydeaqui.ddns.net\/pachuca\/index.php\/wp-json\/wp\/v2\/media\/78017"}],"wp:attachment":[{"href":"https:\/\/soydeaqui.ddns.net\/pachuca\/index.php\/wp-json\/wp\/v2\/media?parent=78018"}],"wp:term":[{"taxonomy":"product_brand","embeddable":true,"href":"https:\/\/soydeaqui.ddns.net\/pachuca\/index.php\/wp-json\/wp\/v2\/product_brand?post=78018"},{"taxonomy":"product_cat","embeddable":true,"href":"https:\/\/soydeaqui.ddns.net\/pachuca\/index.php\/wp-json\/wp\/v2\/product_cat?post=78018"},{"taxonomy":"product_tag","embeddable":true,"href":"https:\/\/soydeaqui.ddns.net\/pachuca\/index.php\/wp-json\/wp\/v2\/product_tag?post=78018"}],"curies":[{"name":"wp","href":"https:\/\/api.w.org\/{rel}","templated":true}]}}