{"id":78004,"date":"2026-03-19T16:23:50","date_gmt":"2026-03-19T16:23:50","guid":{"rendered":"https:\/\/soydeaqui.ddns.net\/pachuca\/index.php\/producto\/punto-de-acceso-alta-tecnologia-carrier-grade\/"},"modified":"2026-03-19T16:23:51","modified_gmt":"2026-03-19T16:23:51","slug":"punto-de-acceso-alta-tecnologia-carrier-grade","status":"publish","type":"product","link":"https:\/\/soydeaqui.ddns.net\/pachuca\/index.php\/producto\/punto-de-acceso-alta-tecnologia-carrier-grade\/","title":{"rendered":"Punto de acceso alta tecnolog\u00eda Carrier-grade"},"content":{"rendered":"<div style='width: 100%; max-width: 1200px; margin: 0 auto; font-family: sans-serif; line-height: 1.6; color: inherit; background-color: transparent;'> <!-- Secci\u00f3n de contenido con flex\/grid --> <\/p>\n<div style='display: flex; flex-wrap: wrap; gap: 30px; margin-bottom: 30px;'>\n<div style='flex: 1 1 300px; min-width: 280px;'>\n<h3 style='font-size: 22px; border-bottom: 2px solid currentColor; padding-bottom: 5px; margin-top: 0; color: inherit; opacity: 0.8;'>Descripci\u00f3n<\/h3>\n<p style='font-size: 15px; color: inherit; margin-top: 0; margin-bottom: 15px;'>El punto de acceso Carrier Grade WBSiac-2450-UN de alto desempe\u00f1o 802.11ac y 802.11a\/b\/g\/n para brindar acceso en interiores&comma; permite a los operadores de servicio&comma; empresas y WISP&comma; brindar alta capacidad y calidad de cobertura Wi-Fi en ambientes interiores. Es una evoluci\u00f3n de un alto rendimiento para implementaciones en edificios&comma; lugares de trabajo&comma; universidades&comma; escuelas&comma; hospitales y hoteles.<\/p>\n<\/p><\/div>\n<\/p><\/div>\n<p> <!-- Secci\u00f3n de aplicaciones --> <\/p>\n<div style='display: flex; flex-wrap: wrap; gap: 30px; margin-bottom: 30px;'>\n<div style='flex: 1 1 300px; min-width: 280px;'>\n<h3 style='font-size: 22px; border-bottom: 2px solid currentColor; padding-bottom: 5px; margin-top: 0; color: inherit; opacity: 0.8;'>Aplicaciones<\/h3>\n<ul style='padding-left: 20px; font-size: 15px; color: inherit; list-style-type: disc;'>\n<li style='margin-bottom: 5px;'>Hoteler\u00eda<\/li>\n<li style='margin-bottom: 5px;'>Hotspots\/ hotzones<\/li>\n<li style='margin-bottom: 5px;'>Oficinas y negocios<\/li>\n<li style='margin-bottom: 5px;'>Universidades<\/li>\n<li style='margin-bottom: 5px;'>Restaurantes<\/li>\n<li style='margin-bottom: 5px;'>Hospitales<\/li>\n<li style='margin-bottom: 5px;'>Ciudades inteligentes<\/li>\n<li style='margin-bottom: 5px;'>Aeropuertos<\/li>\n<li style='margin-bottom: 5px;'>Conectividad en zonas rurales<\/li>\n<li style='margin-bottom: 5px;'>Conectividad en zonas rurales<\/li>\n<li style='margin-bottom: 5px;'>Centros comerciales<\/li>\n<li style='margin-bottom: 5px;'>Muchas m\u00e1s\u2026<\/li>\n<\/ul><\/div>\n<\/p><\/div>\n<p> <!-- Secci\u00f3n de especificaciones generales --> <\/p>\n<div style='display: flex; flex-wrap: wrap; gap: 20px; margin-bottom: 30px;'>\n<div style='flex: 1 1 250px; border: 1px solid rgba(150&comma; 150&comma; 150&comma; 0.4); border-radius: 8px; overflow: hidden; display: flex; flex-direction: column;'>\n<div style='padding: 15px; border-bottom: 1px solid rgba(150&comma; 150&comma; 150&comma; 0.2); font-weight: bold; font-size: 18px; color: inherit;'>Especificaciones Generales<\/div>\n<div style='padding: 15px; color: inherit;'>\n<ul style='padding-left: 20px; margin: 0; font-size: 14px; list-style-type: disc;'>\n<li style='margin-bottom: 5px;'><strong>Tecnolog\u00eda:<\/strong> MIMO 2&#215;2:2 de alta capacidad<\/li>\n<li style='margin-bottom: 5px;'><strong>Configuraci\u00f3n de radios:<\/strong> 2 radios en Tx&comma; 2 radios en Rx y 2 stream de datos concurrentes<\/li>\n<li style='margin-bottom: 5px;'><strong>M\u00e1ximo n\u00famero de usuarios concurrentes:<\/strong><\/li>\n<li style='margin-bottom: 5px; margin-left: 15px;'>Sin seguridad: 254 usuarios (127 por radio)<\/li>\n<li style='margin-bottom: 5px; margin-left: 15px;'>WPA2-PSK-AES: 238 usuarios (119 por radio)<\/li>\n<li style='margin-bottom: 5px;'><strong>Modo de red:<\/strong> Bridge \/ Router<\/li>\n<li style='margin-bottom: 5px;'><strong>Modo de operaci\u00f3n:<\/strong> AP\/Mesh\/CPE<\/li>\n<li style='margin-bottom: 5px;'><strong>Configuraci\u00f3n:<\/strong> Basada en web para f\u00e1cil gesti\u00f3n<\/li>\n<li style='margin-bottom: 5px;'><strong>Administraci\u00f3n:<\/strong> Trabaja en standalone o administrado por controlador ARENA<\/li>\n<li style='margin-bottom: 5px;'><strong>Velocidad:<\/strong> Hasta 300 Mbps en 2.4 GHz 802.11b\/g\/n y 867 Mbps en 5 GHz 802.11ac concurrentes<\/li>\n<li style='margin-bottom: 5px;'><strong>Potencia:<\/strong> 2.4 GHz 26 dBm y 5 GHz 23 dBm<\/li>\n<li style='margin-bottom: 5px;'><strong>Antenas:<\/strong> Integradas inteligentes 4 dBi en 2.4 GHz y 5 dBi en 5 GHz<\/li>\n<li style='margin-bottom: 5px;'><strong>Montaje:<\/strong> Soporta montaje en pared o techo<\/li>\n<li style='margin-bottom: 5px;'><strong>VAPs:<\/strong> Soporta 4 VAP\u2019s por radio con seguridad independiente<\/li>\n<li style='margin-bottom: 5px;'><strong>Conexi\u00f3n WAN:<\/strong> IP est\u00e1tica&comma; IP din\u00e1mica&comma; PPPoE&comma; DHCP<\/li>\n<li style='margin-bottom: 5px;'><strong>Caracter\u00edsticas:<\/strong> Soporta servidor DHCP&comma; control de potencia de transmisi\u00f3n&comma; SSID invisible&comma; Spaning Tree<\/li>\n<li style='margin-bottom: 5px;'><strong>Seguridad:<\/strong> Aislamiento de clientes Wi-Fi&comma; Lista de control de acceso por MAC (ACL)<\/li>\n<li style='margin-bottom: 5px;'><strong>Protocolos:<\/strong> Soporta HTTP\/HTTPS\/SNMP V3\/Telnet\/Secure Shell (SSH)<\/li>\n<li style='margin-bottom: 5px;'><strong>VLAN:<\/strong> Soporta VLAN ID de gesti\u00f3n<\/li>\n<li style='margin-bottom: 5px;'><strong>Ancho de canal:<\/strong> Ajustable: 20\/40\/80 MHz<\/li>\n<li style='margin-bottom: 5px;'><strong>Caracter\u00edsticas avanzadas:<\/strong> Soporta Dynamic Frequency Selection (DFS) y Transmission Power Control (TPC)<\/li>\n<li style='margin-bottom: 5px;'><strong>Seguridad:<\/strong> Open&comma; WEP&comma; 802.11i (WPA&comma; WPA2 con logaritmos TKIP y AES)<\/li>\n<li style='margin-bottom: 5px;'><strong>QoS:<\/strong> Soporta QoS&comma; Passpoint\u2122&comma; QoS WMM con priorizaci\u00f3n de: VLAN&comma; DSCP y IP TOS<\/li>\n<li style='margin-bottom: 5px;'><strong>Temperatura de operaci\u00f3n:<\/strong> -20 a 50 \u00b0C<\/li>\n<li style='margin-bottom: 5px;'><strong>Alimentaci\u00f3n:<\/strong> 24 Vcc v\u00eda fuente CA\/CD (soporta 802.3af v\u00eda POE no incluido)<\/li>\n<li style='margin-bottom: 5px;'><strong>Puertos:<\/strong> Doble puerto Ethernet 10\/100\/1000 Base Tx con Auto MDI\/MDIX<\/li>\n<li style='margin-bottom: 5px;'><strong>Consumo de energ\u00eda:<\/strong> 13 W<\/li>\n<li style='margin-bottom: 5px;'><strong>Dimensiones:<\/strong> 161.5 x 161.5 x 80 mm<\/li>\n<li style='margin-bottom: 5px;'><strong>Peso:<\/strong> 370g<\/li>\n<\/ul><\/div>\n<\/p><\/div>\n<\/p><\/div>\n<p> <!-- Secci\u00f3n de beneficios adicionales --> <\/p>\n<div style='display: flex; flex-wrap: wrap; gap: 30px; margin-bottom: 30px;'>\n<div style='flex: 1 1 300px; min-width: 280px;'>\n<h3 style='font-size: 22px; border-bottom: 2px solid currentColor; padding-bottom: 5px; margin-top: 0; color: inherit; opacity: 0.8;'>Beneficios Adicionales<\/h3>\n<ul style='padding-left: 20px; font-size: 15px; color: inherit; list-style-type: disc;'>\n<li style='margin-bottom: 5px;'>Gesti\u00f3n total a trav\u00e9s de controladora profesional ARENA<\/li>\n<li style='margin-bottom: 5px;'>M\u00faltiples radios para proporcionar conexiones en 802.11a\/n\/ac y 802.11b\/g\/n de manera concurrente y sin degradar el desempe\u00f1o<\/li>\n<li style='margin-bottom: 5px;'>Forma parte del completo portafolio de soluciones Wi-Fi&comma; incluyendo estaciones base WBSn para exterior y controladora profesional ARENA<\/li>\n<li style='margin-bottom: 5px;'>Tecnolog\u00eda MIMO&comma; antenas doble polaridad&comma; seleccionadas din\u00e1micamente para proveer la mejor recepci\u00f3n para escuchar clientes en ambientes ruidosos<\/li>\n<li style='margin-bottom: 5px;'>Autoconfiguraci\u00f3n con despliegue plug-and-play<\/li>\n<li style='margin-bottom: 5px;'>Su est\u00e9tico dise\u00f1o de bajo perfil embona perfectamente en ambientes de oficina<\/li>\n<\/ul><\/div>\n<\/p><\/div>\n<p> <!-- Secci\u00f3n de im\u00e1genes --> <\/p>\n<div style='display: flex; flex-wrap: wrap; gap: 15px; margin-bottom: 30px;'> <img style='width: 100%; height: auto; border: 1px solid rgba(150&comma;150&comma;150&comma;0.3); border-radius: 8px; max-width: 48%;' src='http:\/\/ftp3.syscom.mx\/usuarios\/fotos\/WBSIAC2450UN_1\/WBSIAC2450UN_1.png' alt=''> <img style='width: 100%; height: auto; border: 1px solid rgba(150&comma;150&comma;150&comma;0.3); border-radius: 8px; max-width: 48%;' src='http:\/\/ftp3.syscom.mx\/usuarios\/fotos\/WBSIAC2450UN_1\/WBSIAC2450UN_2.png' alt=''> <\/div>\n<p> <!-- Separador final --> <\/p>\n<hr style='border: 0; border-top: 1px solid rgba(150&comma; 150&comma; 150&comma; 0.3); margin: 30px 0;'> <\/div>\n","protected":false},"excerpt":{"rendered":"<p>Punto de acceso alta tecnolog\u00eda Carrier-grade<\/p>\n","protected":false},"featured_media":78003,"comment_status":"open","ping_status":"closed","template":"","meta":[],"product_brand":[],"product_cat":[1794],"product_tag":[2096,1795,1479],"class_list":{"0":"post-78004","1":"product","2":"type-product","3":"status-publish","4":"has-post-thumbnail","6":"product_cat-puntos-de-acceso","7":"product_tag-alvarion","8":"product_tag-puntos-de-acceso","9":"product_tag-redes-wifi","11":"first","12":"outofstock","13":"sale","14":"shipping-taxable","15":"purchasable","16":"product-type-simple"},"_links":{"self":[{"href":"https:\/\/soydeaqui.ddns.net\/pachuca\/index.php\/wp-json\/wp\/v2\/product\/78004","targetHints":{"allow":["GET"]}}],"collection":[{"href":"https:\/\/soydeaqui.ddns.net\/pachuca\/index.php\/wp-json\/wp\/v2\/product"}],"about":[{"href":"https:\/\/soydeaqui.ddns.net\/pachuca\/index.php\/wp-json\/wp\/v2\/types\/product"}],"replies":[{"embeddable":true,"href":"https:\/\/soydeaqui.ddns.net\/pachuca\/index.php\/wp-json\/wp\/v2\/comments?post=78004"}],"wp:featuredmedia":[{"embeddable":true,"href":"https:\/\/soydeaqui.ddns.net\/pachuca\/index.php\/wp-json\/wp\/v2\/media\/78003"}],"wp:attachment":[{"href":"https:\/\/soydeaqui.ddns.net\/pachuca\/index.php\/wp-json\/wp\/v2\/media?parent=78004"}],"wp:term":[{"taxonomy":"product_brand","embeddable":true,"href":"https:\/\/soydeaqui.ddns.net\/pachuca\/index.php\/wp-json\/wp\/v2\/product_brand?post=78004"},{"taxonomy":"product_cat","embeddable":true,"href":"https:\/\/soydeaqui.ddns.net\/pachuca\/index.php\/wp-json\/wp\/v2\/product_cat?post=78004"},{"taxonomy":"product_tag","embeddable":true,"href":"https:\/\/soydeaqui.ddns.net\/pachuca\/index.php\/wp-json\/wp\/v2\/product_tag?post=78004"}],"curies":[{"name":"wp","href":"https:\/\/api.w.org\/{rel}","templated":true}]}}