{"id":78002,"date":"2026-03-19T16:23:45","date_gmt":"2026-03-19T16:23:45","guid":{"rendered":"https:\/\/soydeaqui.ddns.net\/pachuca\/index.php\/producto\/monitor-ip-de-temperatura-de-8-zonas-para-condiciones-criticas-y-extremas-soporta-4-cableadas-y-4-inalambricas\/"},"modified":"2026-03-19T16:23:46","modified_gmt":"2026-03-19T16:23:46","slug":"monitor-ip-de-temperatura-de-8-zonas-para-condiciones-criticas-y-extremas-soporta-4-cableadas-y-4-inalambricas","status":"publish","type":"product","link":"https:\/\/soydeaqui.ddns.net\/pachuca\/index.php\/producto\/monitor-ip-de-temperatura-de-8-zonas-para-condiciones-criticas-y-extremas-soporta-4-cableadas-y-4-inalambricas\/","title":{"rendered":"Monitor IP de temperatura de 8 zonas para condiciones cr\u00edticas y extremas, soporta 4 cableadas y 4 inal\u00e1mbricas."},"content":{"rendered":"<div style='width: 100%; max-width: 1200px; margin: 0 auto; font-family: sans-serif; line-height: 1.6; color: inherit; background-color: transparent;'>\n<div style='display: flex; flex-wrap: wrap; gap: 30px; margin-bottom: 30px;'>\n<div style='flex: 1 1 300px; min-width: 280px;'>\n<h3 style='font-size: 22px; border-bottom: 2px solid currentColor; padding-bottom: 5px; margin-top: 0; color: inherit; opacity: 0.8;'>Caracter\u00edsticas<\/h3>\n<ul style='padding-left: 20px; font-size: 15px; color: inherit;'>\n<li style='margin-bottom: 5px; text-align: justify;'>EnviroAlert\u00ae EA800-ip es una consola de monitoreo local&comma; que es parte de la soluci\u00f3n de monitoreo de entornos cr\u00edticos de Winland. Cuando se integra en un sistema de seguridad&comma; o se usa como una soluci\u00f3n independiente&comma; el EA800-ip proporciona monitoreo en tiempo real y alerta de hasta 12 zonas que impactan los activos que dependen del medio ambiente&comma; como la temperatura&comma; la humedad&comma; el agua y los gases.<\/li>\n<li style='margin-bottom: 5px; text-align: justify;'>Como parte de la soluci\u00f3n basada en la nube&comma; el EA800-ip y todos los sensores cableados e inal\u00e1mbricos asociados se pueden administrar de forma remota desde <strong>INSIGHT<\/strong>.<\/li>\n<li style='margin-bottom: 5px; text-align: justify;'>El EA800-ip <strong>requiere una suscripci\u00f3n de pago a INSIGHT<\/strong> si desea recibir alertas por correo electr\u00f3nico \/ mensajes de texto&comma; informes y la capacidad de configurar en l\u00ednea.<\/li>\n<li style='margin-bottom: 5px; text-align: justify;'>El EA800-ip puede usarse con o sin INSIGHT e integrarse en cualquier panel de alarma a trav\u00e9s de las salidas de rel\u00e9 para cada zona que se monitorea.<\/li>\n<\/ul><\/div>\n<\/p><\/div>\n<div style='display: flex; flex-wrap: wrap; gap: 20px; margin-bottom: 30px;'>\n<div style='flex: 1 1 250px; border: 1px solid rgba(150&comma; 150&comma; 150&comma; 0.4); border-radius: 8px; overflow: hidden; display: flex; flex-direction: column;'>\n<div style='padding: 15px; border-bottom: 1px solid rgba(150&comma; 150&comma; 150&comma; 0.2); font-weight: bold; font-size: 18px; color: inherit;'>Capacidades de monitoreo<\/div>\n<div style='padding: 15px; color: inherit;'>\n<ul style='padding-left: 20px; margin: 0; font-size: 14px; list-style-type: disc;'>\n<li style='margin-bottom: 5px;'>Supervise hasta 12 sensores (hasta 8 inal\u00e1mbricos&comma; hasta 4 cableados)<\/li>\n<li style='margin-bottom: 5px;'>Opciones de aplicaci\u00f3n flexibles mediante el uso de sensores cableados e inal\u00e1mbricos<\/li>\n<li style='margin-bottom: 5px;'>Visibilidad remota y gesti\u00f3n de dispositivos a trav\u00e9s de una aplicaci\u00f3n basada en web.<\/li>\n<li style='margin-bottom: 5px;'>Las capacidades de monitoreo incluyen: temperatura&comma; humedad&comma; agua&comma; gases y presi\u00f3n<\/li>\n<li style='margin-bottom: 5px;'>La consola admite sensores de 4-20 mA para opciones de aplicaci\u00f3n adicionales<\/li>\n<li style='margin-bottom: 5px;'>Rel\u00e9s de salida dedicados para cada sensor<\/li>\n<li style='margin-bottom: 5px;'>Integraci\u00f3n perfecta con cualquier sistema de seguridad<\/li>\n<li style='margin-bottom: 5px;'>Acepta sensores de temperatura&comma; humedad&comma; presencia de agua.<\/li>\n<li style='margin-bottom: 5px;'>Capacidad de 8 zonas&comma; 4 zonas cableadas y 4 inal\u00e1mbricas.<\/li>\n<\/ul><\/div>\n<\/p><\/div>\n<div style='flex: 1 1 250px; border: 1px solid rgba(150&comma; 150&comma; 150&comma; 0.4); border-radius: 8px; overflow: hidden; display: flex; flex-direction: column;'>\n<div style='padding: 15px; border-bottom: 1px solid rgba(150&comma; 150&comma; 150&comma; 0.2); font-weight: bold; font-size: 18px; color: inherit;'>Servicio INSIGHT<\/div>\n<div style='padding: 15px; color: inherit;'>\n<ul style='padding-left: 20px; margin: 0; font-size: 14px; list-style-type: disc;'>\n<li style='margin-bottom: 5px;'><strong>Para las siguientes caracteristicas en necesario conexion a Internet&comma; contrato y pago del servicio Insight.<\/strong><\/li>\n<li style='margin-bottom: 5px;'>Generaci\u00f3n y envio de forma autom\u00e1tica de informes por correo electronico.<\/li>\n<li style='margin-bottom: 5px;'>Acceso remoto para programaci\u00f3n&comma; visualizaci\u00f3n de datos en tiempo real y registro de datos de sensores&comma; alarmas y eventos.<\/li>\n<li style='margin-bottom: 5px;'>Notificaci\u00f3n de alarmas a trav\u00e9s de texto&comma; correos electr\u00f3nicos (requiere pago del servicio&comma; informaci\u00f3n de precios y demo&comma; llenar esta solicitud <a href='https:\/\/winland.com\/request-insight-info\/' style='color: inherit; text-decoration: underline;'>Insight<\/a>) y salidas de relevador.<\/li>\n<li style='margin-bottom: 5px;'>El servicio de alojamiento y costo del servidor web es directamente con Insight de Winland Electronics. El pago y contrato del mismo.<\/li>\n<\/ul><\/div>\n<\/p><\/div>\n<\/p><\/div>\n<div style='display: flex; flex-wrap: wrap; gap: 30px; margin-bottom: 30px;'>\n<div style='flex: 1 1 300px; min-width: 280px;'>\n<h3 style='font-size: 22px; border-bottom: 2px solid currentColor; padding-bottom: 5px; margin-top: 0; color: inherit; opacity: 0.8;'>Im\u00e1genes<\/h3>\n<div style='margin-bottom: 30px;'> <img style='width: 100%; height: auto; border: 1px solid rgba(150&comma;150&comma;150&comma;0.3); border-radius: 8px;' src='https:\/\/i.ibb.co\/1KGsSQN\/ea800.jpg' alt='ea800'> <\/div>\n<div style='margin-bottom: 30px;'> <img style='width: 100%; height: auto; border: 1px solid rgba(150&comma;150&comma;150&comma;0.3); border-radius: 8px;' src='https:\/\/ftp3.syscom.mx\/usuarios\/fotos\/EA800IP\/77672-diagramaea800ip.png' alt=''> <\/div>\n<\/p><\/div>\n<\/p><\/div>\n<hr style='border: 0; border-top: 1px solid rgba(150&comma; 150&comma; 150&comma; 0.3); margin: 30px 0;'> <\/div>\n","protected":false},"excerpt":{"rendered":"<p>Monitor IP de temperatura de 8 zonas para condiciones cr\u00edticas y extremas, soporta 4 cableadas y 4 inal\u00e1mbricas.<\/p>\n","protected":false},"featured_media":78001,"comment_status":"open","ping_status":"closed","template":"","meta":[],"product_brand":[],"product_cat":[32],"product_tag":[19,33,431],"class_list":{"0":"post-78002","1":"product","2":"type-product","3":"status-publish","4":"has-post-thumbnail","6":"product_cat-temperatura","7":"product_tag-detectores-sensores","8":"product_tag-temperatura","9":"product_tag-winland-electronics","11":"first","12":"outofstock","13":"sale","14":"shipping-taxable","15":"purchasable","16":"product-type-simple"},"_links":{"self":[{"href":"https:\/\/soydeaqui.ddns.net\/pachuca\/index.php\/wp-json\/wp\/v2\/product\/78002","targetHints":{"allow":["GET"]}}],"collection":[{"href":"https:\/\/soydeaqui.ddns.net\/pachuca\/index.php\/wp-json\/wp\/v2\/product"}],"about":[{"href":"https:\/\/soydeaqui.ddns.net\/pachuca\/index.php\/wp-json\/wp\/v2\/types\/product"}],"replies":[{"embeddable":true,"href":"https:\/\/soydeaqui.ddns.net\/pachuca\/index.php\/wp-json\/wp\/v2\/comments?post=78002"}],"wp:featuredmedia":[{"embeddable":true,"href":"https:\/\/soydeaqui.ddns.net\/pachuca\/index.php\/wp-json\/wp\/v2\/media\/78001"}],"wp:attachment":[{"href":"https:\/\/soydeaqui.ddns.net\/pachuca\/index.php\/wp-json\/wp\/v2\/media?parent=78002"}],"wp:term":[{"taxonomy":"product_brand","embeddable":true,"href":"https:\/\/soydeaqui.ddns.net\/pachuca\/index.php\/wp-json\/wp\/v2\/product_brand?post=78002"},{"taxonomy":"product_cat","embeddable":true,"href":"https:\/\/soydeaqui.ddns.net\/pachuca\/index.php\/wp-json\/wp\/v2\/product_cat?post=78002"},{"taxonomy":"product_tag","embeddable":true,"href":"https:\/\/soydeaqui.ddns.net\/pachuca\/index.php\/wp-json\/wp\/v2\/product_tag?post=78002"}],"curies":[{"name":"wp","href":"https:\/\/api.w.org\/{rel}","templated":true}]}}