{"id":77995,"date":"2026-03-19T16:23:28","date_gmt":"2026-03-19T16:23:28","guid":{"rendered":"https:\/\/soydeaqui.ddns.net\/pachuca\/index.php\/producto\/switch-industrial-no-administrable-multiple-montaje-pared-riel-din-y-magnetico-8-puertos-gigabit-con-4-puertos-poe-802-3at-hasta-120-w\/"},"modified":"2026-03-19T16:23:42","modified_gmt":"2026-03-19T16:23:42","slug":"switch-industrial-no-administrable-multiple-montaje-pared-riel-din-y-magnetico-8-puertos-gigabit-con-4-puertos-poe-802-3at-hasta-120-w","status":"publish","type":"product","link":"https:\/\/soydeaqui.ddns.net\/pachuca\/index.php\/producto\/switch-industrial-no-administrable-multiple-montaje-pared-riel-din-y-magnetico-8-puertos-gigabit-con-4-puertos-poe-802-3at-hasta-120-w\/","title":{"rendered":"Switch Industrial No Administrable, M\u00faltiple Montaje (Pared, Riel DIN y Magn\u00e9tico), 8 Puertos Gigabit con 4 puertos PoE 802.3at, Hasta 120 W."},"content":{"rendered":"<div style='width: 100%; max-width: 1200px; margin: 0 auto; font-family: sans-serif; line-height: 1.6; color: inherit; background-color: transparent;'> <!-- Im\u00e1genes de iconos --> <\/p>\n<div style='display: flex; flex-wrap: wrap; gap: 15px; justify-content: center; margin-bottom: 30px;'> <img style='width: auto; height: 40px; border: 1px solid rgba(150&comma;150&comma;150&comma;0.3); border-radius: 8px;' src='https:\/\/www.planet.com.tw\/storage\/icons\/2icon_36W_Per-Port.png' alt='36 W por puerto'> <img style='width: auto; height: 40px; border: 1px solid rgba(150&comma;150&comma;150&comma;0.3); border-radius: 8px;' src='https:\/\/www.planet.com.tw\/storage\/icons\/8icon_802.3at_802.3af_End-span.png' alt='802.3at End-span 802.3af'> <img style='width: auto; height: 40px; border: 1px solid rgba(150&comma;150&comma;150&comma;0.3); border-radius: 8px;' src='https:\/\/www.planet.com.tw\/storage\/icons\/0icon_PoE+.png' alt='PoE+'> <img style='width: auto; height: 40px; border: 1px solid rgba(150&comma;150&comma;150&comma;0.3); border-radius: 8px;' src='https:\/\/www.planet.com.tw\/storage\/icons\/3Wall_mountable.png' alt='Montaje en pared'> <img style='width: auto; height: 40px; border: 1px solid rgba(150&comma;150&comma;150&comma;0.3); border-radius: 8px;' src='https:\/\/www.planet.com.tw\/storage\/icons\/2icon_IP-Code_30.png' alt='IP30'> <img style='width: auto; height: 40px; border: 1px solid rgba(150&comma;150&comma;150&comma;0.3); border-radius: 8px;' src='https:\/\/www.planet.com.tw\/storage\/icons\/8icon_-40-degree-~75-degree.png' alt='75 \u00b0C ~ -40 \u00b0C'> <\/div>\n<p> <!-- Descripci\u00f3n principal --> <\/p>\n<div style='margin-bottom: 30px; font-size: 15px;'>\n<p style='margin: 0 0 15px 0; color: inherit;'>El dise\u00f1o compacto y plano se adapta f\u00e1cilmente a cualquier ubicaci\u00f3n con espacio limitado. Adopta un dise\u00f1o de &#8216;acceso frontal&#8217;&comma; lo que hace que la instalaci\u00f3n&comma; el cableado&comma; el monitoreo de LED y el mantenimiento del WGS-804HP muy f\u00e1ciles de manejar para los t\u00e9cnicos.<\/p>\n<p style='margin: 0; color: inherit;'>El montaje en pared fijo&comma; el montaje en pared magn\u00e9tico o la instalaci\u00f3n en riel DIN del WGS-804HP permiten un uso eficiente del espacio del gabinete&comma; lo que hace que su uso sea m\u00e1s flexible.<\/p>\n<\/p><\/div>\n<p> <!-- Imagen principal --> <\/p>\n<div style='margin-bottom: 30px;'> <img style='width: 100%; height: auto; border: 1px solid rgba(150&comma;150&comma;150&comma;0.3); border-radius: 8px;' src='https:\/\/www.planet.com.tw\/storage\/products\/49689\/WGS-804HPv2-1.png' alt=''> <\/div>\n<p> <!-- Galer\u00eda de im\u00e1genes --> <\/p>\n<div style='display: flex; flex-wrap: wrap; gap: 20px; margin-bottom: 30px;'>\n<div style='flex: 1 1 450px; min-width: 280px;'> <img style='width: 100%; height: auto; border: 1px solid rgba(150&comma;150&comma;150&comma;0.3); border-radius: 8px;' src='https:\/\/www.planet.com.tw\/storage\/products\/48616\/WGS-804HP_in-cabinet_90_L.png' alt=''> <\/div>\n<div style='flex: 1 1 450px; min-width: 280px;'> <img style='width: 100%; height: auto; border: 1px solid rgba(150&comma;150&comma;150&comma;0.3); border-radius: 8px;' src='https:\/\/www.planet.com.tw\/storage\/products\/49689\/WGS-804HPv2_Front-Panel-Introduction4.png' alt=''> <\/div>\n<\/p><\/div>\n<div style='display: flex; flex-wrap: wrap; gap: 20px; margin-bottom: 30px;'>\n<div style='flex: 1 1 450px; min-width: 280px;'> <img style='width: 100%; height: auto; border: 1px solid rgba(150&comma;150&comma;150&comma;0.3); border-radius: 8px;' src='https:\/\/www.planet.com.tw\/storage\/products\/49689\/WGS-804HPv2-3.png' alt=''> <\/div>\n<div style='flex: 1 1 450px; min-width: 280px;'> <img style='width: 100%; height: auto; border: 1px solid rgba(150&comma;150&comma;150&comma;0.3); border-radius: 8px;' src='https:\/\/www.planet.com.tw\/storage\/products\/49689\/WGS-804HPv2-4.png' alt=''> <\/div>\n<\/p><\/div>\n<p> <!-- Secciones de caracter\u00edsticas --> <\/p>\n<div style='display: flex; flex-wrap: wrap; gap: 20px; margin-bottom: 30px;'> <!-- Caracter\u00edsticas principales --> <\/p>\n<div style='flex: 1 1 300px; min-width: 280px;'>\n<div style='border-left: 5px solid #ff0000; border-radius: 8px; padding: 15px; background-color: rgba(255&comma; 255&comma; 255&comma; 0.05);'>\n<h3 style='font-size: 18px; margin-top: 0; margin-bottom: 15px; color: #d35400; opacity: 0.9;'>Caracter\u00edsticas principales:<\/h3>\n<ul style='padding-left: 20px; margin: 0; font-size: 14px; color: inherit;'>\n<li style='margin-bottom: 8px;'>Alimenta dispositivos PoE 802.3af y PoE+ 802.3at.<\/li>\n<li style='margin-bottom: 8px;'>Potencia Max. 120W<\/li>\n<li style='margin-bottom: 8px;'>Medidor frontal de consumo PoE.<\/li>\n<li style='margin-bottom: 8px;'>Tama\u00f1o de tabla de direcciones MAC de 8K.<\/li>\n<li style='margin-bottom: 8px;'>Bloque de terminales de 3 pines o conector jack de CC.<\/li>\n<li style='margin-bottom: 8px;'>Alimentaci\u00f3n Dual con Failover.<\/li>\n<li style='margin-bottom: 8px;'>Montaje en pared&comma; base magn\u00e9tica o con riel DIN.<\/li>\n<li style='margin-bottom: 8px;'>Rendimiento de 11&comma;9 Mpps a 64 bytes.<\/li>\n<li style='margin-bottom: 8px;'>Admite protecci\u00f3n EFT 6000 VCC para l\u00ednea el\u00e9ctrica.<\/li>\n<\/ul><\/div>\n<\/p><\/div>\n<p> <!-- Caracter\u00edsticas F\u00edsicas y El\u00e9ctricas --> <\/p>\n<div style='flex: 1 1 300px; min-width: 280px;'>\n<div style='border-left: 5px solid #ff0000; border-radius: 8px; padding: 15px; background-color: rgba(255&comma; 255&comma; 255&comma; 0.05);'>\n<h3 style='font-size: 18px; margin-top: 0; margin-bottom: 15px; color: #d35400; opacity: 0.9;'>Caracter\u00edsticas F\u00edsicas y El\u00e9ctricas:<\/h3>\n<ul style='padding-left: 20px; margin: 0; font-size: 14px; color: inherit;'>\n<li style='margin-bottom: 8px;'>8 puertos RJ45 10\/100\/1000BASE-T auto-MDI\/MDI-X.<\/li>\n<li style='margin-bottom: 8px;'>4 puertos con funci\u00f3n de inyector PoE 802.3af\/802.3at (puertos 1 a 4).<\/li>\n<li style='margin-bottom: 8px;'>Alimentaci\u00f3n de 48 V &#8211; 54 Vcc (No incluye fuente)<\/li>\n<li style='margin-bottom: 8px;'>Dimensiones: 148 x 24.2 x 134 mm<\/li>\n<li style='margin-bottom: 8px;'>Temperatura de operaci\u00f3n de -40 a 75\u00b0 C.<\/li>\n<li style='margin-bottom: 8px;'>Tama\u00f1o compacto&comma; montaje en pared&comma; montaje magn\u00e9tico en pared y dise\u00f1os de riel DIN.<\/li>\n<li style='margin-bottom: 8px;'>Carcasa met\u00e1lica IP30.<\/li>\n<\/ul><\/div>\n<\/p><\/div>\n<p> <!-- El Equipo Incluye --> <\/p>\n<div style='flex: 1 1 300px; min-width: 280px;'>\n<div style='border-left: 5px solid #ff0000; border-radius: 8px; padding: 15px; background-color: rgba(255&comma; 255&comma; 255&comma; 0.05);'>\n<h3 style='font-size: 18px; margin-top: 0; margin-bottom: 15px; color: #d35400; opacity: 0.9;'>El Equipo Incluye:<\/h3>\n<ul style='padding-left: 20px; margin: 0; font-size: 14px; color: inherit;'>\n<li style='margin-bottom: 8px;'>Switch<\/li>\n<li style='margin-bottom: 8px;'>Kit de montaje en pared.<\/li>\n<li style='margin-bottom: 8px;'>Kit de montaje en riel Din<\/li>\n<li style='margin-bottom: 8px;'>Kit magnetico<\/li>\n<li style='margin-bottom: 8px;'>Conector de 3 pin<\/li>\n<li style='margin-bottom: 8px;'>8 tapas de conectores.<\/li>\n<\/ul><\/div>\n<\/p><\/div>\n<\/p><\/div>\n<p> <!-- Separador --> <\/p>\n<hr style='border: 0; border-top: 1px solid rgba(150&comma; 150&comma; 150&comma; 0.3); margin: 30px 0;'> <\/div>\n","protected":false},"excerpt":{"rendered":"<p>Switch Industrial No Administrable, M\u00faltiple Montaje (Pared, Riel DIN y Magn\u00e9tico), 8 Puertos Gigabit con 4 puertos PoE 802.3at, Hasta 120 W.<\/p>\n","protected":false},"featured_media":77994,"comment_status":"open","ping_status":"closed","template":"","meta":[],"product_brand":[],"product_cat":[1984],"product_tag":[1985,664,2033],"class_list":{"0":"post-77995","1":"product","2":"type-product","3":"status-publish","4":"has-post-thumbnail","6":"product_cat-industrial","7":"product_tag-industrial","8":"product_tag-networking","9":"product_tag-planet","11":"first","12":"instock","13":"sale","14":"shipping-taxable","15":"purchasable","16":"product-type-simple"},"_links":{"self":[{"href":"https:\/\/soydeaqui.ddns.net\/pachuca\/index.php\/wp-json\/wp\/v2\/product\/77995","targetHints":{"allow":["GET"]}}],"collection":[{"href":"https:\/\/soydeaqui.ddns.net\/pachuca\/index.php\/wp-json\/wp\/v2\/product"}],"about":[{"href":"https:\/\/soydeaqui.ddns.net\/pachuca\/index.php\/wp-json\/wp\/v2\/types\/product"}],"replies":[{"embeddable":true,"href":"https:\/\/soydeaqui.ddns.net\/pachuca\/index.php\/wp-json\/wp\/v2\/comments?post=77995"}],"wp:featuredmedia":[{"embeddable":true,"href":"https:\/\/soydeaqui.ddns.net\/pachuca\/index.php\/wp-json\/wp\/v2\/media\/77994"}],"wp:attachment":[{"href":"https:\/\/soydeaqui.ddns.net\/pachuca\/index.php\/wp-json\/wp\/v2\/media?parent=77995"}],"wp:term":[{"taxonomy":"product_brand","embeddable":true,"href":"https:\/\/soydeaqui.ddns.net\/pachuca\/index.php\/wp-json\/wp\/v2\/product_brand?post=77995"},{"taxonomy":"product_cat","embeddable":true,"href":"https:\/\/soydeaqui.ddns.net\/pachuca\/index.php\/wp-json\/wp\/v2\/product_cat?post=77995"},{"taxonomy":"product_tag","embeddable":true,"href":"https:\/\/soydeaqui.ddns.net\/pachuca\/index.php\/wp-json\/wp\/v2\/product_tag?post=77995"}],"curies":[{"name":"wp","href":"https:\/\/api.w.org\/{rel}","templated":true}]}}