{"id":77988,"date":"2026-03-19T16:23:11","date_gmt":"2026-03-19T16:23:11","guid":{"rendered":"https:\/\/soydeaqui.ddns.net\/pachuca\/index.php\/producto\/telefono-ip-smb-de-2-lineas-con-3-teclas-de-funcion-programables-y-conferencia-de-3-vias-poe\/"},"modified":"2026-03-19T16:23:24","modified_gmt":"2026-03-19T16:23:24","slug":"telefono-ip-smb-de-2-lineas-con-3-teclas-de-funcion-programables-y-conferencia-de-3-vias-poe","status":"publish","type":"product","link":"https:\/\/soydeaqui.ddns.net\/pachuca\/index.php\/producto\/telefono-ip-smb-de-2-lineas-con-3-teclas-de-funcion-programables-y-conferencia-de-3-vias-poe\/","title":{"rendered":"Tel\u00e9fono IP SMB de 2 L\u00edneas con 3 teclas de funci\u00f3n programables y conferencia de 3 v\u00edas. PoE"},"content":{"rendered":"<div style='width: 100%; max-width: 1200px; margin: 0 auto; font-family: sans-serif; line-height: 1.6; color: inherit; background-color: transparent;'> <!-- Descripci\u00f3n general --> <\/p>\n<div style='margin-bottom: 30px; font-size: 15px; color: inherit;'>\n<p>El GXP1625 es un tel\u00e9fono IP est\u00e1ndar de Grandstream para peque\u00f1as empresas. Este modelo basado en Linux ofrece 2 l\u00edneas&comma; 3 teclas XML programables&comma; audio HD y conferencia de 3 v\u00edas. Una pantalla LCD de 132 x 48 crea una imagen clara para una f\u00e1cil visualizaci\u00f3n. Incluye puerto doble de red de 10\/100 Mbps alimentado por PoE. Las funciones adicionales como soporte multilenguaje&comma; soporte de Electronic Hook Switch para aud\u00edfonos Plantronics y llamada en espera permiten al GXP1625 ser un tel\u00e9fono IP confiable&comma; f\u00e1cil de usar y de alta calidad.<\/p>\n<\/p><\/div>\n<p> <!-- Secci\u00f3n de caracter\u00edsticas principales --> <\/p>\n<div style='display: flex; flex-wrap: wrap; gap: 30px; margin-bottom: 30px;'>\n<div style='flex: 1 1 300px; min-width: 280px;'>\n<h3 style='font-size: 22px; border-bottom: 2px solid currentColor; padding-bottom: 5px; margin-top: 0; color: inherit; opacity: 0.8;'>Caracter\u00edsticas principales<\/h3>\n<ul style='padding-left: 20px; font-size: 15px; color: inherit;'>\n<li style='margin-bottom: 5px;'>2 l\u00edneas (cuentas SIP)&comma; 3 teclas de funci\u00f3n XML programables y conferencia de 3 v\u00edas<\/li>\n<li style='margin-bottom: 5px;'>Pantalla gr\u00e1fica LCD de 132 x 48<\/li>\n<li style='margin-bottom: 5px;'>Audio HD<\/li>\n<li style='margin-bottom: 5px;'>Doble puerto de red<\/li>\n<\/ul><\/div>\n<\/p><\/div>\n<p> <!-- Secci\u00f3n de cards con especificaciones --> <\/p>\n<div style='display: flex; flex-wrap: wrap; gap: 20px; margin-bottom: 30px;'>\n<div style='flex: 1 1 250px; border: 1px solid rgba(150&comma; 150&comma; 150&comma; 0.4); border-radius: 8px; overflow: hidden; display: flex; flex-direction: column;'>\n<div style='padding: 15px; border-bottom: 1px solid rgba(150&comma; 150&comma; 150&comma; 0.2); font-weight: bold; font-size: 18px; color: inherit;'>Funciones de telefon\u00eda<\/div>\n<div style='padding: 15px; color: inherit;'>\n<ul style='padding-left: 20px; margin: 0; font-size: 14px; list-style-type: disc;'>\n<li style='margin-bottom: 5px;'>Retenci\u00f3n&comma; transferencia&comma; reenv\u00edo (incondicional\/no respuesta\/ocupado)<\/li>\n<li style='margin-bottom: 5px;'>Conferencia de 3 v\u00edas&comma; estacionamiento\/recuperaci\u00f3n de llamadas<\/li>\n<li style='margin-bottom: 5px;'>Directorio telef\u00f3nico descargable (XML&comma; LDAP&comma; hasta 500 contactos)<\/li>\n<li style='margin-bottom: 5px;'>Llamada en espera&comma; historial de llamadas (hasta 200 registros)<\/li>\n<li style='margin-bottom: 5px;'>Marcaci\u00f3n autom\u00e1tica al descolgar&comma; respuesta autom\u00e1tica<\/li>\n<li style='margin-bottom: 5px;'>Hacer clic para marcar&comma; plan de marcaci\u00f3n flexible<\/li>\n<li style='margin-bottom: 5px;'>Estaciones de trabajo compartidas (hot desking)<\/li>\n<li style='margin-bottom: 5px;'>Tonos de llamadas con m\u00fasica personalizada<\/li>\n<li style='margin-bottom: 5px;'>Redundancia de servidores y conmutaci\u00f3n por error (fail-over)<\/li>\n<\/ul><\/div>\n<\/p><\/div>\n<div style='flex: 1 1 250px; border: 1px solid rgba(150&comma; 150&comma; 150&comma; 0.4); border-radius: 8px; overflow: hidden; display: flex; flex-direction: column;'>\n<div style='padding: 15px; border-bottom: 1px solid rgba(150&comma; 150&comma; 150&comma; 0.2); font-weight: bold; font-size: 18px; color: inherit;'>C\u00f3decs<\/div>\n<div style='padding: 15px; color: inherit;'>\n<ul style='padding-left: 20px; margin: 0; font-size: 14px; list-style-type: disc;'>\n<li style='margin-bottom: 5px;'>G.711\u03bc\/a&comma; G.722 (banda ancha)&comma; G.723 (pendiente)&comma; G.726-32&comma; G.729 A\/B<\/li>\n<li style='margin-bottom: 5px;'>DTMF en banda y fuera de banda (In audio&comma; RFC2833&comma; SIP INFO)<\/li>\n<li style='margin-bottom: 5px;'>VAD&comma; CNG&comma; AEC&comma; PLC&comma; AJB&comma; AGC<\/li>\n<\/ul><\/div>\n<\/p><\/div>\n<div style='flex: 1 1 250px; border: 1px solid rgba(150&comma; 150&comma; 150&comma; 0.4); border-radius: 8px; overflow: hidden; display: flex; flex-direction: column;'>\n<div style='padding: 15px; border-bottom: 1px solid rgba(150&comma; 150&comma; 150&comma; 0.2); font-weight: bold; font-size: 18px; color: inherit;'>Interfaces<\/div>\n<div style='padding: 15px; color: inherit;'>\n<ul style='padding-left: 20px; margin: 0; font-size: 14px; list-style-type: disc;'>\n<li style='margin-bottom: 5px;'>Puertos Ethernet dobles conmutados de 10\/100 Mbps con detecci\u00f3n autom\u00e1tica<\/li>\n<li style='margin-bottom: 5px;'>Conector de aud\u00edfonos RJ9 (permite EHS con aud\u00edfonos Plantronics)<\/li>\n<\/ul><\/div>\n<\/p><\/div>\n<div style='flex: 1 1 250px; border: 1px solid rgba(150&comma; 150&comma; 150&comma; 0.4); border-radius: 8px; overflow: hidden; display: flex; flex-direction: column;'>\n<div style='padding: 15px; border-bottom: 1px solid rgba(150&comma; 150&comma; 150&comma; 0.2); font-weight: bold; font-size: 18px; color: inherit;'>Seguridad<\/div>\n<div style='padding: 15px; color: inherit;'>\n<ul style='padding-left: 20px; margin: 0; font-size: 14px; list-style-type: disc;'>\n<li style='margin-bottom: 5px;'>Control de acceso a nivel del usuario y del administrador<\/li>\n<li style='margin-bottom: 5px;'>Autenticaci\u00f3n basada en MD5 y MD5-sess<\/li>\n<li style='margin-bottom: 5px;'>Archivo de configuraci\u00f3n cifrado con AES de 256 bits<\/li>\n<li style='margin-bottom: 5px;'>TLS&comma; SRTP&comma; HTTPS&comma; 802.1x Media Access Control<\/li>\n<\/ul><\/div>\n<\/p><\/div>\n<div style='flex: 1 1 250px; border: 1px solid rgba(150&comma; 150&comma; 150&comma; 0.4); border-radius: 8px; overflow: hidden; display: flex; flex-direction: column;'>\n<div style='padding: 15px; border-bottom: 1px solid rgba(150&comma; 150&comma; 150&comma; 0.2); font-weight: bold; font-size: 18px; color: inherit;'>Calidad de servicio<\/div>\n<div style='padding: 15px; color: inherit;'>\n<ul style='padding-left: 20px; margin: 0; font-size: 14px; list-style-type: disc;'>\n<li style='margin-bottom: 5px;'>QoS de Capa 2 (802.1Q&comma; 802.1P)<\/li>\n<li style='margin-bottom: 5px;'>QoS de Capa 3 (ToS&comma; Di Serv&comma; MPLS)<\/li>\n<\/ul><\/div>\n<\/p><\/div>\n<div style='flex: 1 1 250px; border: 1px solid rgba(150&comma; 150&comma; 150&comma; 0.4); border-radius: 8px; overflow: hidden; display: flex; flex-direction: column;'>\n<div style='padding: 15px; border-bottom: 1px solid rgba(150&comma; 150&comma; 150&comma; 0.2); font-weight: bold; font-size: 18px; color: inherit;'>Lenguajes<\/div>\n<div style='padding: 15px; color: inherit;'>\n<ul style='padding-left: 20px; margin: 0; font-size: 14px; list-style-type: disc;'>\n<li style='margin-bottom: 5px;'>Espa\u00f1ol&comma; ingl\u00e9s&comma; alem\u00e1n&comma; italiano&comma; franc\u00e9s<\/li>\n<li style='margin-bottom: 5px;'>Portugu\u00e9s&comma; ruso&comma; croata<\/li>\n<li style='margin-bottom: 5px;'>Chino simplificado y tradicional<\/li>\n<li style='margin-bottom: 5px;'>Coreano&comma; japon\u00e9s<\/li>\n<\/ul><\/div>\n<\/p><\/div>\n<div style='flex: 1 1 250px; border: 1px solid rgba(150&comma; 150&comma; 150&comma; 0.4); border-radius: 8px; overflow: hidden; display: flex; flex-direction: column;'>\n<div style='padding: 15px; border-bottom: 1px solid rgba(150&comma; 150&comma; 150&comma; 0.2); font-weight: bold; font-size: 18px; color: inherit;'>Protocolos y normas<\/div>\n<div style='padding: 15px; color: inherit;'>\n<ul style='padding-left: 20px; margin: 0; font-size: 14px; list-style-type: disc;'>\n<li style='margin-bottom: 5px;'>SIP RFC3261&comma; TCP\/IP\/UDP&comma; RTP\/RTCP&comma; HTTP\/HTTPS<\/li>\n<li style='margin-bottom: 5px;'>ARP\/RARP&comma; ICMP&comma; DNS (A record&comma; SRV&comma; NAPTR)&comma; DHCP&comma; PPPoE<\/li>\n<li style='margin-bottom: 5px;'>SSH&comma; TFTP&comma; NTP&comma; STUN&comma; SIMPLE&comma; LLDP-MED&comma; LDAP<\/li>\n<li style='margin-bottom: 5px;'>TR-069&comma; 802.1x&comma; TLS&comma; SRTP<\/li>\n<\/ul><\/div>\n<\/p><\/div>\n<div style='flex: 1 1 250px; border: 1px solid rgba(150&comma; 150&comma; 150&comma; 0.4); border-radius: 8px; overflow: hidden; display: flex; flex-direction: column;'>\n<div style='padding: 15px; border-bottom: 1px solid rgba(150&comma; 150&comma; 150&comma; 0.2); font-weight: bold; font-size: 18px; color: inherit;'>Conformidad<\/div>\n<div style='padding: 15px; color: inherit;'>\n<ul style='padding-left: 20px; margin: 0; font-size: 14px; list-style-type: disc;'>\n<li style='margin-bottom: 5px;'>FCC: Part 15 (CFR 47) Class B<\/li>\n<li style='margin-bottom: 5px;'>CE: EN55022 Class B&comma; EN55024&comma; EN61000-3-2&comma; EN61000-3-3&comma; EN61000-3-3<\/li>\n<li style='margin-bottom: 5px;'>RCM: AS\/ACIF S004; AS\/NZS CISPR22\/24; AS\/NZS 60950; AS\/NZS 60950.1<\/li>\n<\/ul><\/div>\n<\/p><\/div>\n<div style='flex: 1 1 250px; border: 1px solid rgba(150&comma; 150&comma; 150&comma; 0.4); border-radius: 8px; overflow: hidden; display: flex; flex-direction: column;'>\n<div style='padding: 15px; border-bottom: 1px solid rgba(150&comma; 150&comma; 150&comma; 0.2); font-weight: bold; font-size: 18px; color: inherit;'>Caracter\u00edsticas f\u00edsicas y el\u00e9ctricas<\/div>\n<div style='padding: 15px; color: inherit;'>\n<ul style='padding-left: 20px; margin: 0; font-size: 14px; list-style-type: disc;'>\n<li style='margin-bottom: 5px;'><strong>Fuente de alimentaci\u00f3n universal:<\/strong> Entrada: 100~240VAC 50-60Hz; Salida: 5Vcc&comma; 600mA. <strong>PoE 802.3af<\/strong> Clase 2&comma; 3.84~6.49W<\/li>\n<li style='margin-bottom: 5px;'>Montable en base o pared<\/li>\n<li style='margin-bottom: 5px;'>Dimensiones: 209 x 184.5 x 76.2 mm<\/li>\n<li style='margin-bottom: 5px;'>Peso: 0.74 kg<\/li>\n<li style='margin-bottom: 5px;'>Temperatura de operaci\u00f3n: 0~40\u00baC<\/li>\n<\/ul><\/div>\n<\/p><\/div>\n<div style='flex: 1 1 250px; border: 1px solid rgba(150&comma; 150&comma; 150&comma; 0.4); border-radius: 8px; overflow: hidden; display: flex; flex-direction: column;'>\n<div style='padding: 15px; border-bottom: 1px solid rgba(150&comma; 150&comma; 150&comma; 0.2); font-weight: bold; font-size: 18px; color: inherit;'>Contenido del paquete<\/div>\n<div style='padding: 15px; color: inherit;'>\n<ul style='padding-left: 20px; margin: 0; font-size: 14px; list-style-type: disc;'>\n<li style='margin-bottom: 5px;'>Tel\u00e9fono GXP1620<\/li>\n<li style='margin-bottom: 5px;'>Auricular con cord\u00f3n<\/li>\n<li style='margin-bottom: 5px;'>Base de soporte<\/li>\n<li style='margin-bottom: 5px;'>Fuente de alimentaci\u00f3n universal<\/li>\n<li style='margin-bottom: 5px;'>Cable de red<\/li>\n<li style='margin-bottom: 5px;'>Gu\u00eda de Instalaci\u00f3n R\u00e1pida<\/li>\n<li style='margin-bottom: 5px;'>Folleto<\/li>\n<li style='margin-bottom: 5px;'>Licencia GPL<\/li>\n<\/ul><\/div>\n<\/p><\/div>\n<\/p><\/div>\n<p> <!-- Video de YouTube --> <\/p>\n<div style='position: relative; padding-bottom: 56.25%; height: 0; overflow: hidden; margin-bottom: 30px;'>   <\/div>\n<p> <!-- Im\u00e1genes --> <\/p>\n<div style='display: flex; flex-wrap: wrap; gap: 20px; margin-bottom: 30px;'>\n<div style='flex: 1 1 200px; min-width: 200px;'> <img style='width: 100%; height: auto; border: 1px solid rgba(150&comma;150&comma;150&comma;0.3); border-radius: 8px;' src='http:\/\/ftp3.syscom.mx\/usuarios\/fotos\/GXP1625\/77690-gxp1625_3.png' alt=''> <\/div>\n<div style='flex: 1 1 200px; min-width: 200px;'> <img style='width: 100%; height: auto; border: 1px solid rgba(150&comma;150&comma;150&comma;0.3); border-radius: 8px;' src='http:\/\/ftp3.syscom.mx\/usuarios\/fotos\/GXP1625\/GXP1625_3.png' alt=''> <\/div>\n<div style='flex: 1 1 200px; min-width: 200px;'> <img style='width: 100%; height: auto; border: 1px solid rgba(150&comma;150&comma;150&comma;0.3); border-radius: 8px;' src='http:\/\/ftp3.syscom.mx\/usuarios\/fotos\/GXP1625\/GXP1625_4.png' alt=''> <\/div>\n<\/p><\/div>\n<p> <!-- Separador final --> <\/p>\n<hr style='border: 0; border-top: 1px solid rgba(150&comma; 150&comma; 150&comma; 0.3); margin: 30px 0;'> <\/div>\n","protected":false},"excerpt":{"rendered":"<p>Tel\u00e9fono IP SMB de 2 L\u00edneas con 3 teclas de funci\u00f3n programables y conferencia de 3 v\u00edas. PoE<\/p>\n","protected":false},"featured_media":77987,"comment_status":"open","ping_status":"closed","template":"","meta":[],"product_brand":[],"product_cat":[2003],"product_tag":[909,2005,2004],"class_list":{"0":"post-77988","1":"product","2":"type-product","3":"status-publish","4":"has-post-thumbnail","6":"product_cat-telefonos-ip","7":"product_tag-grandstream","8":"product_tag-telefonos-ip","9":"product_tag-voip-telefonia-ip-videoconferencia","11":"first","12":"instock","13":"sale","14":"shipping-taxable","15":"purchasable","16":"product-type-simple"},"_links":{"self":[{"href":"https:\/\/soydeaqui.ddns.net\/pachuca\/index.php\/wp-json\/wp\/v2\/product\/77988","targetHints":{"allow":["GET"]}}],"collection":[{"href":"https:\/\/soydeaqui.ddns.net\/pachuca\/index.php\/wp-json\/wp\/v2\/product"}],"about":[{"href":"https:\/\/soydeaqui.ddns.net\/pachuca\/index.php\/wp-json\/wp\/v2\/types\/product"}],"replies":[{"embeddable":true,"href":"https:\/\/soydeaqui.ddns.net\/pachuca\/index.php\/wp-json\/wp\/v2\/comments?post=77988"}],"wp:featuredmedia":[{"embeddable":true,"href":"https:\/\/soydeaqui.ddns.net\/pachuca\/index.php\/wp-json\/wp\/v2\/media\/77987"}],"wp:attachment":[{"href":"https:\/\/soydeaqui.ddns.net\/pachuca\/index.php\/wp-json\/wp\/v2\/media?parent=77988"}],"wp:term":[{"taxonomy":"product_brand","embeddable":true,"href":"https:\/\/soydeaqui.ddns.net\/pachuca\/index.php\/wp-json\/wp\/v2\/product_brand?post=77988"},{"taxonomy":"product_cat","embeddable":true,"href":"https:\/\/soydeaqui.ddns.net\/pachuca\/index.php\/wp-json\/wp\/v2\/product_cat?post=77988"},{"taxonomy":"product_tag","embeddable":true,"href":"https:\/\/soydeaqui.ddns.net\/pachuca\/index.php\/wp-json\/wp\/v2\/product_tag?post=77988"}],"curies":[{"name":"wp","href":"https:\/\/api.w.org\/{rel}","templated":true}]}}