{"id":77961,"date":"2026-03-19T16:22:07","date_gmt":"2026-03-19T16:22:07","guid":{"rendered":"https:\/\/soydeaqui.ddns.net\/pachuca\/index.php\/producto\/switch-administrable-capa-2-de-24-puertos-gigabit-10-100-1000t-2-puertos-sfp-100-1000x-cuenta-con-una-interfaz-de-consola\/"},"modified":"2026-03-19T16:22:15","modified_gmt":"2026-03-19T16:22:15","slug":"switch-administrable-capa-2-de-24-puertos-gigabit-10-100-1000t-2-puertos-sfp-100-1000x-cuenta-con-una-interfaz-de-consola","status":"publish","type":"product","link":"https:\/\/soydeaqui.ddns.net\/pachuca\/index.php\/producto\/switch-administrable-capa-2-de-24-puertos-gigabit-10-100-1000t-2-puertos-sfp-100-1000x-cuenta-con-una-interfaz-de-consola\/","title":{"rendered":"Switch Administrable Capa 2 de 24 Puertos Gigabit 10\/100\/1000T, 2 Puertos SFP 100\/1000X , Cuenta con una Interfaz de Consola"},"content":{"rendered":"<div style='width: 100%; max-width: 1200px; margin: 0 auto; font-family: sans-serif; line-height: 1.6; color: inherit; background-color: transparent;'> <!-- Im\u00e1genes de caracter\u00edsticas --> <\/p>\n<div style='display: flex; flex-wrap: wrap; gap: 15px; justify-content: center; margin: 30px 0;'> <img style='width: 40px; height: 40px; flex: 0 0 auto; border: 1px solid rgba(150&comma;150&comma;150&comma;0.3); border-radius: 8px;' src='https:\/\/www.planet.com.tw\/storage\/icons\/633\/Cyber-Security.png' alt='La seguridad cibern\u00e9tica'> <img style='width: 40px; height: 40px; flex: 0 0 auto; border: 1px solid rgba(150&comma;150&comma;150&comma;0.3); border-radius: 8px;' src='https:\/\/www.planet.com.tw\/storage\/icons\/6icon_RING.png' alt='ANILLO'> <img style='width: 40px; height: 40px; flex: 0 0 auto; border: 1px solid rgba(150&comma;150&comma;150&comma;0.3); border-radius: 8px;' src='https:\/\/www.planet.com.tw\/storage\/icons\/2icon_802.1Q_VLAN.png' alt='VLAN 802.1Q'> <img style='width: 40px; height: 40px; flex: 0 0 auto; border: 1px solid rgba(150&comma;150&comma;150&comma;0.3); border-radius: 8px;' src='https:\/\/www.planet.com.tw\/storage\/icons\/3icon_802_1x.png' alt='802.1x'> <img style='width: 40px; height: 40px; flex: 0 0 auto; border: 1px solid rgba(150&comma;150&comma;150&comma;0.3); border-radius: 8px;' src='https:\/\/www.planet.com.tw\/storage\/icons\/2icon_IPv6IPv4_ACLQoS.png' alt='IPv6\/IPv4 ACL\/QoS'> <img style='width: 40px; height: 40px; flex: 0 0 auto; border: 1px solid rgba(150&comma;150&comma;150&comma;0.3); border-radius: 8px;' src='https:\/\/www.planet.com.tw\/storage\/icons\/1icon_Fanless.png' alt='sin ventilador'> <\/div>\n<p> <!-- Im\u00e1genes del producto --> <\/p>\n<div style='display: flex; flex-direction: column; gap: 30px; margin: 30px 0;'> <img style='width: 100%; height: auto; border: 1px solid rgba(150&comma;150&comma;150&comma;0.3); border-radius: 8px;' src='https:\/\/www.planet.com.tw\/storage\/products\/48637\/GS-4210-24T2Sv2.1_Front-Panel-Introduction.png' alt='Panel frontal'> <img style='width: 100%; height: auto; border: 1px solid rgba(150&comma;150&comma;150&comma;0.3); border-radius: 8px;' src='https:\/\/www.planet.com.tw\/storage\/products\/48637\/GS-4210-24T2Sv2.1_Rear-Panel-Introducton.png' alt='Panel trasero'> <\/div>\n<p> <!-- Im\u00e1genes adicionales --> <\/p>\n<div style='display: grid; grid-template-columns: repeat(auto-fit&comma; minmax(300px&comma; 1fr)); gap: 30px; margin: 30px 0;'> <img style='width: 100%; height: auto; border: 1px solid rgba(150&comma;150&comma;150&comma;0.3); border-radius: 8px;' src='https:\/\/www.planet.com.tw\/storage\/products\/48637\/GS-4210-24T2Sv2.1-3.png' alt='Imagen 1'> <img style='width: 100%; height: auto; border: 1px solid rgba(150&comma;150&comma;150&comma;0.3); border-radius: 8px;' src='https:\/\/www.planet.com.tw\/storage\/products\/48637\/GS-4210-24T2Sv2.1-4.png' alt='Imagen 2'> <\/div>\n<p> <!-- T\u00edtulo de funcionalidades --> <\/p>\n<div style='text-align: center; margin: 40px 0 20px;'>\n<h2 style='font-size: 24px; color: #2880b9; color: inherit; opacity: 0.9; margin: 0; padding: 0;'>Funcionalidades<\/h2>\n<\/p><\/div>\n<p> <!-- Especificaciones t\u00e9cnicas --> <\/p>\n<div style='display: flex; flex-wrap: wrap; gap: 20px; margin: 30px 0;'>\n<div style='flex: 1 1 300px; min-width: 280px; border: 1px solid rgba(150&comma; 150&comma; 150&comma; 0.4); border-radius: 8px; overflow: hidden; display: flex; flex-direction: column;'>\n<div style='padding: 15px; border-bottom: 1px solid rgba(150&comma; 150&comma; 150&comma; 0.2); font-weight: bold; font-size: 18px; color: inherit; background-color: #7f9cd3;'>Especificaciones de hardware<\/div>\n<div style='padding: 15px; color: inherit;'>\n<ul style='padding-left: 20px; margin: 0; font-size: 14px; list-style-type: disc;'>\n<li style='margin-bottom: 5px;'><strong>Versi\u00f3n del hardware:<\/strong> 2<\/li>\n<li style='margin-bottom: 5px;'><strong>Puertos de Cobre:<\/strong> 24 puertos 10\/100\/1000BASE-T RJ45 auto-MDI\/MDI-X<\/li>\n<li style='margin-bottom: 5px;'><strong>Ranuras SFP\/mini-GBIC:<\/strong> 2 interfaces 100\/1000BASE-X SFP&comma; compatibles con modo dual de 100\/1000 Mbps<\/li>\n<li style='margin-bottom: 5px;'><strong>Consola:<\/strong> 1 puerto serie RS232 a RJ45 (115200&comma; 8&comma; N&comma; 1)<\/li>\n<li style='margin-bottom: 5px;'><strong>Dimensiones:<\/strong> 445 x 207 x 45 mm (altura 1U)<\/li>\n<li style='margin-bottom: 5px;'><strong>Peso:<\/strong> 2&comma;1 kg<\/li>\n<li style='margin-bottom: 5px;'><strong>Carcasa:<\/strong> Metal<\/li>\n<li style='margin-bottom: 5px;'><strong>Requerimientos de energ\u00eda:<\/strong> 100~240 V CA&comma; 50\/60 Hz&comma; 0&comma;8 A (m\u00e1x.)<\/li>\n<li style='margin-bottom: 5px;'><strong>Consumo\/disipaci\u00f3n de energ\u00eda:<\/strong> m\u00e1x. 14 Watts\/47 BTU<\/li>\n<li style='margin-bottom: 5px;'><strong>Switch fabric:<\/strong> 52 Gbps\/sin bloqueo<\/li>\n<li style='margin-bottom: 5px;'><strong>Tabla de direcciones MAC:<\/strong> 8K entradas<\/li>\n<\/ul><\/div>\n<\/p><\/div>\n<div style='flex: 1 1 300px; min-width: 280px; border: 1px solid rgba(150&comma; 150&comma; 150&comma; 0.4); border-radius: 8px; overflow: hidden; display: flex; flex-direction: column;'>\n<div style='padding: 15px; border-bottom: 1px solid rgba(150&comma; 150&comma; 150&comma; 0.2); font-weight: bold; font-size: 18px; color: inherit; background-color: #7f9cd3;'>Caracter\u00edsticas avanzadas<\/div>\n<div style='padding: 15px; color: inherit;'>\n<ul style='padding-left: 20px; margin: 0; font-size: 14px; list-style-type: disc;'>\n<li style='margin-bottom: 5px;'><strong>Control de flujo:<\/strong> Cuadro de pausa IEEE 802.3x para d\u00faplex completo Contrapresi\u00f3n para d\u00faplex medio<\/li>\n<li style='margin-bottom: 5px;'><strong>Marco Jumbo:<\/strong> 9216 bytes<\/li>\n<li style='margin-bottom: 5px;'><strong>Interfaces de gesti\u00f3n b\u00e1sicas:<\/strong> RS232 a RJ45 Consola&comma; Navegador web&comma; Telnet&comma; SNMP v1&comma; v2c<\/li>\n<li style='margin-bottom: 5px;'><strong>Funcionalidades Capa 2:<\/strong> Port Mirroring&comma; VLAN&comma; Link Aggregation&comma; Spanning Tree Protocol&comma; IGMP Snooping&comma; MDL Snooping&comma; Access Control List&comma; QoS&comma; Ring<\/li>\n<\/ul><\/div>\n<\/p><\/div>\n<div style='flex: 1 1 300px; min-width: 280px; border: 1px solid rgba(150&comma; 150&comma; 150&comma; 0.4); border-radius: 8px; overflow: hidden; display: flex; flex-direction: column;'>\n<div style='padding: 15px; border-bottom: 1px solid rgba(150&comma; 150&comma; 150&comma; 0.2); font-weight: bold; font-size: 18px; color: inherit; background-color: #7f9cd3;'>Condiciones ambientales<\/div>\n<div style='padding: 15px; color: inherit;'>\n<ul style='padding-left: 20px; margin: 0; font-size: 14px; list-style-type: disc;'>\n<li style='margin-bottom: 5px;'><strong>Temperatura en operaci\u00f3n:<\/strong> 0 ~ 50 grados C&comma; Humedad relativa: 5 ~ 95 % (sin condensaci\u00f3n)<\/li>\n<li style='margin-bottom: 5px;'><strong>Temperatura en almacenamiento:<\/strong> -10 ~ 70 grados C&comma; Humedad relativa: 5 ~ 95 % (sin condensaci\u00f3n)<\/li>\n<\/ul><\/div>\n<\/p><\/div>\n<div style='flex: 1 1 300px; min-width: 280px; border: 1px solid rgba(150&comma; 150&comma; 150&comma; 0.4); border-radius: 8px; overflow: hidden; display: flex; flex-direction: column;'>\n<div style='padding: 15px; border-bottom: 1px solid rgba(150&comma; 150&comma; 150&comma; 0.2); font-weight: bold; font-size: 18px; color: inherit; background-color: #7f9cd3;'>Contenido del paquete<\/div>\n<div style='padding: 15px; color: inherit;'>\n<ul style='padding-left: 20px; margin: 0; font-size: 14px; list-style-type: disc;'>\n<li style='margin-bottom: 5px;'>1 Switch GS-4210-24T2S<\/li>\n<li style='margin-bottom: 5px;'>1 Gu\u00eda de instalaci\u00f3n<\/li>\n<li style='margin-bottom: 5px;'>1 Cable RS232 a RJ45<\/li>\n<li style='margin-bottom: 5px;'>4 Gomas<\/li>\n<li style='margin-bottom: 5px;'>2 Montajes para rack<\/li>\n<li style='margin-bottom: 5px;'>1 Cable para fuente de voltaje<\/li>\n<li style='margin-bottom: 5px;'>Protector para puertos SFP<\/li>\n<\/ul><\/div>\n<\/p><\/div>\n<div style='flex: 1 1 300px; min-width: 280px; border: 1px solid rgba(150&comma; 150&comma; 150&comma; 0.4); border-radius: 8px; overflow: hidden; display: flex; flex-direction: column;'>\n<div style='padding: 15px; border-bottom: 1px solid rgba(150&comma; 150&comma; 150&comma; 0.2); font-weight: bold; font-size: 18px; color: inherit; background-color: #7f9cd3;'>Garant\u00eda<\/div>\n<div style='padding: 15px; color: inherit;'>\n<ul style='padding-left: 20px; margin: 0; font-size: 14px; list-style-type: disc;'>\n<li style='margin-bottom: 5px;'>3 A\u00f1os<\/li>\n<\/ul><\/div>\n<\/p><\/div>\n<\/p><\/div>\n<p> <!-- Separador final --> <\/p>\n<hr style='border: 0; border-top: 1px solid rgba(150&comma; 150&comma; 150&comma; 0.3); margin: 30px 0;'> <\/div>\n","protected":false},"excerpt":{"rendered":"<p>Switch Administrable Capa 2 de 24 Puertos Gigabit 10\/100\/1000T, 2 Puertos SFP 100\/1000X , Cuenta con una Interfaz de Consola<\/p>\n","protected":false},"featured_media":77960,"comment_status":"open","ping_status":"closed","template":"","meta":[],"product_brand":[],"product_cat":[1970],"product_tag":[664,2033,1971],"class_list":{"0":"post-77961","1":"product","2":"type-product","3":"status-publish","4":"has-post-thumbnail","6":"product_cat-switches","7":"product_tag-networking","8":"product_tag-planet","9":"product_tag-switches","11":"first","12":"instock","13":"sale","14":"shipping-taxable","15":"purchasable","16":"product-type-simple"},"_links":{"self":[{"href":"https:\/\/soydeaqui.ddns.net\/pachuca\/index.php\/wp-json\/wp\/v2\/product\/77961","targetHints":{"allow":["GET"]}}],"collection":[{"href":"https:\/\/soydeaqui.ddns.net\/pachuca\/index.php\/wp-json\/wp\/v2\/product"}],"about":[{"href":"https:\/\/soydeaqui.ddns.net\/pachuca\/index.php\/wp-json\/wp\/v2\/types\/product"}],"replies":[{"embeddable":true,"href":"https:\/\/soydeaqui.ddns.net\/pachuca\/index.php\/wp-json\/wp\/v2\/comments?post=77961"}],"wp:featuredmedia":[{"embeddable":true,"href":"https:\/\/soydeaqui.ddns.net\/pachuca\/index.php\/wp-json\/wp\/v2\/media\/77960"}],"wp:attachment":[{"href":"https:\/\/soydeaqui.ddns.net\/pachuca\/index.php\/wp-json\/wp\/v2\/media?parent=77961"}],"wp:term":[{"taxonomy":"product_brand","embeddable":true,"href":"https:\/\/soydeaqui.ddns.net\/pachuca\/index.php\/wp-json\/wp\/v2\/product_brand?post=77961"},{"taxonomy":"product_cat","embeddable":true,"href":"https:\/\/soydeaqui.ddns.net\/pachuca\/index.php\/wp-json\/wp\/v2\/product_cat?post=77961"},{"taxonomy":"product_tag","embeddable":true,"href":"https:\/\/soydeaqui.ddns.net\/pachuca\/index.php\/wp-json\/wp\/v2\/product_tag?post=77961"}],"curies":[{"name":"wp","href":"https:\/\/api.w.org\/{rel}","templated":true}]}}