{"id":77959,"date":"2026-03-19T16:22:03","date_gmt":"2026-03-19T16:22:03","guid":{"rendered":"https:\/\/soydeaqui.ddns.net\/pachuca\/index.php\/producto\/convertidor-de-medios-100-mbps-utp-fibra-optica-mono-modo-hasta-15-km-conector-sc\/"},"modified":"2026-03-19T16:22:04","modified_gmt":"2026-03-19T16:22:04","slug":"convertidor-de-medios-100-mbps-utp-fibra-optica-mono-modo-hasta-15-km-conector-sc","status":"publish","type":"product","link":"https:\/\/soydeaqui.ddns.net\/pachuca\/index.php\/producto\/convertidor-de-medios-100-mbps-utp-fibra-optica-mono-modo-hasta-15-km-conector-sc\/","title":{"rendered":"Convertidor de medios 100 Mbps UTP\/fibra \u00f3ptica Mono-Modo hasta 15 Km, conector SC"},"content":{"rendered":"<div style='width: 100%; max-width: 1200px; margin: 0 auto; font-family: sans-serif; line-height: 1.6; color: inherit; background-color: transparent;'> <!-- Secci\u00f3n de caracter\u00edsticas principales --> <\/p>\n<div style='display: grid; grid-template-columns: 1fr 1fr; gap: 30px; margin-bottom: 30px;'>\n<div style='min-width: 280px;'>\n<h3 style='font-size: 22px; border-bottom: 2px solid currentColor; padding-bottom: 5px; margin-top: 0; color: inherit; opacity: 0.8;'>Protocolos Soportados<\/h3>\n<ul style='padding-left: 20px; font-size: 15px; color: inherit; list-style-type: disc;'>\n<li style='margin-bottom: 5px;'>IEEE 802.3&comma; 10BASE-T<\/li>\n<li style='margin-bottom: 5px;'>IEEE 802.3u&comma; 100BASE-TX<\/li>\n<li style='margin-bottom: 5px;'>IEEE 802.3u&comma; 100BASE-FX<\/li>\n<\/ul><\/div>\n<div style='min-width: 280px;'>\n<h3 style='font-size: 22px; border-bottom: 2px solid currentColor; padding-bottom: 5px; margin-top: 0; color: inherit; opacity: 0.8;'>Caracter\u00edsticas T\u00e9cnicas<\/h3>\n<ul style='padding-left: 20px; font-size: 15px; color: inherit; list-style-type: disc;'>\n<li style='margin-bottom: 5px;'><strong>Tasa de transferencia:<\/strong> 100 Mbps<\/li>\n<li style='margin-bottom: 5px;'><strong>Distancia m\u00e1xima:<\/strong> 15 km con fibra monomodo<\/li>\n<li style='margin-bottom: 5px;'><strong>Conector de fibra \u00f3ptica:<\/strong> SC d\u00faplex<\/li>\n<li style='margin-bottom: 5px;'><strong>Longitud de onda:<\/strong> 1310 nm<\/li>\n<li style='margin-bottom: 5px;'><strong>Modo de d\u00faplex:<\/strong> Full\/half d\u00faplex mediante DIP switch<\/li>\n<\/ul><\/div>\n<\/p><\/div>\n<p> <!-- Secci\u00f3n de especificaciones f\u00edsicas --> <\/p>\n<div style='display: flex; flex-wrap: wrap; gap: 30px; margin-bottom: 30px;'>\n<div style='flex: 1 1 300px; min-width: 280px;'>\n<h3 style='font-size: 22px; border-bottom: 2px solid currentColor; padding-bottom: 5px; margin-top: 0; color: inherit; opacity: 0.8;'>Caracter\u00edsticas F\u00edsicas y El\u00e9ctricas<\/h3>\n<ul style='padding-left: 20px; font-size: 14px; color: inherit;'>\n<li style='margin-bottom: 5px;'><strong>Alimentaci\u00f3n:<\/strong> 5V CC @ 2A<\/li>\n<li style='margin-bottom: 5px;'><strong>Dimensiones:<\/strong> 97 x 69 x 26 mm<\/li>\n<li style='margin-bottom: 5px;'><strong>Peso:<\/strong> 200 g<\/li>\n<li style='margin-bottom: 5px;'><strong>Temperatura de operaci\u00f3n:<\/strong> -40\u00b0C a 75\u00b0C<\/li>\n<li style='margin-bottom: 5px;'><strong>Temperatura de almacenamiento:<\/strong> -40\u00b0C a 70\u00b0C<\/li>\n<li style='margin-bottom: 5px;'><strong>Humedad de operaci\u00f3n:<\/strong> 5% a 90% sin condensaci\u00f3n<\/li>\n<li style='margin-bottom: 5px;'><strong>Caracter\u00edsticas del gabinete:<\/strong> Caja met\u00e1lica con tratamiento anticorrosivo y pintura electrost\u00e1tica<\/li>\n<\/ul><\/div>\n<p> <!-- Secci\u00f3n de conectores y cableado --> <\/p>\n<div style='flex: 1 1 300px; min-width: 280px;'>\n<h3 style='font-size: 22px; border-bottom: 2px solid currentColor; padding-bottom: 5px; margin-top: 0; color: inherit; opacity: 0.8;'>Conectores y Cableado<\/h3>\n<ul style='padding-left: 20px; font-size: 14px; color: inherit;'>\n<li style='margin-bottom: 5px;'><strong>Puerto UTP:<\/strong> 1 x RJ45 (auto-MDI\/MDI-X)&comma; par trenzado blindado&comma; categor\u00eda 5 (EIA\/TIA 568)<\/li>\n<li style='margin-bottom: 5px;'><strong>Puerto de fibra \u00f3ptica:<\/strong> 1 x SC&comma; fibra monomodo<\/li>\n<li style='margin-bottom: 5px;'><strong>Tipo de fibra:<\/strong> 9\/125 \u00b5m<\/li>\n<li style='margin-bottom: 5px;'><strong>Distancia soportada:<\/strong> 15 km en modo full-duplex<\/li>\n<\/ul><\/div>\n<\/p><\/div>\n<p> <!-- Secci\u00f3n de especificaciones \u00f3pticas --> <\/p>\n<div style='display: flex; flex-wrap: wrap; gap: 30px; margin-bottom: 30px;'>\n<div style='flex: 1 1 300px; min-width: 280px;'>\n<h3 style='font-size: 22px; border-bottom: 2px solid currentColor; padding-bottom: 5px; margin-top: 0; color: inherit; opacity: 0.8;'>Especificaciones \u00d3pticas<\/h3>\n<ul style='padding-left: 20px; font-size: 14px; color: inherit;'>\n<li style='margin-bottom: 5px;'><strong>Potencia de transmisi\u00f3n:<\/strong> 0 dBm (m\u00e1ximo)<\/li>\n<li style='margin-bottom: 5px;'><strong>Potencia m\u00ednima de transmisi\u00f3n:<\/strong> -20 dBm<\/li>\n<li style='margin-bottom: 5px;'><strong>Sensibilidad de recepci\u00f3n:<\/strong> -32 dBm<\/li>\n<li style='margin-bottom: 5px;'><strong>Potencia m\u00e1xima de entrada:<\/strong> 0 dBm<\/li>\n<\/ul><\/div>\n<p> <!-- Secci\u00f3n de est\u00e1ndares de emisi\u00f3n --> <\/p>\n<div style='flex: 1 1 300px; min-width: 280px;'>\n<h3 style='font-size: 22px; border-bottom: 2px solid currentColor; padding-bottom: 5px; margin-top: 0; color: inherit; opacity: 0.8;'>Est\u00e1ndares de Emisi\u00f3n<\/h3>\n<ul style='padding-left: 20px; font-size: 14px; color: inherit;'>\n<li style='margin-bottom: 5px;'>FCC Class A<\/li>\n<li style='margin-bottom: 5px;'>CE Class A<\/li>\n<\/ul><\/div>\n<\/p><\/div>\n<p> <!-- Secci\u00f3n de DIP Switch y LEDs --> <\/p>\n<div style='display: flex; flex-wrap: wrap; gap: 30px; margin-bottom: 30px;'>\n<div style='flex: 1 1 300px; min-width: 280px;'>\n<h3 style='font-size: 22px; border-bottom: 2px solid currentColor; padding-bottom: 5px; margin-top: 0; color: inherit; opacity: 0.8;'>Indicadores LED<\/h3>\n<ul style='padding-left: 20px; font-size: 14px; color: inherit;'>\n<li style='margin-bottom: 5px;'>PWR (Alimentaci\u00f3n)<\/li>\n<li style='margin-bottom: 5px;'>FX LNK\/ACT (Conexi\u00f3n\/Actividad en fibra)<\/li>\n<li style='margin-bottom: 5px;'>FX FDX\/COL (Full-d\u00faplex\/Colisi\u00f3n en fibra)<\/li>\n<li style='margin-bottom: 5px;'>TP 100 (Velocidad 100 Mbps)<\/li>\n<li style='margin-bottom: 5px;'>TP LNK\/ACT (Conexi\u00f3n\/Actividad en UTP)<\/li>\n<li style='margin-bottom: 5px;'>TP FDX\/COL (Full-d\u00faplex\/Colisi\u00f3n en UTP)<\/li>\n<\/ul><\/div>\n<div style='flex: 1 1 300px; min-width: 280px;'>\n<h3 style='font-size: 22px; border-bottom: 2px solid currentColor; padding-bottom: 5px; margin-top: 0; color: inherit; opacity: 0.8;'>Control mediante DIP Switch<\/h3>\n<ul style='padding-left: 20px; font-size: 14px; color: inherit;'>\n<li style='margin-bottom: 5px;'>2 switches DIP para configuraci\u00f3n<\/li>\n<li style='margin-bottom: 5px;'><strong>Rear DIP switch:<\/strong> Selecci\u00f3n de modo d\u00faplex en fibra \u00f3ptica<\/li>\n<li style='margin-bottom: 5px;'><strong>Side DIP switch:<\/strong> Selecci\u00f3n de modo LFP (Link Fault Pass-through)<\/li>\n<\/ul><\/div>\n<\/p><\/div>\n<p> <!-- Secci\u00f3n de aplicaciones --> <\/p>\n<div style='margin-bottom: 30px;'>\n<h3 style='font-size: 22px; border-bottom: 2px solid currentColor; padding-bottom: 5px; margin-top: 0; color: inherit; opacity: 0.8;'>Aplicaciones<\/h3>\n<p style='font-size: 15px; color: inherit; margin-bottom: 15px;'>El convertidor de medios FT-80x es ideal para aplicaciones de conversi\u00f3n de medios de fibra \u00f3ptica a UTP&comma; especialmente en redes de tipo FTTH (Fiber to the Home)&comma; FTTC (Fiber to the Curb) y FTTB (Fiber to the Building) para proveedores de servicios de Internet&comma; campus universitarios y empresas.<\/p>\n<p style='font-size: 15px; color: inherit; margin-bottom: 15px;'>Puede funcionar como dispositivo aut\u00f3nomo o instalarse en un chasis centralizado de convertidores de medios est\u00e1ndar para proporcionar alimentaci\u00f3n centralizada.<\/p>\n<\/p><\/div>\n<p> <!-- Secci\u00f3n de funci\u00f3n LFP --> <\/p>\n<div style='margin-bottom: 30px;'>\n<h3 style='font-size: 22px; border-bottom: 2px solid currentColor; padding-bottom: 5px; margin-top: 0; color: inherit; opacity: 0.8;'>Funci\u00f3n LFP (Link Fault Pass-through)<\/h3>\n<p style='font-size: 15px; color: inherit; margin-bottom: 15px;'>El convertidor soporta la funci\u00f3n LFP (Link Fault Pass-through) que permite alertar inmediatamente a los administradores de redes sobre problemas en el enlace de medios:<\/p>\n<ul style='padding-left: 20px; font-size: 15px; color: inherit;'>\n<li style='margin-bottom: 5px;'><strong>LLCF (Link Loss Carry Forward):<\/strong> Cuando hay p\u00e9rdida de enlace en el lado UTP&comma; el convertidor desconecta el enlace de transmisi\u00f3n por fibra.<\/li>\n<li style='margin-bottom: 5px;'><strong>LLR (Link Loss Return):<\/strong> Cuando hay p\u00e9rdida de enlace en el lado de fibra&comma; el convertidor desconecta el enlace de transmisi\u00f3n por fibra.<\/li>\n<\/ul><\/div>\n<p> <!-- Secci\u00f3n de garant\u00eda --> <\/p>\n<div style='margin-bottom: 30px;'>\n<h3 style='font-size: 22px; border-bottom: 2px solid currentColor; padding-bottom: 5px; margin-top: 0; color: inherit; opacity: 0.8;'>Garant\u00eda<\/h3>\n<p style='font-size: 15px; color: inherit; margin-bottom: 15px;'>2 a\u00f1os de garant\u00eda<\/p>\n<\/p><\/div>\n<p> <!-- Imagen del producto --> <\/p>\n<div style='margin-bottom: 30px;'> <img style='width: 100%; height: auto; border: 1px solid rgba(150&comma;150&comma;150&comma;0.3); border-radius: 8px;' src='http:\/\/ftp3.syscom.mx\/usuarios\/despinoza\/planet\/FT-80X.gif' alt='FT802'> <\/div>\n<\/p><\/div>\n","protected":false},"excerpt":{"rendered":"<p>Convertidor de medios 100 Mbps UTP\/fibra \u00f3ptica Mono-Modo hasta 15 Km, conector SC<\/p>\n","protected":false},"featured_media":77958,"comment_status":"open","ping_status":"closed","template":"","meta":[],"product_brand":[],"product_cat":[2000],"product_tag":[2001,664,2033],"class_list":{"0":"post-77959","1":"product","2":"type-product","3":"status-publish","4":"has-post-thumbnail","6":"product_cat-convertidores-de-medios","7":"product_tag-convertidores-de-medios","8":"product_tag-networking","9":"product_tag-planet","11":"first","12":"outofstock","13":"sale","14":"shipping-taxable","15":"purchasable","16":"product-type-simple"},"_links":{"self":[{"href":"https:\/\/soydeaqui.ddns.net\/pachuca\/index.php\/wp-json\/wp\/v2\/product\/77959","targetHints":{"allow":["GET"]}}],"collection":[{"href":"https:\/\/soydeaqui.ddns.net\/pachuca\/index.php\/wp-json\/wp\/v2\/product"}],"about":[{"href":"https:\/\/soydeaqui.ddns.net\/pachuca\/index.php\/wp-json\/wp\/v2\/types\/product"}],"replies":[{"embeddable":true,"href":"https:\/\/soydeaqui.ddns.net\/pachuca\/index.php\/wp-json\/wp\/v2\/comments?post=77959"}],"wp:featuredmedia":[{"embeddable":true,"href":"https:\/\/soydeaqui.ddns.net\/pachuca\/index.php\/wp-json\/wp\/v2\/media\/77958"}],"wp:attachment":[{"href":"https:\/\/soydeaqui.ddns.net\/pachuca\/index.php\/wp-json\/wp\/v2\/media?parent=77959"}],"wp:term":[{"taxonomy":"product_brand","embeddable":true,"href":"https:\/\/soydeaqui.ddns.net\/pachuca\/index.php\/wp-json\/wp\/v2\/product_brand?post=77959"},{"taxonomy":"product_cat","embeddable":true,"href":"https:\/\/soydeaqui.ddns.net\/pachuca\/index.php\/wp-json\/wp\/v2\/product_cat?post=77959"},{"taxonomy":"product_tag","embeddable":true,"href":"https:\/\/soydeaqui.ddns.net\/pachuca\/index.php\/wp-json\/wp\/v2\/product_tag?post=77959"}],"curies":[{"name":"wp","href":"https:\/\/api.w.org\/{rel}","templated":true}]}}